{"id":548,"date":"2014-12-10T16:15:09","date_gmt":"2014-12-10T16:15:09","guid":{"rendered":"http:\/\/sites.ipleiria.pt\/ipce2015\/?page_id=548"},"modified":"2016-04-05T08:50:07","modified_gmt":"2016-04-05T08:50:07","slug":"inscription","status":"publish","type":"page","link":"https:\/\/sites.ipleiria.pt\/ipce2016\/es\/inscription\/","title":{"rendered":"Inscripci\u00f3n"},"content":{"rendered":"<table style=\"height: 258px;\" border=\"1\" width=\"531\">\n<tbody>\n<tr>\n<td width=\"137\"><strong>\u00a0<\/strong><\/td>\n<td width=\"84\"><strong>Conferencia<br \/>\n+ <em>Workshop<\/em><\/strong><\/td>\n<td width=\"48\"><strong><em>Workshop<\/em><\/strong><\/td>\n<td width=\"51\"><strong>Conferencia <\/strong><\/td>\n<\/tr>\n<tr>\n<td width=\"137\">a) Participantes<\/td>\n<td width=\"84\">60 euros<\/td>\n<td width=\"48\">15 euros<\/td>\n<td width=\"51\">55 euros<\/td>\n<\/tr>\n<tr>\n<td width=\"137\">b) Estudiantes del Instituto Polit\u00e9cnico de Leiria<\/td>\n<td width=\"84\">20 euros<\/td>\n<td width=\"48\">10 euros<\/td>\n<td width=\"51\">15 euros<\/td>\n<\/tr>\n<tr>\n<td width=\"137\">c) Estudiantes de otras Instituciones de Ense\u00f1anza Superior<\/td>\n<td width=\"84\">45 euros<\/td>\n<td width=\"48\">10 euros<\/td>\n<td width=\"51\">40 euros<\/td>\n<\/tr>\n<tr>\n<td width=\"137\">d) Docentes y no docentes del Instituto Polit\u00e9cnico de Leiria<\/td>\n<td width=\"84\">30 euros<\/td>\n<td width=\"48\">15 euros<\/td>\n<td width=\"51\">25 euros<\/td>\n<\/tr>\n<\/tbody>\n<\/table>\n<p>&nbsp;<\/p>\n<p>La cuota de inscripci\u00f3n al coloquio incluye la asistencia a la conferencia, la documentaci\u00f3n de la misma y las pausas-caf\u00e9. La cancelaci\u00f3n de la inscripci\u00f3n implica la p\u00e9rdida del valor total de la cuota.<\/p>\n<p><strong>Inscripci\u00f3n<\/strong><br \/>\n<a href=\"http:\/\/eventos.ipleiria.pt\/portal\/eventos?p_id=22957&#038;lang=pt-PT\" target=\"_blank\">Ficha de inscripci\u00f3n<\/a>.<\/p>\n<p><strong>Para m\u00e1s informaciones:<\/strong><br \/>\nAlexandre Soares \u2013 Secretariado IPCE Tel: (+351) 244 829 471 \/ Fax: (+351) 244 829 499 Email: asoares@ipleiria.pt<\/p>\n","protected":false},"excerpt":{"rendered":"<p>\u00a0 Conferencia + Workshop Workshop Conferencia a) Participantes 60 euros 15 euros 55 euros b) Estudiantes del Instituto Polit\u00e9cnico de Leiria 20 euros 10 euros 15 euros c) Estudiantes de otras Instituciones de Ense\u00f1anza Superior 45 euros 10 euros 40 euros d) Docentes y no docentes del Instituto Polit\u00e9cnico de Leiria 30 euros 15 euros [&hellip;]<\/p>\n","protected":false},"author":102,"featured_media":0,"parent":0,"menu_order":0,"comment_status":"closed","ping_status":"closed","template":"","meta":{"footnotes":""},"class_list":["post-548","page","type-page","status-publish","hentry"],"_links":{"self":[{"href":"https:\/\/sites.ipleiria.pt\/ipce2016\/wp-json\/wp\/v2\/pages\/548","targetHints":{"allow":["GET"]}}],"collection":[{"href":"https:\/\/sites.ipleiria.pt\/ipce2016\/wp-json\/wp\/v2\/pages"}],"about":[{"href":"https:\/\/sites.ipleiria.pt\/ipce2016\/wp-json\/wp\/v2\/types\/page"}],"author":[{"embeddable":true,"href":"https:\/\/sites.ipleiria.pt\/ipce2016\/wp-json\/wp\/v2\/users\/102"}],"replies":[{"embeddable":true,"href":"https:\/\/sites.ipleiria.pt\/ipce2016\/wp-json\/wp\/v2\/comments?post=548"}],"version-history":[{"count":22,"href":"https:\/\/sites.ipleiria.pt\/ipce2016\/wp-json\/wp\/v2\/pages\/548\/revisions"}],"predecessor-version":[{"id":1092,"href":"https:\/\/sites.ipleiria.pt\/ipce2016\/wp-json\/wp\/v2\/pages\/548\/revisions\/1092"}],"wp:attachment":[{"href":"https:\/\/sites.ipleiria.pt\/ipce2016\/wp-json\/wp\/v2\/media?parent=548"}],"curies":[{"name":"wp","href":"https:\/\/api.w.org\/{rel}","templated":true}]}}