{"id":567,"date":"2014-12-16T11:37:46","date_gmt":"2014-12-16T11:37:46","guid":{"rendered":"http:\/\/sites.ipleiria.pt\/ipce2015\/?page_id=567"},"modified":"2017-01-10T17:29:17","modified_gmt":"2017-01-10T17:29:17","slug":"contactos-3","status":"publish","type":"page","link":"https:\/\/sites.ipleiria.pt\/ipce2016\/es\/contactos-3\/","title":{"rendered":"Contactos"},"content":{"rendered":"<p><b>Comit\u00e9 organizador\/Comit\u00e9 Cient\u00edfico<br \/>\n<\/b>Email:\u00a0<a href=\"mailto:ipce@ipleiria.pt\">ipce@ipleiria.pt<\/a><\/p>\n<hr \/>\n<p><b>Secretariado<br \/>\n<\/b>Alexandre Soares<br \/>\nEmail:\u00a0<a href=\"mailto:asoares@ipleiria.pt\">asoares@ipleiria.pt<\/a><br \/>\nTelefone: (+351) 244 829 471<\/p>\n<hr \/>\n<p><b>Escola Superior de Educa\u00e7\u00e3o y Ci\u00eancias Sociais (Leiria)<\/b><br \/>\n<i>Campus<\/i>\u00a01 \u2014 Instituto Polit\u00e9cnico de Leiria<br \/>\nRua Dr. Jo\u00e3o Soares<br \/>\nApartado 4045<br \/>\n2411-901 Leiria \u2013 Portugal<br \/>\nTel: (+351) 244 829400 \u00b7 Fax:(+351) 244 829499<br \/>\nE-mail:\u00a0<a href=\"mailto:esecs@ipleiria.pt\">esecs@ipleiria.pt<\/a><\/p>\n<p>Ver mapa de <a href=\"https:\/\/maps.google.com.br\/maps\/ms?msa=0&amp;msid=206043349600974920687.0004a922c4adc84ebfdf9&amp;ie=UTF8&amp;t=m&amp;vpsrc=0&amp;z=17&amp;source=embed\" target=\"_blank\">ESECS<\/a><\/p>\n","protected":false},"excerpt":{"rendered":"<p>Comit\u00e9 organizador\/Comit\u00e9 Cient\u00edfico Email:\u00a0ipce@ipleiria.pt Secretariado Alexandre Soares Email:\u00a0asoares@ipleiria.pt Telefone: (+351) 244 829 471 Escola Superior de Educa\u00e7\u00e3o y Ci\u00eancias Sociais (Leiria) Campus\u00a01 \u2014 Instituto Polit\u00e9cnico de Leiria Rua Dr. Jo\u00e3o Soares Apartado 4045 2411-901 Leiria \u2013 Portugal Tel: (+351) 244 829400 \u00b7 Fax:(+351) 244 829499 E-mail:\u00a0esecs@ipleiria.pt Ver mapa de ESECS<\/p>\n","protected":false},"author":102,"featured_media":0,"parent":0,"menu_order":0,"comment_status":"closed","ping_status":"closed","template":"","meta":{"footnotes":""},"class_list":["post-567","page","type-page","status-publish","hentry"],"_links":{"self":[{"href":"https:\/\/sites.ipleiria.pt\/ipce2016\/wp-json\/wp\/v2\/pages\/567","targetHints":{"allow":["GET"]}}],"collection":[{"href":"https:\/\/sites.ipleiria.pt\/ipce2016\/wp-json\/wp\/v2\/pages"}],"about":[{"href":"https:\/\/sites.ipleiria.pt\/ipce2016\/wp-json\/wp\/v2\/types\/page"}],"author":[{"embeddable":true,"href":"https:\/\/sites.ipleiria.pt\/ipce2016\/wp-json\/wp\/v2\/users\/102"}],"replies":[{"embeddable":true,"href":"https:\/\/sites.ipleiria.pt\/ipce2016\/wp-json\/wp\/v2\/comments?post=567"}],"version-history":[{"count":1,"href":"https:\/\/sites.ipleiria.pt\/ipce2016\/wp-json\/wp\/v2\/pages\/567\/revisions"}],"predecessor-version":[{"id":1165,"href":"https:\/\/sites.ipleiria.pt\/ipce2016\/wp-json\/wp\/v2\/pages\/567\/revisions\/1165"}],"wp:attachment":[{"href":"https:\/\/sites.ipleiria.pt\/ipce2016\/wp-json\/wp\/v2\/media?parent=567"}],"curies":[{"name":"wp","href":"https:\/\/api.w.org\/{rel}","templated":true}]}}