{"id":646,"date":"2014-12-18T16:41:47","date_gmt":"2014-12-18T16:41:47","guid":{"rendered":"http:\/\/sites.ipleiria.pt\/ipce2015\/?page_id=646"},"modified":"2016-04-05T08:49:27","modified_gmt":"2016-04-05T08:49:27","slug":"inscription-2","status":"publish","type":"page","link":"https:\/\/sites.ipleiria.pt\/ipce2016\/fr\/inscription-2\/","title":{"rendered":"Inscription"},"content":{"rendered":"<table style=\"height: 258px;\" border=\"1\" width=\"531\">\n<tbody>\n<tr>\n<td width=\"182\"><strong>\u00a0<\/strong><\/td>\n<td width=\"111\"><strong>Conf\u00e9rence + <em>Workshop<\/em><\/strong><\/td>\n<td width=\"64\"><strong><em>Workshop<\/em><\/strong><\/td>\n<td width=\"68\"><strong>Conf\u00e9rence<\/strong><\/td>\n<\/tr>\n<tr>\n<td width=\"182\">a) Participants<\/td>\n<td width=\"111\">60 euros<\/td>\n<td width=\"64\">15 euros<\/td>\n<td width=\"68\">55 euros<\/td>\n<\/tr>\n<tr>\n<td width=\"182\">b) \u00c9tudiants de l\u2019Instituto Polit\u00e9cnico de Leiria<\/td>\n<td width=\"111\">20 euros<\/td>\n<td width=\"64\">10 euros<\/td>\n<td width=\"68\">15 euros<\/td>\n<\/tr>\n<tr>\n<td width=\"182\">c) \u00c9tudiants d\u2019autres institutions d\u2019enseignement sup\u00e9rieur<\/td>\n<td width=\"111\">45 euros<\/td>\n<td width=\"64\">10 euros<\/td>\n<td width=\"68\">40 euros<\/td>\n<\/tr>\n<tr>\n<td width=\"182\">d) Professeurs et employ\u00e9s de l\u2019Instituto Polit\u00e9cnico de Leiria<\/td>\n<td width=\"111\">30 euros<\/td>\n<td width=\"64\">15 euros<\/td>\n<td width=\"68\">25 euros<\/td>\n<\/tr>\n<\/tbody>\n<\/table>\n<p><strong>Conditions g\u00e9n\u00e9rales<\/strong> La taxe d\u2019inscription inclut l\u2019assistance \u00e0 la conf\u00e9rence, l\u2019acc\u00e8s au mat\u00e9riel informatique et aux pauses caf\u00e9. L\u2019annulation de l\u2019inscription implique la perte total du montant pay\u00e9, n\u2019\u00e9tant pr\u00e9vu aucun remboursement.<\/p>\n<p><strong>S\u2019inscrire\u00a0<\/strong><br \/>\n<a href=\"http:\/\/eventos.ipleiria.pt\/portal\/eventos?p_id=22957&#038;lang=en-EN\" target=\"_blank\">Inscription<\/a>.<\/p>\n<p><strong>Pour de plus amples informations<\/strong><\/p>\n<p>Alexandre Soares \u2013 Secr\u00e9tariat IPCE<\/p>\n<p>T\u00e9l: (+351) 244 829 471 \/ Fax: (+351) 244 829 499<\/p>\n<p>Courriel: <a href=\"mailto:grpci.esecs@ipleiria.pt\">grpci.esecs@ipleiria.pt<\/a><\/p>\n","protected":false},"excerpt":{"rendered":"<p>\u00a0 Conf\u00e9rence + Workshop Workshop Conf\u00e9rence a) Participants 60 euros 15 euros 55 euros b) \u00c9tudiants de l\u2019Instituto Polit\u00e9cnico de Leiria 20 euros 10 euros 15 euros c) \u00c9tudiants d\u2019autres institutions d\u2019enseignement sup\u00e9rieur 45 euros 10 euros 40 euros d) Professeurs et employ\u00e9s de l\u2019Instituto Polit\u00e9cnico de Leiria 30 euros 15 euros 25 euros Conditions [&hellip;]<\/p>\n","protected":false},"author":102,"featured_media":0,"parent":0,"menu_order":0,"comment_status":"closed","ping_status":"closed","template":"","meta":{"footnotes":""},"class_list":["post-646","page","type-page","status-publish","hentry"],"_links":{"self":[{"href":"https:\/\/sites.ipleiria.pt\/ipce2016\/wp-json\/wp\/v2\/pages\/646","targetHints":{"allow":["GET"]}}],"collection":[{"href":"https:\/\/sites.ipleiria.pt\/ipce2016\/wp-json\/wp\/v2\/pages"}],"about":[{"href":"https:\/\/sites.ipleiria.pt\/ipce2016\/wp-json\/wp\/v2\/types\/page"}],"author":[{"embeddable":true,"href":"https:\/\/sites.ipleiria.pt\/ipce2016\/wp-json\/wp\/v2\/users\/102"}],"replies":[{"embeddable":true,"href":"https:\/\/sites.ipleiria.pt\/ipce2016\/wp-json\/wp\/v2\/comments?post=646"}],"version-history":[{"count":8,"href":"https:\/\/sites.ipleiria.pt\/ipce2016\/wp-json\/wp\/v2\/pages\/646\/revisions"}],"predecessor-version":[{"id":1091,"href":"https:\/\/sites.ipleiria.pt\/ipce2016\/wp-json\/wp\/v2\/pages\/646\/revisions\/1091"}],"wp:attachment":[{"href":"https:\/\/sites.ipleiria.pt\/ipce2016\/wp-json\/wp\/v2\/media?parent=646"}],"curies":[{"name":"wp","href":"https:\/\/api.w.org\/{rel}","templated":true}]}}