{"id":692,"date":"2015-01-07T10:00:56","date_gmt":"2015-01-07T10:00:56","guid":{"rendered":"http:\/\/sites.ipleiria.pt\/ipce2015\/?page_id=692"},"modified":"2016-02-18T15:24:04","modified_gmt":"2016-02-18T15:24:04","slug":"fechas-importantes","status":"publish","type":"page","link":"https:\/\/sites.ipleiria.pt\/ipce2016\/es\/fechas-importantes\/","title":{"rendered":"Fechas importantes"},"content":{"rendered":"<p><b>\u00daltimo plazo de env\u00edo de art\u00edculos: <\/b><span style=\"text-decoration: line-through\">15 de febrero de 2016<\/span> 07 de marzo de 2016<\/p>\n<p><b>\u00daltimo plazo de env\u00edo de relatos: <\/b><span style=\"text-decoration: line-through\">15 de febrero de 2016<\/span> 07 de marzo de 2016<\/p>\n<p><b>\u00daltimo plazo de env\u00edo de p\u00f3steres: <\/b><span style=\"text-decoration: line-through\">15 de febrero de 2016<\/span> 07 de marzo de 2016<\/p>\n<p><b>Fecha l\u00edmite para la notificaci\u00f3n de contribuciones aceptadas:\u00a0<\/b><span style=\"text-decoration: line-through\">01 de marzo de 2016<\/span>\u00a031 de marzo de 2016<\/p>\n<p><b><b>\u00daltimo d\u00eda\u00a0<\/b>para el pago de las cuotas:\u00a0<\/b>30 de abril de 2016<\/p>\n<p><b>Fechas de celebraci\u00f3n de la conferencia:<\/b>\u00a005, 06\u00a0y\u00a007 de mayo de 2016<\/p>\n","protected":false},"excerpt":{"rendered":"<p>\u00daltimo plazo de env\u00edo de art\u00edculos: 15 de febrero de 2016 07 de marzo de 2016 \u00daltimo plazo de env\u00edo de relatos: 15 de febrero de 2016 07 de marzo de 2016 \u00daltimo plazo de env\u00edo de p\u00f3steres: 15 de febrero de 2016 07 de marzo de 2016 Fecha l\u00edmite para la notificaci\u00f3n de contribuciones [&hellip;]<\/p>\n","protected":false},"author":102,"featured_media":0,"parent":0,"menu_order":0,"comment_status":"closed","ping_status":"closed","template":"","meta":{"footnotes":""},"class_list":["post-692","page","type-page","status-publish","hentry"],"_links":{"self":[{"href":"https:\/\/sites.ipleiria.pt\/ipce2016\/wp-json\/wp\/v2\/pages\/692","targetHints":{"allow":["GET"]}}],"collection":[{"href":"https:\/\/sites.ipleiria.pt\/ipce2016\/wp-json\/wp\/v2\/pages"}],"about":[{"href":"https:\/\/sites.ipleiria.pt\/ipce2016\/wp-json\/wp\/v2\/types\/page"}],"author":[{"embeddable":true,"href":"https:\/\/sites.ipleiria.pt\/ipce2016\/wp-json\/wp\/v2\/users\/102"}],"replies":[{"embeddable":true,"href":"https:\/\/sites.ipleiria.pt\/ipce2016\/wp-json\/wp\/v2\/comments?post=692"}],"version-history":[{"count":6,"href":"https:\/\/sites.ipleiria.pt\/ipce2016\/wp-json\/wp\/v2\/pages\/692\/revisions"}],"predecessor-version":[{"id":1065,"href":"https:\/\/sites.ipleiria.pt\/ipce2016\/wp-json\/wp\/v2\/pages\/692\/revisions\/1065"}],"wp:attachment":[{"href":"https:\/\/sites.ipleiria.pt\/ipce2016\/wp-json\/wp\/v2\/media?parent=692"}],"curies":[{"name":"wp","href":"https:\/\/api.w.org\/{rel}","templated":true}]}}