{"id":718,"date":"2015-01-09T13:39:12","date_gmt":"2015-01-09T13:39:12","guid":{"rendered":"http:\/\/sites.ipleiria.pt\/ipce2015\/?page_id=718"},"modified":"2016-03-10T09:41:13","modified_gmt":"2016-03-10T09:41:13","slug":"remise-des-propositions","status":"publish","type":"page","link":"https:\/\/sites.ipleiria.pt\/ipce2016\/fr\/remise-des-propositions\/","title":{"rendered":"Remise des propositions"},"content":{"rendered":"<p>Les sessions parall\u00e8les de communication sont l\u2019opportunit\u00e9 de pr\u00e9senter des exp\u00e9riences d\u2019enseignement, des projets, travaux de recherche et d\u2019outils dans le cadre des th\u00e8mes d\u00e9finis pour la conf\u00e9rence IPCE. Les sessions se d\u00e9roulent en simultan\u00e9e, dans des salles pr\u00e9par\u00e9es \u00e0 cet effet.<\/p>\n<p>Le Comit\u00e9 Organisateur de l\u2019IPCE invite la communaut\u00e9 \u00e9ducative, en particulier, les \u00e9ducateurs, enseignants, chercheurs, \u00e9tudiants de l\u2019Enseignement sup\u00e9rieur, les organes de direction et de gestion des institutions et les techniciens du domaine de l\u2019enseignement \u00e0 pr\u00e9senter leur travail sous les formats suivants:<\/p>\n<p><strong>Article<\/strong> La pr\u00e9sentation d\u2019articles a comme objectif la diffusion de travaux de recherche, d\u2019exp\u00e9riences d\u2019enseignement, de projets et d\u2019outils. La proposition d\u2019article devra tenir compte du mod\u00e8le pr\u00e9d\u00e9fini et ne pourra d\u00e9passer les 10 pages. Les articles accept\u00e9s seront publi\u00e9s dans les actes de l\u2019IPCE. Les articles les plus int\u00e9ressants pourront aussi \u00eatre propos\u00e9s pour \u00eatre publi\u00e9s dans la <em>Revista de Investiga\u00e7\u00e3o em Educa\u00e7\u00e3o e Ci\u00eancias Sociais<\/em> (RIECS).<\/p>\n<p>Mod\u00e8le (en anglais): <a href=\"http:\/\/1drv.ms\/1Mw5AlH\">article <\/a> (.doc) (.docx)<\/p>\n<p>Pr\u00e9sentation orale (sessions parall\u00e8les): 15 minutes<\/p>\n<p>Equipement disponible: Ordinateur portable, projeteur, Internet sans fil<\/p>\n<p>\u00c0 soumettre avant le <strong><span style=\"text-decoration: line-through;\">15 f\u00e9vrier 2016<\/span><\/strong><strong>\u00a0 07\u00a0mars 2016<\/strong><\/p>\n<p><strong>[ferm\u00e9]<\/strong><\/p>\n<p><strong>R\u00e9cit<\/strong> La pr\u00e9sentation de r\u00e9cits a comme objectif la diffusion d\u2019exp\u00e9riences d\u2019enseignement, de projets et d\u2019outils. Ce format convient particuli\u00e8rement aux exp\u00e9riences d\u2019enseignement et aux projets en cours. La proposition des r\u00e9cits devra tenir compte du mod\u00e8le pr\u00e9d\u00e9fini et ne pourra d\u00e9passer les 2 pages. Les r\u00e9cits accept\u00e9s seront publi\u00e9s dans les actes de l\u2019IPCE.<\/p>\n<p>Mod\u00e8le (en anglais): <a href=\"http:\/\/1drv.ms\/1Mw5HNW\">r\u00e9cit <\/a>(.doc) (.docx)<\/p>\n<p>Pr\u00e9sentation orale (sessions parall\u00e8les): 15 minutes<\/p>\n<p>Equipement disponible: Ordinateur portable, projeteur, Internet sans fil<\/p>\n<p>\u00c0 envoyer avant le <strong><span style=\"text-decoration: line-through;\">15 f\u00e9vrier 2016<\/span><\/strong><strong>\u00a0 07\u00a0mars 2016<\/strong><\/p>\n<p><strong>[ferm\u00e9]<\/strong><\/p>\n<p><strong>Poster<\/strong> La pr\u00e9sentation de posters a comme objectif la diffusion de travaux de recherche, d\u2019exp\u00e9riences d\u2019enseignement, de projets et d\u2019outils. Pour les auteurs, la pr\u00e9sentation de posters \u00e0 IPCE repr\u00e9sente une excellente opportunit\u00e9 de diffuser leur travail de fa\u00e7on informelle et interactive. Les posters propos\u00e9s doivent pr\u00e9senter des r\u00e9sultats originaux en rapport avec les th\u00e8mes de la conf\u00e9rence.<\/p>\n<p>La proposition de posters devra tenir compte du mod\u00e8le pr\u00e9d\u00e9fini. Une s\u00e9ance \u00abpr\u00e9sentation de posters\u00bb d\u2019une dur\u00e9e de 1 heure est pr\u00e9vue pendant le colloque. Les auteurs de posters seront alors invit\u00e9s \u00e0 se tenir \u00e0 proximit\u00e9 de leur poster pour le pr\u00e9senter aux visiteurs et r\u00e9pondre \u00e0 leurs questions. Taille du poster : A0 (84,1 cm x 118,9 cm\u00a0correspondant \u00e0 16 feuilles A4) en privil\u00e9giant l\u2019orientation verticale (mode portrait). \u00a0Les posters seront imprim\u00e9s pr\u00e9alablement par les auteurs.<\/p>\n<p>Mod\u00e8le (en anglais): <a href=\"http:\/\/1drv.ms\/1Mw5ISi\">Poster<\/a>\u00a0(.ppt) (.pptx)<\/p>\n<p>Pr\u00e9sentation (session de posters): 1 heure<\/p>\n<p>Equipement disponible: Panneaux mobiles, Internet sans fil<\/p>\n<p><strong>\u00c0 envoyer avant le <span style=\"text-decoration: line-through;\">15 f\u00e9vrier 2016<\/span><strong>\u00a0 07\u00a0mars 2016<\/strong><\/strong><\/p>\n<p><strong>[ferm\u00e9]<\/strong><\/p>\n<p>Chape proposition doit \u00eatre clairement identifi\u00e9e (article -poster-r\u00e9cit), nom de l\u2019auteur principal et Institution \u00e0 laquelle il appartient (exemple: ArticlePierreDurantIPL ou PosterPierreDurantIPL ou R\u00e9citPierreDurantIPL).<\/p>\n<p><strong>\u00c0 envoyer avant le <span style=\"text-decoration: line-through;\">15 f\u00e9vrier 2016<\/span><\/strong><strong>\u00a0 07\u00a0mars 2016<\/strong><\/p>\n","protected":false},"excerpt":{"rendered":"<p>Les sessions parall\u00e8les de communication sont l\u2019opportunit\u00e9 de pr\u00e9senter des exp\u00e9riences d\u2019enseignement, des projets, travaux de recherche et d\u2019outils dans le cadre des th\u00e8mes d\u00e9finis pour la conf\u00e9rence IPCE. Les sessions se d\u00e9roulent en simultan\u00e9e, dans des salles pr\u00e9par\u00e9es \u00e0 cet effet. Le Comit\u00e9 Organisateur de l\u2019IPCE invite la communaut\u00e9 \u00e9ducative, en particulier, les \u00e9ducateurs, [&hellip;]<\/p>\n","protected":false},"author":102,"featured_media":0,"parent":0,"menu_order":0,"comment_status":"closed","ping_status":"closed","template":"","meta":{"footnotes":""},"class_list":["post-718","page","type-page","status-publish","hentry"],"_links":{"self":[{"href":"https:\/\/sites.ipleiria.pt\/ipce2016\/wp-json\/wp\/v2\/pages\/718","targetHints":{"allow":["GET"]}}],"collection":[{"href":"https:\/\/sites.ipleiria.pt\/ipce2016\/wp-json\/wp\/v2\/pages"}],"about":[{"href":"https:\/\/sites.ipleiria.pt\/ipce2016\/wp-json\/wp\/v2\/types\/page"}],"author":[{"embeddable":true,"href":"https:\/\/sites.ipleiria.pt\/ipce2016\/wp-json\/wp\/v2\/users\/102"}],"replies":[{"embeddable":true,"href":"https:\/\/sites.ipleiria.pt\/ipce2016\/wp-json\/wp\/v2\/comments?post=718"}],"version-history":[{"count":8,"href":"https:\/\/sites.ipleiria.pt\/ipce2016\/wp-json\/wp\/v2\/pages\/718\/revisions"}],"predecessor-version":[{"id":1081,"href":"https:\/\/sites.ipleiria.pt\/ipce2016\/wp-json\/wp\/v2\/pages\/718\/revisions\/1081"}],"wp:attachment":[{"href":"https:\/\/sites.ipleiria.pt\/ipce2016\/wp-json\/wp\/v2\/media?parent=718"}],"curies":[{"name":"wp","href":"https:\/\/api.w.org\/{rel}","templated":true}]}}