{"id":11,"date":"2013-12-02T10:35:47","date_gmt":"2013-12-02T10:35:47","guid":{"rendered":"http:\/\/ipce2014.ipleiria.pt\/?page_id=11"},"modified":"2017-01-18T12:58:26","modified_gmt":"2017-01-18T12:58:26","slug":"apresentacao","status":"publish","type":"page","link":"https:\/\/sites.ipleiria.pt\/ipce2017\/pt\/apresentacao\/","title":{"rendered":"Apresenta\u00e7\u00e3o"},"content":{"rendered":"<p><!--more--><!--:pt--><\/p>\n<p>A <strong>VI\u00a0Confer\u00eancia Internacional de Investiga\u00e7\u00e3o, Pr\u00e1ticas e Contextos em Educa\u00e7\u00e3o (IPCE)<\/strong> \u00e9 um evento internacional que visa contribuir para o avan\u00e7o da teoria e da pr\u00e1tica em Educa\u00e7\u00e3o. A confer\u00eancia IPCE insere-se no conjunto de atividades do Instituto Polit\u00e9cnico de Leiria (IPL), que visam promover a colabora\u00e7\u00e3o entre investigadores, professores, estudantes e decisores na identifica\u00e7\u00e3o e discuss\u00e3o de desafios e solu\u00e7\u00f5es para os mais diversos contextos educativos, indo ao encontro de uma das dimens\u00f5es da a\u00e7\u00e3o do IPL \u2013 a de promover a rela\u00e7\u00e3o com a regi\u00e3o em que est\u00e1 inserido.<\/p>\n<p>O objetivo da confer\u00eancia IPCE \u00e9 proporcionar uma oportunidade para que profissionais de diversas \u00e1reas ligadas \u00e0 Educa\u00e7\u00e3o e com interesses multidisciplinares interajam e partilhem experi\u00eancias e conhecimentos, contribuindo e estimulando a investiga\u00e7\u00e3o e o desenvolvimento\u00a0de pr\u00e1ticas em Educa\u00e7\u00e3o.<\/p>\n<hr \/>\n<p><b>Participantes<\/b><\/p>\n<p>Educadores, professores, investigadores, estudantes do ensino superior, \u00f3rg\u00e3os de dire\u00e7\u00e3o e de gest\u00e3o de institui\u00e7\u00f5es e t\u00e9cnicos da \u00e1rea da educa\u00e7\u00e3o.<\/p>\n<hr \/>\n<p><strong>Tema da Confer\u00eancia<\/strong><\/p>\n<p><strong><span style=\"text-decoration: underline\">Investiga\u00e7\u00e3o e pr\u00e1ticas em contextos de Educa\u00e7\u00e3o:<\/span><\/strong><\/p>\n<p>\u2022 Aprendizagens em contextos educativos;<br \/>\n\u2022 Avalia\u00e7\u00e3o em contextos educativos;<br \/>\n\u2022 Desenvolvimento Comunit\u00e1rio;<br \/>\n\u2022 Experi\u00eancias de ensino e aprendizagem na Educa\u00e7\u00e3o de Inf\u00e2ncia;<br \/>\n\u2022 Experi\u00eancias de ensino e aprendizagem no Ensino B\u00e1sico;<br \/>\n\u2022 Experi\u00eancias de ensino e aprendizagem no Ensino Secund\u00e1rio;<br \/>\n\u2022 Experi\u00eancias na forma\u00e7\u00e3o de professores;<br \/>\n\u2022 Outros em contextos educativos.<\/p>\n<div align=\"center\">\n<hr align=\"center\" size=\"2\" width=\"100%\" \/>\n<\/div>\n<p><strong>L\u00ednguas de trabalho<\/strong><\/p>\n<p>Portugu\u00eas, ingl\u00eas, espanhol e franc\u00eas<b><\/b><!--:--><!--:en--><\/p>\n<p><!--:--><\/p>\n","protected":false},"excerpt":{"rendered":"","protected":false},"author":102,"featured_media":0,"parent":0,"menu_order":0,"comment_status":"closed","ping_status":"closed","template":"","meta":{"footnotes":""},"class_list":["post-11","page","type-page","status-publish","hentry"],"_links":{"self":[{"href":"https:\/\/sites.ipleiria.pt\/ipce2017\/wp-json\/wp\/v2\/pages\/11","targetHints":{"allow":["GET"]}}],"collection":[{"href":"https:\/\/sites.ipleiria.pt\/ipce2017\/wp-json\/wp\/v2\/pages"}],"about":[{"href":"https:\/\/sites.ipleiria.pt\/ipce2017\/wp-json\/wp\/v2\/types\/page"}],"author":[{"embeddable":true,"href":"https:\/\/sites.ipleiria.pt\/ipce2017\/wp-json\/wp\/v2\/users\/102"}],"replies":[{"embeddable":true,"href":"https:\/\/sites.ipleiria.pt\/ipce2017\/wp-json\/wp\/v2\/comments?post=11"}],"version-history":[{"count":9,"href":"https:\/\/sites.ipleiria.pt\/ipce2017\/wp-json\/wp\/v2\/pages\/11\/revisions"}],"predecessor-version":[{"id":1463,"href":"https:\/\/sites.ipleiria.pt\/ipce2017\/wp-json\/wp\/v2\/pages\/11\/revisions\/1463"}],"wp:attachment":[{"href":"https:\/\/sites.ipleiria.pt\/ipce2017\/wp-json\/wp\/v2\/media?parent=11"}],"curies":[{"name":"wp","href":"https:\/\/api.w.org\/{rel}","templated":true}]}}