{"id":1210,"date":"2016-12-19T10:45:20","date_gmt":"2016-12-19T10:45:20","guid":{"rendered":"http:\/\/sites.ipleiria.pt\/ipce2017\/?page_id=1210"},"modified":"2017-01-18T12:58:09","modified_gmt":"2017-01-18T12:58:09","slug":"presentacion","status":"publish","type":"page","link":"https:\/\/sites.ipleiria.pt\/ipce2017\/es\/presentacion\/","title":{"rendered":"Presentaci\u00f3n"},"content":{"rendered":"<p><b>La VI Conferencia internacional <i>Investigaci\u00f3n, Pr\u00e1cticas y Contextos en Educaci\u00f3n<\/i><\/b> <b>(IPCE)<\/b> \u00a0pretende contribuir al desarrollo de la teor\u00eda y de la pr\u00e1ctica en Educaci\u00f3n. La conferencia IPCE se enmarca en las numerosas actividades llevadas a cabo por el Instituto Polit\u00e9cnico de Leiria (IPL), cuyo objetivo es fomentar la colaboraci\u00f3n entre investigadores, profesores, estudiantes y responsables educativos en la identificaci\u00f3n y discusi\u00f3n de soluciones para los m\u00e1s variados contextos educativos.<\/p>\n<p>La conferencia IPCE quiere ser un punto de encuentro y un foro de debate en el cual los profesionales de diversas \u00e1reas ligadas a la Educaci\u00f3n y con diversos intereses disciplinares tengan la oportunidad de interactuar y compartir experiencias y conocimientos, af\u00edn de estimular la investigaci\u00f3n y la evoluci\u00f3n de las Pr\u00e1ticas en Educaci\u00f3n.<\/p>\n<div align=\"center\">\n<hr align=\"center\" size=\"2\" width=\"100%\" \/>\n<\/div>\n<p><b>Participantes<\/b><\/p>\n<p>Educadores, profesores, investigadores, estudiantes universitarios, gestores de instituciones y t\u00e9cnicos en el campo de la educaci\u00f3n.<\/p>\n<div align=\"center\">\n<hr align=\"center\" size=\"2\" width=\"100%\" \/>\n<\/div>\n<p><b>Tema de la Conferencia<\/b><\/p>\n<p><b><span style=\"text-decoration: underline\">Investigaci\u00f3n y Pr\u00e1ticas en Contextos Educativos:<\/span><\/b><\/p>\n<p>\u2022Aprendizajes en contextos educativos;<br \/>\n\u2022Evaluaci\u00f3n en contextos educativos;<br \/>\n\u2022Desarrollo comunitario;<br \/>\n\u2022Experiencias de ense\u00f1anza y aprendizaje en la Educaci\u00f3n Infantil;<br \/>\n\u2022Experiencias de ense\u00f1anza y aprendizaje en la Ense\u00f1anza Primaria;<br \/>\n\u2022Experiencias de ense\u00f1anza y aprendizaje en la Ense\u00f1anza Secundaria;<br \/>\n\u2022Experiencias en la formaci\u00f3n de profesores;<br \/>\n\u2022Otros en contextos educativos.<\/p>\n<div align=\"center\">\n<hr align=\"center\" size=\"2\" width=\"100%\" \/>\n<\/div>\n<p><b>Lenguas oficiales:\u00a0<\/b><\/p>\n<p>Portugu\u00e9s, ingl\u00e9s, espa\u00f1ol y franc\u00e9s.<\/p>\n","protected":false},"excerpt":{"rendered":"<p>La VI Conferencia internacional Investigaci\u00f3n, Pr\u00e1cticas y Contextos en Educaci\u00f3n (IPCE) \u00a0pretende contribuir al desarrollo de la teor\u00eda y de la pr\u00e1ctica en Educaci\u00f3n. La conferencia IPCE se enmarca en las numerosas actividades llevadas a cabo por el Instituto Polit\u00e9cnico de Leiria (IPL), cuyo objetivo es fomentar la colaboraci\u00f3n entre investigadores, profesores, estudiantes y responsables [&hellip;]<\/p>\n","protected":false},"author":102,"featured_media":0,"parent":0,"menu_order":0,"comment_status":"closed","ping_status":"closed","template":"","meta":{"footnotes":""},"class_list":["post-1210","page","type-page","status-publish","hentry"],"_links":{"self":[{"href":"https:\/\/sites.ipleiria.pt\/ipce2017\/wp-json\/wp\/v2\/pages\/1210","targetHints":{"allow":["GET"]}}],"collection":[{"href":"https:\/\/sites.ipleiria.pt\/ipce2017\/wp-json\/wp\/v2\/pages"}],"about":[{"href":"https:\/\/sites.ipleiria.pt\/ipce2017\/wp-json\/wp\/v2\/types\/page"}],"author":[{"embeddable":true,"href":"https:\/\/sites.ipleiria.pt\/ipce2017\/wp-json\/wp\/v2\/users\/102"}],"replies":[{"embeddable":true,"href":"https:\/\/sites.ipleiria.pt\/ipce2017\/wp-json\/wp\/v2\/comments?post=1210"}],"version-history":[{"count":2,"href":"https:\/\/sites.ipleiria.pt\/ipce2017\/wp-json\/wp\/v2\/pages\/1210\/revisions"}],"predecessor-version":[{"id":1462,"href":"https:\/\/sites.ipleiria.pt\/ipce2017\/wp-json\/wp\/v2\/pages\/1210\/revisions\/1462"}],"wp:attachment":[{"href":"https:\/\/sites.ipleiria.pt\/ipce2017\/wp-json\/wp\/v2\/media?parent=1210"}],"curies":[{"name":"wp","href":"https:\/\/api.w.org\/{rel}","templated":true}]}}