{"id":1212,"date":"2016-12-19T10:45:55","date_gmt":"2016-12-19T10:45:55","guid":{"rendered":"http:\/\/sites.ipleiria.pt\/ipce2017\/?page_id=1212"},"modified":"2017-01-18T12:58:43","modified_gmt":"2017-01-18T12:58:43","slug":"presentation","status":"publish","type":"page","link":"https:\/\/sites.ipleiria.pt\/ipce2017\/fr\/presentation\/","title":{"rendered":"Pr\u00e9sentation"},"content":{"rendered":"<p><strong>La VI Conf\u00e9rence internationale <em>Investigaci\u00f3n, Pr\u00e1cticas y Contextos en Educaci\u00f3n<\/em><\/strong> <strong>(IPCE)<\/strong>\u00a0entend participer au d\u00e9veloppement de la th\u00e9orie et de la pratique dans l\u2019\u00c9ducation. La conf\u00e9rence IPCE s\u2019encadre dans les nombreuses activit\u00e9s organis\u00e9es par l\u2019Instituto Polit\u00e9cnico de Leiria (IPL), dont l\u2019objectif consiste \u00e0 promouvoir la collaboration entre les chercheurs, professeurs, \u00e9tudiants et les responsables \u00e9ducatifs afin d\u2019identifier et de discuter diff\u00e9rentes solutions pour les divers contextes \u00e9ducatifs.<\/p>\n<p>La conf\u00e9rence IPCE veut aussi devenir un lieu de rencontre et une tribune de discussion dans lesquels les professionnels des diff\u00e9rents domaines li\u00e9s \u00e0 l\u2019\u00e9ducation et avec divers int\u00e9r\u00eats disciplinaires aient l\u2019opportunit\u00e9 d\u2019interagir et de partager des exp\u00e9riences et des connaissances, afin d\u2019encourager la recherche et le progr\u00e8s des pratiques dans le contexte \u00e9ducatif.<\/p>\n<p><strong>Participants<\/strong><\/p>\n<p>\u00c9ducateurs, professeurs, chercheurs, \u00e9tudiants universitaires, dirigeants d\u2019\u00e9tablissements\u00a0et techniciens dans le domaine de l\u2019enseignement.<\/p>\n<p><strong>Th\u00e8me de la Conf\u00e9rence<\/strong><\/p>\n<p><strong>Recherche et Pratiques dans le contexte \u00e9ducatif<\/strong><\/p>\n<ul>\n<li>Apprentissages en divers contextes \u00e9ducatifs;<\/li>\n<li>Evaluation en divers contextes \u00e9ducatifs;<\/li>\n<li>D\u00e9veloppement communautaire;<\/li>\n<li>Exp\u00e9rience d\u2019enseignement et d\u2019apprentissage dans l\u2019\u00e9ducation pr\u00e9primaire<\/li>\n<li>Exp\u00e9rience d\u2019enseignement et d\u2019apprentissage dans l\u2019\u00e9ducation Primaire;<\/li>\n<li>Exp\u00e9rience d\u2019enseignement et d\u2019apprentissage dans l\u2019\u00e9ducation Secondaire;<\/li>\n<li>Exp\u00e9riences dans la formation de professeurs;<\/li>\n<li>Autres contextes \u00e9ducatifs.<\/li>\n<\/ul>\n<p><strong>Langues officielles:\u00a0<\/strong><\/p>\n<p>Portugais, anglais, espagnol et fran\u00e7ais<\/p>\n","protected":false},"excerpt":{"rendered":"<p>La VI Conf\u00e9rence internationale Investigaci\u00f3n, Pr\u00e1cticas y Contextos en Educaci\u00f3n (IPCE)\u00a0entend participer au d\u00e9veloppement de la th\u00e9orie et de la pratique dans l\u2019\u00c9ducation. La conf\u00e9rence IPCE s\u2019encadre dans les nombreuses activit\u00e9s organis\u00e9es par l\u2019Instituto Polit\u00e9cnico de Leiria (IPL), dont l\u2019objectif consiste \u00e0 promouvoir la collaboration entre les chercheurs, professeurs, \u00e9tudiants et les responsables \u00e9ducatifs afin [&hellip;]<\/p>\n","protected":false},"author":102,"featured_media":0,"parent":0,"menu_order":0,"comment_status":"closed","ping_status":"closed","template":"","meta":{"footnotes":""},"class_list":["post-1212","page","type-page","status-publish","hentry"],"_links":{"self":[{"href":"https:\/\/sites.ipleiria.pt\/ipce2017\/wp-json\/wp\/v2\/pages\/1212","targetHints":{"allow":["GET"]}}],"collection":[{"href":"https:\/\/sites.ipleiria.pt\/ipce2017\/wp-json\/wp\/v2\/pages"}],"about":[{"href":"https:\/\/sites.ipleiria.pt\/ipce2017\/wp-json\/wp\/v2\/types\/page"}],"author":[{"embeddable":true,"href":"https:\/\/sites.ipleiria.pt\/ipce2017\/wp-json\/wp\/v2\/users\/102"}],"replies":[{"embeddable":true,"href":"https:\/\/sites.ipleiria.pt\/ipce2017\/wp-json\/wp\/v2\/comments?post=1212"}],"version-history":[{"count":2,"href":"https:\/\/sites.ipleiria.pt\/ipce2017\/wp-json\/wp\/v2\/pages\/1212\/revisions"}],"predecessor-version":[{"id":1464,"href":"https:\/\/sites.ipleiria.pt\/ipce2017\/wp-json\/wp\/v2\/pages\/1212\/revisions\/1464"}],"wp:attachment":[{"href":"https:\/\/sites.ipleiria.pt\/ipce2017\/wp-json\/wp\/v2\/media?parent=1212"}],"curies":[{"name":"wp","href":"https:\/\/api.w.org\/{rel}","templated":true}]}}