{"id":1258,"date":"2016-12-22T14:59:21","date_gmt":"2016-12-22T14:59:21","guid":{"rendered":"http:\/\/sites.ipleiria.pt\/ipce2017\/?page_id=1258"},"modified":"2017-05-17T10:53:17","modified_gmt":"2017-05-17T10:53:17","slug":"programa-2","status":"publish","type":"page","link":"https:\/\/sites.ipleiria.pt\/ipce2017\/es\/programa-2\/","title":{"rendered":"Programa"},"content":{"rendered":"<p>Programa resumido (pinche <a href=\"https:\/\/drive.google.com\/open?id=0B5KwNM_7elaTM3BBR3VFRF9uT1U\">aqu\u00ed<\/a>)<\/p>\n<p>Sesiones paralelas (pinche <a href=\"https:\/\/drive.google.com\/open?id=0B5KwNM_7elaTNUhQYVVkeVI1c0U\">aqu\u00ed<\/a>)<\/p>\n<p>P\u00f3sters (pinche <a href=\"https:\/\/drive.google.com\/open?id=0B5KwNM_7elaTRnMyNGNQd3BLNTA\">aqu\u00ed<\/a>)<\/p>\n","protected":false},"excerpt":{"rendered":"<p>Programa resumido (pinche aqu\u00ed) Sesiones paralelas (pinche aqu\u00ed) P\u00f3sters (pinche aqu\u00ed)<\/p>\n","protected":false},"author":102,"featured_media":0,"parent":0,"menu_order":0,"comment_status":"closed","ping_status":"closed","template":"","meta":{"footnotes":""},"class_list":["post-1258","page","type-page","status-publish","hentry"],"_links":{"self":[{"href":"https:\/\/sites.ipleiria.pt\/ipce2017\/wp-json\/wp\/v2\/pages\/1258","targetHints":{"allow":["GET"]}}],"collection":[{"href":"https:\/\/sites.ipleiria.pt\/ipce2017\/wp-json\/wp\/v2\/pages"}],"about":[{"href":"https:\/\/sites.ipleiria.pt\/ipce2017\/wp-json\/wp\/v2\/types\/page"}],"author":[{"embeddable":true,"href":"https:\/\/sites.ipleiria.pt\/ipce2017\/wp-json\/wp\/v2\/users\/102"}],"replies":[{"embeddable":true,"href":"https:\/\/sites.ipleiria.pt\/ipce2017\/wp-json\/wp\/v2\/comments?post=1258"}],"version-history":[{"count":12,"href":"https:\/\/sites.ipleiria.pt\/ipce2017\/wp-json\/wp\/v2\/pages\/1258\/revisions"}],"predecessor-version":[{"id":1671,"href":"https:\/\/sites.ipleiria.pt\/ipce2017\/wp-json\/wp\/v2\/pages\/1258\/revisions\/1671"}],"wp:attachment":[{"href":"https:\/\/sites.ipleiria.pt\/ipce2017\/wp-json\/wp\/v2\/media?parent=1258"}],"curies":[{"name":"wp","href":"https:\/\/api.w.org\/{rel}","templated":true}]}}