{"id":1264,"date":"2017-01-10T16:08:19","date_gmt":"2017-01-10T16:08:19","guid":{"rendered":"http:\/\/sites.ipleiria.pt\/ipce2017\/?page_id=1264"},"modified":"2017-03-02T17:46:18","modified_gmt":"2017-03-02T17:46:18","slug":"fechas-importantes","status":"publish","type":"page","link":"https:\/\/sites.ipleiria.pt\/ipce2017\/es\/fechas-importantes\/","title":{"rendered":"Fechas importantes"},"content":{"rendered":"<p><b>\u00daltimo plazo de env\u00edo del resumen de los art\u00edculos: <\/b><del>06 de marzo<\/del>\u00a020 de marzo de 2017<\/p>\n<p><b>\u00daltimo plazo de env\u00edo de relatos: <\/b><del>06 de marzo<\/del> 20 de marzo de 2017<\/p>\n<p><b>\u00daltimo plazo de env\u00edo de p\u00f3steres: <\/b><del>06 de marzo<\/del> 20 de marzo de 2017<\/p>\n<p><b>Fecha l\u00edmite para la notificaci\u00f3n de contribuciones aceptadas:\u00a0<\/b>10 de abril de 2017<\/p>\n<p><b>\u00daltimo d\u00eda\u00a0para el pago de las cuotas: <\/b>19 de mayo de 2017<\/p>\n<p><b>Fechas de celebraci\u00f3n de la conferencia:<\/b>\u00a019 e 20 de mayo de 2017<\/p>\n<p><b>\u00daltimo plazo de env\u00edo de los art\u00edculos (versi\u00f3n completa): <\/b>05 de junio\u00a0de 2017<\/p>\n","protected":false},"excerpt":{"rendered":"<p>\u00daltimo plazo de env\u00edo del resumen de los art\u00edculos: 06 de marzo\u00a020 de marzo de 2017 \u00daltimo plazo de env\u00edo de relatos: 06 de marzo 20 de marzo de 2017 \u00daltimo plazo de env\u00edo de p\u00f3steres: 06 de marzo 20 de marzo de 2017 Fecha l\u00edmite para la notificaci\u00f3n de contribuciones aceptadas:\u00a010 de abril de [&hellip;]<\/p>\n","protected":false},"author":2456,"featured_media":0,"parent":0,"menu_order":0,"comment_status":"closed","ping_status":"closed","template":"","meta":{"footnotes":""},"class_list":["post-1264","page","type-page","status-publish","hentry"],"_links":{"self":[{"href":"https:\/\/sites.ipleiria.pt\/ipce2017\/wp-json\/wp\/v2\/pages\/1264","targetHints":{"allow":["GET"]}}],"collection":[{"href":"https:\/\/sites.ipleiria.pt\/ipce2017\/wp-json\/wp\/v2\/pages"}],"about":[{"href":"https:\/\/sites.ipleiria.pt\/ipce2017\/wp-json\/wp\/v2\/types\/page"}],"author":[{"embeddable":true,"href":"https:\/\/sites.ipleiria.pt\/ipce2017\/wp-json\/wp\/v2\/users\/2456"}],"replies":[{"embeddable":true,"href":"https:\/\/sites.ipleiria.pt\/ipce2017\/wp-json\/wp\/v2\/comments?post=1264"}],"version-history":[{"count":4,"href":"https:\/\/sites.ipleiria.pt\/ipce2017\/wp-json\/wp\/v2\/pages\/1264\/revisions"}],"predecessor-version":[{"id":1621,"href":"https:\/\/sites.ipleiria.pt\/ipce2017\/wp-json\/wp\/v2\/pages\/1264\/revisions\/1621"}],"wp:attachment":[{"href":"https:\/\/sites.ipleiria.pt\/ipce2017\/wp-json\/wp\/v2\/media?parent=1264"}],"curies":[{"name":"wp","href":"https:\/\/api.w.org\/{rel}","templated":true}]}}