{"id":1275,"date":"2017-01-10T16:49:14","date_gmt":"2017-01-10T16:49:14","guid":{"rendered":"http:\/\/sites.ipleiria.pt\/ipce2017\/?page_id=1275"},"modified":"2017-03-25T11:58:51","modified_gmt":"2017-03-25T11:58:51","slug":"organizacion","status":"publish","type":"page","link":"https:\/\/sites.ipleiria.pt\/ipce2017\/es\/organizacion\/","title":{"rendered":"Organizaci\u00f3n"},"content":{"rendered":"<p><b><strong>Comit\u00e9 organizador<\/strong><\/b><\/p>\n<p>Dina Catarina Duarte Alves<\/p>\n<p>H\u00e9lia Gon\u00e7alves Pinto<\/p>\n<p>Maria Isabel Pinto Sim\u00f5es Dias<\/p>\n<p>Maria Od\u00edlia de Jesus Almeida Abreu<\/p>\n<p>Romain Gillain Mu\u00f1oz<\/p>\n<div align=\"center\">\n<hr align=\"center\" noshade=\"noshade\" size=\"2\" width=\"100%\" \/>\n<\/div>\n<p><strong>Comit\u00e9 cient\u00edfico<\/strong><\/p>\n<p>Alzira Maria Rasc\u00e3o Saraiva \u2013 Instituto Polit\u00e9cnico de Leiria (Portugal)<\/p>\n<p>Elvira Ferreira \u2013 (Portugal)<\/p>\n<p>Alexandre da Silva Santos \u2013 Instituto Polit\u00e9cnico de Leiria (Portugal)<\/p>\n<p>Gabriela Prego V\u00e1zquez \u2013 Universidad de\u00a0Santiago de Compostela\u00a0(Espa\u00f1a)<\/p>\n<p>Gra\u00e7a Maria Santos Batista Seco\u00a0 \u2013 Instituto Polit\u00e9cnico de Leiria (Portugal)<\/p>\n<p>H\u00e9lia Gon\u00e7alves Pinto \u2013 Instituto Polit\u00e9cnico de Leiria (Portugal)<\/p>\n<p>In\u00eas Direito \u2013\u00a0University College London (Reino Unido)<\/p>\n<p>Isabel Cuadrado Gordillo\u00a0 \u2013 Universidad de Extremadura (Espa\u00f1a)<\/p>\n<p>Isabel Sofia Godinho Silva Rebelo\u00a0 \u2013 Instituto Polit\u00e9cnico de Leiria (Portugal)<\/p>\n<p>Jos\u00e9 Brites Ferreira &#8211; Instituto Polit\u00e9cnico de Leiria (Portugal)<\/p>\n<p>L\u00facia Grave Magueta \u2013 Instituto Polit\u00e9cnico de Leiria (Portugal)<\/p>\n<p>Lu\u00eds Filipe Tom\u00e1s Barbeiro\u00a0 \u2013 Instituto Polit\u00e9cnico de Leiria (Portugal)<\/p>\n<p>Luz Zas \u2013 Universidad de\u00a0Santiago de Compostela\u00a0(Espa\u00f1a)<\/p>\n<p>Maria Ant\u00f3nia Belchior Barreto\u00a0 \u2013 Instituto Polit\u00e9cnico de Leiria (Portugal)<\/p>\n<p>Maria Cinta Mu\u00f1oz Catal\u00e1n &#8211; Universidad de Sevilla (Espa\u00f1a)<\/p>\n<p>Mar\u00eda del Mar D\u00edaz\u00a0Gonz\u00e1lez &#8211;\u00a0Universidad de Oviedo\u00a0(Espa\u00f1a)<\/p>\n<p>Maria Isabel Alves Rodrigues Pereira \u2013 Instituto Polit\u00e9cnico de Leiria (Portugal)<\/p>\n<p>Maria Isabel Pinto Sim\u00f5es Dias \u2013 Instituto Polit\u00e9cnico de Leiria (Portugal)<\/p>\n<p>Maria Isabel Varregoso Rebetim Pereira- Instituto Polit\u00e9cnico de Leiria (Portugal)<\/p>\n<p>Maria Jos\u00e9 Gamboa &#8211; Instituto Polit\u00e9cnico de Leiria (Portugal)<\/p>\n<p>Mar\u00eda Lourdes P\u00e9rez Gonz\u00e1lez &#8211;\u00a0Universidade de Oviedo\u00a0(Espa\u00f1a)<\/p>\n<p>Maria de S\u00e3o Pedro dos Santos Silva Lopes &#8211; Instituto Polit\u00e9cnico de Leiria (Portugal)<\/p>\n<p>Marina Vict\u00f3ria Valvez Faria Rodrigues \u2013 Instituto Polit\u00e9cnico de Leiria (Portugal)<\/p>\n<p>Pedro de Carvalho Silva \u2013 Instituto Polit\u00e9cnico de Leiria (Portugal)<\/p>\n<p>Pedro Sequeira \u2013 Instituto Polit\u00e9cnico de Santar\u00e9m (Portugal)<\/p>\n<p>Rui Gomes \u2013 Universidade do Minho (Portugal)<\/p>\n<p>Rui Resende &#8211; Instituto Superior da Maia (Portugal)<\/p>\n<p>Romain Gillain Mu\u00f1oz \u2013 Instituto Polit\u00e9cnico de Leiria (Portugal)<\/p>\n<p>Susana Margarida da Costa Nunes\u00a0 \u2013 Instituto Polit\u00e9cnico de Leiria (Portugal)<\/p>\n<p>Sara de Barros Ara\u00fajo \u2013 Instituto Polit\u00e9cnico do Porto (Portugal)<\/p>\n<p>Sandrina Diniz Fernandes Milhano\u00a0\u2013 Instituto Polit\u00e9cnico de Leiria (Portugal)<\/p>\n<p>Stela Maria Fernandes Marques \u00a0\u2013\u00a0PUC Minas Gerais (Brasil)<\/p>\n<p>Valeriana Guijo \u2013 Universidad de Burgos (Espa\u00f1a)<\/p>\n<p>Victor Arufe Gir\u00e1ldez &#8211; Universidad de A Coru\u00f1a (Espa\u00f1a)<\/p>\n<div align=\"center\">\n<hr align=\"center\" noshade=\"noshade\" size=\"2\" width=\"100%\" \/>\n<\/div>\n<p><strong>Entidad organizadora<\/strong><\/p>\n<p>Escola Superior de Educa\u00e7\u00e3o e Ci\u00eancias Sociais &#8211; Instituto Polit\u00e9cnico de Leiria\u00a0(PORTUGAL)<\/p>\n","protected":false},"excerpt":{"rendered":"<p>Comit\u00e9 organizador Dina Catarina Duarte Alves H\u00e9lia Gon\u00e7alves Pinto Maria Isabel Pinto Sim\u00f5es Dias Maria Od\u00edlia de Jesus Almeida Abreu Romain Gillain Mu\u00f1oz Comit\u00e9 cient\u00edfico Alzira Maria Rasc\u00e3o Saraiva \u2013 Instituto Polit\u00e9cnico de Leiria (Portugal) Elvira Ferreira \u2013 (Portugal) Alexandre da Silva Santos \u2013 Instituto Polit\u00e9cnico de Leiria (Portugal) Gabriela Prego V\u00e1zquez \u2013 Universidad de\u00a0Santiago [&hellip;]<\/p>\n","protected":false},"author":2456,"featured_media":0,"parent":0,"menu_order":0,"comment_status":"closed","ping_status":"closed","template":"","meta":{"footnotes":""},"class_list":["post-1275","page","type-page","status-publish","hentry"],"_links":{"self":[{"href":"https:\/\/sites.ipleiria.pt\/ipce2017\/wp-json\/wp\/v2\/pages\/1275","targetHints":{"allow":["GET"]}}],"collection":[{"href":"https:\/\/sites.ipleiria.pt\/ipce2017\/wp-json\/wp\/v2\/pages"}],"about":[{"href":"https:\/\/sites.ipleiria.pt\/ipce2017\/wp-json\/wp\/v2\/types\/page"}],"author":[{"embeddable":true,"href":"https:\/\/sites.ipleiria.pt\/ipce2017\/wp-json\/wp\/v2\/users\/2456"}],"replies":[{"embeddable":true,"href":"https:\/\/sites.ipleiria.pt\/ipce2017\/wp-json\/wp\/v2\/comments?post=1275"}],"version-history":[{"count":10,"href":"https:\/\/sites.ipleiria.pt\/ipce2017\/wp-json\/wp\/v2\/pages\/1275\/revisions"}],"predecessor-version":[{"id":1634,"href":"https:\/\/sites.ipleiria.pt\/ipce2017\/wp-json\/wp\/v2\/pages\/1275\/revisions\/1634"}],"wp:attachment":[{"href":"https:\/\/sites.ipleiria.pt\/ipce2017\/wp-json\/wp\/v2\/media?parent=1275"}],"curies":[{"name":"wp","href":"https:\/\/api.w.org\/{rel}","templated":true}]}}