{"id":1300,"date":"2017-01-10T17:29:31","date_gmt":"2017-01-10T17:29:31","guid":{"rendered":"http:\/\/sites.ipleiria.pt\/ipce2017\/?page_id=1300"},"modified":"2017-01-10T17:32:23","modified_gmt":"2017-01-10T17:32:23","slug":"contacts-2","status":"publish","type":"page","link":"https:\/\/sites.ipleiria.pt\/ipce2017\/fr\/contacts-2\/","title":{"rendered":"Contacts"},"content":{"rendered":"<p><strong>Comit\u00e9 organisateur<\/strong><br \/>\nEmail: <a href=\"mailto:ipce@ipleiria.pt?subject=IPCE 2014\">ipce@ipleiria.pt<\/a><\/p>\n<hr \/>\n<p><strong>Secr\u00e9tariat<\/strong><br \/>\nAlexandre Soares<br \/>\nEmail: <a href=\"mailto:asoares@ipleiria.pt?subject=IPCE 2014\">asoares@ipleiria.pt<\/a><br \/>\nTelefone: (+351) 244 829 471<\/p>\n<hr \/>\n<p><strong>Escola Superior de Educa\u00e7\u00e3o e Ci\u00eancias Sociais (Leiria)<\/strong><br \/>\nCampus 1 \u2014 Instituto Polit\u00e9cnico de Leiria<br \/>\nRua Dr. Jo\u00e3o Soares<br \/>\nApartado 4045<br \/>\n2411-901 Leiria \u2013 Portugal<br \/>\nTel: (+351) 244 829400 \u2022 Fax:(+351) 244 829499<br \/>\nE-mail: <a href=\"mailto:esecs@ipleiria.pt?subject=IPCE 2014\">esecs@ipleiria.pt<\/a><\/p>\n<p>Voir<a href=\"https:\/\/maps.google.com.br\/maps\/ms?msa=0&amp;msid=206043349600974920687.0004a922c4adc84ebfdf9&amp;ie=UTF8&amp;t=m&amp;vpsrc=0&amp;z=17&amp;source=embed\" target=\"_blank\"> ESECS<\/a>\u00a0sur la carte<\/p>\n","protected":false},"excerpt":{"rendered":"<p>Comit\u00e9 organisateur Email: ipce@ipleiria.pt Secr\u00e9tariat Alexandre Soares Email: asoares@ipleiria.pt Telefone: (+351) 244 829 471 Escola Superior de Educa\u00e7\u00e3o e Ci\u00eancias Sociais (Leiria) Campus 1 \u2014 Instituto Polit\u00e9cnico de Leiria Rua Dr. Jo\u00e3o Soares Apartado 4045 2411-901 Leiria \u2013 Portugal Tel: (+351) 244 829400 \u2022 Fax:(+351) 244 829499 E-mail: esecs@ipleiria.pt Voir ESECS\u00a0sur la carte<\/p>\n","protected":false},"author":2456,"featured_media":0,"parent":0,"menu_order":0,"comment_status":"closed","ping_status":"closed","template":"","meta":{"footnotes":""},"class_list":["post-1300","page","type-page","status-publish","hentry"],"_links":{"self":[{"href":"https:\/\/sites.ipleiria.pt\/ipce2017\/wp-json\/wp\/v2\/pages\/1300","targetHints":{"allow":["GET"]}}],"collection":[{"href":"https:\/\/sites.ipleiria.pt\/ipce2017\/wp-json\/wp\/v2\/pages"}],"about":[{"href":"https:\/\/sites.ipleiria.pt\/ipce2017\/wp-json\/wp\/v2\/types\/page"}],"author":[{"embeddable":true,"href":"https:\/\/sites.ipleiria.pt\/ipce2017\/wp-json\/wp\/v2\/users\/2456"}],"replies":[{"embeddable":true,"href":"https:\/\/sites.ipleiria.pt\/ipce2017\/wp-json\/wp\/v2\/comments?post=1300"}],"version-history":[{"count":2,"href":"https:\/\/sites.ipleiria.pt\/ipce2017\/wp-json\/wp\/v2\/pages\/1300\/revisions"}],"predecessor-version":[{"id":1308,"href":"https:\/\/sites.ipleiria.pt\/ipce2017\/wp-json\/wp\/v2\/pages\/1300\/revisions\/1308"}],"wp:attachment":[{"href":"https:\/\/sites.ipleiria.pt\/ipce2017\/wp-json\/wp\/v2\/media?parent=1300"}],"curies":[{"name":"wp","href":"https:\/\/api.w.org\/{rel}","templated":true}]}}