{"id":1318,"date":"2017-01-10T17:43:30","date_gmt":"2017-01-10T17:43:30","guid":{"rendered":"http:\/\/sites.ipleiria.pt\/ipce2017\/?page_id=1318"},"modified":"2017-01-10T17:49:44","modified_gmt":"2017-01-10T17:49:44","slug":"alojamento","status":"publish","type":"page","link":"https:\/\/sites.ipleiria.pt\/ipce2017\/pt\/alojamento\/","title":{"rendered":"Alojamento"},"content":{"rendered":"<p><strong>Hotel Eurosol Leiria ***<\/strong><\/p>\n<p><a href=\"http:\/\/www.eurosol.pt\/hoteis\/hotel-eurosol-leiria-jardim\/\">http:\/\/www.eurosol.pt\/hoteis\/hotel-eurosol-leiria-jardim\/<\/a><\/p>\n<p><em>(Localizado pr\u00f3ximo da Escola Superior de Educa\u00e7\u00e3o e Ci\u00eancias Sociais \u2013 7 minutos a p\u00e9)<\/em><\/p>\n<p><strong>Hotel S\u00e3o Lu\u00eds ***<\/strong><\/p>\n<p><a href=\"http:\/\/www.saoluishotel.com\/\">http:\/\/www.saoluishotel.com\/<\/a><\/p>\n<p><em>(Localizado pr\u00f3ximo do centro da cidade de Leiria e a 12 minutos a p\u00e9 da Escola Superior de Educa\u00e7\u00e3o e Ci\u00eancias Sociais)<\/em><\/p>\n<p><strong>Hotel Ibis **<\/strong><\/p>\n<p><a href=\"http:\/\/www.accorhotels.com\/pt\/hotel-3340-ibis-leiria\/index.shtml\">http:\/\/www.accorhotels.com\/pt\/hotel-3340-ibis-leiria\/index.shtml<\/a><\/p>\n<p><em>(Localizado a 20 minutos a p\u00e9 da Escola Superior de Educa\u00e7\u00e3o e Ci\u00eancias Sociais)<\/em><\/p>\n<p><strong>Hotel Leiria Classic<\/strong><\/p>\n<p><em><a href=\"http:\/\/www.hotelleiriaclassic.pt\/\">http:\/\/www.hotelleiriaclassic.pt\/<\/a><\/em><\/p>\n<p><em>(Localizado no centro da cidade de Leiria e a 10 minutos a p\u00e9 da Escola Superior de Educa\u00e7\u00e3o e Ci\u00eancias Sociais)<\/em><\/p>\n<p><strong>Atlas Hostel Leiria<\/strong><\/p>\n<p><em><a href=\"http:\/\/www.atlashostel-leiria.com\/\">http:\/\/www.atlashostel-leiria.com\/<\/a><\/em><\/p>\n<p><em>(Localizado no centro hist\u00f3rico da cidade de Leiria e a 10 minutos a p\u00e9 da Escola Superior de Educa\u00e7\u00e3o e Ci\u00eancias Sociais)<\/em><\/p>\n","protected":false},"excerpt":{"rendered":"<p>Hotel Eurosol Leiria *** http:\/\/www.eurosol.pt\/hoteis\/hotel-eurosol-leiria-jardim\/ (Localizado pr\u00f3ximo da Escola Superior de Educa\u00e7\u00e3o e Ci\u00eancias Sociais \u2013 7 minutos a p\u00e9) Hotel S\u00e3o Lu\u00eds *** http:\/\/www.saoluishotel.com\/ (Localizado pr\u00f3ximo do centro da cidade de Leiria e a 12 minutos a p\u00e9 da Escola Superior de Educa\u00e7\u00e3o e Ci\u00eancias Sociais) Hotel Ibis ** http:\/\/www.accorhotels.com\/pt\/hotel-3340-ibis-leiria\/index.shtml (Localizado a 20 minutos [&hellip;]<\/p>\n","protected":false},"author":2456,"featured_media":0,"parent":0,"menu_order":0,"comment_status":"closed","ping_status":"closed","template":"","meta":{"footnotes":""},"class_list":["post-1318","page","type-page","status-publish","hentry"],"_links":{"self":[{"href":"https:\/\/sites.ipleiria.pt\/ipce2017\/wp-json\/wp\/v2\/pages\/1318","targetHints":{"allow":["GET"]}}],"collection":[{"href":"https:\/\/sites.ipleiria.pt\/ipce2017\/wp-json\/wp\/v2\/pages"}],"about":[{"href":"https:\/\/sites.ipleiria.pt\/ipce2017\/wp-json\/wp\/v2\/types\/page"}],"author":[{"embeddable":true,"href":"https:\/\/sites.ipleiria.pt\/ipce2017\/wp-json\/wp\/v2\/users\/2456"}],"replies":[{"embeddable":true,"href":"https:\/\/sites.ipleiria.pt\/ipce2017\/wp-json\/wp\/v2\/comments?post=1318"}],"version-history":[{"count":2,"href":"https:\/\/sites.ipleiria.pt\/ipce2017\/wp-json\/wp\/v2\/pages\/1318\/revisions"}],"predecessor-version":[{"id":1326,"href":"https:\/\/sites.ipleiria.pt\/ipce2017\/wp-json\/wp\/v2\/pages\/1318\/revisions\/1326"}],"wp:attachment":[{"href":"https:\/\/sites.ipleiria.pt\/ipce2017\/wp-json\/wp\/v2\/media?parent=1318"}],"curies":[{"name":"wp","href":"https:\/\/api.w.org\/{rel}","templated":true}]}}