{"id":1324,"date":"2017-01-10T17:48:58","date_gmt":"2017-01-10T17:48:58","guid":{"rendered":"http:\/\/sites.ipleiria.pt\/ipce2017\/?page_id=1324"},"modified":"2017-01-10T17:48:58","modified_gmt":"2017-01-10T17:48:58","slug":"alojamiento","status":"publish","type":"page","link":"https:\/\/sites.ipleiria.pt\/ipce2017\/es\/alojamiento\/","title":{"rendered":"Alojamiento"},"content":{"rendered":"<p><strong>Hotel Eurosol Leiria ***<\/strong><\/p>\n<p><a href=\"http:\/\/www.eurosol.pt\/hoteis\/hotel-eurosol-leiria-jardim\/\">http:\/\/www.eurosol.pt\/hoteis\/hotel-eurosol-leiria-jardim\/<\/a><\/p>\n<p><em>(Ubicado a proximidad de la Escola Superior de Educa\u00e7\u00e3o e Ci\u00eancias Sociais \u2013 7 minutos andando)<\/em><\/p>\n<p><strong>Hotel S\u00e3o Lu\u00eds ***<\/strong><\/p>\n<p><a href=\"http:\/\/www.saoluishotel.com\/\">http:\/\/www.saoluishotel.com\/<\/a><\/p>\n<p><em>(Ubicado a proximidad de la Escola Superior de Educa\u00e7\u00e3o e Ci\u00eancias Sociais \u2013 12\u00a0minutos andando)<\/em><\/p>\n<p><strong>Hotel Ibis **<\/strong><\/p>\n<p><a href=\"http:\/\/www.accorhotels.com\/pt\/hotel-3340-ibis-leiria\/index.shtml\">http:\/\/www.accorhotels.com\/pt\/hotel-3340-ibis-leiria\/index.shtml<\/a><\/p>\n<p><em>(Ubicado\u00a0a 20 minutos andando de la Escola Superior de Educa\u00e7\u00e3o e Ci\u00eancias Sociais)<\/em><\/p>\n<p><strong>Hotel Leiria Classic<\/strong><\/p>\n<p><em><a href=\"http:\/\/www.hotelleiriaclassic.pt\/\">http:\/\/www.hotelleiriaclassic.pt\/<\/a><\/em><\/p>\n<p><em>(Ubicado en el casco hist\u00f3rico de la ciudad de Leiria y a\u00a012\u00a0minutos andando de la Escola Superior de Educa\u00e7\u00e3o e Ci\u00eancias Sociais)<\/em><\/p>\n<p><strong>Atlas Hostel Leiria<\/strong><\/p>\n<p><em><a href=\"http:\/\/www.atlashostel-leiria.com\/\">http:\/\/www.atlashostel-leiria.com\/<\/a><\/em><\/p>\n<p><em>(Ubicado en el casco hist\u00f3rico de la ciudad de Leiria y a\u00a010 minutos andando de la Escola Superior de Educa\u00e7\u00e3o e Ci\u00eancias Sociais)<\/em><\/p>\n","protected":false},"excerpt":{"rendered":"<p>Hotel Eurosol Leiria *** http:\/\/www.eurosol.pt\/hoteis\/hotel-eurosol-leiria-jardim\/ (Ubicado a proximidad de la Escola Superior de Educa\u00e7\u00e3o e Ci\u00eancias Sociais \u2013 7 minutos andando) Hotel S\u00e3o Lu\u00eds *** http:\/\/www.saoluishotel.com\/ (Ubicado a proximidad de la Escola Superior de Educa\u00e7\u00e3o e Ci\u00eancias Sociais \u2013 12\u00a0minutos andando) Hotel Ibis ** http:\/\/www.accorhotels.com\/pt\/hotel-3340-ibis-leiria\/index.shtml (Ubicado\u00a0a 20 minutos andando de la Escola Superior de Educa\u00e7\u00e3o [&hellip;]<\/p>\n","protected":false},"author":2456,"featured_media":0,"parent":0,"menu_order":0,"comment_status":"closed","ping_status":"closed","template":"","meta":{"footnotes":""},"class_list":["post-1324","page","type-page","status-publish","hentry"],"_links":{"self":[{"href":"https:\/\/sites.ipleiria.pt\/ipce2017\/wp-json\/wp\/v2\/pages\/1324","targetHints":{"allow":["GET"]}}],"collection":[{"href":"https:\/\/sites.ipleiria.pt\/ipce2017\/wp-json\/wp\/v2\/pages"}],"about":[{"href":"https:\/\/sites.ipleiria.pt\/ipce2017\/wp-json\/wp\/v2\/types\/page"}],"author":[{"embeddable":true,"href":"https:\/\/sites.ipleiria.pt\/ipce2017\/wp-json\/wp\/v2\/users\/2456"}],"replies":[{"embeddable":true,"href":"https:\/\/sites.ipleiria.pt\/ipce2017\/wp-json\/wp\/v2\/comments?post=1324"}],"version-history":[{"count":1,"href":"https:\/\/sites.ipleiria.pt\/ipce2017\/wp-json\/wp\/v2\/pages\/1324\/revisions"}],"predecessor-version":[{"id":1325,"href":"https:\/\/sites.ipleiria.pt\/ipce2017\/wp-json\/wp\/v2\/pages\/1324\/revisions\/1325"}],"wp:attachment":[{"href":"https:\/\/sites.ipleiria.pt\/ipce2017\/wp-json\/wp\/v2\/media?parent=1324"}],"curies":[{"name":"wp","href":"https:\/\/api.w.org\/{rel}","templated":true}]}}