{"id":1338,"date":"2017-01-10T18:20:26","date_gmt":"2017-01-10T18:20:26","guid":{"rendered":"http:\/\/sites.ipleiria.pt\/ipce2017\/?page_id=1338"},"modified":"2017-03-03T10:45:50","modified_gmt":"2017-03-03T10:45:50","slug":"inscricao","status":"publish","type":"page","link":"https:\/\/sites.ipleiria.pt\/ipce2017\/pt\/inscricao\/","title":{"rendered":"Inscri\u00e7\u00f5es"},"content":{"rendered":"<p>. Participantes em geral \u2013 55 euros<br \/>\n. Funcion\u00e1rios docentes\/n\u00e3o docentes e antigos estudantes do IPLeiria \u2013 30 euros<br \/>\n. Estudantes do IPL e de outras Institui\u00e7\u00f5es\/Orientadores cooperantes\/ Outros colaboradores da ESECS\/ IPL \u2013 20 euros<\/p>\n<p><strong>Inscri\u00e7\u00f5es: <\/strong><a href=\"http:\/\/www.eventos.ipleiria.pt\/portal\/eventos?p_id=22957&amp;lang=pt-PT\" target=\"_blank\">aqui<\/a><\/p>\n<p><strong>Para mais informa\u00e7\u00f5es<\/strong><br \/>\nAlexandre Soares \u2013 Secretariado IPCE<br \/>\nTel: (+351) 244 829 471 \/ Fax: (+351) 244 829 499<br \/>\nEmail: <a href=\"asoares@ipleiria.pt\">asoares<\/a><a href=\"mailto:grpci.esecs@ipleiria.pt?subject=Pedido%20de%20Informa\u00e7\u00e3o%20-%20IPCE2014\">@ipleiria.pt<\/a><\/p>\n<p><strong>Termos e Condi\u00e7\u00f5es<\/strong><br \/>\nA taxa de inscri\u00e7\u00e3o inclui a assist\u00eancia \u00e0 confer\u00eancia, acesso ao material informativo e aos <em>coffee breaks<\/em>.<br \/>\nO cancelamento de inscri\u00e7\u00f5es implica a perda total do valor da taxa de inscri\u00e7\u00e3o, n\u00e3o havendo lugar a reembolsos.<\/p>\n","protected":false},"excerpt":{"rendered":"<p>. Participantes em geral \u2013 55 euros . Funcion\u00e1rios docentes\/n\u00e3o docentes e antigos estudantes do IPLeiria \u2013 30 euros . Estudantes do IPL e de outras Institui\u00e7\u00f5es\/Orientadores cooperantes\/ Outros colaboradores da ESECS\/ IPL \u2013 20 euros Inscri\u00e7\u00f5es: aqui Para mais informa\u00e7\u00f5es Alexandre Soares \u2013 Secretariado IPCE Tel: (+351) 244 829 471 \/ Fax: (+351) 244 [&hellip;]<\/p>\n","protected":false},"author":2456,"featured_media":0,"parent":0,"menu_order":0,"comment_status":"closed","ping_status":"closed","template":"","meta":{"footnotes":""},"class_list":["post-1338","page","type-page","status-publish","hentry"],"_links":{"self":[{"href":"https:\/\/sites.ipleiria.pt\/ipce2017\/wp-json\/wp\/v2\/pages\/1338","targetHints":{"allow":["GET"]}}],"collection":[{"href":"https:\/\/sites.ipleiria.pt\/ipce2017\/wp-json\/wp\/v2\/pages"}],"about":[{"href":"https:\/\/sites.ipleiria.pt\/ipce2017\/wp-json\/wp\/v2\/types\/page"}],"author":[{"embeddable":true,"href":"https:\/\/sites.ipleiria.pt\/ipce2017\/wp-json\/wp\/v2\/users\/2456"}],"replies":[{"embeddable":true,"href":"https:\/\/sites.ipleiria.pt\/ipce2017\/wp-json\/wp\/v2\/comments?post=1338"}],"version-history":[{"count":6,"href":"https:\/\/sites.ipleiria.pt\/ipce2017\/wp-json\/wp\/v2\/pages\/1338\/revisions"}],"predecessor-version":[{"id":1624,"href":"https:\/\/sites.ipleiria.pt\/ipce2017\/wp-json\/wp\/v2\/pages\/1338\/revisions\/1624"}],"wp:attachment":[{"href":"https:\/\/sites.ipleiria.pt\/ipce2017\/wp-json\/wp\/v2\/media?parent=1338"}],"curies":[{"name":"wp","href":"https:\/\/api.w.org\/{rel}","templated":true}]}}