{"id":1340,"date":"2017-01-10T18:22:41","date_gmt":"2017-01-10T18:22:41","guid":{"rendered":"http:\/\/sites.ipleiria.pt\/ipce2017\/?page_id=1340"},"modified":"2017-03-03T10:51:34","modified_gmt":"2017-03-03T10:51:34","slug":"inscripciones","status":"publish","type":"page","link":"https:\/\/sites.ipleiria.pt\/ipce2017\/es\/inscripciones\/","title":{"rendered":"Inscripci\u00f3n"},"content":{"rendered":"<p>. <em>Participantes en general<\/em>\u00a0\u2013 55 euros<br \/>\n. <em>Docentes\u00a0y no docentes\/ Antigos estudiantes del IPLeiria<\/em> \u2013 30 euros<br \/>\n. <em>Estudiantes del IPL <\/em>\u2013 20 Euros<\/p>\n<p><strong>Inscripci\u00f3n:\u00a0<\/strong><a href=\"http:\/\/www.eventos.ipleiria.pt\/portal\/eventos?p_id=22957&amp;lang=en-EN\" target=\"_blank\">aqu\u00ed<\/a><\/p>\n<p><strong>Para m\u00e1s informaciones:<\/strong><br \/>\nAlexandre Soares \u2013 Secretariado IPCE<br \/>\nTel: (+351) 244 829 471 \/ Fax: (+351) 244 829 499<br \/>\nEmail: <a href=\"asoares@ipleiria.pt\">asoares<\/a><a href=\"mailto:grpci.esecs@ipleiria.pt?subject=Pedido%20de%20Informa\u00e7\u00e3o%20-%20IPCE2014\">@ipleiria.pt<\/a><\/p>\n<p><strong>T\u00e9rminos y condiciones<\/strong><br \/>\nLa cuota de inscripci\u00f3n al coloquio incluye la asistencia a la conferencia, la documentaci\u00f3n de la misma y las pausas-caf\u00e9. La cancelaci\u00f3n de la inscripci\u00f3n implica la p\u00e9rdida del valor total de la cuota.<\/p>\n","protected":false},"excerpt":{"rendered":"<p>. Participantes en general\u00a0\u2013 55 euros . Docentes\u00a0y no docentes\/ Antigos estudiantes del IPLeiria \u2013 30 euros . Estudiantes del IPL \u2013 20 Euros Inscripci\u00f3n:\u00a0aqu\u00ed Para m\u00e1s informaciones: Alexandre Soares \u2013 Secretariado IPCE Tel: (+351) 244 829 471 \/ Fax: (+351) 244 829 499 Email: asoares@ipleiria.pt T\u00e9rminos y condiciones La cuota de inscripci\u00f3n al coloquio [&hellip;]<\/p>\n","protected":false},"author":2456,"featured_media":0,"parent":0,"menu_order":0,"comment_status":"closed","ping_status":"closed","template":"","meta":{"footnotes":""},"class_list":["post-1340","page","type-page","status-publish","hentry"],"_links":{"self":[{"href":"https:\/\/sites.ipleiria.pt\/ipce2017\/wp-json\/wp\/v2\/pages\/1340","targetHints":{"allow":["GET"]}}],"collection":[{"href":"https:\/\/sites.ipleiria.pt\/ipce2017\/wp-json\/wp\/v2\/pages"}],"about":[{"href":"https:\/\/sites.ipleiria.pt\/ipce2017\/wp-json\/wp\/v2\/types\/page"}],"author":[{"embeddable":true,"href":"https:\/\/sites.ipleiria.pt\/ipce2017\/wp-json\/wp\/v2\/users\/2456"}],"replies":[{"embeddable":true,"href":"https:\/\/sites.ipleiria.pt\/ipce2017\/wp-json\/wp\/v2\/comments?post=1340"}],"version-history":[{"count":6,"href":"https:\/\/sites.ipleiria.pt\/ipce2017\/wp-json\/wp\/v2\/pages\/1340\/revisions"}],"predecessor-version":[{"id":1628,"href":"https:\/\/sites.ipleiria.pt\/ipce2017\/wp-json\/wp\/v2\/pages\/1340\/revisions\/1628"}],"wp:attachment":[{"href":"https:\/\/sites.ipleiria.pt\/ipce2017\/wp-json\/wp\/v2\/media?parent=1340"}],"curies":[{"name":"wp","href":"https:\/\/api.w.org\/{rel}","templated":true}]}}