{"id":1351,"date":"2017-01-10T18:33:18","date_gmt":"2017-01-10T18:33:18","guid":{"rendered":"http:\/\/sites.ipleiria.pt\/ipce2017\/?page_id=1351"},"modified":"2017-03-03T10:52:50","modified_gmt":"2017-03-03T10:52:50","slug":"inscription","status":"publish","type":"page","link":"https:\/\/sites.ipleiria.pt\/ipce2017\/fr\/inscription\/","title":{"rendered":"Inscription"},"content":{"rendered":"<p>. <em>Participants <\/em>\u2013 55 euros<br \/>\n. <em>Professeurs et employ\u00e9s de l\u2019Instituto Polit\u00e9cnico de Leiria<\/em> \u2013 30\u00a0Euros<br \/>\n. <em>\u00c9tudiants de l\u2019Instituto Polit\u00e9cnico de Leiria et\u00a0d\u2019autres institutions d\u2019enseignement sup\u00e9rieur<\/em><span lang=\"PT\">\u00a0\u2013 20\u00a0Euros<\/span><\/p>\n<p><strong>S\u2019inscrire: <\/strong><a href=\"http:\/\/www.eventos.ipleiria.pt\/portal\/eventos?p_id=22957&amp;lang=en-EN\" target=\"_blank\">ici<\/a><\/p>\n<p><strong>Pour de plus amples informations<\/strong><\/p>\n<p>Alexandre Soares \u2013 Secr\u00e9tariat IPCE<\/p>\n<p>T\u00e9l: (+351) 244 829 471 \/ Fax: (+351) 244 829 499<\/p>\n<p>Courriel: <a href=\"mailto:asoares@ipleiria.pt\">asoares@ipleiria.pt<\/a><\/p>\n<p><strong>Conditions g\u00e9n\u00e9rales<\/strong> La taxe d\u2019inscription inclut l\u2019assistance \u00e0 la conf\u00e9rence, l\u2019acc\u00e8s au mat\u00e9riel informatique et aux pauses caf\u00e9. L\u2019annulation de l\u2019inscription implique la perte total du montant pay\u00e9, n\u2019\u00e9tant pr\u00e9vu aucun remboursement.<\/p>\n","protected":false},"excerpt":{"rendered":"<p>. Participants \u2013 55 euros . Professeurs et employ\u00e9s de l\u2019Instituto Polit\u00e9cnico de Leiria \u2013 30\u00a0Euros . \u00c9tudiants de l\u2019Instituto Polit\u00e9cnico de Leiria et\u00a0d\u2019autres institutions d\u2019enseignement sup\u00e9rieur\u00a0\u2013 20\u00a0Euros S\u2019inscrire: ici Pour de plus amples informations Alexandre Soares \u2013 Secr\u00e9tariat IPCE T\u00e9l: (+351) 244 829 471 \/ Fax: (+351) 244 829 499 Courriel: asoares@ipleiria.pt Conditions g\u00e9n\u00e9rales [&hellip;]<\/p>\n","protected":false},"author":2456,"featured_media":0,"parent":0,"menu_order":0,"comment_status":"closed","ping_status":"closed","template":"","meta":{"footnotes":""},"class_list":["post-1351","page","type-page","status-publish","hentry"],"_links":{"self":[{"href":"https:\/\/sites.ipleiria.pt\/ipce2017\/wp-json\/wp\/v2\/pages\/1351","targetHints":{"allow":["GET"]}}],"collection":[{"href":"https:\/\/sites.ipleiria.pt\/ipce2017\/wp-json\/wp\/v2\/pages"}],"about":[{"href":"https:\/\/sites.ipleiria.pt\/ipce2017\/wp-json\/wp\/v2\/types\/page"}],"author":[{"embeddable":true,"href":"https:\/\/sites.ipleiria.pt\/ipce2017\/wp-json\/wp\/v2\/users\/2456"}],"replies":[{"embeddable":true,"href":"https:\/\/sites.ipleiria.pt\/ipce2017\/wp-json\/wp\/v2\/comments?post=1351"}],"version-history":[{"count":6,"href":"https:\/\/sites.ipleiria.pt\/ipce2017\/wp-json\/wp\/v2\/pages\/1351\/revisions"}],"predecessor-version":[{"id":1629,"href":"https:\/\/sites.ipleiria.pt\/ipce2017\/wp-json\/wp\/v2\/pages\/1351\/revisions\/1629"}],"wp:attachment":[{"href":"https:\/\/sites.ipleiria.pt\/ipce2017\/wp-json\/wp\/v2\/media?parent=1351"}],"curies":[{"name":"wp","href":"https:\/\/api.w.org\/{rel}","templated":true}]}}