{"id":1369,"date":"2017-01-10T19:33:23","date_gmt":"2017-01-10T19:33:23","guid":{"rendered":"http:\/\/sites.ipleiria.pt\/ipce2017\/?page_id=1369"},"modified":"2017-06-05T17:44:12","modified_gmt":"2017-06-05T17:44:12","slug":"peticion-de-contribuciones","status":"publish","type":"page","link":"https:\/\/sites.ipleiria.pt\/ipce2017\/es\/peticion-de-contribuciones\/","title":{"rendered":"Llamada a propuestas"},"content":{"rendered":"<p>Las sesiones paralelas sirven para presentar experiencias educativas, proyectos, trabajos de investigaci\u00f3n, herramientas y materiales enmarcados en las \u00e1reas tem\u00e1ticas de la conferencia IPCE.<\/p>\n<p>El comit\u00e9 Organizador da IPCE anima a la comunidad educativa, en particular, a los educadores, profesores, investigadores, estudiantes de la ense\u00f1anza superior, gestores de instituciones y t\u00e9cnicos en el campo de la educaci\u00f3n a presentar trabajos en los siguientes formatos:<\/p>\n<p><strong>Art\u00edculos<br \/>\n<\/strong>La presentaci\u00f3n de art\u00edculos en la IPCE favorece la divulgaci\u00f3n trabajos de investigaci\u00f3n, experiencias educativas, proyectos, herramientas y materiales.<\/p>\n<p>El env\u00edo de art\u00edculos se realiza en dos fases:<\/p>\n<ol>\n<li>Env\u00edo del resumen:<\/li>\n<\/ol>\n<p>El resumen de la propuesta de art\u00edculo deber\u00e1 enviarse en dos idiomas (ESP-POR; ESP-ING; ESP-FRA), en Georgia 9.5, normal, con interlineado de 1,5 cm, justificado, margenes: superior e inferior de 3 cm; izquierda\u00a0y derecha: 3 cm. La propuesta no podr\u00e1 exceder los 3500 caracteres, para cada idioma, incluyendo espacios y referencias bibliogr\u00e1ficas. Los res\u00famenes tienen que incluir:<\/p>\n<p>a) T\u00edtulo (con may\u00fascula solo la palabra inicial y con un l\u00edmite de 12 palabras);<\/p>\n<p>b) Palabras clave (5 como m\u00e1ximo);<\/p>\n<p>c) Eje tem\u00e1tico del IPCE2017;<\/p>\n<p>d) Objetivo de estudio;<\/p>\n<p>e) M\u00e9todos de investigaci\u00f3n\/metodolog\u00eda (si procede);<\/p>\n<p>f) Resultados (si procede);<\/p>\n<p>g) Conclusiones.<\/p>\n<p>El resumen se enviar\u00e1 al email <a href=\"mailto:ipce@ipleiria.pt\">ipce@ipleiria.pt<\/a> antes del <strong>d\u00eda <del>06 de marz<\/del>o 20 de marzo de 2017<\/strong>. En el asunto del correo enviado deber\u00e1 constar \u00abenv\u00edo del resumen IPCE2017\u00bb y en el documento adjunto (.doc o docx.) deber\u00e1n constar el nombre y los apellidos de los autores.<\/p>\n<ol start=\"2\">\n<li>Env\u00edo del texto completo (artigo) para el Libro de Actas tras\u00a0la aceptaci\u00f3n del resumen.<\/li>\n<\/ol>\n<p>Solo se podr\u00e1n enviar textos in\u00e9ditos y no publicados. Se podr\u00e1n redactar en portugu\u00e9s, espa\u00f1ol, ingl\u00e9s o franc\u00e9s, con un l\u00edmite de 30\u00a0000 caracteres, \u00a0incluyendo espacios y excluyendo el t\u00edtulo, instituci\u00f3n de origen, e-mail, resumen y palabras clave.<\/p>\n<p>Las propuestas tienen que respetar obligatoriamente las normas de formato del IPCE 2017. Se podr\u00e1 utilizar la plantilla para trabajar directamente sobre el archivo.\u00a0La propuesta no se publicar\u00e1 si las normas no son respetadas.<\/p>\n<p>El texto completo se enviar\u00e1 al email <a href=\"mailto:ipce@ipleiria.pt\">ipce@ipleiria.pt<\/a> antes del <strong>d\u00eda 05 de junio de 2017<\/strong>. En el asunto del correo enviado deber\u00e1 constar \u00abenv\u00edo del art\u00edculo completo IPCE2017\u00bb y en el documento adjunto (.doc o docx.) el nombre y los apellidos de los autores.<\/p>\n<p>Los trabajos aceptados ser\u00e1n publicados en el Libro de Actas del IPCE. Adem\u00e1s de la publicaci\u00f3n en las Actas de la Conferencia, cabe la posibilidad de que los art\u00edculos m\u00e1s interesantes sean presentados para ser incluidos en la\u00a0<em>Revista de Investiga\u00e7\u00e3o em Educa\u00e7\u00e3o e Ci\u00eancias Sociais<\/em>\u00a0(RIECS).<\/p>\n<p>Plantilla de los art\u00edculos:\u00a0<a href=\"https:\/\/1drv.ms\/w\/s!AgdFBF6CXfvhiQBWOPCdtMIUSg-0\">descargar<\/a>\u00a0(.doc)<\/p>\n<p><strong>Relato de experiencias<br \/>\n<\/strong>Tiene como objetivo la difusi\u00f3n de experiencias educativas, proyectos, herramientas y materiales. Este formato resulta especialmente adecuado para experiencias educativas y proyectos que todav\u00eda est\u00e9n funcionando.<\/p>\n<p>La propuesta de relato se redactar\u00e1 en\u00a0portugu\u00e9s, espa\u00f1ol, ingl\u00e9s o franc\u00e9s, con un l\u00edmite de 2 p\u00e1ginas, incluyendo\u00a0espacios\u00a0y excluyendo el t\u00edtulo, instituci\u00f3n de origen, e-mail, resumen y palabras clave. Se respetar\u00e1n las siguientes normas:\u00a0Georgia 9,5; normal; interlineado\u00a0de 1,5 cm; justificado.<\/p>\n<p>El relato\u00a0se enviar\u00e1 al email <a href=\"mailto:ipce@ipleiria.pt\">ipce@ipleiria.pt<\/a> antes del <strong>d\u00eda <del>06 de marzo<\/del> 20 de marzo de 2017<\/strong>. En el asunto del correo enviado deber\u00e1 constar \u00abenv\u00edo del relato\u00a0IPCE2017\u00bb y en el documento adjunto (.doc o docx.) deber\u00e1n constar el nombre y los apellidos de los autores.<\/p>\n<p>Plantilla de los relatos:\u00a0<a href=\"https:\/\/1drv.ms\/w\/s!AgdFBF6CXfvhiF8Y7OemZgD_EJcV\">descargar\u00a0<\/a>(.doc)<\/p>\n<p><strong>P\u00f3ster<br \/>\n<\/strong>Se pretende divulgar trabajos de investigaci\u00f3n, experiencias educativas, proyectos, herramientas y materiales. La presentaci\u00f3n de p\u00f3steres surge como una excelente oportunidad para presentar y debatir trabajos de investigaci\u00f3n de modo interactivo e informal.<\/p>\n<p>Los p\u00f3steres se proponen usando el modelo impuesto. Los\u00a0p\u00f3sters aceptados (tama\u00f1o DIN A0, vertical) ser\u00e1n expuestos a partir del primer d\u00eda de la conferencia, permaneciendo hasta el final del evento. Los autores deber\u00e1n estar presentes durante la sesi\u00f3n de presentaci\u00f3n de los p\u00f3steres, de manera a poder mostrar informalmente su trabajo. Dicha sesi\u00f3n tendr\u00e1 una duraci\u00f3n de\u00a0<strong>1 hora<\/strong>. Los materiales expuestos son responsabilidad exclusiva de sus autores y deber\u00e1n estar listos antes del inicio de la conferencia.<\/p>\n<p>Plantilla de los p\u00f3steres:\u00a0<a href=\"https:\/\/1drv.ms\/p\/s!AgdFBF6CXfvhiGGg9NiFdlktj4XZ\">descargar\u00a0<\/a>(.ppt)<\/p>\n<p><strong>NOTA IMPORTANTE<\/strong><\/p>\n<p>Las propuestas ser\u00e1n sometidas a una revisi\u00f3n a ciegas \u00a0por parte de los miembros del Comit\u00e9 Cient\u00edfico, que proceder\u00e1n a una evaluaci\u00f3n seg\u00fan los siguientes criterios:<\/p>\n<p>&#8211; Pertinencia de la propuesta en relaci\u00f3n con la tem\u00e1tica de la conferencia.<\/p>\n<p>&#8211; Calidad cient\u00edfica y aportaciones de la propuesta.<\/p>\n<p>&#8211; Uso de corpus, pr\u00e1ctica profesional y\/o trabajo de investigaci\u00f3n reconocido.<\/p>\n<p>&#8211; Respeto de la normas de publicaci\u00f3n<\/p>\n<p>Completada la selecci\u00f3n por parte del Comit\u00e9 Organizador, se\u00a0informar\u00e1 a los autores de la aceptaci\u00f3n de sus \u00a0propuestas, mediante correo electr\u00f3nico\u00a0hasta el\u00a0<strong>10 de abril de 2015<\/strong><\/p>\n<p>La inscripci\u00f3n en el Congreso de al menos uno de los autores es requisito indispensable para la presentaci\u00f3n de los trabajos aceptados.<\/p>\n<p>Presentaci\u00f3n oral (sesiones paralelas): 15 minutos<br \/>\nEquipo disponible: PC, proyector, conexi\u00f3n WIFI<\/p>\n","protected":false},"excerpt":{"rendered":"<p>Las sesiones paralelas sirven para presentar experiencias educativas, proyectos, trabajos de investigaci\u00f3n, herramientas y materiales enmarcados en las \u00e1reas tem\u00e1ticas de la conferencia IPCE. El comit\u00e9 Organizador da IPCE anima a la comunidad educativa, en particular, a los educadores, profesores, investigadores, estudiantes de la ense\u00f1anza superior, gestores de instituciones y t\u00e9cnicos en el campo de [&hellip;]<\/p>\n","protected":false},"author":2456,"featured_media":0,"parent":0,"menu_order":0,"comment_status":"closed","ping_status":"closed","template":"","meta":{"footnotes":""},"class_list":["post-1369","page","type-page","status-publish","hentry"],"_links":{"self":[{"href":"https:\/\/sites.ipleiria.pt\/ipce2017\/wp-json\/wp\/v2\/pages\/1369","targetHints":{"allow":["GET"]}}],"collection":[{"href":"https:\/\/sites.ipleiria.pt\/ipce2017\/wp-json\/wp\/v2\/pages"}],"about":[{"href":"https:\/\/sites.ipleiria.pt\/ipce2017\/wp-json\/wp\/v2\/types\/page"}],"author":[{"embeddable":true,"href":"https:\/\/sites.ipleiria.pt\/ipce2017\/wp-json\/wp\/v2\/users\/2456"}],"replies":[{"embeddable":true,"href":"https:\/\/sites.ipleiria.pt\/ipce2017\/wp-json\/wp\/v2\/comments?post=1369"}],"version-history":[{"count":19,"href":"https:\/\/sites.ipleiria.pt\/ipce2017\/wp-json\/wp\/v2\/pages\/1369\/revisions"}],"predecessor-version":[{"id":1679,"href":"https:\/\/sites.ipleiria.pt\/ipce2017\/wp-json\/wp\/v2\/pages\/1369\/revisions\/1679"}],"wp:attachment":[{"href":"https:\/\/sites.ipleiria.pt\/ipce2017\/wp-json\/wp\/v2\/media?parent=1369"}],"curies":[{"name":"wp","href":"https:\/\/api.w.org\/{rel}","templated":true}]}}