{"id":1469,"date":"2017-01-18T15:49:46","date_gmt":"2017-01-18T15:49:46","guid":{"rendered":"http:\/\/sites.ipleiria.pt\/ipce2017\/?page_id=1469"},"modified":"2017-02-24T15:51:40","modified_gmt":"2017-02-24T15:51:40","slug":"oradores-convidados","status":"publish","type":"page","link":"https:\/\/sites.ipleiria.pt\/ipce2017\/pt\/oradores-convidados\/","title":{"rendered":"Oradores"},"content":{"rendered":"<h1 style=\"text-align: left\"><strong>Sess\u00e3o de abertura\u00a0(sexta-feira,\u00a019 de maio &#8211; 9h30)<\/strong><\/h1>\n<hr \/>\n<h2><em><strong>Mar\u00eda\u00a0del Mar D\u00edaz Gonz\u00e1lez (Universidad de Oviedo)<\/strong><\/em><\/h2>\n<p><img loading=\"lazy\" decoding=\"async\" class=\"wp-image-1515 alignleft\" src=\"http:\/\/sites.ipleiria.pt\/ipce2017\/files\/2017\/01\/s200_m_del_mar_d_az_gonz_lez.jpg\" alt=\"\" width=\"140\" height=\"140\" srcset=\"https:\/\/sites.ipleiria.pt\/ipce2017\/files\/2017\/01\/s200_m_del_mar_d_az_gonz_lez.jpg 200w, https:\/\/sites.ipleiria.pt\/ipce2017\/files\/2017\/01\/s200_m_del_mar_d_az_gonz_lez-150x150.jpg 150w\" sizes=\"auto, (max-width: 140px) 100vw, 140px\" \/>M\u00aa del Mar D\u00edaz Gonz\u00e1lez, Profesora Titular, se ha doctorado en la Universidad de Oviedo (Espa\u00f1a) donde ejerce su docencia.<\/p>\n<p>Ha obtenido el Premio Extraordinario de Licenciatura (2000) y el Premio Extraordinario de Doctorado (2005). El patrimonio industrial y el arte contempor\u00e1neo determinan sus principales l\u00edneas de investigaci\u00f3n, dentro de cuya actividad destaca especialmente el an\u00e1lisis de la imagen impresa en t\u00e9rminos art\u00edsticos, gr\u00e1ficos, comicgr\u00e1ficos e im\u00e1genes reproducidas por medio de t\u00e9cnicas tradicionales y fotomec\u00e1nicas. Autora de libros y art\u00edculos diversos, relativos a la industria litogr\u00e1fica asturiana, la imagen impresa, el arte gr\u00e1fico y la comicgraf\u00eda, trat\u00e1ndose de publicaciones indexadas e insertas en las bases de datos especializadas.<\/p>\n<p>Su doble orientaci\u00f3n investigadora se ha visto volcada en la participaci\u00f3n en proyectos de investigaci\u00f3n nacionales y transnacionales europeos, destacando especialmente <em>Une \u00e9ducation informelle des adultes par l&#8217;analyse de l&#8217;image. Du r\u00e9gional \u00e0 l&#8217;Universel \u00e0 travers de la bande dessin\u00e9e<\/em>, desarrollado de 1998 a 2000. Ha sido comisaria de exposiciones internacionales, entre las que cabe mencionar la primera muestra dedicada en Espa\u00f1a al insigne xil\u00f3grafo belga <em>Frans Masereel<\/em> (2000), la colectiva <em>Itinerarios de la gr\u00e1fica contempor\u00e1nea asturiana <\/em>(2006), <em>Cobra &amp; C\u00eda<\/em> para el Museo Barjola de Gij\u00f3n (2008) y el <em>V Encuentro de artistas espa\u00f1oles y portugueses en Belgrado, <\/em>Serbia, celebrado en septiembre de 2009.<\/p>\n<p>Mais informa\u00e7\u00f5es <a href=\"https:\/\/1drv.ms\/b\/s!AgdFBF6CXfvhiG692e_KKFzbIT8V\">aqui<\/a><\/p>\n<h1 style=\"text-align: left\"><strong>Confer\u00eancia Plen\u00e1ria (s\u00e1bado, 20 de maio &#8211; 9h30)<\/strong><\/h1>\n<hr \/>\n<h2><strong><em>Bev Fl\u00fcckiger<\/em> <em>(Griffith University)<\/em><\/strong><\/h2>\n<p><img loading=\"lazy\" decoding=\"async\" class=\"wp-image-1470 alignleft\" src=\"http:\/\/sites.ipleiria.pt\/ipce2017\/files\/2017\/01\/transferir.jpg\" alt=\"\" width=\"129\" height=\"153\" \/><\/p>\n<p>Bev Fl\u00fcckiger is an Associate Professor in the School of Education and Professional Studies at Griffith University (Australia), a member of the Griffith Institute for Educational Research (GIER) and sits on the executive committees of both the Professional Development Network (PDN) for school leaders, and the Queensland branch of Early Childhood Australia (ECA). Prior to joining Griffith University, Bev held positions in the Department of Education and Training (DET) Queensland as a school Principal, Deputy Principal, curriculum leader and teacher in the early years of school.<\/p>\n<p>Bev\u2019s research and consulting interests focus on school leadership and early childhood education. She has been involved in a range of local, national and international research projects. Currently, Bev is leading a large research project entitled <em>Age-appropriate Pedagogies <\/em>in the early years of school across Queensland for the Department of Education and Training (DET).<\/p>\n<p>Mais informa\u00e7\u00f5es <a href=\"https:\/\/1drv.ms\/b\/s!AgdFBF6CXfvhiGrXQ2B6LKBqa51W\">aqui<\/a><\/p>\n<h1 style=\"text-align: left\"><strong>Mesa redonda\u00a0(s\u00e1bado, 20\u00a0de maio &#8211; 16h30)<\/strong><\/h1>\n<hr \/>\n<h2><strong><em>Jos\u00e9 Augusto Brito Pacheco (Universidade do Minho)<\/em><\/strong><\/h2>\n<p><img loading=\"lazy\" decoding=\"async\" class=\"wp-image-1561 alignleft\" src=\"http:\/\/sites.ipleiria.pt\/ipce2017\/files\/2017\/01\/JAP_IMG_58999-209x300.jpg\" alt=\"\" width=\"108\" height=\"155\" srcset=\"https:\/\/sites.ipleiria.pt\/ipce2017\/files\/2017\/01\/JAP_IMG_58999-209x300.jpg 209w, https:\/\/sites.ipleiria.pt\/ipce2017\/files\/2017\/01\/JAP_IMG_58999-768x1101.jpg 768w, https:\/\/sites.ipleiria.pt\/ipce2017\/files\/2017\/01\/JAP_IMG_58999-714x1024.jpg 714w, https:\/\/sites.ipleiria.pt\/ipce2017\/files\/2017\/01\/JAP_IMG_58999-535x767.jpg 535w, https:\/\/sites.ipleiria.pt\/ipce2017\/files\/2017\/01\/JAP_IMG_58999.jpg 1350w\" sizes=\"auto, (max-width: 108px) 100vw, 108px\" \/>Professor Catedr\u00e1tico do Instituto de Educa\u00e7\u00e3o da Universidade do Minho.<\/p>\n<p>Investigador do Centro de Investiga\u00e7\u00e3o em Educa\u00e7\u00e3o da Universidade do Minho.\u00a0Ex-membro do Conselho Nacional da Educa\u00e7\u00e3o.\u00a0Coordenador do projeto de investiga\u00e7\u00e3o, financiado pela FCT <em>Avalia\u00e7\u00e3o externa de escolas do ensino n\u00e3o superior (2012-2015)<\/em>.\u00a0Autor de v\u00e1rios livros e artigos nacionais e internacionais.\u00a0Diretor da revista <em>European Journal of Curriculum Studies<\/em>.<\/p>\n<h2><\/h2>\n<h2><em><strong>Ad\u00e9lia Lopes (Agrupamento de Escolas Rainha Santa Isabel de Carreira &#8211; Leiria)<\/strong><\/em><\/h2>\n<p><img loading=\"lazy\" decoding=\"async\" class=\" wp-image-1569 alignleft\" src=\"http:\/\/sites.ipleiria.pt\/ipce2017\/files\/2017\/01\/Imagem1.png\" alt=\"\" width=\"143\" height=\"143\" srcset=\"https:\/\/sites.ipleiria.pt\/ipce2017\/files\/2017\/01\/Imagem1.png 172w, https:\/\/sites.ipleiria.pt\/ipce2017\/files\/2017\/01\/Imagem1-150x150.png 150w\" sizes=\"auto, (max-width: 143px) 100vw, 143px\" \/>Diretora do Agrupamento de Escolas Rainha Santa Isabel de Carreira \u2013 Leiria, onde exerce fun\u00e7\u00f5es desde 1991.<\/p>\n<p>Doutoramento em Ci\u00eancias a Educa\u00e7\u00e3o, pela Faculdade de Psicologia e Ci\u00eancias da Educa\u00e7\u00e3o da Universidade do Porto (FPCEUP), com a tese &#8220;(Re)criar a arte de liderar &#8211; sentidos e significados de lideran\u00e7as em (com)textos escolares&#8221;.\u00a0Mestrado em Ci\u00eancias a Educa\u00e7\u00e3o, na especialidade de Educa\u00e7\u00e3o e Diversidade Cultural (FPCEUP).\u00a0Licenciatura em Ensino, variante Portugu\u00eas\/Franc\u00eas, pela Escola Superior de Educa\u00e7\u00e3o de Leiria (ESEL).\u00a0Forma\u00e7\u00e3o Especializada na \u00e1rea da Administra\u00e7\u00e3o Escolar (INA).\u00a0Participa\u00e7\u00e3o em projetos de \u00e2mbito nacional e internacional (SIRIUS, EPNoSL).\u00a0Apresenta\u00e7\u00e3o de comunica\u00e7\u00f5es em Congressos e Semin\u00e1rios nacionais e internacionais.\u00a0V\u00e1rios artigos publicados em livro e revistas de especialidade, na \u00e1rea da educa\u00e7\u00e3o.\u00a0Participa\u00e7\u00e3o no Educational Seminars for School Administrators, nos EUA, enquanto bolseira da Fulbright Commission e Luso-American Foundation.\u00a0Reconhecimento internacional, pelo trabalho de parceria estabelecido, ao longo de v\u00e1rios anos, na dinamiza\u00e7\u00e3o de projetos na \u00e1rea da educa\u00e7\u00e3o, da economia e da forma\u00e7\u00e3o profissional.\u00a0Reconhecimento local e regional pela capacidade e pelo trabalho de lideran\u00e7a<\/p>\n<h2><em><strong>Jos\u00e9 Brites Ferreira (Instituto Polit\u00e9cnico de Leiria)<\/strong><\/em><\/h2>\n<p><img loading=\"lazy\" decoding=\"async\" class=\" wp-image-1562 alignleft\" src=\"http:\/\/sites.ipleiria.pt\/ipce2017\/files\/2017\/01\/JBritesFerreira_150_150.jpg\" alt=\"\" width=\"143\" height=\"143\" \/>Professor Coordenador da Escola Superior de Educa\u00e7\u00e3o e Ci\u00eancias Sociais do Instituto Polit\u00e9cnico de Leiria.<\/p>\n<p>Coordenador do curso de Mestrado em Ci\u00eancias da Educa\u00e7\u00e3o\/ Gest\u00e3o Escolares.\u00a0Investigador do <em>N\u00facleo Investiga\u00e7\u00e3o e Desenvolvimento em Educa\u00e7\u00e3o<\/em> do Instituto Polit\u00e9cnico de Leiria e do Centro de Investiga\u00e7\u00e3o de Pol\u00edticas do Ensino Superior (CIPES).\u00a0Consultor de forma\u00e7\u00e3o cont\u00ednua e membro de equipas de consultoria e avalia\u00e7\u00e3o (UNICEF\/Guin\u00e9 Bissau, UNESCO\/ Guin\u00e9 Bissau, IPAD\/Timor Leste), tem participado em diversos programas de coopera\u00e7\u00e3o internacional.\u00a0Membro de comiss\u00f5es de avalia\u00e7\u00e3o externa de escolas.\u00a0Autor de v\u00e1rios livros e artigos nacionais e internacionais.<\/p>\n","protected":false},"excerpt":{"rendered":"<p>Sess\u00e3o de abertura\u00a0(sexta-feira,\u00a019 de maio &#8211; 9h30) Mar\u00eda\u00a0del Mar D\u00edaz Gonz\u00e1lez (Universidad de Oviedo) M\u00aa del Mar D\u00edaz Gonz\u00e1lez, Profesora Titular, se ha doctorado en la Universidad de Oviedo (Espa\u00f1a) donde ejerce su docencia. Ha obtenido el Premio Extraordinario de Licenciatura (2000) y el Premio Extraordinario de Doctorado (2005). El patrimonio industrial y el arte [&hellip;]<\/p>\n","protected":false},"author":2456,"featured_media":0,"parent":0,"menu_order":0,"comment_status":"closed","ping_status":"closed","template":"","meta":{"footnotes":""},"class_list":["post-1469","page","type-page","status-publish","hentry"],"_links":{"self":[{"href":"https:\/\/sites.ipleiria.pt\/ipce2017\/wp-json\/wp\/v2\/pages\/1469","targetHints":{"allow":["GET"]}}],"collection":[{"href":"https:\/\/sites.ipleiria.pt\/ipce2017\/wp-json\/wp\/v2\/pages"}],"about":[{"href":"https:\/\/sites.ipleiria.pt\/ipce2017\/wp-json\/wp\/v2\/types\/page"}],"author":[{"embeddable":true,"href":"https:\/\/sites.ipleiria.pt\/ipce2017\/wp-json\/wp\/v2\/users\/2456"}],"replies":[{"embeddable":true,"href":"https:\/\/sites.ipleiria.pt\/ipce2017\/wp-json\/wp\/v2\/comments?post=1469"}],"version-history":[{"count":28,"href":"https:\/\/sites.ipleiria.pt\/ipce2017\/wp-json\/wp\/v2\/pages\/1469\/revisions"}],"predecessor-version":[{"id":1580,"href":"https:\/\/sites.ipleiria.pt\/ipce2017\/wp-json\/wp\/v2\/pages\/1469\/revisions\/1580"}],"wp:attachment":[{"href":"https:\/\/sites.ipleiria.pt\/ipce2017\/wp-json\/wp\/v2\/media?parent=1469"}],"curies":[{"name":"wp","href":"https:\/\/api.w.org\/{rel}","templated":true}]}}