{"id":15,"date":"2013-12-02T11:10:31","date_gmt":"2013-12-02T11:10:31","guid":{"rendered":"http:\/\/ipce2014.ipleiria.pt\/?page_id=15"},"modified":"2017-12-08T15:18:49","modified_gmt":"2017-12-08T15:18:49","slug":"submissao-de-trabalhos","status":"publish","type":"page","link":"https:\/\/sites.ipleiria.pt\/ipce2017\/pt\/submissao-de-trabalhos\/","title":{"rendered":"Submiss\u00e3o de propostas"},"content":{"rendered":"<p>As sess\u00f5es paralelas de comunica\u00e7\u00e3o destinam-se \u00e0 apresenta\u00e7\u00e3o de experi\u00eancias educativas, projetos, trabalhos de investiga\u00e7\u00e3o, ferramentas e materiais dentro dos temas definidos para a confer\u00eancia IPCE.<\/p>\n<p>A Comiss\u00e3o Organizadora da IPCE2017 convida a comunidade educativa, nomeadamente, educadores, professores, investigadores, estudantes do ensino superior, \u00f3rg\u00e3os de dire\u00e7\u00e3o e gest\u00e3o de institui\u00e7\u00f5es e t\u00e9cnicos da \u00e1rea da educa\u00e7\u00e3o, \u00e0 apresenta\u00e7\u00e3o de trabalhos num dos seguintes formatos:<\/p>\n<p><strong>Artigo<\/strong><\/p>\n<p>A submiss\u00e3o dos artigos ser\u00e1 realizada em duas fases:<\/p>\n<ol>\n<li>Submiss\u00e3o do resumo:<\/li>\n<\/ol>\n<p>Os resumos das propostas de artigos devem ser submetidos em duas l\u00ednguas (PORT-ING; PORT-ESP; PORT-FRA). Georgia 9,5,\u00a0normal, espa\u00e7amento entre linhas de 1,5 cm, justificado, margens: superior e inferior de 3 cm; esquerda e direita: 3 cm. Os resumos s\u00e3o limitados a 3500\u00a0carateres, para cada l\u00edngua, incluindo espa\u00e7os e refer\u00eancias bibliogr\u00e1ficas. Ter\u00e3o que incluir:<\/p>\n<p>a) T\u00edtulo (s\u00f3 a primeira palavra iniciada com mai\u00fascula e com doze palavras, no m\u00e1ximo);<\/p>\n<p>b) Palavras chave (at\u00e9 5);<\/p>\n<p>c) Eixo tem\u00e1tico do IPCE2017;<\/p>\n<p>d) Prop\u00f3sito do estudo;<\/p>\n<p>e) M\u00e9todos de pesquisa\/metodologia (se aplic\u00e1vel);<\/p>\n<p>f) Resultados (se aplic\u00e1vel);<\/p>\n<p>g) Conclus\u00f5es;<\/p>\n<p>e) Bibliografia.<\/p>\n<p>A submiss\u00e3o dos resumos dever\u00e1 ser feita para o email <a href=\"mailto:ipce@ipleiria.pt\">ipce@ipleiria.pt<\/a>. O assunto do referido email dever\u00e1 ser \u00absubmiss\u00e3o do resumo IPCE 2017\u00bb e o documento em anexo devidamente identificado com o apelido do(s) autor(es)\u00a0 e t\u00edtulo do artigo at\u00e9 ao <strong>dia <del>06 de mar\u00e7o<\/del>\u00a020 de mar\u00e7o de 2017<\/strong>.<\/p>\n<p>2. Submiss\u00e3o do texto completo (artigo) para o Livro de Atas ap\u00f3s a aceita\u00e7\u00e3o do resumo.<\/p>\n<p>As submiss\u00f5es devem ser textos in\u00e9ditos, n\u00e3o editados ou apresentados em quaisquer outras publica\u00e7\u00f5es. Os textos podem ser submetidos em Portugu\u00eas, Ingl\u00eas, Franc\u00eas ou Espanhol. Os textos s\u00e3o limitados a 30 000 carateres, incluindo espa\u00e7os e excluindo: t\u00edtulo, afilia\u00e7\u00e3o e contacto, resumo e palavras-chave.<\/p>\n<p>Os textos devem seguir, obrigatoriamente, as normas de formata\u00e7\u00e3o do IPCE2017 (.doc ou .docx). O modelo deve ser descarregado (decarregue <a href=\"https:\/\/1drv.ms\/w\/s!AgdFBF6CXfvhiHvPS8znwI7CcTcY\">aqu\u00ed)<\/a> e deve ser usado para trabalhar diretamente sobre o ficheiro. No caso de estas normas n\u00e3o serem respeitadas, os textos n\u00e3o ser\u00e3o publicados.<\/p>\n<p>A submiss\u00e3o dos artigos dever\u00e1 ser feita para o email <a href=\"mailto:ipce@ipleiria.pt\">ipce@ipleiria.pt<\/a>. O assunto do referido email dever\u00e1 ser \u00absubmiss\u00e3o do artigo final IPCE 2017\u00bb e o documento em anexo devidamente identificado com o apelido do(s) autor(es)\u00a0 e t\u00edtulo do artigo at\u00e9 ao <strong>dia 05 de junho de 2017<\/strong>.<\/p>\n<p><strong>Relato<\/strong><br \/>\nEste formato \u00e9 particularmente adequado a experi\u00eancias educativas e projetos que ainda estejam a decorrer.<br \/>\nAs propostas de relatos devem ser submetidas em Georgia 9.5, normal, espa\u00e7amento entre linhas de 1,5 cm, justificado. Devem ser in\u00e9ditas, n\u00e3o editadas ou apresentadas em quaisquer outras publica\u00e7\u00f5es. Os textos podem ser submetidos em Portugu\u00eas, Ingl\u00eas, Franc\u00eas ou Espanhol e com um tamanho m\u00e1ximo de 2 p\u00e1ginas, incluindo espa\u00e7os e excluindo: t\u00edtulo, afilia\u00e7\u00e3o e contacto, resumo e palavras-chave.<\/p>\n<p>Modelo para Relatos\u00a0(.doc ou .docx) (descarregue <a href=\"https:\/\/1drv.ms\/f\/s!AgdFBF6CXfvhiQO0_acygs4DnPLj\">aqu\u00ed<\/a>)<\/p>\n<p>A submiss\u00e3o dos relatos dever\u00e1 ser feita para o email <a href=\"mailto:ipce@ipleiria.pt\">ipce@ipleiria.pt<\/a>. O assunto do referido email dever\u00e1 ser \u00absubmiss\u00e3o do relato IPCE 2017\u00bb e o documento em anexo devidamente identificado com o apelido do(s) autor(es)\u00a0 e t\u00edtulo do relato at\u00e9 ao dia <strong>dia\u00a0<del>06 de mar\u00e7o<\/del>\u00a020 de mar\u00e7o de 2017<\/strong>.<\/p>\n<p><strong>P\u00f3ster<\/strong><\/p>\n<p>Visa a divulga\u00e7\u00e3o de trabalhos de investiga\u00e7\u00e3o, experi\u00eancias educativas, projetos, ferramentas e materiais. A apresenta\u00e7\u00e3o de p\u00f3sters na IPCE constitui uma excelente oportunidade para os autores divulgarem e discutirem os seus trabalhos de um modo interativo e informal.<\/p>\n<p>A submiss\u00e3o de p\u00f3sters \u00e9 feita via modelo predefinido.<br \/>\nOs posters aceites \u00e0 IPCE dever\u00e3o ser afixados no in\u00edcio do primeiro dia da confer\u00eancia, mantendo-se at\u00e9 ao final (tamanho A0, vertical). Os autores dever\u00e3o estar presentes durante a sess\u00e3o de apresenta\u00e7\u00e3o de p\u00f3sters, de modo a poderem apresentar e discutir informalmente o seu trabalho. A sess\u00e3o de apresenta\u00e7\u00e3o de posters durar\u00e1 uma hora. Os materiais a expor s\u00e3o da responsabilidade dos autores e dever\u00e3o ser preparados previamente \u00e0 confer\u00eancia.<\/p>\n<p>Modelo para P\u00f3ster\u00a0(.ppt ou .pptx) (descarregue <a href=\"https:\/\/1drv.ms\/p\/s!AgdFBF6CXfvhiGONqgXiXKoKEnTO\">aqu\u00ed)<\/a><\/p>\n<p>A submiss\u00e3o dos p\u00f3sters dever\u00e1 ser feita para o email <a href=\"mailto:ipce@ipleiria.pt\">ipce@ipleiria.pt<\/a>. O assunto do referido email dever\u00e1 ser \u00absubmiss\u00e3o do p\u00f3ster IPCE 2017\u00bb e o documento em anexo devidamente identificado com o apelido do(s) autor(es) e t\u00edtulo do p\u00f3ster at\u00e9 ao <strong>dia\u00a0<del>06 de mar\u00e7o<\/del>\u00a020 de mar\u00e7o de 2017.<\/strong><\/p>\n<p><strong>NOTA IMPORTANTE<\/strong><\/p>\n<p>Os trabalhos submetidos enviados ser\u00e3o sujeitos a uma avalia\u00e7\u00e3o cega por especialistas da Comiss\u00e3o Cient\u00edfica do IPCE 2017. Nesta avalia\u00e7\u00e3o ter-se-\u00e1 em considera\u00e7\u00e3o a:<\/p>\n<p>i) Pertin\u00eancia da proposta em rela\u00e7\u00e3o \u00e0 tem\u00e1tica da confer\u00eancia<\/p>\n<p>ii) Qualidade cient\u00edfica e contributos do trabalho<\/p>\n<p>iii) Respeito das normas de reda\u00e7\u00e3o<\/p>\n<p>Ap\u00f3s a avalia\u00e7\u00e3o, a Comiss\u00e3o Organizadora da IPCE enviar\u00e1 aos autores, por correio eletr\u00f3nico, nota sobre a aceita\u00e7\u00e3o das propostas submetidas, at\u00e9 ao <strong>dia at\u00e9 o\u00a010 de abril de 2017<\/strong><\/p>\n<p>A publica\u00e7\u00e3o em Livro de Atas est\u00e1 dependente da inscri\u00e7\u00e3o no IPCE2017 de pelo menos um dos autores.<\/p>\n<p>&nbsp;<\/p>\n","protected":false},"excerpt":{"rendered":"<p>As sess\u00f5es paralelas de comunica\u00e7\u00e3o destinam-se \u00e0 apresenta\u00e7\u00e3o de experi\u00eancias educativas, projetos, trabalhos de investiga\u00e7\u00e3o, ferramentas e materiais dentro dos temas definidos para a confer\u00eancia IPCE. A Comiss\u00e3o Organizadora da IPCE2017 convida a comunidade educativa, nomeadamente, educadores, professores, investigadores, estudantes do ensino superior, \u00f3rg\u00e3os de dire\u00e7\u00e3o e gest\u00e3o de institui\u00e7\u00f5es e t\u00e9cnicos da \u00e1rea da [&hellip;]<\/p>\n","protected":false},"author":102,"featured_media":0,"parent":0,"menu_order":0,"comment_status":"closed","ping_status":"closed","template":"","meta":{"footnotes":""},"class_list":["post-15","page","type-page","status-publish","hentry"],"_links":{"self":[{"href":"https:\/\/sites.ipleiria.pt\/ipce2017\/wp-json\/wp\/v2\/pages\/15","targetHints":{"allow":["GET"]}}],"collection":[{"href":"https:\/\/sites.ipleiria.pt\/ipce2017\/wp-json\/wp\/v2\/pages"}],"about":[{"href":"https:\/\/sites.ipleiria.pt\/ipce2017\/wp-json\/wp\/v2\/types\/page"}],"author":[{"embeddable":true,"href":"https:\/\/sites.ipleiria.pt\/ipce2017\/wp-json\/wp\/v2\/users\/102"}],"replies":[{"embeddable":true,"href":"https:\/\/sites.ipleiria.pt\/ipce2017\/wp-json\/wp\/v2\/comments?post=15"}],"version-history":[{"count":24,"href":"https:\/\/sites.ipleiria.pt\/ipce2017\/wp-json\/wp\/v2\/pages\/15\/revisions"}],"predecessor-version":[{"id":1689,"href":"https:\/\/sites.ipleiria.pt\/ipce2017\/wp-json\/wp\/v2\/pages\/15\/revisions\/1689"}],"wp:attachment":[{"href":"https:\/\/sites.ipleiria.pt\/ipce2017\/wp-json\/wp\/v2\/media?parent=15"}],"curies":[{"name":"wp","href":"https:\/\/api.w.org\/{rel}","templated":true}]}}