{"id":159,"date":"2013-12-02T15:20:06","date_gmt":"2013-12-02T15:20:06","guid":{"rendered":"http:\/\/ipce2014.ipleiria.pt\/?page_id=159"},"modified":"2017-03-02T17:44:10","modified_gmt":"2017-03-02T17:44:10","slug":"datas-importantes","status":"publish","type":"page","link":"https:\/\/sites.ipleiria.pt\/ipce2017\/pt\/datas-importantes\/","title":{"rendered":"Datas importantes"},"content":{"rendered":"<p><strong>Limite para a submiss\u00e3o do resumo dos artigos: <\/strong><del>06 de mar\u00e7o<\/del> 20 de mar\u00e7o de 2017<\/p>\n<p><strong>Limite para a submiss\u00e3o de relatos: <\/strong> <del>6 de mar\u00e7o<\/del> 20 de mar\u00e7o de 2017<\/p>\n<p><strong>Limite para a submiss\u00e3o de posters: <\/strong><del>6 de mar\u00e7o<\/del> 20 de mar\u00e7o de 2017<\/p>\n<p><strong>Notifica\u00e7\u00e3o aos autores: <\/strong>10\u00a0de abril\u00a0de 2017<\/p>\n<p><strong>Inscri\u00e7\u00f5es na confer\u00eancia:<\/strong>\u00a0at\u00e9 19 de maio\u00a0de 2017<\/p>\n<p><strong>Datas da confer\u00eancia:<\/strong>\u00a019 e 20 de maio de 2017<\/p>\n<p><strong>Limite de entrega dos artigos completos:<\/strong>\u00a005 de junho de 2017<\/p>\n","protected":false},"excerpt":{"rendered":"<p>Limite para a submiss\u00e3o do resumo dos artigos: 06 de mar\u00e7o 20 de mar\u00e7o de 2017 Limite para a submiss\u00e3o de relatos: 6 de mar\u00e7o 20 de mar\u00e7o de 2017 Limite para a submiss\u00e3o de posters: 6 de mar\u00e7o 20 de mar\u00e7o de 2017 Notifica\u00e7\u00e3o aos autores: 10\u00a0de abril\u00a0de 2017 Inscri\u00e7\u00f5es na confer\u00eancia:\u00a0at\u00e9 19 de [&hellip;]<\/p>\n","protected":false},"author":102,"featured_media":0,"parent":0,"menu_order":0,"comment_status":"closed","ping_status":"closed","template":"","meta":{"footnotes":""},"class_list":["post-159","page","type-page","status-publish","hentry"],"_links":{"self":[{"href":"https:\/\/sites.ipleiria.pt\/ipce2017\/wp-json\/wp\/v2\/pages\/159","targetHints":{"allow":["GET"]}}],"collection":[{"href":"https:\/\/sites.ipleiria.pt\/ipce2017\/wp-json\/wp\/v2\/pages"}],"about":[{"href":"https:\/\/sites.ipleiria.pt\/ipce2017\/wp-json\/wp\/v2\/types\/page"}],"author":[{"embeddable":true,"href":"https:\/\/sites.ipleiria.pt\/ipce2017\/wp-json\/wp\/v2\/users\/102"}],"replies":[{"embeddable":true,"href":"https:\/\/sites.ipleiria.pt\/ipce2017\/wp-json\/wp\/v2\/comments?post=159"}],"version-history":[{"count":4,"href":"https:\/\/sites.ipleiria.pt\/ipce2017\/wp-json\/wp\/v2\/pages\/159\/revisions"}],"predecessor-version":[{"id":1619,"href":"https:\/\/sites.ipleiria.pt\/ipce2017\/wp-json\/wp\/v2\/pages\/159\/revisions\/1619"}],"wp:attachment":[{"href":"https:\/\/sites.ipleiria.pt\/ipce2017\/wp-json\/wp\/v2\/media?parent=159"}],"curies":[{"name":"wp","href":"https:\/\/api.w.org\/{rel}","templated":true}]}}