{"id":18,"date":"2013-12-02T11:12:02","date_gmt":"2013-12-02T11:12:02","guid":{"rendered":"http:\/\/ipce2014.ipleiria.pt\/?page_id=18"},"modified":"2017-05-17T10:54:40","modified_gmt":"2017-05-17T10:54:40","slug":"programa","status":"publish","type":"page","link":"https:\/\/sites.ipleiria.pt\/ipce2017\/pt\/programa\/","title":{"rendered":"Programa"},"content":{"rendered":"<p>Programa resumido (carregar <a href=\"https:\/\/drive.google.com\/open?id=0B5KwNM_7elaTM3BBR3VFRF9uT1U\">aqu\u00ed<\/a>)<\/p>\n<p>Programa das sess\u00f5es paralelas (carregar <a href=\"https:\/\/drive.google.com\/open?id=0B5KwNM_7elaTNUhQYVVkeVI1c0U\">aqu\u00ed<\/a>)<\/p>\n<p>Posters\u00a0(carregar <a href=\"https:\/\/drive.google.com\/open?id=0B5KwNM_7elaTRnMyNGNQd3BLNTA\">aqu\u00ed<\/a>)<\/p>\n","protected":false},"excerpt":{"rendered":"<p>Programa resumido (carregar aqu\u00ed) Programa das sess\u00f5es paralelas (carregar aqu\u00ed) Posters\u00a0(carregar aqu\u00ed)<\/p>\n","protected":false},"author":102,"featured_media":0,"parent":0,"menu_order":0,"comment_status":"closed","ping_status":"closed","template":"","meta":{"footnotes":""},"class_list":["post-18","page","type-page","status-publish","hentry"],"_links":{"self":[{"href":"https:\/\/sites.ipleiria.pt\/ipce2017\/wp-json\/wp\/v2\/pages\/18","targetHints":{"allow":["GET"]}}],"collection":[{"href":"https:\/\/sites.ipleiria.pt\/ipce2017\/wp-json\/wp\/v2\/pages"}],"about":[{"href":"https:\/\/sites.ipleiria.pt\/ipce2017\/wp-json\/wp\/v2\/types\/page"}],"author":[{"embeddable":true,"href":"https:\/\/sites.ipleiria.pt\/ipce2017\/wp-json\/wp\/v2\/users\/102"}],"replies":[{"embeddable":true,"href":"https:\/\/sites.ipleiria.pt\/ipce2017\/wp-json\/wp\/v2\/comments?post=18"}],"version-history":[{"count":13,"href":"https:\/\/sites.ipleiria.pt\/ipce2017\/wp-json\/wp\/v2\/pages\/18\/revisions"}],"predecessor-version":[{"id":1672,"href":"https:\/\/sites.ipleiria.pt\/ipce2017\/wp-json\/wp\/v2\/pages\/18\/revisions\/1672"}],"wp:attachment":[{"href":"https:\/\/sites.ipleiria.pt\/ipce2017\/wp-json\/wp\/v2\/media?parent=18"}],"curies":[{"name":"wp","href":"https:\/\/api.w.org\/{rel}","templated":true}]}}