{"id":11,"date":"2017-11-20T16:41:35","date_gmt":"2017-11-20T16:41:35","guid":{"rendered":"http:\/\/sites.ipleiria.pt\/ipce2018\/?page_id=11"},"modified":"2018-03-12T16:24:04","modified_gmt":"2018-03-12T16:24:04","slug":"submissao-de-propostas","status":"publish","type":"page","link":"https:\/\/sites.ipleiria.pt\/ipce2018\/submissao-de-propostas\/","title":{"rendered":"Submiss\u00e3o de propostas"},"content":{"rendered":"<p>As sess\u00f5es paralelas de comunica\u00e7\u00e3o destinam-se \u00e0 apresenta\u00e7\u00e3o de experi\u00eancias educativas, projetos, trabalhos de investiga\u00e7\u00e3o, ferramentas e materiais dentro dos temas definidos para a confer\u00eancia IPCE.<\/p>\n<p>A Comiss\u00e3o Organizadora da IPCE2018 convida a comunidade educativa, nomeadamente, educadores, professores, investigadores, estudantes do ensino superior, \u00f3rg\u00e3os de dire\u00e7\u00e3o e gest\u00e3o de institui\u00e7\u00f5es e t\u00e9cnicos da \u00e1rea da educa\u00e7\u00e3o, \u00e0 apresenta\u00e7\u00e3o de trabalhos num dos seguintes formatos:<\/p>\n<p><strong>Artigo<\/strong><\/p>\n<p>As submiss\u00f5es devem ser textos in\u00e9ditos, n\u00e3o editados ou apresentados em quaisquer outras publica\u00e7\u00f5es. Os textos podem ser submetidos em Portugu\u00eas, Ingl\u00eas, Franc\u00eas ou Espanhol. Os textos s\u00e3o limitados a 30 000 caracteres, incluindo espa\u00e7os e excluindo: t\u00edtulo, afilia\u00e7\u00e3o e contacto, resumo e palavras-chave.<\/p>\n<p>Os textos devem seguir, obrigatoriamente, as normas de formata\u00e7\u00e3o do IPCE2018 (.pdf). O modelo deve ser descarregado (descarregue <a href=\"https:\/\/myipleiria-my.sharepoint.com\/:w:\/g\/personal\/romain_gillain_ipleiria_pt\/EaM8XQ_EK89BoOhGSo5t4noBvWFbYEUiGMoTk3kFF9bI9g?e=0aGA18\">aqu\u00ed<\/a>) e deve ser usado para trabalhar diretamente sobre o ficheiro. No caso de estas normas n\u00e3o serem respeitadas, os textos n\u00e3o ser\u00e3o publicados.<\/p>\n<p>A submiss\u00e3o do artigo, devidamente identificado com o apelido do(s) autor(es)\u00a0 e t\u00edtulo do artigo, dever\u00e1 ser feita na plataforma <a href=\"https:\/\/easychair.org\/conferences\/?conf=ipce2018\">Easychair<\/a> at\u00e9 ao dia<strong><del> 28 de fevereiro<\/del>\u00a018 de mar\u00e7o de 2018<\/strong>.<\/p>\n<p><strong>Relato<\/strong><br \/>\nEste formato \u00e9 particularmente adequado a experi\u00eancias educativas e projetos que ainda estejam a decorrer.<br \/>\nAs propostas de relatos devem ser submetidas em Georgia 9.5, normal, espa\u00e7amento entre linhas de 1,5 cm, justificado. Devem ser in\u00e9ditas, n\u00e3o editadas ou apresentadas em quaisquer outras publica\u00e7\u00f5es. Os textos podem ser submetidos em Portugu\u00eas, Ingl\u00eas, Franc\u00eas ou Espanhol e com um tamanho m\u00e1ximo de 2 p\u00e1ginas, incluindo espa\u00e7os e excluindo: t\u00edtulo, afilia\u00e7\u00e3o e contacto, resumo e palavras-chave.<\/p>\n<p>Modelo para Relatos\u00a0(.pdf) (descarregue <a href=\"https:\/\/myipleiria-my.sharepoint.com\/:w:\/g\/personal\/romain_gillain_ipleiria_pt\/EU2dq481WLRNgcmP_ZagSAkBZ9fRMjYFBoxQvDH5RhxxaA?e=9lbtuD\">aqu\u00ed<\/a>)<\/p>\n<p>A submiss\u00e3o do relato, devidamente identificado com o apelido do(s) autor(es)\u00a0 e t\u00edtulo do artigo, dever\u00e1 ser feita na plataforma <a href=\"https:\/\/easychair.org\/conferences\/?conf=ipce2018\">Easychair<\/a> at\u00e9 ao dia<strong> <del> 28 de fevereiro<\/del>\u00a018 de mar\u00e7o de 2018.<\/strong><\/p>\n<p><strong>P\u00f3ster<\/strong><\/p>\n<p>Visa a divulga\u00e7\u00e3o de trabalhos de investiga\u00e7\u00e3o, experi\u00eancias educativas, projetos, ferramentas e materiais. A apresenta\u00e7\u00e3o de p\u00f3sters na IPCE constitui uma excelente oportunidade para os autores divulgarem e discutirem os seus trabalhos de um modo interativo e informal.<\/p>\n<p>A submiss\u00e3o de p\u00f3sters \u00e9 feita via modelo predefinido.<br \/>\nOs posters aceites \u00e0 IPCE dever\u00e3o ser afixados no in\u00edcio do primeiro dia da confer\u00eancia, mantendo-se at\u00e9 ao final (tamanho A0, vertical). Os autores dever\u00e3o estar presentes durante a sess\u00e3o de apresenta\u00e7\u00e3o de p\u00f3sters, de modo a poderem apresentar e discutir informalmente o seu trabalho. A sess\u00e3o de apresenta\u00e7\u00e3o de posters durar\u00e1 uma hora. Os materiais a expor s\u00e3o da responsabilidade dos autores e dever\u00e3o ser preparados previamente \u00e0 confer\u00eancia.<\/p>\n<p>Modelo para P\u00f3ster\u00a0(.ppt ou .pptx) (descarregue <a href=\"https:\/\/myipleiria-my.sharepoint.com\/:p:\/g\/personal\/romain_gillain_ipleiria_pt\/EVyFauP0v51FnZnADy7brSsBnQy3ANMZZGiS94zmA4841Q?e=jVIhYM\">aqu\u00ed<\/a>)<\/p>\n<p>A submiss\u00e3o dos p\u00f3sters dever\u00e1 ser feita para o email <a href=\"mailto:ipce@ipleiria.pt\">ipce@ipleiria.pt<\/a>. O assunto do referido email dever\u00e1 ser \u00absubmiss\u00e3o do p\u00f3ster IPCE 2018\u00bb e o documento em anexo devidamente identificado com o apelido do(s) autor(es) e t\u00edtulo do p\u00f3ster at\u00e9 ao dia<strong><del> 28 de fevereiro<\/del>\u00a018 de mar\u00e7o de 2018<\/strong>.<\/p>\n<p><strong>NOTA IMPORTANTE<\/strong><\/p>\n<p>Os trabalhos submetidos enviados ser\u00e3o sujeitos a uma avalia\u00e7\u00e3o cega por especialistas da Comiss\u00e3o Cient\u00edfica do IPCE 2018. Nesta avalia\u00e7\u00e3o ter-se-\u00e1 em considera\u00e7\u00e3o a:<\/p>\n<p>i) Pertin\u00eancia da proposta em rela\u00e7\u00e3o \u00e0 tem\u00e1tica da confer\u00eancia<\/p>\n<p>ii) Qualidade cient\u00edfica e contributos do trabalho<\/p>\n<p>iii) Respeito das normas de reda\u00e7\u00e3o<\/p>\n<p>Ap\u00f3s a avalia\u00e7\u00e3o, a Comiss\u00e3o Organizadora da IPCE enviar\u00e1 aos autores, por correio eletr\u00f3nico, nota sobre a aceita\u00e7\u00e3o das propostas submetidas, at\u00e9 ao <strong>dia at\u00e9 o\u00a031 de mar\u00e7o de 2018<\/strong>.<\/p>\n<p>A publica\u00e7\u00e3o em Livro de Atas est\u00e1 dependente da inscri\u00e7\u00e3o no IPCE2018 de pelo menos um dos autores.<\/p>\n","protected":false},"excerpt":{"rendered":"<p>As sess\u00f5es paralelas de comunica\u00e7\u00e3o destinam-se \u00e0 apresenta\u00e7\u00e3o de experi\u00eancias educativas, projetos, trabalhos de investiga\u00e7\u00e3o, ferramentas e materiais dentro dos temas definidos para a confer\u00eancia IPCE. A Comiss\u00e3o Organizadora da IPCE2018 convida a comunidade educativa, nomeadamente, educadores, professores, investigadores, estudantes do ensino superior, \u00f3rg\u00e3os de dire\u00e7\u00e3o e gest\u00e3o de institui\u00e7\u00f5es e t\u00e9cnicos da \u00e1rea da [&hellip;]<\/p>\n","protected":false},"author":102,"featured_media":0,"parent":0,"menu_order":0,"comment_status":"closed","ping_status":"closed","template":"","meta":{"footnotes":""},"class_list":["post-11","page","type-page","status-publish","hentry"],"yoast_head":"<!-- This site is optimized with the Yoast SEO plugin v26.8 - https:\/\/yoast.com\/product\/yoast-seo-wordpress\/ -->\n<title>Submiss\u00e3o de propostas - confer\u00eancia internacional \u00b7 esecs \/ instituto polit\u00e9cnico de leiria\/portugal<\/title>\n<meta name=\"robots\" content=\"index, follow, max-snippet:-1, max-image-preview:large, max-video-preview:-1\" \/>\n<link rel=\"canonical\" href=\"https:\/\/sites.ipleiria.pt\/ipce2018\/submissao-de-propostas\/\" \/>\n<meta property=\"og:locale\" content=\"pt_PT\" \/>\n<meta property=\"og:type\" content=\"article\" \/>\n<meta property=\"og:title\" content=\"Submiss\u00e3o de propostas - confer\u00eancia internacional \u00b7 esecs \/ instituto polit\u00e9cnico de leiria\/portugal\" \/>\n<meta property=\"og:description\" content=\"As sess\u00f5es paralelas de comunica\u00e7\u00e3o destinam-se \u00e0 apresenta\u00e7\u00e3o de experi\u00eancias educativas, projetos, trabalhos de investiga\u00e7\u00e3o, ferramentas e materiais dentro dos temas definidos para a confer\u00eancia IPCE. A Comiss\u00e3o Organizadora da IPCE2018 convida a comunidade educativa, nomeadamente, educadores, professores, investigadores, estudantes do ensino superior, \u00f3rg\u00e3os de dire\u00e7\u00e3o e gest\u00e3o de institui\u00e7\u00f5es e t\u00e9cnicos da \u00e1rea da [&hellip;]\" \/>\n<meta property=\"og:url\" content=\"https:\/\/sites.ipleiria.pt\/ipce2018\/submissao-de-propostas\/\" \/>\n<meta property=\"og:site_name\" content=\"confer\u00eancia internacional \u00b7 esecs \/ instituto polit\u00e9cnico de leiria\/portugal\" \/>\n<meta property=\"article:modified_time\" content=\"2018-03-12T16:24:04+00:00\" \/>\n<meta name=\"twitter:card\" content=\"summary_large_image\" \/>\n<meta name=\"twitter:label1\" content=\"Tempo estimado de leitura\" \/>\n\t<meta name=\"twitter:data1\" content=\"3 minutos\" \/>\n<script type=\"application\/ld+json\" class=\"yoast-schema-graph\">{\"@context\":\"https:\/\/schema.org\",\"@graph\":[{\"@type\":\"WebPage\",\"@id\":\"https:\/\/sites.ipleiria.pt\/ipce2018\/submissao-de-propostas\/\",\"url\":\"https:\/\/sites.ipleiria.pt\/ipce2018\/submissao-de-propostas\/\",\"name\":\"Submiss\u00e3o de propostas - confer\u00eancia internacional \u00b7 esecs \/ instituto polit\u00e9cnico de leiria\/portugal\",\"isPartOf\":{\"@id\":\"https:\/\/sites.ipleiria.pt\/ipce2018\/#website\"},\"datePublished\":\"2017-11-20T16:41:35+00:00\",\"dateModified\":\"2018-03-12T16:24:04+00:00\",\"breadcrumb\":{\"@id\":\"https:\/\/sites.ipleiria.pt\/ipce2018\/submissao-de-propostas\/#breadcrumb\"},\"inLanguage\":\"pt-PT\",\"potentialAction\":[{\"@type\":\"ReadAction\",\"target\":[\"https:\/\/sites.ipleiria.pt\/ipce2018\/submissao-de-propostas\/\"]}]},{\"@type\":\"BreadcrumbList\",\"@id\":\"https:\/\/sites.ipleiria.pt\/ipce2018\/submissao-de-propostas\/#breadcrumb\",\"itemListElement\":[{\"@type\":\"ListItem\",\"position\":1,\"name\":\"In\u00edcio\",\"item\":\"https:\/\/sites.ipleiria.pt\/ipce2018\/\"},{\"@type\":\"ListItem\",\"position\":2,\"name\":\"Submiss\u00e3o de propostas\"}]},{\"@type\":\"WebSite\",\"@id\":\"https:\/\/sites.ipleiria.pt\/ipce2018\/#website\",\"url\":\"https:\/\/sites.ipleiria.pt\/ipce2018\/\",\"name\":\"confer\u00eancia internacional \u00b7 esecs \/ instituto polit\u00e9cnico de leiria\/portugal\",\"description\":\"VII Investiga\u00e7\u00e3o, Pr\u00e1ticas e Contextos em Educa\u00e7\u00e3o\",\"potentialAction\":[{\"@type\":\"SearchAction\",\"target\":{\"@type\":\"EntryPoint\",\"urlTemplate\":\"https:\/\/sites.ipleiria.pt\/ipce2018\/?s={search_term_string}\"},\"query-input\":{\"@type\":\"PropertyValueSpecification\",\"valueRequired\":true,\"valueName\":\"search_term_string\"}}],\"inLanguage\":\"pt-PT\"}]}<\/script>\n<!-- \/ Yoast SEO plugin. -->","yoast_head_json":{"title":"Submiss\u00e3o de propostas - confer\u00eancia internacional \u00b7 esecs \/ instituto polit\u00e9cnico de leiria\/portugal","robots":{"index":"index","follow":"follow","max-snippet":"max-snippet:-1","max-image-preview":"max-image-preview:large","max-video-preview":"max-video-preview:-1"},"canonical":"https:\/\/sites.ipleiria.pt\/ipce2018\/submissao-de-propostas\/","og_locale":"pt_PT","og_type":"article","og_title":"Submiss\u00e3o de propostas - confer\u00eancia internacional \u00b7 esecs \/ instituto polit\u00e9cnico de leiria\/portugal","og_description":"As sess\u00f5es paralelas de comunica\u00e7\u00e3o destinam-se \u00e0 apresenta\u00e7\u00e3o de experi\u00eancias educativas, projetos, trabalhos de investiga\u00e7\u00e3o, ferramentas e materiais dentro dos temas definidos para a confer\u00eancia IPCE. A Comiss\u00e3o Organizadora da IPCE2018 convida a comunidade educativa, nomeadamente, educadores, professores, investigadores, estudantes do ensino superior, \u00f3rg\u00e3os de dire\u00e7\u00e3o e gest\u00e3o de institui\u00e7\u00f5es e t\u00e9cnicos da \u00e1rea da [&hellip;]","og_url":"https:\/\/sites.ipleiria.pt\/ipce2018\/submissao-de-propostas\/","og_site_name":"confer\u00eancia internacional \u00b7 esecs \/ instituto polit\u00e9cnico de leiria\/portugal","article_modified_time":"2018-03-12T16:24:04+00:00","twitter_card":"summary_large_image","twitter_misc":{"Tempo estimado de leitura":"3 minutos"},"schema":{"@context":"https:\/\/schema.org","@graph":[{"@type":"WebPage","@id":"https:\/\/sites.ipleiria.pt\/ipce2018\/submissao-de-propostas\/","url":"https:\/\/sites.ipleiria.pt\/ipce2018\/submissao-de-propostas\/","name":"Submiss\u00e3o de propostas - confer\u00eancia internacional \u00b7 esecs \/ instituto polit\u00e9cnico de leiria\/portugal","isPartOf":{"@id":"https:\/\/sites.ipleiria.pt\/ipce2018\/#website"},"datePublished":"2017-11-20T16:41:35+00:00","dateModified":"2018-03-12T16:24:04+00:00","breadcrumb":{"@id":"https:\/\/sites.ipleiria.pt\/ipce2018\/submissao-de-propostas\/#breadcrumb"},"inLanguage":"pt-PT","potentialAction":[{"@type":"ReadAction","target":["https:\/\/sites.ipleiria.pt\/ipce2018\/submissao-de-propostas\/"]}]},{"@type":"BreadcrumbList","@id":"https:\/\/sites.ipleiria.pt\/ipce2018\/submissao-de-propostas\/#breadcrumb","itemListElement":[{"@type":"ListItem","position":1,"name":"In\u00edcio","item":"https:\/\/sites.ipleiria.pt\/ipce2018\/"},{"@type":"ListItem","position":2,"name":"Submiss\u00e3o de propostas"}]},{"@type":"WebSite","@id":"https:\/\/sites.ipleiria.pt\/ipce2018\/#website","url":"https:\/\/sites.ipleiria.pt\/ipce2018\/","name":"confer\u00eancia internacional \u00b7 esecs \/ instituto polit\u00e9cnico de leiria\/portugal","description":"VII Investiga\u00e7\u00e3o, Pr\u00e1ticas e Contextos em Educa\u00e7\u00e3o","potentialAction":[{"@type":"SearchAction","target":{"@type":"EntryPoint","urlTemplate":"https:\/\/sites.ipleiria.pt\/ipce2018\/?s={search_term_string}"},"query-input":{"@type":"PropertyValueSpecification","valueRequired":true,"valueName":"search_term_string"}}],"inLanguage":"pt-PT"}]}},"_links":{"self":[{"href":"https:\/\/sites.ipleiria.pt\/ipce2018\/wp-json\/wp\/v2\/pages\/11","targetHints":{"allow":["GET"]}}],"collection":[{"href":"https:\/\/sites.ipleiria.pt\/ipce2018\/wp-json\/wp\/v2\/pages"}],"about":[{"href":"https:\/\/sites.ipleiria.pt\/ipce2018\/wp-json\/wp\/v2\/types\/page"}],"author":[{"embeddable":true,"href":"https:\/\/sites.ipleiria.pt\/ipce2018\/wp-json\/wp\/v2\/users\/102"}],"replies":[{"embeddable":true,"href":"https:\/\/sites.ipleiria.pt\/ipce2018\/wp-json\/wp\/v2\/comments?post=11"}],"version-history":[{"count":9,"href":"https:\/\/sites.ipleiria.pt\/ipce2018\/wp-json\/wp\/v2\/pages\/11\/revisions"}],"predecessor-version":[{"id":416,"href":"https:\/\/sites.ipleiria.pt\/ipce2018\/wp-json\/wp\/v2\/pages\/11\/revisions\/416"}],"wp:attachment":[{"href":"https:\/\/sites.ipleiria.pt\/ipce2018\/wp-json\/wp\/v2\/media?parent=11"}],"curies":[{"name":"wp","href":"https:\/\/api.w.org\/{rel}","templated":true}]}}