{"id":132,"date":"2017-11-20T18:38:27","date_gmt":"2017-11-20T18:38:27","guid":{"rendered":"http:\/\/sites.ipleiria.pt\/ipce2018\/?page_id=132"},"modified":"2017-12-11T16:20:20","modified_gmt":"2017-12-11T16:20:20","slug":"about-ipce","status":"publish","type":"page","link":"https:\/\/sites.ipleiria.pt\/ipce2018\/en\/about-ipce\/","title":{"rendered":"About IPCE"},"content":{"rendered":"<p>The <strong>VII International Conference on Research, Practice, and Contexts in Education (IPCE)<\/strong>, is an international conference dedicated to furthering research theory and practices in education. The IPCE is part of a set of activities endorsed by the Polytechnic Institute of Leiria (IPL) that promotes cooperation among researchers, teachers, and students in their attempt to identify and discuss challenges and solutions to existing worldwide problems in education. The conference will focus on one of IPL\u2019s lines of action that aims to promote greater cooperation within the region.<br \/>\nThe IPCE aims to provide an opportunity for academics, teachers, and professionals from various educational fields with cross-disciplinary interests to share experiences and to promote research and the development of practices in the field of education.<\/p>\n<hr \/>\n<p><strong>Participants<\/strong><\/p>\n<p>Educators, teachers, researchers, higher education students, school counselors, school managers, professionals in the field of education.<\/p>\n<p><b>Conference language<\/b><\/p>\n<p>Portuguese, English, Spanish and french.<\/p>\n<p><strong>Conference Themes<\/strong><\/p>\n<p>1. Teaching and Learning Experiences<br \/>\na) in Childhood Education<br \/>\n\u2013 Childhood Education Pedagogy Field<br \/>\n\u2013 Development\/learning Field<br \/>\n\u2013 Personal training and Social Fields<br \/>\n\u2013 Knowledge of the world Field<br \/>\n\u2013 Expression and Communication Fields:<br \/>\n\u2022 Physical education<br \/>\n\u2022 Artistic education<br \/>\n\u2022 Oral language and writing Approach<br \/>\n\u2022 Mathematics<br \/>\nb) in Basic School<br \/>\n\u2013 Basic School Pedagogy<br \/>\n\u2013 Native language<br \/>\n\u2013 Non-native language<br \/>\n\u2013 Mathematics<br \/>\n\u2013 Social sciences<br \/>\n\u2013 Natural sciences<br \/>\n\u2013 Expressions<br \/>\n\u2013 TIC<br \/>\n\u2013 Physical education\/Sport<br \/>\nc) in Secondary School<br \/>\n\u2013 Secondary School Pedagogy<br \/>\n\u2013 Native language<br \/>\n\u2013 Non-native language<br \/>\n\u2013 Mathematics<br \/>\n\u2013 Social sciences<br \/>\n\u2013 Natural sciences<br \/>\n\u2013 Expressions<br \/>\n\u2013 TIC<br \/>\n\u2013 Physical education\/Sport<br \/>\nd) in Higher education<br \/>\n\u2013 Higher education Pedagogy<br \/>\n\u2013 Native language<br \/>\n\u2013 Non-native language<br \/>\n\u2013 Mathematics<br \/>\n\u2013 Social sciences<br \/>\n\u2013 Natural sciences<br \/>\n\u2013 Expressions<br \/>\n\u2013 TIC<br \/>\n\u2013 Physical education\/Sport<br \/>\ne) in non-formal educational contexts<br \/>\n\u2013 Pedagogy<br \/>\n\u2013 Native language<br \/>\n\u2013 Non-native language<br \/>\n\u2013 Mathematics<br \/>\n\u2013 Social sciences<br \/>\n\u2013 Natural sciences<br \/>\n\u2013 Expressions<br \/>\n\u2013 TIC<br \/>\n\u2013 Physical education\/Sport<br \/>\n2. Community Development<br \/>\n3.Other experiences in educational contexts<\/p>\n","protected":false},"excerpt":{"rendered":"<p>The VII International Conference on Research, Practice, and Contexts in Education (IPCE), is an international conference dedicated to furthering research theory and practices in education. The IPCE is part of a set of activities endorsed by the Polytechnic Institute of Leiria (IPL) that promotes cooperation among researchers, teachers, and students in their attempt to identify [&hellip;]<\/p>\n","protected":false},"author":102,"featured_media":0,"parent":0,"menu_order":0,"comment_status":"closed","ping_status":"open","template":"","meta":{"footnotes":""},"class_list":["post-132","page","type-page","status-publish","hentry"],"yoast_head":"<!-- This site is optimized with the Yoast SEO plugin v26.8 - https:\/\/yoast.com\/product\/yoast-seo-wordpress\/ -->\n<title>About IPCE - confer\u00eancia internacional \u00b7 esecs \/ instituto polit\u00e9cnico de leiria\/portugal<\/title>\n<meta name=\"robots\" content=\"index, follow, max-snippet:-1, max-image-preview:large, max-video-preview:-1\" \/>\n<link rel=\"canonical\" href=\"https:\/\/sites.ipleiria.pt\/ipce2018\/en\/about-ipce\/\" \/>\n<meta property=\"og:locale\" content=\"pt_PT\" \/>\n<meta property=\"og:type\" content=\"article\" \/>\n<meta property=\"og:title\" content=\"About IPCE - confer\u00eancia internacional \u00b7 esecs \/ instituto polit\u00e9cnico de leiria\/portugal\" \/>\n<meta property=\"og:description\" content=\"The VII International Conference on Research, Practice, and Contexts in Education (IPCE), is an international conference dedicated to furthering research theory and practices in education. The IPCE is part of a set of activities endorsed by the Polytechnic Institute of Leiria (IPL) that promotes cooperation among researchers, teachers, and students in their attempt to identify [&hellip;]\" \/>\n<meta property=\"og:url\" content=\"https:\/\/sites.ipleiria.pt\/ipce2018\/en\/about-ipce\/\" \/>\n<meta property=\"og:site_name\" content=\"confer\u00eancia internacional \u00b7 esecs \/ instituto polit\u00e9cnico de leiria\/portugal\" \/>\n<meta property=\"article:modified_time\" content=\"2017-12-11T16:20:20+00:00\" \/>\n<meta name=\"twitter:card\" content=\"summary_large_image\" \/>\n<meta name=\"twitter:label1\" content=\"Tempo estimado de leitura\" \/>\n\t<meta name=\"twitter:data1\" content=\"1 minuto\" \/>\n<script type=\"application\/ld+json\" class=\"yoast-schema-graph\">{\"@context\":\"https:\/\/schema.org\",\"@graph\":[{\"@type\":\"WebPage\",\"@id\":\"https:\/\/sites.ipleiria.pt\/ipce2018\/en\/about-ipce\/\",\"url\":\"https:\/\/sites.ipleiria.pt\/ipce2018\/en\/about-ipce\/\",\"name\":\"About IPCE - confer\u00eancia internacional \u00b7 esecs \/ instituto polit\u00e9cnico de leiria\/portugal\",\"isPartOf\":{\"@id\":\"https:\/\/sites.ipleiria.pt\/ipce2018\/#website\"},\"datePublished\":\"2017-11-20T18:38:27+00:00\",\"dateModified\":\"2017-12-11T16:20:20+00:00\",\"breadcrumb\":{\"@id\":\"https:\/\/sites.ipleiria.pt\/ipce2018\/en\/about-ipce\/#breadcrumb\"},\"inLanguage\":\"pt-PT\",\"potentialAction\":[{\"@type\":\"ReadAction\",\"target\":[\"https:\/\/sites.ipleiria.pt\/ipce2018\/en\/about-ipce\/\"]}]},{\"@type\":\"BreadcrumbList\",\"@id\":\"https:\/\/sites.ipleiria.pt\/ipce2018\/en\/about-ipce\/#breadcrumb\",\"itemListElement\":[{\"@type\":\"ListItem\",\"position\":1,\"name\":\"In\u00edcio\",\"item\":\"https:\/\/sites.ipleiria.pt\/ipce2018\/\"},{\"@type\":\"ListItem\",\"position\":2,\"name\":\"About IPCE\"}]},{\"@type\":\"WebSite\",\"@id\":\"https:\/\/sites.ipleiria.pt\/ipce2018\/#website\",\"url\":\"https:\/\/sites.ipleiria.pt\/ipce2018\/\",\"name\":\"confer\u00eancia internacional \u00b7 esecs \/ instituto polit\u00e9cnico de leiria\/portugal\",\"description\":\"VII Investiga\u00e7\u00e3o, Pr\u00e1ticas e Contextos em Educa\u00e7\u00e3o\",\"potentialAction\":[{\"@type\":\"SearchAction\",\"target\":{\"@type\":\"EntryPoint\",\"urlTemplate\":\"https:\/\/sites.ipleiria.pt\/ipce2018\/?s={search_term_string}\"},\"query-input\":{\"@type\":\"PropertyValueSpecification\",\"valueRequired\":true,\"valueName\":\"search_term_string\"}}],\"inLanguage\":\"pt-PT\"}]}<\/script>\n<!-- \/ Yoast SEO plugin. -->","yoast_head_json":{"title":"About IPCE - confer\u00eancia internacional \u00b7 esecs \/ instituto polit\u00e9cnico de leiria\/portugal","robots":{"index":"index","follow":"follow","max-snippet":"max-snippet:-1","max-image-preview":"max-image-preview:large","max-video-preview":"max-video-preview:-1"},"canonical":"https:\/\/sites.ipleiria.pt\/ipce2018\/en\/about-ipce\/","og_locale":"pt_PT","og_type":"article","og_title":"About IPCE - confer\u00eancia internacional \u00b7 esecs \/ instituto polit\u00e9cnico de leiria\/portugal","og_description":"The VII International Conference on Research, Practice, and Contexts in Education (IPCE), is an international conference dedicated to furthering research theory and practices in education. The IPCE is part of a set of activities endorsed by the Polytechnic Institute of Leiria (IPL) that promotes cooperation among researchers, teachers, and students in their attempt to identify [&hellip;]","og_url":"https:\/\/sites.ipleiria.pt\/ipce2018\/en\/about-ipce\/","og_site_name":"confer\u00eancia internacional \u00b7 esecs \/ instituto polit\u00e9cnico de leiria\/portugal","article_modified_time":"2017-12-11T16:20:20+00:00","twitter_card":"summary_large_image","twitter_misc":{"Tempo estimado de leitura":"1 minuto"},"schema":{"@context":"https:\/\/schema.org","@graph":[{"@type":"WebPage","@id":"https:\/\/sites.ipleiria.pt\/ipce2018\/en\/about-ipce\/","url":"https:\/\/sites.ipleiria.pt\/ipce2018\/en\/about-ipce\/","name":"About IPCE - confer\u00eancia internacional \u00b7 esecs \/ instituto polit\u00e9cnico de leiria\/portugal","isPartOf":{"@id":"https:\/\/sites.ipleiria.pt\/ipce2018\/#website"},"datePublished":"2017-11-20T18:38:27+00:00","dateModified":"2017-12-11T16:20:20+00:00","breadcrumb":{"@id":"https:\/\/sites.ipleiria.pt\/ipce2018\/en\/about-ipce\/#breadcrumb"},"inLanguage":"pt-PT","potentialAction":[{"@type":"ReadAction","target":["https:\/\/sites.ipleiria.pt\/ipce2018\/en\/about-ipce\/"]}]},{"@type":"BreadcrumbList","@id":"https:\/\/sites.ipleiria.pt\/ipce2018\/en\/about-ipce\/#breadcrumb","itemListElement":[{"@type":"ListItem","position":1,"name":"In\u00edcio","item":"https:\/\/sites.ipleiria.pt\/ipce2018\/"},{"@type":"ListItem","position":2,"name":"About IPCE"}]},{"@type":"WebSite","@id":"https:\/\/sites.ipleiria.pt\/ipce2018\/#website","url":"https:\/\/sites.ipleiria.pt\/ipce2018\/","name":"confer\u00eancia internacional \u00b7 esecs \/ instituto polit\u00e9cnico de leiria\/portugal","description":"VII Investiga\u00e7\u00e3o, Pr\u00e1ticas e Contextos em Educa\u00e7\u00e3o","potentialAction":[{"@type":"SearchAction","target":{"@type":"EntryPoint","urlTemplate":"https:\/\/sites.ipleiria.pt\/ipce2018\/?s={search_term_string}"},"query-input":{"@type":"PropertyValueSpecification","valueRequired":true,"valueName":"search_term_string"}}],"inLanguage":"pt-PT"}]}},"_links":{"self":[{"href":"https:\/\/sites.ipleiria.pt\/ipce2018\/wp-json\/wp\/v2\/pages\/132","targetHints":{"allow":["GET"]}}],"collection":[{"href":"https:\/\/sites.ipleiria.pt\/ipce2018\/wp-json\/wp\/v2\/pages"}],"about":[{"href":"https:\/\/sites.ipleiria.pt\/ipce2018\/wp-json\/wp\/v2\/types\/page"}],"author":[{"embeddable":true,"href":"https:\/\/sites.ipleiria.pt\/ipce2018\/wp-json\/wp\/v2\/users\/102"}],"replies":[{"embeddable":true,"href":"https:\/\/sites.ipleiria.pt\/ipce2018\/wp-json\/wp\/v2\/comments?post=132"}],"version-history":[{"count":3,"href":"https:\/\/sites.ipleiria.pt\/ipce2018\/wp-json\/wp\/v2\/pages\/132\/revisions"}],"predecessor-version":[{"id":345,"href":"https:\/\/sites.ipleiria.pt\/ipce2018\/wp-json\/wp\/v2\/pages\/132\/revisions\/345"}],"wp:attachment":[{"href":"https:\/\/sites.ipleiria.pt\/ipce2018\/wp-json\/wp\/v2\/media?parent=132"}],"curies":[{"name":"wp","href":"https:\/\/api.w.org\/{rel}","templated":true}]}}