{"id":135,"date":"2017-11-20T20:21:23","date_gmt":"2017-11-20T20:21:23","guid":{"rendered":"http:\/\/sites.ipleiria.pt\/ipce2018\/?page_id=135"},"modified":"2017-12-08T15:56:58","modified_gmt":"2017-12-08T15:56:58","slug":"presentacion","status":"publish","type":"page","link":"https:\/\/sites.ipleiria.pt\/ipce2018\/es\/presentacion\/","title":{"rendered":"Presentaci\u00f3n"},"content":{"rendered":"<p><b>La VII Conferencia internacional <i>Investigaci\u00f3n, Pr\u00e1cticas y Contextos en Educaci\u00f3n<\/i><\/b> <b>(IPCE)<\/b> \u00a0pretende contribuir al desarrollo de la teor\u00eda y de la pr\u00e1ctica en Educaci\u00f3n. La conferencia IPCE se enmarca en las numerosas actividades llevadas a cabo por el Instituto Polit\u00e9cnico de Leiria (IPL), cuyo objetivo es fomentar la colaboraci\u00f3n entre investigadores, profesores, estudiantes y responsables educativos en la identificaci\u00f3n y discusi\u00f3n de soluciones para los m\u00e1s variados contextos educativos.<\/p>\n<p>La conferencia IPCE quiere ser un punto de encuentro y un foro de debate en el cual los profesionales de diversas \u00e1reas ligadas a la Educaci\u00f3n y con diversos intereses disciplinares tengan la oportunidad de interactuar y compartir experiencias y conocimientos, af\u00edn de estimular la investigaci\u00f3n y la evoluci\u00f3n de las Pr\u00e1ticas en Educaci\u00f3n.<\/p>\n<div align=\"center\">\n<div style=\"text-align: left\" align=\"center\">\n<hr align=\"center\" size=\"2\" width=\"100%\" \/>\n<p><b>Lenguas oficiales:\u00a0<\/b><\/p>\n<\/div>\n<p style=\"text-align: left\">Portugu\u00e9s, ingl\u00e9s, espa\u00f1ol y franc\u00e9s.<\/p>\n<hr align=\"center\" size=\"2\" width=\"100%\" \/>\n<\/div>\n<p><b>Participantes<\/b><\/p>\n<p>Educadores, profesores, investigadores, estudiantes universitarios, gestores de instituciones y t\u00e9cnicos en el campo de la educaci\u00f3n.<\/p>\n<div align=\"center\">\n<hr align=\"center\" size=\"2\" width=\"100%\" \/>\n<\/div>\n<p>1.Experiencias de Ense\u00f1anza y Aprendizaje<\/p>\n<h3><em>a) en Educaci\u00f3n Infantil<\/em><\/h3>\n<p>&#8211; Pedagog\u00eda de la Educaci\u00f3n Infantil<\/p>\n<p>&#8211; Desarrollo\/aprendizaje<\/p>\n<p>&#8211; \u00c1rea de la Formaci\u00f3n personal y Social<\/p>\n<p>&#8211; \u00c1rea del Conocimiento del Mundo<\/p>\n<p>&#8211; \u00c1rea de la Expresi\u00f3n y Comunicaci\u00f3n:<\/p>\n<ul>\n<li>Dom\u00ednio de la Educaci\u00f3n F\u00edsica<\/li>\n<li>Dom\u00ednio de la Educaci\u00f3n Art\u00edstica<\/li>\n<li>Dom\u00ednio del Lenguaje oral y la Iniciaci\u00f3n a la Escritura<\/li>\n<li>Dom\u00ednio de la Matem\u00e1tica<\/li>\n<\/ul>\n<h3><em>b) en Educaci\u00f3n B\u00e1sica<\/em><\/h3>\n<p>&#8211; Pedagog\u00eda de la Ense\u00f1anza b\u00e1sica<\/p>\n<p>&#8211; Lengua materna<\/p>\n<p>&#8211; Lengua no materna<\/p>\n<p>&#8211; Matem\u00e1tica<\/p>\n<p>&#8211; Ciencias Sociales<\/p>\n<p>&#8211; Ciencias Naturales<\/p>\n<p>&#8211; Expresiones<\/p>\n<p>&#8211; TIC<\/p>\n<p>&#8211; Educaci\u00f3n F\u00edsica\/Deporte<\/p>\n<h3><em>c) en Ense\u00f1anza Secundaria<\/em><\/h3>\n<p>&#8211; Pedagog\u00eda de la Ense\u00f1anza Secundaria<\/p>\n<p>&#8211; Lengua materna<\/p>\n<p>&#8211; Lengua no materna<\/p>\n<p>&#8211; Matem\u00e1tica<\/p>\n<p>&#8211; Ciencias Sociales<\/p>\n<p>&#8211; Ciencias Naturales<\/p>\n<p>&#8211; Expresiones<\/p>\n<p>&#8211; TIC<\/p>\n<p>&#8211; Educaci\u00f3n F\u00edsica\/Deporte<\/p>\n<h3><em>d)\u00a0<\/em><em>en Ense\u00f1anza <\/em><em>Superior<\/em><\/h3>\n<p>&#8211; Pedagog\u00eda de la Ense\u00f1anza Superior<\/p>\n<p>&#8211; Lengua materna<\/p>\n<p>&#8211; Lengua no materna<\/p>\n<p>&#8211; Matem\u00e1tica<\/p>\n<p>&#8211; Ciencias Sociales<\/p>\n<p>&#8211; Ciencias Naturales<\/p>\n<p>&#8211; Expresiones<\/p>\n<p>&#8211; TIC<\/p>\n<p>&#8211; Educaci\u00f3n F\u00edsica\/Deporte<\/p>\n<h3><em>e) en Contextos Educativos No Formales<\/em><\/h3>\n<p>&#8211; Pedagog\u00eda<\/p>\n<p>&#8211; Lengua materna<\/p>\n<p>&#8211; Lengua no materna<\/p>\n<p>&#8211; Matem\u00e1tica<\/p>\n<p>&#8211; Ciencias Sociales<\/p>\n<p>&#8211; Ciencias Naturales<\/p>\n<p>&#8211; Expresiones<\/p>\n<p>&#8211; TIC<\/p>\n<p>&#8211; Educaci\u00f3n F\u00edsica\/Deporte<\/p>\n<p>2.Desarrollo Comunitario<\/p>\n<p>3.Otras experiencias en Contextos Educativos<\/p>\n<p>&nbsp;<\/p>\n","protected":false},"excerpt":{"rendered":"<p>La VII Conferencia internacional Investigaci\u00f3n, Pr\u00e1cticas y Contextos en Educaci\u00f3n (IPCE) \u00a0pretende contribuir al desarrollo de la teor\u00eda y de la pr\u00e1ctica en Educaci\u00f3n. La conferencia IPCE se enmarca en las numerosas actividades llevadas a cabo por el Instituto Polit\u00e9cnico de Leiria (IPL), cuyo objetivo es fomentar la colaboraci\u00f3n entre investigadores, profesores, estudiantes y responsables [&hellip;]<\/p>\n","protected":false},"author":102,"featured_media":0,"parent":0,"menu_order":0,"comment_status":"closed","ping_status":"open","template":"","meta":{"footnotes":""},"class_list":["post-135","page","type-page","status-publish","hentry"],"yoast_head":"<!-- This site is optimized with the Yoast SEO plugin v26.8 - https:\/\/yoast.com\/product\/yoast-seo-wordpress\/ -->\n<title>Presentaci\u00f3n - confer\u00eancia internacional \u00b7 esecs \/ instituto polit\u00e9cnico de leiria\/portugal<\/title>\n<meta name=\"robots\" content=\"index, follow, max-snippet:-1, max-image-preview:large, max-video-preview:-1\" \/>\n<link rel=\"canonical\" href=\"https:\/\/sites.ipleiria.pt\/ipce2018\/es\/presentacion\/\" \/>\n<meta property=\"og:locale\" content=\"pt_PT\" \/>\n<meta property=\"og:type\" content=\"article\" \/>\n<meta property=\"og:title\" content=\"Presentaci\u00f3n - confer\u00eancia internacional \u00b7 esecs \/ instituto polit\u00e9cnico de leiria\/portugal\" \/>\n<meta property=\"og:description\" content=\"La VII Conferencia internacional Investigaci\u00f3n, Pr\u00e1cticas y Contextos en Educaci\u00f3n (IPCE) \u00a0pretende contribuir al desarrollo de la teor\u00eda y de la pr\u00e1ctica en Educaci\u00f3n. La conferencia IPCE se enmarca en las numerosas actividades llevadas a cabo por el Instituto Polit\u00e9cnico de Leiria (IPL), cuyo objetivo es fomentar la colaboraci\u00f3n entre investigadores, profesores, estudiantes y responsables [&hellip;]\" \/>\n<meta property=\"og:url\" content=\"https:\/\/sites.ipleiria.pt\/ipce2018\/es\/presentacion\/\" \/>\n<meta property=\"og:site_name\" content=\"confer\u00eancia internacional \u00b7 esecs \/ instituto polit\u00e9cnico de leiria\/portugal\" \/>\n<meta property=\"article:modified_time\" content=\"2017-12-08T15:56:58+00:00\" \/>\n<meta name=\"twitter:card\" content=\"summary_large_image\" \/>\n<meta name=\"twitter:label1\" content=\"Tempo estimado de leitura\" \/>\n\t<meta name=\"twitter:data1\" content=\"2 minutos\" \/>\n<script type=\"application\/ld+json\" class=\"yoast-schema-graph\">{\"@context\":\"https:\/\/schema.org\",\"@graph\":[{\"@type\":\"WebPage\",\"@id\":\"https:\/\/sites.ipleiria.pt\/ipce2018\/es\/presentacion\/\",\"url\":\"https:\/\/sites.ipleiria.pt\/ipce2018\/es\/presentacion\/\",\"name\":\"Presentaci\u00f3n - confer\u00eancia internacional \u00b7 esecs \/ instituto polit\u00e9cnico de leiria\/portugal\",\"isPartOf\":{\"@id\":\"https:\/\/sites.ipleiria.pt\/ipce2018\/#website\"},\"datePublished\":\"2017-11-20T20:21:23+00:00\",\"dateModified\":\"2017-12-08T15:56:58+00:00\",\"breadcrumb\":{\"@id\":\"https:\/\/sites.ipleiria.pt\/ipce2018\/es\/presentacion\/#breadcrumb\"},\"inLanguage\":\"pt-PT\",\"potentialAction\":[{\"@type\":\"ReadAction\",\"target\":[\"https:\/\/sites.ipleiria.pt\/ipce2018\/es\/presentacion\/\"]}]},{\"@type\":\"BreadcrumbList\",\"@id\":\"https:\/\/sites.ipleiria.pt\/ipce2018\/es\/presentacion\/#breadcrumb\",\"itemListElement\":[{\"@type\":\"ListItem\",\"position\":1,\"name\":\"In\u00edcio\",\"item\":\"https:\/\/sites.ipleiria.pt\/ipce2018\/\"},{\"@type\":\"ListItem\",\"position\":2,\"name\":\"Presentaci\u00f3n\"}]},{\"@type\":\"WebSite\",\"@id\":\"https:\/\/sites.ipleiria.pt\/ipce2018\/#website\",\"url\":\"https:\/\/sites.ipleiria.pt\/ipce2018\/\",\"name\":\"confer\u00eancia internacional \u00b7 esecs \/ instituto polit\u00e9cnico de leiria\/portugal\",\"description\":\"VII Investiga\u00e7\u00e3o, Pr\u00e1ticas e Contextos em Educa\u00e7\u00e3o\",\"potentialAction\":[{\"@type\":\"SearchAction\",\"target\":{\"@type\":\"EntryPoint\",\"urlTemplate\":\"https:\/\/sites.ipleiria.pt\/ipce2018\/?s={search_term_string}\"},\"query-input\":{\"@type\":\"PropertyValueSpecification\",\"valueRequired\":true,\"valueName\":\"search_term_string\"}}],\"inLanguage\":\"pt-PT\"}]}<\/script>\n<!-- \/ Yoast SEO plugin. -->","yoast_head_json":{"title":"Presentaci\u00f3n - confer\u00eancia internacional \u00b7 esecs \/ instituto polit\u00e9cnico de leiria\/portugal","robots":{"index":"index","follow":"follow","max-snippet":"max-snippet:-1","max-image-preview":"max-image-preview:large","max-video-preview":"max-video-preview:-1"},"canonical":"https:\/\/sites.ipleiria.pt\/ipce2018\/es\/presentacion\/","og_locale":"pt_PT","og_type":"article","og_title":"Presentaci\u00f3n - confer\u00eancia internacional \u00b7 esecs \/ instituto polit\u00e9cnico de leiria\/portugal","og_description":"La VII Conferencia internacional Investigaci\u00f3n, Pr\u00e1cticas y Contextos en Educaci\u00f3n (IPCE) \u00a0pretende contribuir al desarrollo de la teor\u00eda y de la pr\u00e1ctica en Educaci\u00f3n. La conferencia IPCE se enmarca en las numerosas actividades llevadas a cabo por el Instituto Polit\u00e9cnico de Leiria (IPL), cuyo objetivo es fomentar la colaboraci\u00f3n entre investigadores, profesores, estudiantes y responsables [&hellip;]","og_url":"https:\/\/sites.ipleiria.pt\/ipce2018\/es\/presentacion\/","og_site_name":"confer\u00eancia internacional \u00b7 esecs \/ instituto polit\u00e9cnico de leiria\/portugal","article_modified_time":"2017-12-08T15:56:58+00:00","twitter_card":"summary_large_image","twitter_misc":{"Tempo estimado de leitura":"2 minutos"},"schema":{"@context":"https:\/\/schema.org","@graph":[{"@type":"WebPage","@id":"https:\/\/sites.ipleiria.pt\/ipce2018\/es\/presentacion\/","url":"https:\/\/sites.ipleiria.pt\/ipce2018\/es\/presentacion\/","name":"Presentaci\u00f3n - confer\u00eancia internacional \u00b7 esecs \/ instituto polit\u00e9cnico de leiria\/portugal","isPartOf":{"@id":"https:\/\/sites.ipleiria.pt\/ipce2018\/#website"},"datePublished":"2017-11-20T20:21:23+00:00","dateModified":"2017-12-08T15:56:58+00:00","breadcrumb":{"@id":"https:\/\/sites.ipleiria.pt\/ipce2018\/es\/presentacion\/#breadcrumb"},"inLanguage":"pt-PT","potentialAction":[{"@type":"ReadAction","target":["https:\/\/sites.ipleiria.pt\/ipce2018\/es\/presentacion\/"]}]},{"@type":"BreadcrumbList","@id":"https:\/\/sites.ipleiria.pt\/ipce2018\/es\/presentacion\/#breadcrumb","itemListElement":[{"@type":"ListItem","position":1,"name":"In\u00edcio","item":"https:\/\/sites.ipleiria.pt\/ipce2018\/"},{"@type":"ListItem","position":2,"name":"Presentaci\u00f3n"}]},{"@type":"WebSite","@id":"https:\/\/sites.ipleiria.pt\/ipce2018\/#website","url":"https:\/\/sites.ipleiria.pt\/ipce2018\/","name":"confer\u00eancia internacional \u00b7 esecs \/ instituto polit\u00e9cnico de leiria\/portugal","description":"VII Investiga\u00e7\u00e3o, Pr\u00e1ticas e Contextos em Educa\u00e7\u00e3o","potentialAction":[{"@type":"SearchAction","target":{"@type":"EntryPoint","urlTemplate":"https:\/\/sites.ipleiria.pt\/ipce2018\/?s={search_term_string}"},"query-input":{"@type":"PropertyValueSpecification","valueRequired":true,"valueName":"search_term_string"}}],"inLanguage":"pt-PT"}]}},"_links":{"self":[{"href":"https:\/\/sites.ipleiria.pt\/ipce2018\/wp-json\/wp\/v2\/pages\/135","targetHints":{"allow":["GET"]}}],"collection":[{"href":"https:\/\/sites.ipleiria.pt\/ipce2018\/wp-json\/wp\/v2\/pages"}],"about":[{"href":"https:\/\/sites.ipleiria.pt\/ipce2018\/wp-json\/wp\/v2\/types\/page"}],"author":[{"embeddable":true,"href":"https:\/\/sites.ipleiria.pt\/ipce2018\/wp-json\/wp\/v2\/users\/102"}],"replies":[{"embeddable":true,"href":"https:\/\/sites.ipleiria.pt\/ipce2018\/wp-json\/wp\/v2\/comments?post=135"}],"version-history":[{"count":6,"href":"https:\/\/sites.ipleiria.pt\/ipce2018\/wp-json\/wp\/v2\/pages\/135\/revisions"}],"predecessor-version":[{"id":305,"href":"https:\/\/sites.ipleiria.pt\/ipce2018\/wp-json\/wp\/v2\/pages\/135\/revisions\/305"}],"wp:attachment":[{"href":"https:\/\/sites.ipleiria.pt\/ipce2018\/wp-json\/wp\/v2\/media?parent=135"}],"curies":[{"name":"wp","href":"https:\/\/api.w.org\/{rel}","templated":true}]}}