{"id":137,"date":"2017-11-20T20:21:43","date_gmt":"2017-11-20T20:21:43","guid":{"rendered":"http:\/\/sites.ipleiria.pt\/ipce2018\/?page_id=137"},"modified":"2017-12-11T16:16:49","modified_gmt":"2017-12-11T16:16:49","slug":"presentation","status":"publish","type":"page","link":"https:\/\/sites.ipleiria.pt\/ipce2018\/fr\/presentation\/","title":{"rendered":"Pr\u00e9sentation"},"content":{"rendered":"<p><strong>La VII Conf\u00e9rence internationale <em>Investigaci\u00f3n, Pr\u00e1cticas y Contextos en Educaci\u00f3n<\/em><\/strong> <strong>(IPCE)<\/strong>\u00a0entend participer au d\u00e9veloppement de la th\u00e9orie et de la pratique dans l\u2019\u00c9ducation. La conf\u00e9rence IPCE s\u2019encadre dans les nombreuses activit\u00e9s organis\u00e9es par l\u2019Instituto Polit\u00e9cnico de Leiria (IPL), dont l\u2019objectif consiste \u00e0 promouvoir la collaboration entre les chercheurs, professeurs, \u00e9tudiants et les responsables \u00e9ducatifs afin d\u2019identifier et de discuter diff\u00e9rentes solutions pour les divers contextes \u00e9ducatifs.<\/p>\n<p>La conf\u00e9rence IPCE veut aussi devenir un lieu de rencontre et une tribune de discussion dans lesquels les professionnels des diff\u00e9rents domaines li\u00e9s \u00e0 l\u2019\u00e9ducation et avec divers int\u00e9r\u00eats disciplinaires aient l\u2019opportunit\u00e9 d\u2019interagir et de partager des exp\u00e9riences et des connaissances, afin d\u2019encourager la recherche et le progr\u00e8s des pratiques dans le contexte \u00e9ducatif.<\/p>\n<p><strong>Participants<\/strong><\/p>\n<p>\u00c9ducateurs, professeurs, chercheurs, \u00e9tudiants universitaires, dirigeants d\u2019\u00e9tablissements\u00a0et techniciens dans le domaine de l\u2019enseignement.<\/p>\n<p><strong>Langues officielles:\u00a0<\/strong><\/p>\n<p>Portugais, anglais, espagnol et fran\u00e7ais<\/p>\n<p><strong>Th\u00e8mes de la Conf\u00e9rence<\/strong><\/p>\n<p>1. Experiences d\u2019enseignement et d\u2019apprentissage<\/p>\n<p><em>a) en Maternelle<\/em><\/p>\n<p>\u2013 P\u00e9dagogie de la Maternelle<\/p>\n<p>\u2013 D\u00e9veloppement\/apprentissage<\/p>\n<p>\u2013 Champs de la Formation Personnelle et sociale<\/p>\n<p>\u2013 Champs du Connaissance du Monde<\/p>\n<p>\u2013 Champs de l\u2019Expression et la Communication :<\/p>\n<ul>\n<li>Domaine de l\u2019Education physique<\/li>\n<li>Domaine de l\u2019Education Artistique<\/li>\n<li>Domaine du Langage Oral et Abordage de l\u2019\u00e9crit<\/li>\n<li>Domaine de la Math\u00e9matique<\/li>\n<\/ul>\n<p><em>b) dans l\u2019Enseignement Primaire<\/em><\/p>\n<p>\u2013 P\u00e9dagogie de l\u2019Enseignement Primaire<\/p>\n<p>\u2013 Langue maternelle<\/p>\n<p>\u2013 Langue non maternelle<\/p>\n<p>\u2013 Math\u00e9matique<\/p>\n<p>\u2013 Sciences Sociales<\/p>\n<p>\u2013 Sciences Naturelles<\/p>\n<p>\u2013 Expression<\/p>\n<p>\u2013 TIC<\/p>\n<p>\u2013 Education Physique\/Sport<\/p>\n<p><em>c) dans l\u2019Enseignement Secondaire<\/em><\/p>\n<p>\u2013 P\u00e9dagogie de l\u2019Enseignement Secondaire<\/p>\n<p>\u2013 Langue maternelle<\/p>\n<p>\u2013 Langue non maternelle<\/p>\n<p>\u2013 Math\u00e9matique<\/p>\n<p>\u2013 Sciences Sociales<\/p>\n<p>\u2013 Sciences Naturelles<\/p>\n<p>\u2013 Expression<\/p>\n<p>\u2013 TIC<\/p>\n<p>\u2013 Education Physique \/Sport<\/p>\n<p><em>d) dans l&#8217;Enseignement Superieur<\/em><\/p>\n<p>\u2013 P\u00e9dagogie de l\u2019Enseignement Sup\u00e9rieur<\/p>\n<p>\u2013 Langue maternelle<\/p>\n<p>\u2013 Langue no maternelle<\/p>\n<p>\u2013 Math\u00e9matique<\/p>\n<p>\u2013 Sciences Sociales<\/p>\n<p>\u2013 Sciences Naturelles<\/p>\n<p>\u2013 Expression<\/p>\n<p>\u2013 TIC<\/p>\n<p>\u2013 Education Physique\/Sport<\/p>\n<p><em>e) en Contexte Educatif non-formel<\/em><\/p>\n<p>\u2013 P\u00e9dagogie<\/p>\n<p>\u2013 Langue maternelle<\/p>\n<p>\u2013 Langue no maternelle<\/p>\n<p>\u2013 Math\u00e9matique<\/p>\n<p>\u2013 Sciences Sociales<\/p>\n<p>\u2013 Sciences Naturelles<\/p>\n<p>\u2013 Expression<\/p>\n<p>\u2013 TIC<\/p>\n<p>\u2013 Education Physique\/Sport<\/p>\n<p>2.D\u00e9veloppement communautaire<\/p>\n<p>3.Autres exp\u00e9riences en Contexte Educatif<\/p>\n","protected":false},"excerpt":{"rendered":"<p>La VII Conf\u00e9rence internationale Investigaci\u00f3n, Pr\u00e1cticas y Contextos en Educaci\u00f3n (IPCE)\u00a0entend participer au d\u00e9veloppement de la th\u00e9orie et de la pratique dans l\u2019\u00c9ducation. La conf\u00e9rence IPCE s\u2019encadre dans les nombreuses activit\u00e9s organis\u00e9es par l\u2019Instituto Polit\u00e9cnico de Leiria (IPL), dont l\u2019objectif consiste \u00e0 promouvoir la collaboration entre les chercheurs, professeurs, \u00e9tudiants et les responsables \u00e9ducatifs afin [&hellip;]<\/p>\n","protected":false},"author":102,"featured_media":0,"parent":0,"menu_order":0,"comment_status":"closed","ping_status":"open","template":"","meta":{"footnotes":""},"class_list":["post-137","page","type-page","status-publish","hentry"],"yoast_head":"<!-- This site is optimized with the Yoast SEO plugin v26.8 - https:\/\/yoast.com\/product\/yoast-seo-wordpress\/ -->\n<title>Pr\u00e9sentation - confer\u00eancia internacional \u00b7 esecs \/ instituto polit\u00e9cnico de leiria\/portugal<\/title>\n<meta name=\"robots\" content=\"index, follow, max-snippet:-1, max-image-preview:large, max-video-preview:-1\" \/>\n<link rel=\"canonical\" href=\"https:\/\/sites.ipleiria.pt\/ipce2018\/fr\/presentation\/\" \/>\n<meta property=\"og:locale\" content=\"pt_PT\" \/>\n<meta property=\"og:type\" content=\"article\" \/>\n<meta property=\"og:title\" content=\"Pr\u00e9sentation - confer\u00eancia internacional \u00b7 esecs \/ instituto polit\u00e9cnico de leiria\/portugal\" \/>\n<meta property=\"og:description\" content=\"La VII Conf\u00e9rence internationale Investigaci\u00f3n, Pr\u00e1cticas y Contextos en Educaci\u00f3n (IPCE)\u00a0entend participer au d\u00e9veloppement de la th\u00e9orie et de la pratique dans l\u2019\u00c9ducation. La conf\u00e9rence IPCE s\u2019encadre dans les nombreuses activit\u00e9s organis\u00e9es par l\u2019Instituto Polit\u00e9cnico de Leiria (IPL), dont l\u2019objectif consiste \u00e0 promouvoir la collaboration entre les chercheurs, professeurs, \u00e9tudiants et les responsables \u00e9ducatifs afin [&hellip;]\" \/>\n<meta property=\"og:url\" content=\"https:\/\/sites.ipleiria.pt\/ipce2018\/fr\/presentation\/\" \/>\n<meta property=\"og:site_name\" content=\"confer\u00eancia internacional \u00b7 esecs \/ instituto polit\u00e9cnico de leiria\/portugal\" \/>\n<meta property=\"article:modified_time\" content=\"2017-12-11T16:16:49+00:00\" \/>\n<meta name=\"twitter:card\" content=\"summary_large_image\" \/>\n<meta name=\"twitter:label1\" content=\"Tempo estimado de leitura\" \/>\n\t<meta name=\"twitter:data1\" content=\"2 minutos\" \/>\n<script type=\"application\/ld+json\" class=\"yoast-schema-graph\">{\"@context\":\"https:\/\/schema.org\",\"@graph\":[{\"@type\":\"WebPage\",\"@id\":\"https:\/\/sites.ipleiria.pt\/ipce2018\/fr\/presentation\/\",\"url\":\"https:\/\/sites.ipleiria.pt\/ipce2018\/fr\/presentation\/\",\"name\":\"Pr\u00e9sentation - confer\u00eancia internacional \u00b7 esecs \/ instituto polit\u00e9cnico de leiria\/portugal\",\"isPartOf\":{\"@id\":\"https:\/\/sites.ipleiria.pt\/ipce2018\/#website\"},\"datePublished\":\"2017-11-20T20:21:43+00:00\",\"dateModified\":\"2017-12-11T16:16:49+00:00\",\"breadcrumb\":{\"@id\":\"https:\/\/sites.ipleiria.pt\/ipce2018\/fr\/presentation\/#breadcrumb\"},\"inLanguage\":\"pt-PT\",\"potentialAction\":[{\"@type\":\"ReadAction\",\"target\":[\"https:\/\/sites.ipleiria.pt\/ipce2018\/fr\/presentation\/\"]}]},{\"@type\":\"BreadcrumbList\",\"@id\":\"https:\/\/sites.ipleiria.pt\/ipce2018\/fr\/presentation\/#breadcrumb\",\"itemListElement\":[{\"@type\":\"ListItem\",\"position\":1,\"name\":\"In\u00edcio\",\"item\":\"https:\/\/sites.ipleiria.pt\/ipce2018\/\"},{\"@type\":\"ListItem\",\"position\":2,\"name\":\"Pr\u00e9sentation\"}]},{\"@type\":\"WebSite\",\"@id\":\"https:\/\/sites.ipleiria.pt\/ipce2018\/#website\",\"url\":\"https:\/\/sites.ipleiria.pt\/ipce2018\/\",\"name\":\"confer\u00eancia internacional \u00b7 esecs \/ instituto polit\u00e9cnico de leiria\/portugal\",\"description\":\"VII Investiga\u00e7\u00e3o, Pr\u00e1ticas e Contextos em Educa\u00e7\u00e3o\",\"potentialAction\":[{\"@type\":\"SearchAction\",\"target\":{\"@type\":\"EntryPoint\",\"urlTemplate\":\"https:\/\/sites.ipleiria.pt\/ipce2018\/?s={search_term_string}\"},\"query-input\":{\"@type\":\"PropertyValueSpecification\",\"valueRequired\":true,\"valueName\":\"search_term_string\"}}],\"inLanguage\":\"pt-PT\"}]}<\/script>\n<!-- \/ Yoast SEO plugin. -->","yoast_head_json":{"title":"Pr\u00e9sentation - confer\u00eancia internacional \u00b7 esecs \/ instituto polit\u00e9cnico de leiria\/portugal","robots":{"index":"index","follow":"follow","max-snippet":"max-snippet:-1","max-image-preview":"max-image-preview:large","max-video-preview":"max-video-preview:-1"},"canonical":"https:\/\/sites.ipleiria.pt\/ipce2018\/fr\/presentation\/","og_locale":"pt_PT","og_type":"article","og_title":"Pr\u00e9sentation - confer\u00eancia internacional \u00b7 esecs \/ instituto polit\u00e9cnico de leiria\/portugal","og_description":"La VII Conf\u00e9rence internationale Investigaci\u00f3n, Pr\u00e1cticas y Contextos en Educaci\u00f3n (IPCE)\u00a0entend participer au d\u00e9veloppement de la th\u00e9orie et de la pratique dans l\u2019\u00c9ducation. La conf\u00e9rence IPCE s\u2019encadre dans les nombreuses activit\u00e9s organis\u00e9es par l\u2019Instituto Polit\u00e9cnico de Leiria (IPL), dont l\u2019objectif consiste \u00e0 promouvoir la collaboration entre les chercheurs, professeurs, \u00e9tudiants et les responsables \u00e9ducatifs afin [&hellip;]","og_url":"https:\/\/sites.ipleiria.pt\/ipce2018\/fr\/presentation\/","og_site_name":"confer\u00eancia internacional \u00b7 esecs \/ instituto polit\u00e9cnico de leiria\/portugal","article_modified_time":"2017-12-11T16:16:49+00:00","twitter_card":"summary_large_image","twitter_misc":{"Tempo estimado de leitura":"2 minutos"},"schema":{"@context":"https:\/\/schema.org","@graph":[{"@type":"WebPage","@id":"https:\/\/sites.ipleiria.pt\/ipce2018\/fr\/presentation\/","url":"https:\/\/sites.ipleiria.pt\/ipce2018\/fr\/presentation\/","name":"Pr\u00e9sentation - confer\u00eancia internacional \u00b7 esecs \/ instituto polit\u00e9cnico de leiria\/portugal","isPartOf":{"@id":"https:\/\/sites.ipleiria.pt\/ipce2018\/#website"},"datePublished":"2017-11-20T20:21:43+00:00","dateModified":"2017-12-11T16:16:49+00:00","breadcrumb":{"@id":"https:\/\/sites.ipleiria.pt\/ipce2018\/fr\/presentation\/#breadcrumb"},"inLanguage":"pt-PT","potentialAction":[{"@type":"ReadAction","target":["https:\/\/sites.ipleiria.pt\/ipce2018\/fr\/presentation\/"]}]},{"@type":"BreadcrumbList","@id":"https:\/\/sites.ipleiria.pt\/ipce2018\/fr\/presentation\/#breadcrumb","itemListElement":[{"@type":"ListItem","position":1,"name":"In\u00edcio","item":"https:\/\/sites.ipleiria.pt\/ipce2018\/"},{"@type":"ListItem","position":2,"name":"Pr\u00e9sentation"}]},{"@type":"WebSite","@id":"https:\/\/sites.ipleiria.pt\/ipce2018\/#website","url":"https:\/\/sites.ipleiria.pt\/ipce2018\/","name":"confer\u00eancia internacional \u00b7 esecs \/ instituto polit\u00e9cnico de leiria\/portugal","description":"VII Investiga\u00e7\u00e3o, Pr\u00e1ticas e Contextos em Educa\u00e7\u00e3o","potentialAction":[{"@type":"SearchAction","target":{"@type":"EntryPoint","urlTemplate":"https:\/\/sites.ipleiria.pt\/ipce2018\/?s={search_term_string}"},"query-input":{"@type":"PropertyValueSpecification","valueRequired":true,"valueName":"search_term_string"}}],"inLanguage":"pt-PT"}]}},"_links":{"self":[{"href":"https:\/\/sites.ipleiria.pt\/ipce2018\/wp-json\/wp\/v2\/pages\/137","targetHints":{"allow":["GET"]}}],"collection":[{"href":"https:\/\/sites.ipleiria.pt\/ipce2018\/wp-json\/wp\/v2\/pages"}],"about":[{"href":"https:\/\/sites.ipleiria.pt\/ipce2018\/wp-json\/wp\/v2\/types\/page"}],"author":[{"embeddable":true,"href":"https:\/\/sites.ipleiria.pt\/ipce2018\/wp-json\/wp\/v2\/users\/102"}],"replies":[{"embeddable":true,"href":"https:\/\/sites.ipleiria.pt\/ipce2018\/wp-json\/wp\/v2\/comments?post=137"}],"version-history":[{"count":2,"href":"https:\/\/sites.ipleiria.pt\/ipce2018\/wp-json\/wp\/v2\/pages\/137\/revisions"}],"predecessor-version":[{"id":343,"href":"https:\/\/sites.ipleiria.pt\/ipce2018\/wp-json\/wp\/v2\/pages\/137\/revisions\/343"}],"wp:attachment":[{"href":"https:\/\/sites.ipleiria.pt\/ipce2018\/wp-json\/wp\/v2\/media?parent=137"}],"curies":[{"name":"wp","href":"https:\/\/api.w.org\/{rel}","templated":true}]}}