{"id":146,"date":"2017-11-21T11:47:06","date_gmt":"2017-11-21T11:47:06","guid":{"rendered":"http:\/\/sites.ipleiria.pt\/ipce2018\/?page_id=146"},"modified":"2018-02-27T15:25:02","modified_gmt":"2018-02-27T15:25:02","slug":"organization","status":"publish","type":"page","link":"https:\/\/sites.ipleiria.pt\/ipce2018\/en\/organization\/","title":{"rendered":"Organization"},"content":{"rendered":"<p><strong>Organising Committee:<\/strong><\/p>\n<p>Dina Catarina Duarte Alves<\/p>\n<p>H\u00e9lia Gon\u00e7alves Pinto<\/p>\n<p>Maria Isabel Pinto Sim\u00f5es Dias<\/p>\n<p>Maria Od\u00edlia de Jesus Almeida Abreu<\/p>\n<p>Romain Gillain Mu\u00f1oz<\/p>\n<div align=\"center\">\n<hr align=\"center\" noshade=\"noshade\" size=\"2\" width=\"100%\" \/>\n<\/div>\n<p><strong>Scientific Committee:<\/strong><\/p>\n<p>Ana Baptista \u2013 Queen Mary University of London (UK)<\/p>\n<p>Alzira Maria Rasc\u00e3o Saraiva \u2013 Instituto Polit\u00e9cnico de Leiria (Portugal)<\/p>\n<p>Carmen Vanesa \u00c1lvarez Rosa \u2013 Universidad de Salamanca (Spain)<\/p>\n<p>Elvira Ferreira \u2013 \u00a0(Portugal)<\/p>\n<p>Filipe Alexandre da Silva Santos \u2013 Instituto Polit\u00e9cnico de Leiria (Portugal)<\/p>\n<p>Gabriela Prego V\u00e1zquez \u2013 Universidad de\u00a0Santiago de Compostela\u00a0(Spain)<\/p>\n<p>Gra\u00e7a Maria Santos Batista Seco\u00a0 \u2013 Instituto Polit\u00e9cnico de Leiria (Portugal)<\/p>\n<p>H\u00e9lia Gon\u00e7alves Pinto \u2013 Instituto Polit\u00e9cnico de Leiria (Portugal)<\/p>\n<p>Hugo Alexandre Lopes Menino &#8211; Instituto Polit\u00e9cnico de Leiria (Portugal)<\/p>\n<p>Isabel Cuadrado Gordillo\u00a0 \u2013 Universidad de Extremadura (Spain)<\/p>\n<p>Isabel Sofia Godinho Silva Rebelo\u00a0 \u2013 Instituto Polit\u00e9cnico de Leiria (Portugal)<\/p>\n<p>Jos\u00e9 Brites Ferreira &#8211; Instituto Polit\u00e9cnico de Leiria (Portugal)<\/p>\n<p>L\u00facia Grave Magueta \u2013 Instituto Polit\u00e9cnico de Leiria (Portugal)<\/p>\n<p>Lu\u00eds Filipe Tom\u00e1s Barbeiro\u00a0 \u2013 Instituto Polit\u00e9cnico de Leiria (Portugal)<\/p>\n<p>Luz Zas \u2013 Universidad de\u00a0Santiago de Compostela\u00a0(Spain)<\/p>\n<p>Maria Cinta Mu\u00f1oz Catal\u00e1n &#8211; Universidad de Sevilla (Spain)<\/p>\n<p>Mar\u00eda del Mar D\u00edaz\u00a0Gonz\u00e1lez &#8211;\u00a0Universidad de Oviedo\u00a0(Spain)<\/p>\n<p>Maria Isabel Alves Rodrigues Pereira \u2013 Instituto Polit\u00e9cnico de Leiria (Portugal)<\/p>\n<p>Maria Isabel Pinto Sim\u00f5es Dias \u2013 Instituto Polit\u00e9cnico de Leiria (Portugal)<\/p>\n<p>Maria Isabel Varregoso Rebetim Pereira- Instituto Polit\u00e9cnico de Leiria (Portugal)<\/p>\n<p>Maria Jos\u00e9 Gamboa &#8211; Instituto Polit\u00e9cnico de Leiria (Portugal)<\/p>\n<p>Maria Jos\u00e9 Marcelino \u2013 Universidade de Coimbra (Portugal)<\/p>\n<p>Mar\u00eda Lourdes P\u00e9rez &#8211;\u00a0Universidad de Oviedo\u00a0(Spain)<\/p>\n<p>Maria de S\u00e3o Pedro dos Santos Silva Lopes &#8211; Instituto Polit\u00e9cnico de Leiria (Portugal)<\/p>\n<p>Marina Vict\u00f3ria Valdez Faria Rodrigues \u2013 Instituto Polit\u00e9cnico de Leiria (Portugal)<\/p>\n<p>Pedro de Carvalho Silva \u2013 Instituto Polit\u00e9cnico de Leiria (Portugal)<\/p>\n<p>Pedro Sequeira \u2013 Instituto Polit\u00e9cnico de Santar\u00e9m (Portugal)<\/p>\n<p>Rita Alexandra Bettencourt Leal &#8211; (Portugal)<\/p>\n<p>Rui Gomes \u2013 Universidade do Minho (Portugal)<\/p>\n<p>Rui Matos \u2013 Instituto Polit\u00e9cnico de Leiria (Portugal)<\/p>\n<p>Romain Gillain Mu\u00f1oz \u2013 Instituto Polit\u00e9cnico de Leiria (Portugal)<\/p>\n<p>Sara de Barros Ara\u00fajo \u2013 Instituto Polit\u00e9cnico do Porto (Portugal)<\/p>\n<p>Stela Maria Fernandes Marques \u2013 PUC Minas Gerais (Brazil)<\/p>\n<p>Susana Margarida da Costa Nunes\u00a0 \u2013 Instituto Polit\u00e9cnico de Leiria (Portugal)<\/p>\n<p>Valeriana Guijo \u2013 Universidad de Burgos (Spain)<\/p>\n<div align=\"center\">\n<hr align=\"center\" noshade=\"noshade\" size=\"2\" width=\"100%\" \/>\n<\/div>\n<p><strong>Organizer<\/strong><\/p>\n<p>Escola Superior de Educa\u00e7\u00e3o e Ci\u00eancias Sociais &#8211; Instituto Polit\u00e9cnico de Leiria\u00a0(PORTUGAL)<\/p>\n","protected":false},"excerpt":{"rendered":"<p>Organising Committee: Dina Catarina Duarte Alves H\u00e9lia Gon\u00e7alves Pinto Maria Isabel Pinto Sim\u00f5es Dias Maria Od\u00edlia de Jesus Almeida Abreu Romain Gillain Mu\u00f1oz Scientific Committee: Ana Baptista \u2013 Queen Mary University of London (UK) Alzira Maria Rasc\u00e3o Saraiva \u2013 Instituto Polit\u00e9cnico de Leiria (Portugal) Carmen Vanesa \u00c1lvarez Rosa \u2013 Universidad de Salamanca (Spain) Elvira Ferreira [&hellip;]<\/p>\n","protected":false},"author":102,"featured_media":0,"parent":0,"menu_order":0,"comment_status":"closed","ping_status":"closed","template":"","meta":{"footnotes":""},"class_list":["post-146","page","type-page","status-publish","hentry"],"yoast_head":"<!-- This site is optimized with the Yoast SEO plugin v26.8 - https:\/\/yoast.com\/product\/yoast-seo-wordpress\/ -->\n<title>Organization - confer\u00eancia internacional \u00b7 esecs \/ instituto polit\u00e9cnico de leiria\/portugal<\/title>\n<meta name=\"robots\" content=\"index, follow, max-snippet:-1, max-image-preview:large, max-video-preview:-1\" \/>\n<link rel=\"canonical\" href=\"https:\/\/sites.ipleiria.pt\/ipce2018\/en\/organization\/\" \/>\n<meta property=\"og:locale\" content=\"pt_PT\" \/>\n<meta property=\"og:type\" content=\"article\" \/>\n<meta property=\"og:title\" content=\"Organization - confer\u00eancia internacional \u00b7 esecs \/ instituto polit\u00e9cnico de leiria\/portugal\" \/>\n<meta property=\"og:description\" content=\"Organising Committee: Dina Catarina Duarte Alves H\u00e9lia Gon\u00e7alves Pinto Maria Isabel Pinto Sim\u00f5es Dias Maria Od\u00edlia de Jesus Almeida Abreu Romain Gillain Mu\u00f1oz Scientific Committee: Ana Baptista \u2013 Queen Mary University of London (UK) Alzira Maria Rasc\u00e3o Saraiva \u2013 Instituto Polit\u00e9cnico de Leiria (Portugal) Carmen Vanesa \u00c1lvarez Rosa \u2013 Universidad de Salamanca (Spain) Elvira Ferreira [&hellip;]\" \/>\n<meta property=\"og:url\" content=\"https:\/\/sites.ipleiria.pt\/ipce2018\/en\/organization\/\" \/>\n<meta property=\"og:site_name\" content=\"confer\u00eancia internacional \u00b7 esecs \/ instituto polit\u00e9cnico de leiria\/portugal\" \/>\n<meta property=\"article:modified_time\" content=\"2018-02-27T15:25:02+00:00\" \/>\n<meta name=\"twitter:card\" content=\"summary_large_image\" \/>\n<meta name=\"twitter:label1\" content=\"Tempo estimado de leitura\" \/>\n\t<meta name=\"twitter:data1\" content=\"2 minutos\" \/>\n<script type=\"application\/ld+json\" class=\"yoast-schema-graph\">{\"@context\":\"https:\/\/schema.org\",\"@graph\":[{\"@type\":\"WebPage\",\"@id\":\"https:\/\/sites.ipleiria.pt\/ipce2018\/en\/organization\/\",\"url\":\"https:\/\/sites.ipleiria.pt\/ipce2018\/en\/organization\/\",\"name\":\"Organization - confer\u00eancia internacional \u00b7 esecs \/ instituto polit\u00e9cnico de leiria\/portugal\",\"isPartOf\":{\"@id\":\"https:\/\/sites.ipleiria.pt\/ipce2018\/#website\"},\"datePublished\":\"2017-11-21T11:47:06+00:00\",\"dateModified\":\"2018-02-27T15:25:02+00:00\",\"breadcrumb\":{\"@id\":\"https:\/\/sites.ipleiria.pt\/ipce2018\/en\/organization\/#breadcrumb\"},\"inLanguage\":\"pt-PT\",\"potentialAction\":[{\"@type\":\"ReadAction\",\"target\":[\"https:\/\/sites.ipleiria.pt\/ipce2018\/en\/organization\/\"]}]},{\"@type\":\"BreadcrumbList\",\"@id\":\"https:\/\/sites.ipleiria.pt\/ipce2018\/en\/organization\/#breadcrumb\",\"itemListElement\":[{\"@type\":\"ListItem\",\"position\":1,\"name\":\"In\u00edcio\",\"item\":\"https:\/\/sites.ipleiria.pt\/ipce2018\/\"},{\"@type\":\"ListItem\",\"position\":2,\"name\":\"Organization\"}]},{\"@type\":\"WebSite\",\"@id\":\"https:\/\/sites.ipleiria.pt\/ipce2018\/#website\",\"url\":\"https:\/\/sites.ipleiria.pt\/ipce2018\/\",\"name\":\"confer\u00eancia internacional \u00b7 esecs \/ instituto polit\u00e9cnico de leiria\/portugal\",\"description\":\"VII Investiga\u00e7\u00e3o, Pr\u00e1ticas e Contextos em Educa\u00e7\u00e3o\",\"potentialAction\":[{\"@type\":\"SearchAction\",\"target\":{\"@type\":\"EntryPoint\",\"urlTemplate\":\"https:\/\/sites.ipleiria.pt\/ipce2018\/?s={search_term_string}\"},\"query-input\":{\"@type\":\"PropertyValueSpecification\",\"valueRequired\":true,\"valueName\":\"search_term_string\"}}],\"inLanguage\":\"pt-PT\"}]}<\/script>\n<!-- \/ Yoast SEO plugin. -->","yoast_head_json":{"title":"Organization - confer\u00eancia internacional \u00b7 esecs \/ instituto polit\u00e9cnico de leiria\/portugal","robots":{"index":"index","follow":"follow","max-snippet":"max-snippet:-1","max-image-preview":"max-image-preview:large","max-video-preview":"max-video-preview:-1"},"canonical":"https:\/\/sites.ipleiria.pt\/ipce2018\/en\/organization\/","og_locale":"pt_PT","og_type":"article","og_title":"Organization - confer\u00eancia internacional \u00b7 esecs \/ instituto polit\u00e9cnico de leiria\/portugal","og_description":"Organising Committee: Dina Catarina Duarte Alves H\u00e9lia Gon\u00e7alves Pinto Maria Isabel Pinto Sim\u00f5es Dias Maria Od\u00edlia de Jesus Almeida Abreu Romain Gillain Mu\u00f1oz Scientific Committee: Ana Baptista \u2013 Queen Mary University of London (UK) Alzira Maria Rasc\u00e3o Saraiva \u2013 Instituto Polit\u00e9cnico de Leiria (Portugal) Carmen Vanesa \u00c1lvarez Rosa \u2013 Universidad de Salamanca (Spain) Elvira Ferreira [&hellip;]","og_url":"https:\/\/sites.ipleiria.pt\/ipce2018\/en\/organization\/","og_site_name":"confer\u00eancia internacional \u00b7 esecs \/ instituto polit\u00e9cnico de leiria\/portugal","article_modified_time":"2018-02-27T15:25:02+00:00","twitter_card":"summary_large_image","twitter_misc":{"Tempo estimado de leitura":"2 minutos"},"schema":{"@context":"https:\/\/schema.org","@graph":[{"@type":"WebPage","@id":"https:\/\/sites.ipleiria.pt\/ipce2018\/en\/organization\/","url":"https:\/\/sites.ipleiria.pt\/ipce2018\/en\/organization\/","name":"Organization - confer\u00eancia internacional \u00b7 esecs \/ instituto polit\u00e9cnico de leiria\/portugal","isPartOf":{"@id":"https:\/\/sites.ipleiria.pt\/ipce2018\/#website"},"datePublished":"2017-11-21T11:47:06+00:00","dateModified":"2018-02-27T15:25:02+00:00","breadcrumb":{"@id":"https:\/\/sites.ipleiria.pt\/ipce2018\/en\/organization\/#breadcrumb"},"inLanguage":"pt-PT","potentialAction":[{"@type":"ReadAction","target":["https:\/\/sites.ipleiria.pt\/ipce2018\/en\/organization\/"]}]},{"@type":"BreadcrumbList","@id":"https:\/\/sites.ipleiria.pt\/ipce2018\/en\/organization\/#breadcrumb","itemListElement":[{"@type":"ListItem","position":1,"name":"In\u00edcio","item":"https:\/\/sites.ipleiria.pt\/ipce2018\/"},{"@type":"ListItem","position":2,"name":"Organization"}]},{"@type":"WebSite","@id":"https:\/\/sites.ipleiria.pt\/ipce2018\/#website","url":"https:\/\/sites.ipleiria.pt\/ipce2018\/","name":"confer\u00eancia internacional \u00b7 esecs \/ instituto polit\u00e9cnico de leiria\/portugal","description":"VII Investiga\u00e7\u00e3o, Pr\u00e1ticas e Contextos em Educa\u00e7\u00e3o","potentialAction":[{"@type":"SearchAction","target":{"@type":"EntryPoint","urlTemplate":"https:\/\/sites.ipleiria.pt\/ipce2018\/?s={search_term_string}"},"query-input":{"@type":"PropertyValueSpecification","valueRequired":true,"valueName":"search_term_string"}}],"inLanguage":"pt-PT"}]}},"_links":{"self":[{"href":"https:\/\/sites.ipleiria.pt\/ipce2018\/wp-json\/wp\/v2\/pages\/146","targetHints":{"allow":["GET"]}}],"collection":[{"href":"https:\/\/sites.ipleiria.pt\/ipce2018\/wp-json\/wp\/v2\/pages"}],"about":[{"href":"https:\/\/sites.ipleiria.pt\/ipce2018\/wp-json\/wp\/v2\/types\/page"}],"author":[{"embeddable":true,"href":"https:\/\/sites.ipleiria.pt\/ipce2018\/wp-json\/wp\/v2\/users\/102"}],"replies":[{"embeddable":true,"href":"https:\/\/sites.ipleiria.pt\/ipce2018\/wp-json\/wp\/v2\/comments?post=146"}],"version-history":[{"count":10,"href":"https:\/\/sites.ipleiria.pt\/ipce2018\/wp-json\/wp\/v2\/pages\/146\/revisions"}],"predecessor-version":[{"id":412,"href":"https:\/\/sites.ipleiria.pt\/ipce2018\/wp-json\/wp\/v2\/pages\/146\/revisions\/412"}],"wp:attachment":[{"href":"https:\/\/sites.ipleiria.pt\/ipce2018\/wp-json\/wp\/v2\/media?parent=146"}],"curies":[{"name":"wp","href":"https:\/\/api.w.org\/{rel}","templated":true}]}}