{"id":152,"date":"2017-11-21T11:48:17","date_gmt":"2017-11-21T11:48:17","guid":{"rendered":"http:\/\/sites.ipleiria.pt\/ipce2018\/?page_id=152"},"modified":"2017-11-21T11:48:17","modified_gmt":"2017-11-21T11:48:17","slug":"call-for-papers","status":"publish","type":"page","link":"https:\/\/sites.ipleiria.pt\/ipce2018\/en\/call-for-papers\/","title":{"rendered":"Call for papers"},"content":{"rendered":"","protected":false},"excerpt":{"rendered":"","protected":false},"author":102,"featured_media":0,"parent":0,"menu_order":0,"comment_status":"closed","ping_status":"closed","template":"","meta":{"footnotes":""},"class_list":["post-152","page","type-page","status-publish","hentry"],"yoast_head":"<!-- This site is optimized with the Yoast SEO plugin v26.8 - https:\/\/yoast.com\/product\/yoast-seo-wordpress\/ -->\n<title>Call for papers - confer\u00eancia internacional \u00b7 esecs \/ instituto polit\u00e9cnico de leiria\/portugal<\/title>\n<meta name=\"robots\" content=\"index, follow, max-snippet:-1, max-image-preview:large, max-video-preview:-1\" \/>\n<link rel=\"canonical\" href=\"https:\/\/sites.ipleiria.pt\/ipce2018\/en\/call-for-papers\/\" \/>\n<meta property=\"og:locale\" content=\"pt_PT\" \/>\n<meta property=\"og:type\" content=\"article\" \/>\n<meta property=\"og:title\" content=\"Call for papers - confer\u00eancia internacional \u00b7 esecs \/ instituto polit\u00e9cnico de leiria\/portugal\" \/>\n<meta property=\"og:url\" content=\"https:\/\/sites.ipleiria.pt\/ipce2018\/en\/call-for-papers\/\" \/>\n<meta property=\"og:site_name\" content=\"confer\u00eancia internacional \u00b7 esecs \/ instituto polit\u00e9cnico de leiria\/portugal\" \/>\n<meta name=\"twitter:card\" content=\"summary_large_image\" \/>\n<script type=\"application\/ld+json\" class=\"yoast-schema-graph\">{\"@context\":\"https:\/\/schema.org\",\"@graph\":[{\"@type\":\"WebPage\",\"@id\":\"https:\/\/sites.ipleiria.pt\/ipce2018\/en\/call-for-papers\/\",\"url\":\"https:\/\/sites.ipleiria.pt\/ipce2018\/en\/call-for-papers\/\",\"name\":\"Call for papers - confer\u00eancia internacional \u00b7 esecs \/ instituto polit\u00e9cnico de leiria\/portugal\",\"isPartOf\":{\"@id\":\"https:\/\/sites.ipleiria.pt\/ipce2018\/#website\"},\"datePublished\":\"2017-11-21T11:48:17+00:00\",\"breadcrumb\":{\"@id\":\"https:\/\/sites.ipleiria.pt\/ipce2018\/en\/call-for-papers\/#breadcrumb\"},\"inLanguage\":\"pt-PT\",\"potentialAction\":[{\"@type\":\"ReadAction\",\"target\":[\"https:\/\/sites.ipleiria.pt\/ipce2018\/en\/call-for-papers\/\"]}]},{\"@type\":\"BreadcrumbList\",\"@id\":\"https:\/\/sites.ipleiria.pt\/ipce2018\/en\/call-for-papers\/#breadcrumb\",\"itemListElement\":[{\"@type\":\"ListItem\",\"position\":1,\"name\":\"In\u00edcio\",\"item\":\"https:\/\/sites.ipleiria.pt\/ipce2018\/\"},{\"@type\":\"ListItem\",\"position\":2,\"name\":\"Call for papers\"}]},{\"@type\":\"WebSite\",\"@id\":\"https:\/\/sites.ipleiria.pt\/ipce2018\/#website\",\"url\":\"https:\/\/sites.ipleiria.pt\/ipce2018\/\",\"name\":\"confer\u00eancia internacional \u00b7 esecs \/ instituto polit\u00e9cnico de leiria\/portugal\",\"description\":\"VII Investiga\u00e7\u00e3o, Pr\u00e1ticas e Contextos em Educa\u00e7\u00e3o\",\"potentialAction\":[{\"@type\":\"SearchAction\",\"target\":{\"@type\":\"EntryPoint\",\"urlTemplate\":\"https:\/\/sites.ipleiria.pt\/ipce2018\/?s={search_term_string}\"},\"query-input\":{\"@type\":\"PropertyValueSpecification\",\"valueRequired\":true,\"valueName\":\"search_term_string\"}}],\"inLanguage\":\"pt-PT\"}]}<\/script>\n<!-- \/ Yoast SEO plugin. -->","yoast_head_json":{"title":"Call for papers - confer\u00eancia internacional \u00b7 esecs \/ instituto polit\u00e9cnico de leiria\/portugal","robots":{"index":"index","follow":"follow","max-snippet":"max-snippet:-1","max-image-preview":"max-image-preview:large","max-video-preview":"max-video-preview:-1"},"canonical":"https:\/\/sites.ipleiria.pt\/ipce2018\/en\/call-for-papers\/","og_locale":"pt_PT","og_type":"article","og_title":"Call for papers - confer\u00eancia internacional \u00b7 esecs \/ instituto polit\u00e9cnico de leiria\/portugal","og_url":"https:\/\/sites.ipleiria.pt\/ipce2018\/en\/call-for-papers\/","og_site_name":"confer\u00eancia internacional \u00b7 esecs \/ instituto polit\u00e9cnico de leiria\/portugal","twitter_card":"summary_large_image","schema":{"@context":"https:\/\/schema.org","@graph":[{"@type":"WebPage","@id":"https:\/\/sites.ipleiria.pt\/ipce2018\/en\/call-for-papers\/","url":"https:\/\/sites.ipleiria.pt\/ipce2018\/en\/call-for-papers\/","name":"Call for papers - confer\u00eancia internacional \u00b7 esecs \/ instituto polit\u00e9cnico de leiria\/portugal","isPartOf":{"@id":"https:\/\/sites.ipleiria.pt\/ipce2018\/#website"},"datePublished":"2017-11-21T11:48:17+00:00","breadcrumb":{"@id":"https:\/\/sites.ipleiria.pt\/ipce2018\/en\/call-for-papers\/#breadcrumb"},"inLanguage":"pt-PT","potentialAction":[{"@type":"ReadAction","target":["https:\/\/sites.ipleiria.pt\/ipce2018\/en\/call-for-papers\/"]}]},{"@type":"BreadcrumbList","@id":"https:\/\/sites.ipleiria.pt\/ipce2018\/en\/call-for-papers\/#breadcrumb","itemListElement":[{"@type":"ListItem","position":1,"name":"In\u00edcio","item":"https:\/\/sites.ipleiria.pt\/ipce2018\/"},{"@type":"ListItem","position":2,"name":"Call for papers"}]},{"@type":"WebSite","@id":"https:\/\/sites.ipleiria.pt\/ipce2018\/#website","url":"https:\/\/sites.ipleiria.pt\/ipce2018\/","name":"confer\u00eancia internacional \u00b7 esecs \/ instituto polit\u00e9cnico de leiria\/portugal","description":"VII Investiga\u00e7\u00e3o, Pr\u00e1ticas e Contextos em Educa\u00e7\u00e3o","potentialAction":[{"@type":"SearchAction","target":{"@type":"EntryPoint","urlTemplate":"https:\/\/sites.ipleiria.pt\/ipce2018\/?s={search_term_string}"},"query-input":{"@type":"PropertyValueSpecification","valueRequired":true,"valueName":"search_term_string"}}],"inLanguage":"pt-PT"}]}},"_links":{"self":[{"href":"https:\/\/sites.ipleiria.pt\/ipce2018\/wp-json\/wp\/v2\/pages\/152","targetHints":{"allow":["GET"]}}],"collection":[{"href":"https:\/\/sites.ipleiria.pt\/ipce2018\/wp-json\/wp\/v2\/pages"}],"about":[{"href":"https:\/\/sites.ipleiria.pt\/ipce2018\/wp-json\/wp\/v2\/types\/page"}],"author":[{"embeddable":true,"href":"https:\/\/sites.ipleiria.pt\/ipce2018\/wp-json\/wp\/v2\/users\/102"}],"replies":[{"embeddable":true,"href":"https:\/\/sites.ipleiria.pt\/ipce2018\/wp-json\/wp\/v2\/comments?post=152"}],"version-history":[{"count":1,"href":"https:\/\/sites.ipleiria.pt\/ipce2018\/wp-json\/wp\/v2\/pages\/152\/revisions"}],"predecessor-version":[{"id":153,"href":"https:\/\/sites.ipleiria.pt\/ipce2018\/wp-json\/wp\/v2\/pages\/152\/revisions\/153"}],"wp:attachment":[{"href":"https:\/\/sites.ipleiria.pt\/ipce2018\/wp-json\/wp\/v2\/media?parent=152"}],"curies":[{"name":"wp","href":"https:\/\/api.w.org\/{rel}","templated":true}]}}