{"id":154,"date":"2017-11-21T11:48:34","date_gmt":"2017-11-21T11:48:34","guid":{"rendered":"http:\/\/sites.ipleiria.pt\/ipce2018\/?page_id=154"},"modified":"2018-03-12T16:26:25","modified_gmt":"2018-03-12T16:26:25","slug":"llamada-a-propuestas","status":"publish","type":"page","link":"https:\/\/sites.ipleiria.pt\/ipce2018\/es\/llamada-a-propuestas\/","title":{"rendered":"Llamada a propuestas"},"content":{"rendered":"<p>Las sesiones paralelas sirven para presentar experiencias educativas, proyectos, trabajos de investigaci\u00f3n, herramientas y materiales enmarcados en las \u00e1reas tem\u00e1ticas de la conferencia IPCE.<\/p>\n<p>El comit\u00e9 Organizador da IPCE anima a la comunidad educativa, en particular, a los educadores, profesores, investigadores, estudiantes de la ense\u00f1anza superior, gestores de instituciones y t\u00e9cnicos en el campo de la educaci\u00f3n a presentar trabajos en los siguientes formatos:<\/p>\n<p><strong>Art\u00edculos<br \/>\n<\/strong>La presentaci\u00f3n de art\u00edculos en la IPCE favorece la divulgaci\u00f3n trabajos de investigaci\u00f3n, experiencias educativas, proyectos, herramientas y materiales.<\/p>\n<p>Solo se podr\u00e1n enviar textos in\u00e9ditos y no publicados. Se podr\u00e1n redactar en portugu\u00e9s, espa\u00f1ol, ingl\u00e9s o franc\u00e9s, con un l\u00edmite de 30\u00a0000 caracteres, \u00a0incluyendo espacios y excluyendo el t\u00edtulo, instituci\u00f3n de origen, e-mail, resumen y palabras clave (\u00e9stos \u00faltimos en dos idiomas).<\/p>\n<p>Las propuestas tienen que respetar obligatoriamente las normas de formato del IPCE 2018. Se podr\u00e1 utilizar la plantilla para trabajar directamente sobre el archivo.\u00a0La propuesta no se publicar\u00e1 si las normas no son respetadas.<\/p>\n<p>El texto completo del art\u00edculo se enviar\u00e1 a trav\u00e9s de la plataforma <a href=\"https:\/\/easychair.org\/conferences\/?conf=ipce2018\">Easychair<\/a>\u00a0antes del <strong>d\u00eda <del>28 de febrero<\/del> 18 de marzo de 2018<\/strong>. El documento (.pdf) deber\u00e1 indicar el nombre y los apellidos de los autores.<\/p>\n<p>Los trabajos aceptados ser\u00e1n publicados en el Libro de Actas del IPCE. Adem\u00e1s de la publicaci\u00f3n en las Actas de la Conferencia, cabe la posibilidad de que los art\u00edculos m\u00e1s interesantes sean presentados para ser incluidos en la\u00a0<em>Revista de Investiga\u00e7\u00e3o em Educa\u00e7\u00e3o e Ci\u00eancias Sociais<\/em>\u00a0(RIECS).<\/p>\n<p>Plantilla de los art\u00edculos:\u00a0<a href=\"https:\/\/myipleiria-my.sharepoint.com\/:w:\/g\/personal\/romain_gillain_ipleiria_pt\/EUNBzb6iUvBIhBAdwBXSPsgBpI9cyj3ggQYCTTTFnY7Wew?e=fPCxpY\">descargar<\/a>\u00a0(.doc)<\/p>\n<p><strong>Relato de experiencias<br \/>\n<\/strong>Tiene como objetivo la difusi\u00f3n de experiencias educativas, proyectos, herramientas y materiales. Este formato resulta especialmente adecuado para experiencias educativas y proyectos que todav\u00eda est\u00e9n funcionando.<\/p>\n<p>La propuesta de relato se redactar\u00e1 en\u00a0portugu\u00e9s, espa\u00f1ol, ingl\u00e9s o franc\u00e9s, con un l\u00edmite de 2 p\u00e1ginas, incluyendo\u00a0espacios\u00a0y excluyendo el t\u00edtulo, instituci\u00f3n de origen, e-mail, resumen y palabras clave. Se respetar\u00e1n las siguientes normas:\u00a0Georgia 9,5; normal; interlineado\u00a0de 1,5 cm; justificado.<\/p>\n<p>El texto completo del relato se enviar\u00e1 a trav\u00e9s de la plataforma <a href=\"https:\/\/easychair.org\/conferences\/?conf=ipce2018\">Easychair<\/a>\u00a0antes del\u00a0<strong>d\u00eda <del>28 de febrero<\/del> 18 de marzo de 2018<\/strong>. El documento (.pdf) deber\u00e1 indicar el nombre y los apellidos de los autores.<\/p>\n<p>Plantilla de los relatos:\u00a0<a href=\"https:\/\/myipleiria-my.sharepoint.com\/:w:\/g\/personal\/romain_gillain_ipleiria_pt\/ET1drkMnHp1IvIZwVktTLW4BM0gqyKKErmX-8AW3TUCs3w?e=RHpbRC\">descargar<\/a>\u00a0(.doc)<\/p>\n<p><strong>P\u00f3ster<br \/>\n<\/strong>Se pretende divulgar trabajos de investigaci\u00f3n, experiencias educativas, proyectos, herramientas y materiales. La presentaci\u00f3n de p\u00f3steres surge como una excelente oportunidad para presentar y debatir trabajos de investigaci\u00f3n de modo interactivo e informal.<\/p>\n<p>Los p\u00f3steres se proponen usando el modelo impuesto. Los\u00a0p\u00f3sters aceptados (tama\u00f1o DIN A0, vertical) ser\u00e1n expuestos a partir del primer d\u00eda de la conferencia, permaneciendo hasta el final del evento. Los autores deber\u00e1n estar presentes durante la sesi\u00f3n de presentaci\u00f3n de los p\u00f3steres, de manera a poder mostrar informalmente su trabajo. Dicha sesi\u00f3n tendr\u00e1 una duraci\u00f3n de\u00a0<strong>1 hora<\/strong>. Los materiales expuestos son responsabilidad exclusiva de sus autores y deber\u00e1n estar listos antes del inicio de la conferencia.<\/p>\n<p>El p\u00f3ster se enviar\u00e1 al email <a href=\"mailto:ipce@ipleiria.pt\">ipce@ipleiria.pt<\/a> antes del\u00a0<strong>d\u00eda <del>28 de febrero<\/del> 18 de marzo de 2018. <\/strong>\u00a0En el asunto del correo enviado deber\u00e1 constar \u00abenv\u00edo del p\u00f3ster IPCE2018\u00bb y en el documento adjunto (.ppt o pptx.) deber\u00e1n constar el nombre y los apellidos de los autores.<\/p>\n<p>Plantilla de los p\u00f3steres:\u00a0<a href=\"https:\/\/myipleiria-my.sharepoint.com\/:p:\/g\/personal\/romain_gillain_ipleiria_pt\/EQbQFyL5m8ZOqcbQ4mhnNPkBL_-grc_XvtWK5CCZeKQP8Q?e=VERT02\">descargar<\/a>\u00a0(.ppt)<\/p>\n<p><strong>NOTA IMPORTANTE<\/strong><\/p>\n<p>Las propuestas ser\u00e1n sometidas a una revisi\u00f3n a ciegas \u00a0por parte de los miembros del Comit\u00e9 Cient\u00edfico, que proceder\u00e1n a una evaluaci\u00f3n seg\u00fan los siguientes criterios:<\/p>\n<p>&#8211; Pertinencia de la propuesta en relaci\u00f3n con la tem\u00e1tica de la conferencia.<\/p>\n<p>&#8211; Calidad cient\u00edfica y aportaciones de la propuesta.<\/p>\n<p>&#8211; Uso de corpus, pr\u00e1ctica profesional y\/o trabajo de investigaci\u00f3n reconocido.<\/p>\n<p>&#8211; Respeto de la normas de publicaci\u00f3n<\/p>\n<p>Completada la selecci\u00f3n por parte del Comit\u00e9 Organizador, se\u00a0informar\u00e1 a los autores de la aceptaci\u00f3n de sus \u00a0propuestas, mediante correo electr\u00f3nico\u00a0hasta el\u00a0<strong>31 de marzo de 2018<\/strong><\/p>\n<p>La inscripci\u00f3n en el Congreso de al menos uno de los autores es requisito indispensable para la presentaci\u00f3n de los trabajos aceptados.<\/p>\n<p>Presentaci\u00f3n oral (sesiones paralelas): 15 minutos<br \/>\nEquipo disponible: PC, proyector, conexi\u00f3n WIFI<\/p>\n","protected":false},"excerpt":{"rendered":"<p>Las sesiones paralelas sirven para presentar experiencias educativas, proyectos, trabajos de investigaci\u00f3n, herramientas y materiales enmarcados en las \u00e1reas tem\u00e1ticas de la conferencia IPCE. El comit\u00e9 Organizador da IPCE anima a la comunidad educativa, en particular, a los educadores, profesores, investigadores, estudiantes de la ense\u00f1anza superior, gestores de instituciones y t\u00e9cnicos en el campo de [&hellip;]<\/p>\n","protected":false},"author":102,"featured_media":0,"parent":0,"menu_order":0,"comment_status":"closed","ping_status":"closed","template":"","meta":{"footnotes":""},"class_list":["post-154","page","type-page","status-publish","hentry"],"yoast_head":"<!-- This site is optimized with the Yoast SEO plugin v26.8 - https:\/\/yoast.com\/product\/yoast-seo-wordpress\/ -->\n<title>Llamada a propuestas - confer\u00eancia internacional \u00b7 esecs \/ instituto polit\u00e9cnico de leiria\/portugal<\/title>\n<meta name=\"robots\" content=\"index, follow, max-snippet:-1, max-image-preview:large, max-video-preview:-1\" \/>\n<link rel=\"canonical\" href=\"https:\/\/sites.ipleiria.pt\/ipce2018\/es\/llamada-a-propuestas\/\" \/>\n<meta property=\"og:locale\" content=\"pt_PT\" \/>\n<meta property=\"og:type\" content=\"article\" \/>\n<meta property=\"og:title\" content=\"Llamada a propuestas - confer\u00eancia internacional \u00b7 esecs \/ instituto polit\u00e9cnico de leiria\/portugal\" \/>\n<meta property=\"og:description\" content=\"Las sesiones paralelas sirven para presentar experiencias educativas, proyectos, trabajos de investigaci\u00f3n, herramientas y materiales enmarcados en las \u00e1reas tem\u00e1ticas de la conferencia IPCE. El comit\u00e9 Organizador da IPCE anima a la comunidad educativa, en particular, a los educadores, profesores, investigadores, estudiantes de la ense\u00f1anza superior, gestores de instituciones y t\u00e9cnicos en el campo de [&hellip;]\" \/>\n<meta property=\"og:url\" content=\"https:\/\/sites.ipleiria.pt\/ipce2018\/es\/llamada-a-propuestas\/\" \/>\n<meta property=\"og:site_name\" content=\"confer\u00eancia internacional \u00b7 esecs \/ instituto polit\u00e9cnico de leiria\/portugal\" \/>\n<meta property=\"article:modified_time\" content=\"2018-03-12T16:26:25+00:00\" \/>\n<meta name=\"twitter:card\" content=\"summary_large_image\" \/>\n<meta name=\"twitter:label1\" content=\"Tempo estimado de leitura\" \/>\n\t<meta name=\"twitter:data1\" content=\"4 minutos\" \/>\n<script type=\"application\/ld+json\" class=\"yoast-schema-graph\">{\"@context\":\"https:\/\/schema.org\",\"@graph\":[{\"@type\":\"WebPage\",\"@id\":\"https:\/\/sites.ipleiria.pt\/ipce2018\/es\/llamada-a-propuestas\/\",\"url\":\"https:\/\/sites.ipleiria.pt\/ipce2018\/es\/llamada-a-propuestas\/\",\"name\":\"Llamada a propuestas - confer\u00eancia internacional \u00b7 esecs \/ instituto polit\u00e9cnico de leiria\/portugal\",\"isPartOf\":{\"@id\":\"https:\/\/sites.ipleiria.pt\/ipce2018\/#website\"},\"datePublished\":\"2017-11-21T11:48:34+00:00\",\"dateModified\":\"2018-03-12T16:26:25+00:00\",\"breadcrumb\":{\"@id\":\"https:\/\/sites.ipleiria.pt\/ipce2018\/es\/llamada-a-propuestas\/#breadcrumb\"},\"inLanguage\":\"pt-PT\",\"potentialAction\":[{\"@type\":\"ReadAction\",\"target\":[\"https:\/\/sites.ipleiria.pt\/ipce2018\/es\/llamada-a-propuestas\/\"]}]},{\"@type\":\"BreadcrumbList\",\"@id\":\"https:\/\/sites.ipleiria.pt\/ipce2018\/es\/llamada-a-propuestas\/#breadcrumb\",\"itemListElement\":[{\"@type\":\"ListItem\",\"position\":1,\"name\":\"In\u00edcio\",\"item\":\"https:\/\/sites.ipleiria.pt\/ipce2018\/\"},{\"@type\":\"ListItem\",\"position\":2,\"name\":\"Llamada a propuestas\"}]},{\"@type\":\"WebSite\",\"@id\":\"https:\/\/sites.ipleiria.pt\/ipce2018\/#website\",\"url\":\"https:\/\/sites.ipleiria.pt\/ipce2018\/\",\"name\":\"confer\u00eancia internacional \u00b7 esecs \/ instituto polit\u00e9cnico de leiria\/portugal\",\"description\":\"VII Investiga\u00e7\u00e3o, Pr\u00e1ticas e Contextos em Educa\u00e7\u00e3o\",\"potentialAction\":[{\"@type\":\"SearchAction\",\"target\":{\"@type\":\"EntryPoint\",\"urlTemplate\":\"https:\/\/sites.ipleiria.pt\/ipce2018\/?s={search_term_string}\"},\"query-input\":{\"@type\":\"PropertyValueSpecification\",\"valueRequired\":true,\"valueName\":\"search_term_string\"}}],\"inLanguage\":\"pt-PT\"}]}<\/script>\n<!-- \/ Yoast SEO plugin. -->","yoast_head_json":{"title":"Llamada a propuestas - confer\u00eancia internacional \u00b7 esecs \/ instituto polit\u00e9cnico de leiria\/portugal","robots":{"index":"index","follow":"follow","max-snippet":"max-snippet:-1","max-image-preview":"max-image-preview:large","max-video-preview":"max-video-preview:-1"},"canonical":"https:\/\/sites.ipleiria.pt\/ipce2018\/es\/llamada-a-propuestas\/","og_locale":"pt_PT","og_type":"article","og_title":"Llamada a propuestas - confer\u00eancia internacional \u00b7 esecs \/ instituto polit\u00e9cnico de leiria\/portugal","og_description":"Las sesiones paralelas sirven para presentar experiencias educativas, proyectos, trabajos de investigaci\u00f3n, herramientas y materiales enmarcados en las \u00e1reas tem\u00e1ticas de la conferencia IPCE. El comit\u00e9 Organizador da IPCE anima a la comunidad educativa, en particular, a los educadores, profesores, investigadores, estudiantes de la ense\u00f1anza superior, gestores de instituciones y t\u00e9cnicos en el campo de [&hellip;]","og_url":"https:\/\/sites.ipleiria.pt\/ipce2018\/es\/llamada-a-propuestas\/","og_site_name":"confer\u00eancia internacional \u00b7 esecs \/ instituto polit\u00e9cnico de leiria\/portugal","article_modified_time":"2018-03-12T16:26:25+00:00","twitter_card":"summary_large_image","twitter_misc":{"Tempo estimado de leitura":"4 minutos"},"schema":{"@context":"https:\/\/schema.org","@graph":[{"@type":"WebPage","@id":"https:\/\/sites.ipleiria.pt\/ipce2018\/es\/llamada-a-propuestas\/","url":"https:\/\/sites.ipleiria.pt\/ipce2018\/es\/llamada-a-propuestas\/","name":"Llamada a propuestas - confer\u00eancia internacional \u00b7 esecs \/ instituto polit\u00e9cnico de leiria\/portugal","isPartOf":{"@id":"https:\/\/sites.ipleiria.pt\/ipce2018\/#website"},"datePublished":"2017-11-21T11:48:34+00:00","dateModified":"2018-03-12T16:26:25+00:00","breadcrumb":{"@id":"https:\/\/sites.ipleiria.pt\/ipce2018\/es\/llamada-a-propuestas\/#breadcrumb"},"inLanguage":"pt-PT","potentialAction":[{"@type":"ReadAction","target":["https:\/\/sites.ipleiria.pt\/ipce2018\/es\/llamada-a-propuestas\/"]}]},{"@type":"BreadcrumbList","@id":"https:\/\/sites.ipleiria.pt\/ipce2018\/es\/llamada-a-propuestas\/#breadcrumb","itemListElement":[{"@type":"ListItem","position":1,"name":"In\u00edcio","item":"https:\/\/sites.ipleiria.pt\/ipce2018\/"},{"@type":"ListItem","position":2,"name":"Llamada a propuestas"}]},{"@type":"WebSite","@id":"https:\/\/sites.ipleiria.pt\/ipce2018\/#website","url":"https:\/\/sites.ipleiria.pt\/ipce2018\/","name":"confer\u00eancia internacional \u00b7 esecs \/ instituto polit\u00e9cnico de leiria\/portugal","description":"VII Investiga\u00e7\u00e3o, Pr\u00e1ticas e Contextos em Educa\u00e7\u00e3o","potentialAction":[{"@type":"SearchAction","target":{"@type":"EntryPoint","urlTemplate":"https:\/\/sites.ipleiria.pt\/ipce2018\/?s={search_term_string}"},"query-input":{"@type":"PropertyValueSpecification","valueRequired":true,"valueName":"search_term_string"}}],"inLanguage":"pt-PT"}]}},"_links":{"self":[{"href":"https:\/\/sites.ipleiria.pt\/ipce2018\/wp-json\/wp\/v2\/pages\/154","targetHints":{"allow":["GET"]}}],"collection":[{"href":"https:\/\/sites.ipleiria.pt\/ipce2018\/wp-json\/wp\/v2\/pages"}],"about":[{"href":"https:\/\/sites.ipleiria.pt\/ipce2018\/wp-json\/wp\/v2\/types\/page"}],"author":[{"embeddable":true,"href":"https:\/\/sites.ipleiria.pt\/ipce2018\/wp-json\/wp\/v2\/users\/102"}],"replies":[{"embeddable":true,"href":"https:\/\/sites.ipleiria.pt\/ipce2018\/wp-json\/wp\/v2\/comments?post=154"}],"version-history":[{"count":9,"href":"https:\/\/sites.ipleiria.pt\/ipce2018\/wp-json\/wp\/v2\/pages\/154\/revisions"}],"predecessor-version":[{"id":417,"href":"https:\/\/sites.ipleiria.pt\/ipce2018\/wp-json\/wp\/v2\/pages\/154\/revisions\/417"}],"wp:attachment":[{"href":"https:\/\/sites.ipleiria.pt\/ipce2018\/wp-json\/wp\/v2\/media?parent=154"}],"curies":[{"name":"wp","href":"https:\/\/api.w.org\/{rel}","templated":true}]}}