{"id":16,"date":"2017-11-20T16:42:20","date_gmt":"2017-11-20T16:42:20","guid":{"rendered":"http:\/\/sites.ipleiria.pt\/ipce2018\/?page_id=16"},"modified":"2017-12-22T14:51:14","modified_gmt":"2017-12-22T14:51:14","slug":"inscricoes","status":"publish","type":"page","link":"https:\/\/sites.ipleiria.pt\/ipce2018\/inscricoes\/","title":{"rendered":"Inscri\u00e7\u00f5es"},"content":{"rendered":"<p>. Participantes em geral \u2013 55 euros<br \/>\n. Funcion\u00e1rios docentes\/n\u00e3o docentes e antigos estudantes do IPLeiria \u2013 30 euros<br \/>\n. Estudantes do IPL e de outras Institui\u00e7\u00f5es\/Orientadores cooperantes\/ Outros colaboradores da ESECS\/ IPL \u2013 20 euros<\/p>\n<p><strong>Inscri\u00e7\u00f5es: <\/strong>clicar <a href=\"http:\/\/www.eventos.ipleiria.pt\/portal\/eventos?p_id=24254\">aqu\u00ed<\/a><\/p>\n<p><strong>Para mais informa\u00e7\u00f5es<\/strong><br \/>\nAdelaide Ferreira \u2013 Secretariado IPCE<br \/>\nTel: (+351) 244 829 471 \/ Fax: (+351) 244 829 499<br \/>\nEmail: <a href=\"mailto:adelaide.ferreira@ipleiria.pt\">adelaide.ferreira@ipleiria.pt<\/a><\/p>\n<p><strong>Termos e Condi\u00e7\u00f5es<\/strong><br \/>\nA taxa de inscri\u00e7\u00e3o inclui a assist\u00eancia \u00e0 confer\u00eancia, acesso ao material informativo e aos <em>coffee breaks<\/em>.<br \/>\nO cancelamento de inscri\u00e7\u00f5es implica a perda total do valor da taxa de inscri\u00e7\u00e3o, n\u00e3o havendo lugar a reembolsos.<\/p>\n","protected":false},"excerpt":{"rendered":"<p>. Participantes em geral \u2013 55 euros . Funcion\u00e1rios docentes\/n\u00e3o docentes e antigos estudantes do IPLeiria \u2013 30 euros . Estudantes do IPL e de outras Institui\u00e7\u00f5es\/Orientadores cooperantes\/ Outros colaboradores da ESECS\/ IPL \u2013 20 euros Inscri\u00e7\u00f5es: clicar aqu\u00ed Para mais informa\u00e7\u00f5es Adelaide Ferreira \u2013 Secretariado IPCE Tel: (+351) 244 829 471 \/ Fax: (+351) [&hellip;]<\/p>\n","protected":false},"author":102,"featured_media":0,"parent":0,"menu_order":0,"comment_status":"closed","ping_status":"closed","template":"","meta":{"footnotes":""},"class_list":["post-16","page","type-page","status-publish","hentry"],"yoast_head":"<!-- This site is optimized with the Yoast SEO plugin v26.8 - https:\/\/yoast.com\/product\/yoast-seo-wordpress\/ -->\n<title>Inscri\u00e7\u00f5es - confer\u00eancia internacional \u00b7 esecs \/ instituto polit\u00e9cnico de leiria\/portugal<\/title>\n<meta name=\"robots\" content=\"index, follow, max-snippet:-1, max-image-preview:large, max-video-preview:-1\" \/>\n<link rel=\"canonical\" href=\"https:\/\/sites.ipleiria.pt\/ipce2018\/inscricoes\/\" \/>\n<meta property=\"og:locale\" content=\"pt_PT\" \/>\n<meta property=\"og:type\" content=\"article\" \/>\n<meta property=\"og:title\" content=\"Inscri\u00e7\u00f5es - confer\u00eancia internacional \u00b7 esecs \/ instituto polit\u00e9cnico de leiria\/portugal\" \/>\n<meta property=\"og:description\" content=\". Participantes em geral \u2013 55 euros . Funcion\u00e1rios docentes\/n\u00e3o docentes e antigos estudantes do IPLeiria \u2013 30 euros . Estudantes do IPL e de outras Institui\u00e7\u00f5es\/Orientadores cooperantes\/ Outros colaboradores da ESECS\/ IPL \u2013 20 euros Inscri\u00e7\u00f5es: clicar aqu\u00ed Para mais informa\u00e7\u00f5es Adelaide Ferreira \u2013 Secretariado IPCE Tel: (+351) 244 829 471 \/ Fax: (+351) [&hellip;]\" \/>\n<meta property=\"og:url\" content=\"https:\/\/sites.ipleiria.pt\/ipce2018\/inscricoes\/\" \/>\n<meta property=\"og:site_name\" content=\"confer\u00eancia internacional \u00b7 esecs \/ instituto polit\u00e9cnico de leiria\/portugal\" \/>\n<meta property=\"article:modified_time\" content=\"2017-12-22T14:51:14+00:00\" \/>\n<meta name=\"twitter:card\" content=\"summary_large_image\" \/>\n<script type=\"application\/ld+json\" class=\"yoast-schema-graph\">{\"@context\":\"https:\/\/schema.org\",\"@graph\":[{\"@type\":\"WebPage\",\"@id\":\"https:\/\/sites.ipleiria.pt\/ipce2018\/inscricoes\/\",\"url\":\"https:\/\/sites.ipleiria.pt\/ipce2018\/inscricoes\/\",\"name\":\"Inscri\u00e7\u00f5es - confer\u00eancia internacional \u00b7 esecs \/ instituto polit\u00e9cnico de leiria\/portugal\",\"isPartOf\":{\"@id\":\"https:\/\/sites.ipleiria.pt\/ipce2018\/#website\"},\"datePublished\":\"2017-11-20T16:42:20+00:00\",\"dateModified\":\"2017-12-22T14:51:14+00:00\",\"breadcrumb\":{\"@id\":\"https:\/\/sites.ipleiria.pt\/ipce2018\/inscricoes\/#breadcrumb\"},\"inLanguage\":\"pt-PT\",\"potentialAction\":[{\"@type\":\"ReadAction\",\"target\":[\"https:\/\/sites.ipleiria.pt\/ipce2018\/inscricoes\/\"]}]},{\"@type\":\"BreadcrumbList\",\"@id\":\"https:\/\/sites.ipleiria.pt\/ipce2018\/inscricoes\/#breadcrumb\",\"itemListElement\":[{\"@type\":\"ListItem\",\"position\":1,\"name\":\"In\u00edcio\",\"item\":\"https:\/\/sites.ipleiria.pt\/ipce2018\/\"},{\"@type\":\"ListItem\",\"position\":2,\"name\":\"Inscri\u00e7\u00f5es\"}]},{\"@type\":\"WebSite\",\"@id\":\"https:\/\/sites.ipleiria.pt\/ipce2018\/#website\",\"url\":\"https:\/\/sites.ipleiria.pt\/ipce2018\/\",\"name\":\"confer\u00eancia internacional \u00b7 esecs \/ instituto polit\u00e9cnico de leiria\/portugal\",\"description\":\"VII Investiga\u00e7\u00e3o, Pr\u00e1ticas e Contextos em Educa\u00e7\u00e3o\",\"potentialAction\":[{\"@type\":\"SearchAction\",\"target\":{\"@type\":\"EntryPoint\",\"urlTemplate\":\"https:\/\/sites.ipleiria.pt\/ipce2018\/?s={search_term_string}\"},\"query-input\":{\"@type\":\"PropertyValueSpecification\",\"valueRequired\":true,\"valueName\":\"search_term_string\"}}],\"inLanguage\":\"pt-PT\"}]}<\/script>\n<!-- \/ Yoast SEO plugin. -->","yoast_head_json":{"title":"Inscri\u00e7\u00f5es - confer\u00eancia internacional \u00b7 esecs \/ instituto polit\u00e9cnico de leiria\/portugal","robots":{"index":"index","follow":"follow","max-snippet":"max-snippet:-1","max-image-preview":"max-image-preview:large","max-video-preview":"max-video-preview:-1"},"canonical":"https:\/\/sites.ipleiria.pt\/ipce2018\/inscricoes\/","og_locale":"pt_PT","og_type":"article","og_title":"Inscri\u00e7\u00f5es - confer\u00eancia internacional \u00b7 esecs \/ instituto polit\u00e9cnico de leiria\/portugal","og_description":". Participantes em geral \u2013 55 euros . Funcion\u00e1rios docentes\/n\u00e3o docentes e antigos estudantes do IPLeiria \u2013 30 euros . Estudantes do IPL e de outras Institui\u00e7\u00f5es\/Orientadores cooperantes\/ Outros colaboradores da ESECS\/ IPL \u2013 20 euros Inscri\u00e7\u00f5es: clicar aqu\u00ed Para mais informa\u00e7\u00f5es Adelaide Ferreira \u2013 Secretariado IPCE Tel: (+351) 244 829 471 \/ Fax: (+351) [&hellip;]","og_url":"https:\/\/sites.ipleiria.pt\/ipce2018\/inscricoes\/","og_site_name":"confer\u00eancia internacional \u00b7 esecs \/ instituto polit\u00e9cnico de leiria\/portugal","article_modified_time":"2017-12-22T14:51:14+00:00","twitter_card":"summary_large_image","schema":{"@context":"https:\/\/schema.org","@graph":[{"@type":"WebPage","@id":"https:\/\/sites.ipleiria.pt\/ipce2018\/inscricoes\/","url":"https:\/\/sites.ipleiria.pt\/ipce2018\/inscricoes\/","name":"Inscri\u00e7\u00f5es - confer\u00eancia internacional \u00b7 esecs \/ instituto polit\u00e9cnico de leiria\/portugal","isPartOf":{"@id":"https:\/\/sites.ipleiria.pt\/ipce2018\/#website"},"datePublished":"2017-11-20T16:42:20+00:00","dateModified":"2017-12-22T14:51:14+00:00","breadcrumb":{"@id":"https:\/\/sites.ipleiria.pt\/ipce2018\/inscricoes\/#breadcrumb"},"inLanguage":"pt-PT","potentialAction":[{"@type":"ReadAction","target":["https:\/\/sites.ipleiria.pt\/ipce2018\/inscricoes\/"]}]},{"@type":"BreadcrumbList","@id":"https:\/\/sites.ipleiria.pt\/ipce2018\/inscricoes\/#breadcrumb","itemListElement":[{"@type":"ListItem","position":1,"name":"In\u00edcio","item":"https:\/\/sites.ipleiria.pt\/ipce2018\/"},{"@type":"ListItem","position":2,"name":"Inscri\u00e7\u00f5es"}]},{"@type":"WebSite","@id":"https:\/\/sites.ipleiria.pt\/ipce2018\/#website","url":"https:\/\/sites.ipleiria.pt\/ipce2018\/","name":"confer\u00eancia internacional \u00b7 esecs \/ instituto polit\u00e9cnico de leiria\/portugal","description":"VII Investiga\u00e7\u00e3o, Pr\u00e1ticas e Contextos em Educa\u00e7\u00e3o","potentialAction":[{"@type":"SearchAction","target":{"@type":"EntryPoint","urlTemplate":"https:\/\/sites.ipleiria.pt\/ipce2018\/?s={search_term_string}"},"query-input":{"@type":"PropertyValueSpecification","valueRequired":true,"valueName":"search_term_string"}}],"inLanguage":"pt-PT"}]}},"_links":{"self":[{"href":"https:\/\/sites.ipleiria.pt\/ipce2018\/wp-json\/wp\/v2\/pages\/16","targetHints":{"allow":["GET"]}}],"collection":[{"href":"https:\/\/sites.ipleiria.pt\/ipce2018\/wp-json\/wp\/v2\/pages"}],"about":[{"href":"https:\/\/sites.ipleiria.pt\/ipce2018\/wp-json\/wp\/v2\/types\/page"}],"author":[{"embeddable":true,"href":"https:\/\/sites.ipleiria.pt\/ipce2018\/wp-json\/wp\/v2\/users\/102"}],"replies":[{"embeddable":true,"href":"https:\/\/sites.ipleiria.pt\/ipce2018\/wp-json\/wp\/v2\/comments?post=16"}],"version-history":[{"count":6,"href":"https:\/\/sites.ipleiria.pt\/ipce2018\/wp-json\/wp\/v2\/pages\/16\/revisions"}],"predecessor-version":[{"id":356,"href":"https:\/\/sites.ipleiria.pt\/ipce2018\/wp-json\/wp\/v2\/pages\/16\/revisions\/356"}],"wp:attachment":[{"href":"https:\/\/sites.ipleiria.pt\/ipce2018\/wp-json\/wp\/v2\/media?parent=16"}],"curies":[{"name":"wp","href":"https:\/\/api.w.org\/{rel}","templated":true}]}}