{"id":174,"date":"2017-11-21T11:53:15","date_gmt":"2017-11-21T11:53:15","guid":{"rendered":"http:\/\/sites.ipleiria.pt\/ipce2018\/?page_id=174"},"modified":"2017-12-22T19:21:19","modified_gmt":"2017-12-22T19:21:19","slug":"inscription","status":"publish","type":"page","link":"https:\/\/sites.ipleiria.pt\/ipce2018\/fr\/inscription\/","title":{"rendered":"Inscription"},"content":{"rendered":"<p>. <em>Participants <\/em>\u2013 55 euros<br \/>\n. <em>Professeurs et employ\u00e9s de l\u2019Instituto Polit\u00e9cnico de Leiria<\/em> \u2013 30\u00a0Euros<br \/>\n. <em>\u00c9tudiants de l\u2019Instituto Polit\u00e9cnico de Leiria et\u00a0d\u2019autres institutions d\u2019enseignement sup\u00e9rieur<\/em><span lang=\"PT\">\u00a0\u2013 20\u00a0Euros<\/span><\/p>\n<p><strong>S\u2019inscrire: <\/strong>cliquez <a href=\"http:\/\/www.eventos.ipleiria.pt\/portal\/eventos?p_id=24254&amp;lang=en-EN\">ici<\/a><\/p>\n<p><strong>Pour de plus amples informations<\/strong><\/p>\n<p>Adelaide Ferreira \u2013 Secr\u00e9tariat IPCE<\/p>\n<p>T\u00e9l: (+351) 244 829 471 \/ Fax: (+351) 244 829 499<\/p>\n<p>Courriel:<a href=\"mailto:adelaide.ferreira@ipleiria.pt\">adelaide.ferreira@ipleiria.pt<\/a><\/p>\n<p><strong>Conditions g\u00e9n\u00e9rales<\/strong> La taxe d\u2019inscription inclut l\u2019assistance \u00e0 la conf\u00e9rence, l\u2019acc\u00e8s au mat\u00e9riel informatique et aux pauses caf\u00e9. L\u2019annulation de l\u2019inscription implique la perte total du montant pay\u00e9, n\u2019\u00e9tant pr\u00e9vu aucun remboursement.<\/p>\n","protected":false},"excerpt":{"rendered":"<p>. Participants \u2013 55 euros . Professeurs et employ\u00e9s de l\u2019Instituto Polit\u00e9cnico de Leiria \u2013 30\u00a0Euros . \u00c9tudiants de l\u2019Instituto Polit\u00e9cnico de Leiria et\u00a0d\u2019autres institutions d\u2019enseignement sup\u00e9rieur\u00a0\u2013 20\u00a0Euros S\u2019inscrire: cliquez ici Pour de plus amples informations Adelaide Ferreira \u2013 Secr\u00e9tariat IPCE T\u00e9l: (+351) 244 829 471 \/ Fax: (+351) 244 829 499 Courriel:adelaide.ferreira@ipleiria.pt Conditions g\u00e9n\u00e9rales [&hellip;]<\/p>\n","protected":false},"author":102,"featured_media":0,"parent":0,"menu_order":0,"comment_status":"closed","ping_status":"closed","template":"","meta":{"footnotes":""},"class_list":["post-174","page","type-page","status-publish","hentry"],"yoast_head":"<!-- This site is optimized with the Yoast SEO plugin v26.8 - https:\/\/yoast.com\/product\/yoast-seo-wordpress\/ -->\n<title>Inscription - confer\u00eancia internacional \u00b7 esecs \/ instituto polit\u00e9cnico de leiria\/portugal<\/title>\n<meta name=\"robots\" content=\"index, follow, max-snippet:-1, max-image-preview:large, max-video-preview:-1\" \/>\n<link rel=\"canonical\" href=\"https:\/\/sites.ipleiria.pt\/ipce2018\/fr\/inscription\/\" \/>\n<meta property=\"og:locale\" content=\"pt_PT\" \/>\n<meta property=\"og:type\" content=\"article\" \/>\n<meta property=\"og:title\" content=\"Inscription - confer\u00eancia internacional \u00b7 esecs \/ instituto polit\u00e9cnico de leiria\/portugal\" \/>\n<meta property=\"og:description\" content=\". Participants \u2013 55 euros . Professeurs et employ\u00e9s de l\u2019Instituto Polit\u00e9cnico de Leiria \u2013 30\u00a0Euros . \u00c9tudiants de l\u2019Instituto Polit\u00e9cnico de Leiria et\u00a0d\u2019autres institutions d\u2019enseignement sup\u00e9rieur\u00a0\u2013 20\u00a0Euros S\u2019inscrire: cliquez ici Pour de plus amples informations Adelaide Ferreira \u2013 Secr\u00e9tariat IPCE T\u00e9l: (+351) 244 829 471 \/ Fax: (+351) 244 829 499 Courriel:adelaide.ferreira@ipleiria.pt Conditions g\u00e9n\u00e9rales [&hellip;]\" \/>\n<meta property=\"og:url\" content=\"https:\/\/sites.ipleiria.pt\/ipce2018\/fr\/inscription\/\" \/>\n<meta property=\"og:site_name\" content=\"confer\u00eancia internacional \u00b7 esecs \/ instituto polit\u00e9cnico de leiria\/portugal\" \/>\n<meta property=\"article:modified_time\" content=\"2017-12-22T19:21:19+00:00\" \/>\n<meta name=\"twitter:card\" content=\"summary_large_image\" \/>\n<script type=\"application\/ld+json\" class=\"yoast-schema-graph\">{\"@context\":\"https:\/\/schema.org\",\"@graph\":[{\"@type\":\"WebPage\",\"@id\":\"https:\/\/sites.ipleiria.pt\/ipce2018\/fr\/inscription\/\",\"url\":\"https:\/\/sites.ipleiria.pt\/ipce2018\/fr\/inscription\/\",\"name\":\"Inscription - confer\u00eancia internacional \u00b7 esecs \/ instituto polit\u00e9cnico de leiria\/portugal\",\"isPartOf\":{\"@id\":\"https:\/\/sites.ipleiria.pt\/ipce2018\/#website\"},\"datePublished\":\"2017-11-21T11:53:15+00:00\",\"dateModified\":\"2017-12-22T19:21:19+00:00\",\"breadcrumb\":{\"@id\":\"https:\/\/sites.ipleiria.pt\/ipce2018\/fr\/inscription\/#breadcrumb\"},\"inLanguage\":\"pt-PT\",\"potentialAction\":[{\"@type\":\"ReadAction\",\"target\":[\"https:\/\/sites.ipleiria.pt\/ipce2018\/fr\/inscription\/\"]}]},{\"@type\":\"BreadcrumbList\",\"@id\":\"https:\/\/sites.ipleiria.pt\/ipce2018\/fr\/inscription\/#breadcrumb\",\"itemListElement\":[{\"@type\":\"ListItem\",\"position\":1,\"name\":\"In\u00edcio\",\"item\":\"https:\/\/sites.ipleiria.pt\/ipce2018\/\"},{\"@type\":\"ListItem\",\"position\":2,\"name\":\"Inscription\"}]},{\"@type\":\"WebSite\",\"@id\":\"https:\/\/sites.ipleiria.pt\/ipce2018\/#website\",\"url\":\"https:\/\/sites.ipleiria.pt\/ipce2018\/\",\"name\":\"confer\u00eancia internacional \u00b7 esecs \/ instituto polit\u00e9cnico de leiria\/portugal\",\"description\":\"VII Investiga\u00e7\u00e3o, Pr\u00e1ticas e Contextos em Educa\u00e7\u00e3o\",\"potentialAction\":[{\"@type\":\"SearchAction\",\"target\":{\"@type\":\"EntryPoint\",\"urlTemplate\":\"https:\/\/sites.ipleiria.pt\/ipce2018\/?s={search_term_string}\"},\"query-input\":{\"@type\":\"PropertyValueSpecification\",\"valueRequired\":true,\"valueName\":\"search_term_string\"}}],\"inLanguage\":\"pt-PT\"}]}<\/script>\n<!-- \/ Yoast SEO plugin. -->","yoast_head_json":{"title":"Inscription - confer\u00eancia internacional \u00b7 esecs \/ instituto polit\u00e9cnico de leiria\/portugal","robots":{"index":"index","follow":"follow","max-snippet":"max-snippet:-1","max-image-preview":"max-image-preview:large","max-video-preview":"max-video-preview:-1"},"canonical":"https:\/\/sites.ipleiria.pt\/ipce2018\/fr\/inscription\/","og_locale":"pt_PT","og_type":"article","og_title":"Inscription - confer\u00eancia internacional \u00b7 esecs \/ instituto polit\u00e9cnico de leiria\/portugal","og_description":". Participants \u2013 55 euros . Professeurs et employ\u00e9s de l\u2019Instituto Polit\u00e9cnico de Leiria \u2013 30\u00a0Euros . \u00c9tudiants de l\u2019Instituto Polit\u00e9cnico de Leiria et\u00a0d\u2019autres institutions d\u2019enseignement sup\u00e9rieur\u00a0\u2013 20\u00a0Euros S\u2019inscrire: cliquez ici Pour de plus amples informations Adelaide Ferreira \u2013 Secr\u00e9tariat IPCE T\u00e9l: (+351) 244 829 471 \/ Fax: (+351) 244 829 499 Courriel:adelaide.ferreira@ipleiria.pt Conditions g\u00e9n\u00e9rales [&hellip;]","og_url":"https:\/\/sites.ipleiria.pt\/ipce2018\/fr\/inscription\/","og_site_name":"confer\u00eancia internacional \u00b7 esecs \/ instituto polit\u00e9cnico de leiria\/portugal","article_modified_time":"2017-12-22T19:21:19+00:00","twitter_card":"summary_large_image","schema":{"@context":"https:\/\/schema.org","@graph":[{"@type":"WebPage","@id":"https:\/\/sites.ipleiria.pt\/ipce2018\/fr\/inscription\/","url":"https:\/\/sites.ipleiria.pt\/ipce2018\/fr\/inscription\/","name":"Inscription - confer\u00eancia internacional \u00b7 esecs \/ instituto polit\u00e9cnico de leiria\/portugal","isPartOf":{"@id":"https:\/\/sites.ipleiria.pt\/ipce2018\/#website"},"datePublished":"2017-11-21T11:53:15+00:00","dateModified":"2017-12-22T19:21:19+00:00","breadcrumb":{"@id":"https:\/\/sites.ipleiria.pt\/ipce2018\/fr\/inscription\/#breadcrumb"},"inLanguage":"pt-PT","potentialAction":[{"@type":"ReadAction","target":["https:\/\/sites.ipleiria.pt\/ipce2018\/fr\/inscription\/"]}]},{"@type":"BreadcrumbList","@id":"https:\/\/sites.ipleiria.pt\/ipce2018\/fr\/inscription\/#breadcrumb","itemListElement":[{"@type":"ListItem","position":1,"name":"In\u00edcio","item":"https:\/\/sites.ipleiria.pt\/ipce2018\/"},{"@type":"ListItem","position":2,"name":"Inscription"}]},{"@type":"WebSite","@id":"https:\/\/sites.ipleiria.pt\/ipce2018\/#website","url":"https:\/\/sites.ipleiria.pt\/ipce2018\/","name":"confer\u00eancia internacional \u00b7 esecs \/ instituto polit\u00e9cnico de leiria\/portugal","description":"VII Investiga\u00e7\u00e3o, Pr\u00e1ticas e Contextos em Educa\u00e7\u00e3o","potentialAction":[{"@type":"SearchAction","target":{"@type":"EntryPoint","urlTemplate":"https:\/\/sites.ipleiria.pt\/ipce2018\/?s={search_term_string}"},"query-input":{"@type":"PropertyValueSpecification","valueRequired":true,"valueName":"search_term_string"}}],"inLanguage":"pt-PT"}]}},"_links":{"self":[{"href":"https:\/\/sites.ipleiria.pt\/ipce2018\/wp-json\/wp\/v2\/pages\/174","targetHints":{"allow":["GET"]}}],"collection":[{"href":"https:\/\/sites.ipleiria.pt\/ipce2018\/wp-json\/wp\/v2\/pages"}],"about":[{"href":"https:\/\/sites.ipleiria.pt\/ipce2018\/wp-json\/wp\/v2\/types\/page"}],"author":[{"embeddable":true,"href":"https:\/\/sites.ipleiria.pt\/ipce2018\/wp-json\/wp\/v2\/users\/102"}],"replies":[{"embeddable":true,"href":"https:\/\/sites.ipleiria.pt\/ipce2018\/wp-json\/wp\/v2\/comments?post=174"}],"version-history":[{"count":5,"href":"https:\/\/sites.ipleiria.pt\/ipce2018\/wp-json\/wp\/v2\/pages\/174\/revisions"}],"predecessor-version":[{"id":359,"href":"https:\/\/sites.ipleiria.pt\/ipce2018\/wp-json\/wp\/v2\/pages\/174\/revisions\/359"}],"wp:attachment":[{"href":"https:\/\/sites.ipleiria.pt\/ipce2018\/wp-json\/wp\/v2\/media?parent=174"}],"curies":[{"name":"wp","href":"https:\/\/api.w.org\/{rel}","templated":true}]}}