{"id":2,"date":"2017-11-17T18:52:21","date_gmt":"2017-11-17T18:52:21","guid":{"rendered":"http:\/\/ipce2018.sites.ipleiria.pt\/?page_id=2"},"modified":"2017-12-08T15:41:46","modified_gmt":"2017-12-08T15:41:46","slug":"pagina-exemplo","status":"publish","type":"page","link":"https:\/\/sites.ipleiria.pt\/ipce2018\/","title":{"rendered":"Apresenta\u00e7\u00e3o"},"content":{"rendered":"<p>A <strong>VII Confer\u00eancia Internacional de Investiga\u00e7\u00e3o, Pr\u00e1ticas e Contextos em Educa\u00e7\u00e3o (IPCE)<\/strong> \u00e9 um evento internacional que visa contribuir para o avan\u00e7o da teoria e da pr\u00e1tica em Educa\u00e7\u00e3o. A confer\u00eancia IPCE insere-se no conjunto de atividades do Instituto Polit\u00e9cnico de Leiria (IPL), que visam promover a colabora\u00e7\u00e3o entre investigadores, professores, estudantes e decisores na identifica\u00e7\u00e3o e discuss\u00e3o de desafios e solu\u00e7\u00f5es para os mais diversos contextos educativos, indo ao encontro de uma das dimens\u00f5es da a\u00e7\u00e3o do IPL \u2013 a de promover a rela\u00e7\u00e3o com a regi\u00e3o em que est\u00e1 inserido.<\/p>\n<p>O objetivo da confer\u00eancia IPCE \u00e9 proporcionar uma oportunidade para que profissionais de diversas \u00e1reas ligadas \u00e0 Educa\u00e7\u00e3o e com interesses multidisciplinares interajam e partilhem experi\u00eancias e conhecimentos, contribuindo e estimulando a investiga\u00e7\u00e3o e o desenvolvimento\u00a0de pr\u00e1ticas em Educa\u00e7\u00e3o.<\/p>\n<hr \/>\n<p><strong>L\u00ednguas de trabalho<\/strong><\/p>\n<p>Portugu\u00eas, ingl\u00eas, espanhol e franc\u00eas<\/p>\n<hr \/>\n<p><b>Participantes<\/b><\/p>\n<p>Educadores, professores, investigadores, estudantes do ensino superior, \u00f3rg\u00e3os de dire\u00e7\u00e3o e de gest\u00e3o de institui\u00e7\u00f5es e t\u00e9cnicos da \u00e1rea da educa\u00e7\u00e3o.<\/p>\n<hr \/>\n<p><strong>Temas da Confer\u00eancia:<\/strong><\/p>\n<p>1.Experi\u00eancias de Ensino e Aprendizagem<\/p>\n<h3 style=\"padding-left: 30px\"><em>a) na Educa\u00e7\u00e3o de Inf\u00e2ncia<\/em><\/h3>\n<p>&#8211; Pedagogia da Educa\u00e7\u00e3o de Inf\u00e2ncia<\/p>\n<p>&#8211; Desenvolvimento\/aprendizagem<\/p>\n<p>&#8211; \u00c1rea da Forma\u00e7\u00e3o Pessoal e Social<\/p>\n<p>&#8211; \u00c1rea do Conhecimento do Mundo<\/p>\n<p>&#8211; \u00c1rea da Express\u00e3o e Comunica\u00e7\u00e3o:<\/p>\n<ul>\n<li style=\"padding-left: 30px\">Dom\u00ednio da Educa\u00e7\u00e3o F\u00edsica<\/li>\n<li style=\"padding-left: 30px\">Dom\u00ednio da Educa\u00e7\u00e3o Art\u00edstica<\/li>\n<li style=\"padding-left: 30px\">Dom\u00ednio da Linguagem Oral e Abordagem \u00e0 Escrita<\/li>\n<li style=\"padding-left: 30px\">Dom\u00ednio da Matem\u00e1tica<\/li>\n<\/ul>\n<h3 style=\"padding-left: 30px\"><em>b) na Educa\u00e7\u00e3o B\u00e1sica<\/em><\/h3>\n<p>&#8211; Pedagogia do Ensino B\u00e1sico<\/p>\n<p>&#8211; L\u00edngua materna<\/p>\n<p>&#8211; L\u00edngua n\u00e3o materna<\/p>\n<p>&#8211; Matem\u00e1tica<\/p>\n<p>&#8211; Ci\u00eancias Sociais<\/p>\n<p>&#8211; Ci\u00eancias Naturais<\/p>\n<p>&#8211; Express\u00f5es<\/p>\n<p>&#8211; TIC<\/p>\n<p>&#8211; Educa\u00e7\u00e3o F\u00edsica\/Desporto<\/p>\n<h3 style=\"padding-left: 30px\"><em>c) no Ensino Secund\u00e1rio<\/em><\/h3>\n<p>&#8211; Pedagogia do Ensino Secund\u00e1rio<\/p>\n<p>&#8211; L\u00edngua materna<\/p>\n<p>&#8211; L\u00edngua n\u00e3o materna<\/p>\n<p>&#8211; Matem\u00e1tica<\/p>\n<p>&#8211; Ci\u00eancias Sociais<\/p>\n<p>&#8211; Ci\u00eancias Naturais<\/p>\n<p>&#8211; Express\u00f5es<\/p>\n<p>&#8211; TIC<\/p>\n<p>&#8211; Educa\u00e7\u00e3o F\u00edsica\/Desporto<\/p>\n<h3 style=\"padding-left: 30px\"><em>d) no Ensino Superior<\/em><\/h3>\n<p>&#8211; Pedagogia do Ensino Superior<\/p>\n<p>&#8211; L\u00edngua materna<\/p>\n<p>&#8211; L\u00edngua n\u00e3o materna<\/p>\n<p>&#8211; Matem\u00e1tica<\/p>\n<p>&#8211; Ci\u00eancias Sociais<\/p>\n<p>&#8211; Ci\u00eancias Naturais<\/p>\n<p>&#8211; Express\u00f5es<\/p>\n<p>&#8211; TIC<\/p>\n<p>&#8211; Educa\u00e7\u00e3o f\u00edsica\/Desporto<\/p>\n<h3 style=\"padding-left: 30px\"><em>e) em Contextos Educativos N\u00e3o Formais<\/em><\/h3>\n<p>&#8211; Pedagogia<\/p>\n<p>&#8211; L\u00edngua materna<\/p>\n<p>&#8211; L\u00edngua n\u00e3o materna<\/p>\n<p>&#8211; Matem\u00e1tica<\/p>\n<p>&#8211; Ci\u00eancias Sociais<\/p>\n<p>&#8211; Ci\u00eancias Naturais<\/p>\n<p>&#8211; Express\u00f5es<\/p>\n<p>&#8211; TIC<\/p>\n<p>&#8211; Educa\u00e7\u00e3o F\u00edsica\/Desporto<\/p>\n<p>2.Desenvolvimento Comunit\u00e1rio<\/p>\n<p>3.Outras experi\u00eancias em Contextos Educativos<\/p>\n<p>&nbsp;<\/p>\n","protected":false},"excerpt":{"rendered":"<p>A VII Confer\u00eancia Internacional de Investiga\u00e7\u00e3o, Pr\u00e1ticas e Contextos em Educa\u00e7\u00e3o (IPCE) \u00e9 um evento internacional que visa contribuir para o avan\u00e7o da teoria e da pr\u00e1tica em Educa\u00e7\u00e3o. A confer\u00eancia IPCE insere-se no conjunto de atividades do Instituto Polit\u00e9cnico de Leiria (IPL), que visam promover a colabora\u00e7\u00e3o entre investigadores, professores, estudantes e decisores na [&hellip;]<\/p>\n","protected":false},"author":102,"featured_media":0,"parent":0,"menu_order":0,"comment_status":"closed","ping_status":"open","template":"","meta":{"footnotes":""},"class_list":["post-2","page","type-page","status-publish","hentry"],"yoast_head":"<!-- This site is optimized with the Yoast SEO plugin v26.8 - https:\/\/yoast.com\/product\/yoast-seo-wordpress\/ -->\n<title>Apresenta\u00e7\u00e3o - confer\u00eancia internacional \u00b7 esecs \/ instituto polit\u00e9cnico de leiria\/portugal<\/title>\n<meta name=\"robots\" content=\"index, follow, max-snippet:-1, max-image-preview:large, max-video-preview:-1\" \/>\n<link rel=\"canonical\" href=\"https:\/\/sites.ipleiria.pt\/ipce2018\/\" \/>\n<meta property=\"og:locale\" content=\"pt_PT\" \/>\n<meta property=\"og:type\" content=\"article\" \/>\n<meta property=\"og:title\" content=\"Apresenta\u00e7\u00e3o - confer\u00eancia internacional \u00b7 esecs \/ instituto polit\u00e9cnico de leiria\/portugal\" \/>\n<meta property=\"og:description\" content=\"A VII Confer\u00eancia Internacional de Investiga\u00e7\u00e3o, Pr\u00e1ticas e Contextos em Educa\u00e7\u00e3o (IPCE) \u00e9 um evento internacional que visa contribuir para o avan\u00e7o da teoria e da pr\u00e1tica em Educa\u00e7\u00e3o. A confer\u00eancia IPCE insere-se no conjunto de atividades do Instituto Polit\u00e9cnico de Leiria (IPL), que visam promover a colabora\u00e7\u00e3o entre investigadores, professores, estudantes e decisores na [&hellip;]\" \/>\n<meta property=\"og:url\" content=\"https:\/\/sites.ipleiria.pt\/ipce2018\/\" \/>\n<meta property=\"og:site_name\" content=\"confer\u00eancia internacional \u00b7 esecs \/ instituto polit\u00e9cnico de leiria\/portugal\" \/>\n<meta property=\"article:modified_time\" content=\"2017-12-08T15:41:46+00:00\" \/>\n<meta name=\"twitter:card\" content=\"summary_large_image\" \/>\n<meta name=\"twitter:label1\" content=\"Tempo estimado de leitura\" \/>\n\t<meta name=\"twitter:data1\" content=\"2 minutos\" \/>\n<script type=\"application\/ld+json\" class=\"yoast-schema-graph\">{\"@context\":\"https:\/\/schema.org\",\"@graph\":[{\"@type\":\"WebPage\",\"@id\":\"https:\/\/sites.ipleiria.pt\/ipce2018\/\",\"url\":\"https:\/\/sites.ipleiria.pt\/ipce2018\/\",\"name\":\"Apresenta\u00e7\u00e3o - confer\u00eancia internacional \u00b7 esecs \/ instituto polit\u00e9cnico de leiria\/portugal\",\"isPartOf\":{\"@id\":\"https:\/\/sites.ipleiria.pt\/ipce2018\/#website\"},\"datePublished\":\"2017-11-17T18:52:21+00:00\",\"dateModified\":\"2017-12-08T15:41:46+00:00\",\"breadcrumb\":{\"@id\":\"https:\/\/sites.ipleiria.pt\/ipce2018\/#breadcrumb\"},\"inLanguage\":\"pt-PT\",\"potentialAction\":[{\"@type\":\"ReadAction\",\"target\":[\"https:\/\/sites.ipleiria.pt\/ipce2018\/\"]}]},{\"@type\":\"BreadcrumbList\",\"@id\":\"https:\/\/sites.ipleiria.pt\/ipce2018\/#breadcrumb\",\"itemListElement\":[{\"@type\":\"ListItem\",\"position\":1,\"name\":\"In\u00edcio\",\"item\":\"https:\/\/sites.ipleiria.pt\/ipce2018\/\"},{\"@type\":\"ListItem\",\"position\":2,\"name\":\"Apresenta\u00e7\u00e3o\"}]},{\"@type\":\"WebSite\",\"@id\":\"https:\/\/sites.ipleiria.pt\/ipce2018\/#website\",\"url\":\"https:\/\/sites.ipleiria.pt\/ipce2018\/\",\"name\":\"confer\u00eancia internacional \u00b7 esecs \/ instituto polit\u00e9cnico de leiria\/portugal\",\"description\":\"VII Investiga\u00e7\u00e3o, Pr\u00e1ticas e Contextos em Educa\u00e7\u00e3o\",\"potentialAction\":[{\"@type\":\"SearchAction\",\"target\":{\"@type\":\"EntryPoint\",\"urlTemplate\":\"https:\/\/sites.ipleiria.pt\/ipce2018\/?s={search_term_string}\"},\"query-input\":{\"@type\":\"PropertyValueSpecification\",\"valueRequired\":true,\"valueName\":\"search_term_string\"}}],\"inLanguage\":\"pt-PT\"}]}<\/script>\n<!-- \/ Yoast SEO plugin. -->","yoast_head_json":{"title":"Apresenta\u00e7\u00e3o - confer\u00eancia internacional \u00b7 esecs \/ instituto polit\u00e9cnico de leiria\/portugal","robots":{"index":"index","follow":"follow","max-snippet":"max-snippet:-1","max-image-preview":"max-image-preview:large","max-video-preview":"max-video-preview:-1"},"canonical":"https:\/\/sites.ipleiria.pt\/ipce2018\/","og_locale":"pt_PT","og_type":"article","og_title":"Apresenta\u00e7\u00e3o - confer\u00eancia internacional \u00b7 esecs \/ instituto polit\u00e9cnico de leiria\/portugal","og_description":"A VII Confer\u00eancia Internacional de Investiga\u00e7\u00e3o, Pr\u00e1ticas e Contextos em Educa\u00e7\u00e3o (IPCE) \u00e9 um evento internacional que visa contribuir para o avan\u00e7o da teoria e da pr\u00e1tica em Educa\u00e7\u00e3o. A confer\u00eancia IPCE insere-se no conjunto de atividades do Instituto Polit\u00e9cnico de Leiria (IPL), que visam promover a colabora\u00e7\u00e3o entre investigadores, professores, estudantes e decisores na [&hellip;]","og_url":"https:\/\/sites.ipleiria.pt\/ipce2018\/","og_site_name":"confer\u00eancia internacional \u00b7 esecs \/ instituto polit\u00e9cnico de leiria\/portugal","article_modified_time":"2017-12-08T15:41:46+00:00","twitter_card":"summary_large_image","twitter_misc":{"Tempo estimado de leitura":"2 minutos"},"schema":{"@context":"https:\/\/schema.org","@graph":[{"@type":"WebPage","@id":"https:\/\/sites.ipleiria.pt\/ipce2018\/","url":"https:\/\/sites.ipleiria.pt\/ipce2018\/","name":"Apresenta\u00e7\u00e3o - confer\u00eancia internacional \u00b7 esecs \/ instituto polit\u00e9cnico de leiria\/portugal","isPartOf":{"@id":"https:\/\/sites.ipleiria.pt\/ipce2018\/#website"},"datePublished":"2017-11-17T18:52:21+00:00","dateModified":"2017-12-08T15:41:46+00:00","breadcrumb":{"@id":"https:\/\/sites.ipleiria.pt\/ipce2018\/#breadcrumb"},"inLanguage":"pt-PT","potentialAction":[{"@type":"ReadAction","target":["https:\/\/sites.ipleiria.pt\/ipce2018\/"]}]},{"@type":"BreadcrumbList","@id":"https:\/\/sites.ipleiria.pt\/ipce2018\/#breadcrumb","itemListElement":[{"@type":"ListItem","position":1,"name":"In\u00edcio","item":"https:\/\/sites.ipleiria.pt\/ipce2018\/"},{"@type":"ListItem","position":2,"name":"Apresenta\u00e7\u00e3o"}]},{"@type":"WebSite","@id":"https:\/\/sites.ipleiria.pt\/ipce2018\/#website","url":"https:\/\/sites.ipleiria.pt\/ipce2018\/","name":"confer\u00eancia internacional \u00b7 esecs \/ instituto polit\u00e9cnico de leiria\/portugal","description":"VII Investiga\u00e7\u00e3o, Pr\u00e1ticas e Contextos em Educa\u00e7\u00e3o","potentialAction":[{"@type":"SearchAction","target":{"@type":"EntryPoint","urlTemplate":"https:\/\/sites.ipleiria.pt\/ipce2018\/?s={search_term_string}"},"query-input":{"@type":"PropertyValueSpecification","valueRequired":true,"valueName":"search_term_string"}}],"inLanguage":"pt-PT"}]}},"_links":{"self":[{"href":"https:\/\/sites.ipleiria.pt\/ipce2018\/wp-json\/wp\/v2\/pages\/2","targetHints":{"allow":["GET"]}}],"collection":[{"href":"https:\/\/sites.ipleiria.pt\/ipce2018\/wp-json\/wp\/v2\/pages"}],"about":[{"href":"https:\/\/sites.ipleiria.pt\/ipce2018\/wp-json\/wp\/v2\/types\/page"}],"author":[{"embeddable":true,"href":"https:\/\/sites.ipleiria.pt\/ipce2018\/wp-json\/wp\/v2\/users\/102"}],"replies":[{"embeddable":true,"href":"https:\/\/sites.ipleiria.pt\/ipce2018\/wp-json\/wp\/v2\/comments?post=2"}],"version-history":[{"count":18,"href":"https:\/\/sites.ipleiria.pt\/ipce2018\/wp-json\/wp\/v2\/pages\/2\/revisions"}],"predecessor-version":[{"id":303,"href":"https:\/\/sites.ipleiria.pt\/ipce2018\/wp-json\/wp\/v2\/pages\/2\/revisions\/303"}],"wp:attachment":[{"href":"https:\/\/sites.ipleiria.pt\/ipce2018\/wp-json\/wp\/v2\/media?parent=2"}],"curies":[{"name":"wp","href":"https:\/\/api.w.org\/{rel}","templated":true}]}}