{"id":7,"date":"2017-11-20T16:40:52","date_gmt":"2017-11-20T16:40:52","guid":{"rendered":"http:\/\/sites.ipleiria.pt\/ipce2018\/?page_id=7"},"modified":"2018-02-25T15:04:03","modified_gmt":"2018-02-25T15:04:03","slug":"datas-importantes","status":"publish","type":"page","link":"https:\/\/sites.ipleiria.pt\/ipce2018\/datas-importantes\/","title":{"rendered":"Datas Importantes"},"content":{"rendered":"<p><strong>Limite para a submiss\u00e3o de artigos: <\/strong><del>28 de fevereiro\u00a0<\/del>18 de mar\u00e7o de 2018<\/p>\n<p><strong>Limite para a submiss\u00e3o de relatos:<\/strong><del>28 de fevereiro<\/del>\u00a018 de mar\u00e7o de 2018<\/p>\n<p><strong>Limite para a submiss\u00e3o de posters:<\/strong><del>28 de fevereiro<\/del>\u00a018 de mar\u00e7o de 2018<\/p>\n<p><strong>Notifica\u00e7\u00e3o aos autores: <\/strong>31 de mar\u00e7o de 2018<\/p>\n<p><strong>Inscri\u00e7\u00f5es na confer\u00eancia:<\/strong>\u00a0at\u00e9 30 de abril de 2018<\/p>\n<p><strong>Datas da confer\u00eancia:<\/strong>\u00a004 e 05 de maio de 2018<\/p>\n","protected":false},"excerpt":{"rendered":"<p>Limite para a submiss\u00e3o de artigos: 28 de fevereiro\u00a018 de mar\u00e7o de 2018 Limite para a submiss\u00e3o de relatos:28 de fevereiro\u00a018 de mar\u00e7o de 2018 Limite para a submiss\u00e3o de posters:28 de fevereiro\u00a018 de mar\u00e7o de 2018 Notifica\u00e7\u00e3o aos autores: 31 de mar\u00e7o de 2018 Inscri\u00e7\u00f5es na confer\u00eancia:\u00a0at\u00e9 30 de abril de 2018 Datas da [&hellip;]<\/p>\n","protected":false},"author":102,"featured_media":0,"parent":0,"menu_order":0,"comment_status":"closed","ping_status":"closed","template":"","meta":{"footnotes":""},"class_list":["post-7","page","type-page","status-publish","hentry"],"yoast_head":"<!-- This site is optimized with the Yoast SEO plugin v26.8 - https:\/\/yoast.com\/product\/yoast-seo-wordpress\/ -->\n<title>Datas Importantes - confer\u00eancia internacional \u00b7 esecs \/ instituto polit\u00e9cnico de leiria\/portugal<\/title>\n<meta name=\"robots\" content=\"index, follow, max-snippet:-1, max-image-preview:large, max-video-preview:-1\" \/>\n<link rel=\"canonical\" href=\"https:\/\/sites.ipleiria.pt\/ipce2018\/datas-importantes\/\" \/>\n<meta property=\"og:locale\" content=\"pt_PT\" \/>\n<meta property=\"og:type\" content=\"article\" \/>\n<meta property=\"og:title\" content=\"Datas Importantes - confer\u00eancia internacional \u00b7 esecs \/ instituto polit\u00e9cnico de leiria\/portugal\" \/>\n<meta property=\"og:description\" content=\"Limite para a submiss\u00e3o de artigos: 28 de fevereiro\u00a018 de mar\u00e7o de 2018 Limite para a submiss\u00e3o de relatos:28 de fevereiro\u00a018 de mar\u00e7o de 2018 Limite para a submiss\u00e3o de posters:28 de fevereiro\u00a018 de mar\u00e7o de 2018 Notifica\u00e7\u00e3o aos autores: 31 de mar\u00e7o de 2018 Inscri\u00e7\u00f5es na confer\u00eancia:\u00a0at\u00e9 30 de abril de 2018 Datas da [&hellip;]\" \/>\n<meta property=\"og:url\" content=\"https:\/\/sites.ipleiria.pt\/ipce2018\/datas-importantes\/\" \/>\n<meta property=\"og:site_name\" content=\"confer\u00eancia internacional \u00b7 esecs \/ instituto polit\u00e9cnico de leiria\/portugal\" \/>\n<meta property=\"article:modified_time\" content=\"2018-02-25T15:04:03+00:00\" \/>\n<meta name=\"twitter:card\" content=\"summary_large_image\" \/>\n<script type=\"application\/ld+json\" class=\"yoast-schema-graph\">{\"@context\":\"https:\/\/schema.org\",\"@graph\":[{\"@type\":\"WebPage\",\"@id\":\"https:\/\/sites.ipleiria.pt\/ipce2018\/datas-importantes\/\",\"url\":\"https:\/\/sites.ipleiria.pt\/ipce2018\/datas-importantes\/\",\"name\":\"Datas Importantes - confer\u00eancia internacional \u00b7 esecs \/ instituto polit\u00e9cnico de leiria\/portugal\",\"isPartOf\":{\"@id\":\"https:\/\/sites.ipleiria.pt\/ipce2018\/#website\"},\"datePublished\":\"2017-11-20T16:40:52+00:00\",\"dateModified\":\"2018-02-25T15:04:03+00:00\",\"breadcrumb\":{\"@id\":\"https:\/\/sites.ipleiria.pt\/ipce2018\/datas-importantes\/#breadcrumb\"},\"inLanguage\":\"pt-PT\",\"potentialAction\":[{\"@type\":\"ReadAction\",\"target\":[\"https:\/\/sites.ipleiria.pt\/ipce2018\/datas-importantes\/\"]}]},{\"@type\":\"BreadcrumbList\",\"@id\":\"https:\/\/sites.ipleiria.pt\/ipce2018\/datas-importantes\/#breadcrumb\",\"itemListElement\":[{\"@type\":\"ListItem\",\"position\":1,\"name\":\"In\u00edcio\",\"item\":\"https:\/\/sites.ipleiria.pt\/ipce2018\/\"},{\"@type\":\"ListItem\",\"position\":2,\"name\":\"Datas Importantes\"}]},{\"@type\":\"WebSite\",\"@id\":\"https:\/\/sites.ipleiria.pt\/ipce2018\/#website\",\"url\":\"https:\/\/sites.ipleiria.pt\/ipce2018\/\",\"name\":\"confer\u00eancia internacional \u00b7 esecs \/ instituto polit\u00e9cnico de leiria\/portugal\",\"description\":\"VII Investiga\u00e7\u00e3o, Pr\u00e1ticas e Contextos em Educa\u00e7\u00e3o\",\"potentialAction\":[{\"@type\":\"SearchAction\",\"target\":{\"@type\":\"EntryPoint\",\"urlTemplate\":\"https:\/\/sites.ipleiria.pt\/ipce2018\/?s={search_term_string}\"},\"query-input\":{\"@type\":\"PropertyValueSpecification\",\"valueRequired\":true,\"valueName\":\"search_term_string\"}}],\"inLanguage\":\"pt-PT\"}]}<\/script>\n<!-- \/ Yoast SEO plugin. -->","yoast_head_json":{"title":"Datas Importantes - confer\u00eancia internacional \u00b7 esecs \/ instituto polit\u00e9cnico de leiria\/portugal","robots":{"index":"index","follow":"follow","max-snippet":"max-snippet:-1","max-image-preview":"max-image-preview:large","max-video-preview":"max-video-preview:-1"},"canonical":"https:\/\/sites.ipleiria.pt\/ipce2018\/datas-importantes\/","og_locale":"pt_PT","og_type":"article","og_title":"Datas Importantes - confer\u00eancia internacional \u00b7 esecs \/ instituto polit\u00e9cnico de leiria\/portugal","og_description":"Limite para a submiss\u00e3o de artigos: 28 de fevereiro\u00a018 de mar\u00e7o de 2018 Limite para a submiss\u00e3o de relatos:28 de fevereiro\u00a018 de mar\u00e7o de 2018 Limite para a submiss\u00e3o de posters:28 de fevereiro\u00a018 de mar\u00e7o de 2018 Notifica\u00e7\u00e3o aos autores: 31 de mar\u00e7o de 2018 Inscri\u00e7\u00f5es na confer\u00eancia:\u00a0at\u00e9 30 de abril de 2018 Datas da [&hellip;]","og_url":"https:\/\/sites.ipleiria.pt\/ipce2018\/datas-importantes\/","og_site_name":"confer\u00eancia internacional \u00b7 esecs \/ instituto polit\u00e9cnico de leiria\/portugal","article_modified_time":"2018-02-25T15:04:03+00:00","twitter_card":"summary_large_image","schema":{"@context":"https:\/\/schema.org","@graph":[{"@type":"WebPage","@id":"https:\/\/sites.ipleiria.pt\/ipce2018\/datas-importantes\/","url":"https:\/\/sites.ipleiria.pt\/ipce2018\/datas-importantes\/","name":"Datas Importantes - confer\u00eancia internacional \u00b7 esecs \/ instituto polit\u00e9cnico de leiria\/portugal","isPartOf":{"@id":"https:\/\/sites.ipleiria.pt\/ipce2018\/#website"},"datePublished":"2017-11-20T16:40:52+00:00","dateModified":"2018-02-25T15:04:03+00:00","breadcrumb":{"@id":"https:\/\/sites.ipleiria.pt\/ipce2018\/datas-importantes\/#breadcrumb"},"inLanguage":"pt-PT","potentialAction":[{"@type":"ReadAction","target":["https:\/\/sites.ipleiria.pt\/ipce2018\/datas-importantes\/"]}]},{"@type":"BreadcrumbList","@id":"https:\/\/sites.ipleiria.pt\/ipce2018\/datas-importantes\/#breadcrumb","itemListElement":[{"@type":"ListItem","position":1,"name":"In\u00edcio","item":"https:\/\/sites.ipleiria.pt\/ipce2018\/"},{"@type":"ListItem","position":2,"name":"Datas Importantes"}]},{"@type":"WebSite","@id":"https:\/\/sites.ipleiria.pt\/ipce2018\/#website","url":"https:\/\/sites.ipleiria.pt\/ipce2018\/","name":"confer\u00eancia internacional \u00b7 esecs \/ instituto polit\u00e9cnico de leiria\/portugal","description":"VII Investiga\u00e7\u00e3o, Pr\u00e1ticas e Contextos em Educa\u00e7\u00e3o","potentialAction":[{"@type":"SearchAction","target":{"@type":"EntryPoint","urlTemplate":"https:\/\/sites.ipleiria.pt\/ipce2018\/?s={search_term_string}"},"query-input":{"@type":"PropertyValueSpecification","valueRequired":true,"valueName":"search_term_string"}}],"inLanguage":"pt-PT"}]}},"_links":{"self":[{"href":"https:\/\/sites.ipleiria.pt\/ipce2018\/wp-json\/wp\/v2\/pages\/7","targetHints":{"allow":["GET"]}}],"collection":[{"href":"https:\/\/sites.ipleiria.pt\/ipce2018\/wp-json\/wp\/v2\/pages"}],"about":[{"href":"https:\/\/sites.ipleiria.pt\/ipce2018\/wp-json\/wp\/v2\/types\/page"}],"author":[{"embeddable":true,"href":"https:\/\/sites.ipleiria.pt\/ipce2018\/wp-json\/wp\/v2\/users\/102"}],"replies":[{"embeddable":true,"href":"https:\/\/sites.ipleiria.pt\/ipce2018\/wp-json\/wp\/v2\/comments?post=7"}],"version-history":[{"count":5,"href":"https:\/\/sites.ipleiria.pt\/ipce2018\/wp-json\/wp\/v2\/pages\/7\/revisions"}],"predecessor-version":[{"id":396,"href":"https:\/\/sites.ipleiria.pt\/ipce2018\/wp-json\/wp\/v2\/pages\/7\/revisions\/396"}],"wp:attachment":[{"href":"https:\/\/sites.ipleiria.pt\/ipce2018\/wp-json\/wp\/v2\/media?parent=7"}],"curies":[{"name":"wp","href":"https:\/\/api.w.org\/{rel}","templated":true}]}}