{"id":105,"date":"2018-11-26T18:17:46","date_gmt":"2018-11-26T18:17:46","guid":{"rendered":"http:\/\/sites.ipleiria.pt\/ipce2019\/?page_id=105"},"modified":"2019-05-02T09:59:07","modified_gmt":"2019-05-02T09:59:07","slug":"llamada-a-propuestas","status":"publish","type":"page","link":"https:\/\/sites.ipleiria.pt\/ipce2019\/es\/llamada-a-propuestas\/","title":{"rendered":"Llamada a propuestas"},"content":{"rendered":"<p>Las sesiones paralelas sirven para presentar experiencias educativas, proyectos, trabajos de investigaci\u00f3n, herramientas y materiales enmarcados en las \u00e1reas tem\u00e1ticas de la conferencia IPCE.<br \/>\nEl comit\u00e9 Organizador del IPCE2019 anima a la comunidad educativa, en particular, a los educadores, profesores, investigadores, estudiantes de la ense\u00f1anza superior, gestores de instituciones y t\u00e9cnicos en el campo de la educaci\u00f3n a presentar trabajos en los siguientes formatos:<\/p>\n<p><strong>Art\u00edculos<\/strong><br \/>\nSolo se podr\u00e1n enviar textos in\u00e9ditos y no publicados. Se podr\u00e1n redactar en portugu\u00e9s, espa\u00f1ol e ingl\u00e9s, con un l\u00edmite de 30 000 caracteres, incluyendo espacios y excluyendo el t\u00edtulo, instituci\u00f3n de origen, e-mail, resumen y palabras clave (\u00e9stos \u00faltimos en dos idiomas).<br \/>\nLas propuestas tienen que respetar obligatoriamente las normas de formato del IPCE 2019. Se podr\u00e1 utilizar la plantilla para trabajar directamente sobre el archivo. La propuesta no se publicar\u00e1 si las normas no son respetadas.<br \/>\nEl texto completo del art\u00edculo se enviar\u00e1 a trav\u00e9s de la plataforma <a href=\"https:\/\/easychair.org\/conferences\/?conf=ipce2019\">Easychair<\/a> <strong>antes del d\u00eda <del>11 de febrero de 2019<\/del>\u00a025 de febrero de 2019<\/strong>. El documento (.doc o .docx) deber\u00e1 indicar el nombre y los apellidos de los autores.<br \/>\nPlantilla de los art\u00edculos: <a href=\"http:\/\/sites.ipleiria.pt\/ipce2019\/files\/2018\/12\/IPCE2019_Modelo_artigo-ES.docx\">descargar<\/a> (.docx)<\/p>\n<p><strong>Relato de experiencias<\/strong><br \/>\nEste formato tiene como objetivo la difusi\u00f3n de experiencias educativas y proyectos en curso:<br \/>\n&#8211; Una experiencia educativa (sin necesidad de metodolog\u00eda, resultados ni referencias)<br \/>\n&#8211; Un proyecto en curso (sin necesidad de metodolog\u00eda, resultados ni referencias)<br \/>\n&#8211; Un proyecto de investigaci\u00f3n o proyecto educativo (siendo necesario la inclusi\u00f3n de metodolog\u00eda, resultados y resultados)<br \/>\nLa propuesta de relato se redactar\u00e1 en portugu\u00e9s, espa\u00f1ol o ingl\u00e9s, con un l\u00edmite de 4200 caracteres, incluyendo espacios y excluyendo el t\u00edtulo, instituci\u00f3n de origen, e-mail, resumen y palabras clave (en dos idiomas).<br \/>\nEl texto completo del art\u00edculo se enviar\u00e1 a trav\u00e9s de la plataforma <a href=\"https:\/\/easychair.org\/conferences\/?conf=ipce2019\">Easychair<\/a> <strong><del>11 de febrero de 2019<\/del>\u00a025 de febrero de 2019<\/strong>. El documento (.doc o .docx) deber\u00e1 indicar el nombre y los apellidos de los autores.<br \/>\nPlantilla de los relatos: <a href=\"http:\/\/sites.ipleiria.pt\/ipce2019\/files\/2018\/12\/IPCE_Modelo-Relato-ESP.docx\">descargar<\/a> (.docx)<\/p>\n<p><strong>P\u00f3ster<\/strong><br \/>\nSe pretende divulgar trabajos de investigaci\u00f3n, experiencias educativas, proyectos, herramientas y materiales. La presentaci\u00f3n de p\u00f3steres surge como una excelente oportunidad para presentar y debatir trabajos de investigaci\u00f3n de modo interactivo e informal.<br \/>\nLos p\u00f3steres se proponen usando el modelo impuesto. Los p\u00f3steres aceptados (tama\u00f1o DIN A0, vertical) ser\u00e1n expuestos a partir del primer d\u00eda de la conferencia, permaneciendo hasta el final del evento. Los autores deber\u00e1n estar presentes durante la sesi\u00f3n de presentaci\u00f3n de los p\u00f3steres, de manera a poder mostrar informalmente su trabajo. Dicha sesi\u00f3n tendr\u00e1 una duraci\u00f3n de 1 hora. Los materiales expuestos son responsabilidad exclusiva de sus autores y deber\u00e1n estar listos antes del inicio de la conferencia.<br \/>\nEl texto completo del art\u00edculo se enviar\u00e1 a trav\u00e9s de la plataforma <a href=\"https:\/\/easychair.org\/conferences\/?conf=ipce2019\">Easychair<\/a> <strong><del>11 de febrero de 2019<\/del>\u00a025 de febrero de 2019<\/strong>. El documento (.ppt o .pptx) deber\u00e1 indicar el nombre y los apellidos de los autores.<br \/>\nPlantilla de los p\u00f3steres: <a href=\"http:\/\/sites.ipleiria.pt\/ipce2019\/files\/2018\/12\/IPCE2019_Modelo_Poster-ES.pptx\">descargar<\/a> (.pptx)<\/p>\n<p><strong>NOTA IMPORTANTE<\/strong><br \/>\nLas propuestas ser\u00e1n sometidas a una revisi\u00f3n a ciegas por parte de los miembros del Comit\u00e9 Cient\u00edfico, que proceder\u00e1n a una evaluaci\u00f3n seg\u00fan los siguientes criterios:<br \/>\n\u2013 Pertinencia de la propuesta en relaci\u00f3n con la tem\u00e1tica de la conferencia.<br \/>\n\u2013 Calidad cient\u00edfica y aportaciones de la propuesta.<br \/>\n\u2013 Uso de corpus, pr\u00e1ctica profesional y\/o trabajo de investigaci\u00f3n reconocido.<br \/>\n\u2013 Respeto de las normas de publicaci\u00f3n<br \/>\nCompletada la selecci\u00f3n por parte del Comit\u00e9 Organizador, se informar\u00e1 a los autores de la aceptaci\u00f3n de sus propuestas, mediante correo electr\u00f3nico <strong>hasta el 15 de abril de 2019.<\/strong><\/p>\n<p>La comunicaci\u00f3n de los relatos tendr\u00e1 una duraci\u00f3n m\u00e1xima de 10 minutos y la de los art\u00edculos de 15 minutos.<br \/>\nLa inscripci\u00f3n en el Congreso de al menos uno de los autores (antes del 3 de mayo de 2019) es requisito indispensable para la presentaci\u00f3n de los trabajos aceptados.<\/p>\n","protected":false},"excerpt":{"rendered":"<p>Las sesiones paralelas sirven para presentar experiencias educativas, proyectos, trabajos de investigaci\u00f3n, herramientas y materiales enmarcados en las \u00e1reas tem\u00e1ticas de la conferencia IPCE. El comit\u00e9 Organizador del IPCE2019 anima a la comunidad educativa, en particular, a los educadores, profesores,&hellip;  <\/p>\n<p class=\"more-link\"><a href=\"https:\/\/sites.ipleiria.pt\/ipce2019\/es\/llamada-a-propuestas\/\">Continue reading <span class=\"meta-nav\">&rarr;<\/span><\/a><\/p>\n","protected":false},"author":102,"featured_media":0,"parent":0,"menu_order":0,"comment_status":"closed","ping_status":"closed","template":"","meta":{"footnotes":""},"class_list":["post-105","page","type-page","status-publish","hentry"],"yoast_head":"<!-- This site is optimized with the Yoast SEO plugin v26.8 - https:\/\/yoast.com\/product\/yoast-seo-wordpress\/ -->\n<title>Llamada a propuestas - VIII Investiga\u00e7\u00e3o Pr\u00e1ticas e Contextos em Educa\u00e7\u00e3o<\/title>\n<meta name=\"robots\" content=\"index, follow, max-snippet:-1, max-image-preview:large, max-video-preview:-1\" \/>\n<link rel=\"canonical\" href=\"https:\/\/sites.ipleiria.pt\/ipce2019\/es\/llamada-a-propuestas\/\" \/>\n<meta property=\"og:locale\" content=\"pt_PT\" \/>\n<meta property=\"og:type\" content=\"article\" \/>\n<meta property=\"og:title\" content=\"Llamada a propuestas - VIII Investiga\u00e7\u00e3o Pr\u00e1ticas e Contextos em Educa\u00e7\u00e3o\" \/>\n<meta property=\"og:description\" content=\"Las sesiones paralelas sirven para presentar experiencias educativas, proyectos, trabajos de investigaci\u00f3n, herramientas y materiales enmarcados en las \u00e1reas tem\u00e1ticas de la conferencia IPCE. El comit\u00e9 Organizador del IPCE2019 anima a la comunidad educativa, en particular, a los educadores, profesores,&hellip; Continue reading &rarr;\" \/>\n<meta property=\"og:url\" content=\"https:\/\/sites.ipleiria.pt\/ipce2019\/es\/llamada-a-propuestas\/\" \/>\n<meta property=\"og:site_name\" content=\"VIII Investiga\u00e7\u00e3o Pr\u00e1ticas e Contextos em Educa\u00e7\u00e3o\" \/>\n<meta property=\"article:modified_time\" content=\"2019-05-02T09:59:07+00:00\" \/>\n<meta name=\"twitter:card\" content=\"summary_large_image\" \/>\n<meta name=\"twitter:label1\" content=\"Tempo estimado de leitura\" \/>\n\t<meta name=\"twitter:data1\" content=\"3 minutos\" \/>\n<script type=\"application\/ld+json\" class=\"yoast-schema-graph\">{\"@context\":\"https:\/\/schema.org\",\"@graph\":[{\"@type\":\"WebPage\",\"@id\":\"https:\/\/sites.ipleiria.pt\/ipce2019\/es\/llamada-a-propuestas\/\",\"url\":\"https:\/\/sites.ipleiria.pt\/ipce2019\/es\/llamada-a-propuestas\/\",\"name\":\"Llamada a propuestas - VIII Investiga\u00e7\u00e3o Pr\u00e1ticas e Contextos em Educa\u00e7\u00e3o\",\"isPartOf\":{\"@id\":\"https:\/\/sites.ipleiria.pt\/ipce2019\/#website\"},\"datePublished\":\"2018-11-26T18:17:46+00:00\",\"dateModified\":\"2019-05-02T09:59:07+00:00\",\"breadcrumb\":{\"@id\":\"https:\/\/sites.ipleiria.pt\/ipce2019\/es\/llamada-a-propuestas\/#breadcrumb\"},\"inLanguage\":\"pt-PT\",\"potentialAction\":[{\"@type\":\"ReadAction\",\"target\":[\"https:\/\/sites.ipleiria.pt\/ipce2019\/es\/llamada-a-propuestas\/\"]}]},{\"@type\":\"BreadcrumbList\",\"@id\":\"https:\/\/sites.ipleiria.pt\/ipce2019\/es\/llamada-a-propuestas\/#breadcrumb\",\"itemListElement\":[{\"@type\":\"ListItem\",\"position\":1,\"name\":\"In\u00edcio\",\"item\":\"https:\/\/sites.ipleiria.pt\/ipce2019\/\"},{\"@type\":\"ListItem\",\"position\":2,\"name\":\"Llamada a propuestas\"}]},{\"@type\":\"WebSite\",\"@id\":\"https:\/\/sites.ipleiria.pt\/ipce2019\/#website\",\"url\":\"https:\/\/sites.ipleiria.pt\/ipce2019\/\",\"name\":\"VIII Investiga\u00e7\u00e3o Pr\u00e1ticas e Contextos em Educa\u00e7\u00e3o\",\"description\":\"Mais um site Sites IPLEIRIA\",\"potentialAction\":[{\"@type\":\"SearchAction\",\"target\":{\"@type\":\"EntryPoint\",\"urlTemplate\":\"https:\/\/sites.ipleiria.pt\/ipce2019\/?s={search_term_string}\"},\"query-input\":{\"@type\":\"PropertyValueSpecification\",\"valueRequired\":true,\"valueName\":\"search_term_string\"}}],\"inLanguage\":\"pt-PT\"}]}<\/script>\n<!-- \/ Yoast SEO plugin. -->","yoast_head_json":{"title":"Llamada a propuestas - VIII Investiga\u00e7\u00e3o Pr\u00e1ticas e Contextos em Educa\u00e7\u00e3o","robots":{"index":"index","follow":"follow","max-snippet":"max-snippet:-1","max-image-preview":"max-image-preview:large","max-video-preview":"max-video-preview:-1"},"canonical":"https:\/\/sites.ipleiria.pt\/ipce2019\/es\/llamada-a-propuestas\/","og_locale":"pt_PT","og_type":"article","og_title":"Llamada a propuestas - VIII Investiga\u00e7\u00e3o Pr\u00e1ticas e Contextos em Educa\u00e7\u00e3o","og_description":"Las sesiones paralelas sirven para presentar experiencias educativas, proyectos, trabajos de investigaci\u00f3n, herramientas y materiales enmarcados en las \u00e1reas tem\u00e1ticas de la conferencia IPCE. El comit\u00e9 Organizador del IPCE2019 anima a la comunidad educativa, en particular, a los educadores, profesores,&hellip; Continue reading &rarr;","og_url":"https:\/\/sites.ipleiria.pt\/ipce2019\/es\/llamada-a-propuestas\/","og_site_name":"VIII Investiga\u00e7\u00e3o Pr\u00e1ticas e Contextos em Educa\u00e7\u00e3o","article_modified_time":"2019-05-02T09:59:07+00:00","twitter_card":"summary_large_image","twitter_misc":{"Tempo estimado de leitura":"3 minutos"},"schema":{"@context":"https:\/\/schema.org","@graph":[{"@type":"WebPage","@id":"https:\/\/sites.ipleiria.pt\/ipce2019\/es\/llamada-a-propuestas\/","url":"https:\/\/sites.ipleiria.pt\/ipce2019\/es\/llamada-a-propuestas\/","name":"Llamada a propuestas - VIII Investiga\u00e7\u00e3o Pr\u00e1ticas e Contextos em Educa\u00e7\u00e3o","isPartOf":{"@id":"https:\/\/sites.ipleiria.pt\/ipce2019\/#website"},"datePublished":"2018-11-26T18:17:46+00:00","dateModified":"2019-05-02T09:59:07+00:00","breadcrumb":{"@id":"https:\/\/sites.ipleiria.pt\/ipce2019\/es\/llamada-a-propuestas\/#breadcrumb"},"inLanguage":"pt-PT","potentialAction":[{"@type":"ReadAction","target":["https:\/\/sites.ipleiria.pt\/ipce2019\/es\/llamada-a-propuestas\/"]}]},{"@type":"BreadcrumbList","@id":"https:\/\/sites.ipleiria.pt\/ipce2019\/es\/llamada-a-propuestas\/#breadcrumb","itemListElement":[{"@type":"ListItem","position":1,"name":"In\u00edcio","item":"https:\/\/sites.ipleiria.pt\/ipce2019\/"},{"@type":"ListItem","position":2,"name":"Llamada a propuestas"}]},{"@type":"WebSite","@id":"https:\/\/sites.ipleiria.pt\/ipce2019\/#website","url":"https:\/\/sites.ipleiria.pt\/ipce2019\/","name":"VIII Investiga\u00e7\u00e3o Pr\u00e1ticas e Contextos em Educa\u00e7\u00e3o","description":"Mais um site Sites IPLEIRIA","potentialAction":[{"@type":"SearchAction","target":{"@type":"EntryPoint","urlTemplate":"https:\/\/sites.ipleiria.pt\/ipce2019\/?s={search_term_string}"},"query-input":{"@type":"PropertyValueSpecification","valueRequired":true,"valueName":"search_term_string"}}],"inLanguage":"pt-PT"}]}},"_links":{"self":[{"href":"https:\/\/sites.ipleiria.pt\/ipce2019\/wp-json\/wp\/v2\/pages\/105","targetHints":{"allow":["GET"]}}],"collection":[{"href":"https:\/\/sites.ipleiria.pt\/ipce2019\/wp-json\/wp\/v2\/pages"}],"about":[{"href":"https:\/\/sites.ipleiria.pt\/ipce2019\/wp-json\/wp\/v2\/types\/page"}],"author":[{"embeddable":true,"href":"https:\/\/sites.ipleiria.pt\/ipce2019\/wp-json\/wp\/v2\/users\/102"}],"replies":[{"embeddable":true,"href":"https:\/\/sites.ipleiria.pt\/ipce2019\/wp-json\/wp\/v2\/comments?post=105"}],"version-history":[{"count":7,"href":"https:\/\/sites.ipleiria.pt\/ipce2019\/wp-json\/wp\/v2\/pages\/105\/revisions"}],"predecessor-version":[{"id":537,"href":"https:\/\/sites.ipleiria.pt\/ipce2019\/wp-json\/wp\/v2\/pages\/105\/revisions\/537"}],"wp:attachment":[{"href":"https:\/\/sites.ipleiria.pt\/ipce2019\/wp-json\/wp\/v2\/media?parent=105"}],"curies":[{"name":"wp","href":"https:\/\/api.w.org\/{rel}","templated":true}]}}