{"id":109,"date":"2018-11-26T18:19:41","date_gmt":"2018-11-26T18:19:41","guid":{"rendered":"http:\/\/sites.ipleiria.pt\/ipce2019\/?page_id=109"},"modified":"2019-04-30T17:15:00","modified_gmt":"2019-04-30T17:15:00","slug":"programme","status":"publish","type":"page","link":"https:\/\/sites.ipleiria.pt\/ipce2019\/en\/programme\/","title":{"rendered":"Programme"},"content":{"rendered":"\n<p><strong>Outline programme<\/strong> <a href=\"https:\/\/drive.google.com\/file\/d\/1DVzcm0D8QEhVx5DsLoOGvK2U8YF5ugxl\/view?usp=sharing\">click here<\/a><\/p>\n\n\n\n<p><strong>Parallel sessions <\/strong><a href=\"https:\/\/drive.google.com\/file\/d\/1VsAaUfO_bdYVo1hgYrvVS_vbZ7MdDRUd\/view?usp=sharing\">click here<\/a><\/p>\n\n\n\n<p><\/p>\n","protected":false},"excerpt":{"rendered":"<p>Outline programme click here Parallel sessions click here<\/p>\n","protected":false},"author":102,"featured_media":0,"parent":0,"menu_order":0,"comment_status":"closed","ping_status":"closed","template":"","meta":{"footnotes":""},"class_list":["post-109","page","type-page","status-publish","hentry"],"yoast_head":"<!-- This site is optimized with the Yoast SEO plugin v26.8 - https:\/\/yoast.com\/product\/yoast-seo-wordpress\/ -->\n<title>Programme - VIII Investiga\u00e7\u00e3o Pr\u00e1ticas e Contextos em Educa\u00e7\u00e3o<\/title>\n<meta name=\"robots\" content=\"index, follow, max-snippet:-1, max-image-preview:large, max-video-preview:-1\" \/>\n<link rel=\"canonical\" href=\"https:\/\/sites.ipleiria.pt\/ipce2019\/en\/programme\/\" \/>\n<meta property=\"og:locale\" content=\"pt_PT\" \/>\n<meta property=\"og:type\" content=\"article\" \/>\n<meta property=\"og:title\" content=\"Programme - VIII Investiga\u00e7\u00e3o Pr\u00e1ticas e Contextos em Educa\u00e7\u00e3o\" \/>\n<meta property=\"og:description\" content=\"Outline programme click here Parallel sessions click here\" \/>\n<meta property=\"og:url\" content=\"https:\/\/sites.ipleiria.pt\/ipce2019\/en\/programme\/\" \/>\n<meta property=\"og:site_name\" content=\"VIII Investiga\u00e7\u00e3o Pr\u00e1ticas e Contextos em Educa\u00e7\u00e3o\" \/>\n<meta property=\"article:modified_time\" content=\"2019-04-30T17:15:00+00:00\" \/>\n<meta name=\"twitter:card\" content=\"summary_large_image\" \/>\n<script type=\"application\/ld+json\" class=\"yoast-schema-graph\">{\"@context\":\"https:\/\/schema.org\",\"@graph\":[{\"@type\":\"WebPage\",\"@id\":\"https:\/\/sites.ipleiria.pt\/ipce2019\/en\/programme\/\",\"url\":\"https:\/\/sites.ipleiria.pt\/ipce2019\/en\/programme\/\",\"name\":\"Programme - VIII Investiga\u00e7\u00e3o Pr\u00e1ticas e Contextos em Educa\u00e7\u00e3o\",\"isPartOf\":{\"@id\":\"https:\/\/sites.ipleiria.pt\/ipce2019\/#website\"},\"datePublished\":\"2018-11-26T18:19:41+00:00\",\"dateModified\":\"2019-04-30T17:15:00+00:00\",\"breadcrumb\":{\"@id\":\"https:\/\/sites.ipleiria.pt\/ipce2019\/en\/programme\/#breadcrumb\"},\"inLanguage\":\"pt-PT\",\"potentialAction\":[{\"@type\":\"ReadAction\",\"target\":[\"https:\/\/sites.ipleiria.pt\/ipce2019\/en\/programme\/\"]}]},{\"@type\":\"BreadcrumbList\",\"@id\":\"https:\/\/sites.ipleiria.pt\/ipce2019\/en\/programme\/#breadcrumb\",\"itemListElement\":[{\"@type\":\"ListItem\",\"position\":1,\"name\":\"In\u00edcio\",\"item\":\"https:\/\/sites.ipleiria.pt\/ipce2019\/\"},{\"@type\":\"ListItem\",\"position\":2,\"name\":\"Programme\"}]},{\"@type\":\"WebSite\",\"@id\":\"https:\/\/sites.ipleiria.pt\/ipce2019\/#website\",\"url\":\"https:\/\/sites.ipleiria.pt\/ipce2019\/\",\"name\":\"VIII Investiga\u00e7\u00e3o Pr\u00e1ticas e Contextos em Educa\u00e7\u00e3o\",\"description\":\"Mais um site Sites IPLEIRIA\",\"potentialAction\":[{\"@type\":\"SearchAction\",\"target\":{\"@type\":\"EntryPoint\",\"urlTemplate\":\"https:\/\/sites.ipleiria.pt\/ipce2019\/?s={search_term_string}\"},\"query-input\":{\"@type\":\"PropertyValueSpecification\",\"valueRequired\":true,\"valueName\":\"search_term_string\"}}],\"inLanguage\":\"pt-PT\"}]}<\/script>\n<!-- \/ Yoast SEO plugin. -->","yoast_head_json":{"title":"Programme - VIII Investiga\u00e7\u00e3o Pr\u00e1ticas e Contextos em Educa\u00e7\u00e3o","robots":{"index":"index","follow":"follow","max-snippet":"max-snippet:-1","max-image-preview":"max-image-preview:large","max-video-preview":"max-video-preview:-1"},"canonical":"https:\/\/sites.ipleiria.pt\/ipce2019\/en\/programme\/","og_locale":"pt_PT","og_type":"article","og_title":"Programme - VIII Investiga\u00e7\u00e3o Pr\u00e1ticas e Contextos em Educa\u00e7\u00e3o","og_description":"Outline programme click here Parallel sessions click here","og_url":"https:\/\/sites.ipleiria.pt\/ipce2019\/en\/programme\/","og_site_name":"VIII Investiga\u00e7\u00e3o Pr\u00e1ticas e Contextos em Educa\u00e7\u00e3o","article_modified_time":"2019-04-30T17:15:00+00:00","twitter_card":"summary_large_image","schema":{"@context":"https:\/\/schema.org","@graph":[{"@type":"WebPage","@id":"https:\/\/sites.ipleiria.pt\/ipce2019\/en\/programme\/","url":"https:\/\/sites.ipleiria.pt\/ipce2019\/en\/programme\/","name":"Programme - VIII Investiga\u00e7\u00e3o Pr\u00e1ticas e Contextos em Educa\u00e7\u00e3o","isPartOf":{"@id":"https:\/\/sites.ipleiria.pt\/ipce2019\/#website"},"datePublished":"2018-11-26T18:19:41+00:00","dateModified":"2019-04-30T17:15:00+00:00","breadcrumb":{"@id":"https:\/\/sites.ipleiria.pt\/ipce2019\/en\/programme\/#breadcrumb"},"inLanguage":"pt-PT","potentialAction":[{"@type":"ReadAction","target":["https:\/\/sites.ipleiria.pt\/ipce2019\/en\/programme\/"]}]},{"@type":"BreadcrumbList","@id":"https:\/\/sites.ipleiria.pt\/ipce2019\/en\/programme\/#breadcrumb","itemListElement":[{"@type":"ListItem","position":1,"name":"In\u00edcio","item":"https:\/\/sites.ipleiria.pt\/ipce2019\/"},{"@type":"ListItem","position":2,"name":"Programme"}]},{"@type":"WebSite","@id":"https:\/\/sites.ipleiria.pt\/ipce2019\/#website","url":"https:\/\/sites.ipleiria.pt\/ipce2019\/","name":"VIII Investiga\u00e7\u00e3o Pr\u00e1ticas e Contextos em Educa\u00e7\u00e3o","description":"Mais um site Sites IPLEIRIA","potentialAction":[{"@type":"SearchAction","target":{"@type":"EntryPoint","urlTemplate":"https:\/\/sites.ipleiria.pt\/ipce2019\/?s={search_term_string}"},"query-input":{"@type":"PropertyValueSpecification","valueRequired":true,"valueName":"search_term_string"}}],"inLanguage":"pt-PT"}]}},"_links":{"self":[{"href":"https:\/\/sites.ipleiria.pt\/ipce2019\/wp-json\/wp\/v2\/pages\/109","targetHints":{"allow":["GET"]}}],"collection":[{"href":"https:\/\/sites.ipleiria.pt\/ipce2019\/wp-json\/wp\/v2\/pages"}],"about":[{"href":"https:\/\/sites.ipleiria.pt\/ipce2019\/wp-json\/wp\/v2\/types\/page"}],"author":[{"embeddable":true,"href":"https:\/\/sites.ipleiria.pt\/ipce2019\/wp-json\/wp\/v2\/users\/102"}],"replies":[{"embeddable":true,"href":"https:\/\/sites.ipleiria.pt\/ipce2019\/wp-json\/wp\/v2\/comments?post=109"}],"version-history":[{"count":7,"href":"https:\/\/sites.ipleiria.pt\/ipce2019\/wp-json\/wp\/v2\/pages\/109\/revisions"}],"predecessor-version":[{"id":530,"href":"https:\/\/sites.ipleiria.pt\/ipce2019\/wp-json\/wp\/v2\/pages\/109\/revisions\/530"}],"wp:attachment":[{"href":"https:\/\/sites.ipleiria.pt\/ipce2019\/wp-json\/wp\/v2\/media?parent=109"}],"curies":[{"name":"wp","href":"https:\/\/api.w.org\/{rel}","templated":true}]}}