{"id":11,"date":"2018-11-26T13:06:56","date_gmt":"2018-11-26T13:06:56","guid":{"rendered":"http:\/\/sites.ipleiria.pt\/ipce2019\/?page_id=11"},"modified":"2019-12-08T12:22:47","modified_gmt":"2019-12-08T12:22:47","slug":"organizacao","status":"publish","type":"page","link":"https:\/\/sites.ipleiria.pt\/ipce2019\/organizacao\/","title":{"rendered":"Organiza\u00e7\u00e3o"},"content":{"rendered":"<p><strong>Comiss\u00e3o Organizadora<\/strong><br \/>\nDina Catarina Duarte Alves<br \/>\nH\u00e9lia Gon\u00e7alves Pinto<br \/>\nMaria Isabel Pinto Sim\u00f5es Dias<br \/>\nMaria Od\u00edlia de Jesus Almeida Abreu<br \/>\nRomain Gillain Mu\u00f1oz<\/p>\n<p><strong>Comiss\u00e3o Cient\u00edfica<\/strong><\/p>\n<p>Ana Baptista \u2013 Queen Mary University of London (Reino Unido)<br \/>\nAna Torres -Escola Superior de Sa\u00fade Norte da Cruz Vermelha Portuguesa (Portugal)<br \/>\nAna Vicente \u2013 CESAM\/Universidade de Aveiro (Portugal)<br \/>\nAlzira Maria Rasc\u00e3o Saraiva \u2013 Instituto Polit\u00e9cnico de Leiria (Portugal)<br \/>\nAnt\u00f3nio Eduardo Veyrier Val\u00e9rio Maduro \u2013 Instituto Universit\u00e1rio da Maia (Portugal)<br \/>\nBev Fl\u00fcckiger \u2013 Griffith University (Austr\u00e1lia)<br \/>\nCarmen Vanesa \u00c1lvarez Rosa \u2013 Universidad de Salamanca (Espanha)<br \/>\nC\u00e1tia Gon\u00e7alves \u2013 CESAM\/Universidade de Aveiro (Portugal)<br \/>\nCl\u00e1udia Figueiredo \u2013 Universidade de Aveiro (Portugal)<br \/>\nElvira Ferreira \u2013 (Portugal)<br \/>\nFabrice Schurmans \u2013 CES\/Universidad de Coimbra (Portugal)<br \/>\nFausto Caels \u2013 Instituto Polit\u00e9cnico de Leiria (Portugal)<br \/>\nFilipe Alexandre da Silva Santos \u2013 Instituto Polit\u00e9cnico de Leiria (Portugal)<br \/>\nGabriela Prego V\u00e1zquez \u2013 Universidad de Santiago de Compostela (Espanha)<br \/>\nGra\u00e7a Maria Santos Batista Seco \u2013 Instituto Polit\u00e9cnico de Leiria (Portugal)<br \/>\nH\u00e9lia Gon\u00e7alves Pinto \u2013 Instituto Polit\u00e9cnico de Leiria (Portugal)<br \/>\nHugo Alexandre Lopes Menino \u2013 Instituto Polit\u00e9cnico de Leiria (Portugal)<br \/>\nIsabel Cuadrado Gordillo \u2013 Universidad de Extremadura (Espanha)<br \/>\nIsabel Lopes da Silva \u2013 (Portugal)<br \/>\nIsabel Sofia Godinho Silva Rebelo \u2013 Instituto Polit\u00e9cnico de Leiria (Portugal)<br \/>\nJos\u00e9 Brites Ferreira \u2013 Instituto Polit\u00e9cnico de Leiria (Portugal)<br \/>\nJ\u00falia Garraio \u2013 CES\/Universidad de Coimbra (Portugal)<br \/>\nL\u00facia Grave Magueta \u2013 Instituto Polit\u00e9cnico de Leiria (Portugal)<br \/>\nLu\u00eds Filipe Tom\u00e1s Barbeiro \u2013 Instituto Polit\u00e9cnico de Leiria (Portugal)<br \/>\nLuz Zas \u2013 Universidad de Santiago de Compostela (Espanha)<br \/>\nMaria Cinta Mu\u00f1oz Catal\u00e1n \u2013 Universidad de Sevilla (Espanha)<br \/>\nMar\u00eda del Mar D\u00edaz Gonz\u00e1lez \u2013 Universidad de Oviedo (Espanha)<br \/>\nMaria Isabel Alves Rodrigues Pereira \u2013 Instituto Polit\u00e9cnico de Leiria (Portugal)<br \/>\nMaria Isabel Pinto Sim\u00f5es Dias \u2013 Instituto Polit\u00e9cnico de Leiria (Portugal)<br \/>\nMaria Jo\u00e3o Cardona \u2013 Instituto Polit\u00e9cnico de Santar\u00e9m (Portugal)<br \/>\nMaria Jos\u00e9 Gamboa \u2013 Instituto Polit\u00e9cnico de Leiria (Portugal)<br \/>\nMaria Jos\u00e9 Marcelino \u2013 Universidade de Coimbra (Portugal)<br \/>\nMaria de S\u00e3o Pedro dos Santos Silva Lopes \u2013 Instituto Polit\u00e9cnico de Leiria (Portugal)<br \/>\nMarina Vict\u00f3ria Valdez Faria Rodrigues \u2013 Instituto Polit\u00e9cnico de Leiria (Portugal)<br \/>\nMarta Alexandre \u2013 Instituto Polit\u00e9cnico de Leiria (Portugal)<br \/>\nMarta Fonseca \u2013 Instituto Polit\u00e9cnico de Leiria (Portugal)<br \/>\nMarta Licardo \u2013 University of Maribor \u2013 (Eslov\u00e9nia)<br \/>\nNo\u00e9mia Jorge \u2013 Instituto Polit\u00e9cnico de Leiria (Portugal)<br \/>\nPedro de Carvalho Silva \u2013 Instituto Polit\u00e9cnico de Leiria (Portugal)<br \/>\nPedro Sequeira \u2013 Instituto Polit\u00e9cnico de Santar\u00e9m (Portugal)<br \/>\nRita Alexandra Bettencourt Leal \u2013 (Portugal)<br \/>\nRui Matos \u2013 Instituto Polit\u00e9cnico de Leiria (Portugal)<br \/>\nSara de Barros Ara\u00fajo \u2013 Instituto Polit\u00e9cnico do Porto (Portugal)<br \/>\nStela Maria Fernandes Marques \u2013 PUC Minas Gerais (Brasil)<br \/>\nSusana Margarida da Costa Nunes \u2013 Instituto Polit\u00e9cnico de Leiria (Portugal)<br \/>\nValeriana Guijo \u2013 Universidad de Burgos (Espanha)<strong><br \/>\n<\/strong><\/p>\n<p><strong>Institui\u00e7\u00e3o Organizadora<\/strong><br \/>\nEscola Superior de Educa\u00e7\u00e3o e Ci\u00eancias Sociais \u2013 Instituto Polit\u00e9cnico de Leiria (PORTUGAL)<\/p>\n","protected":false},"excerpt":{"rendered":"<p>Comiss\u00e3o Organizadora Dina Catarina Duarte Alves H\u00e9lia Gon\u00e7alves Pinto Maria Isabel Pinto Sim\u00f5es Dias Maria Od\u00edlia de Jesus Almeida Abreu Romain Gillain Mu\u00f1oz Comiss\u00e3o Cient\u00edfica Ana Baptista \u2013 Queen Mary University of London (Reino Unido) Ana Torres -Escola Superior de&hellip;  <\/p>\n<p class=\"more-link\"><a href=\"https:\/\/sites.ipleiria.pt\/ipce2019\/organizacao\/\">Continue reading <span class=\"meta-nav\">&rarr;<\/span><\/a><\/p>\n","protected":false},"author":102,"featured_media":0,"parent":0,"menu_order":0,"comment_status":"closed","ping_status":"closed","template":"","meta":{"footnotes":""},"class_list":["post-11","page","type-page","status-publish","hentry"],"yoast_head":"<!-- This site is optimized with the Yoast SEO plugin v26.8 - https:\/\/yoast.com\/product\/yoast-seo-wordpress\/ -->\n<title>Organiza\u00e7\u00e3o - VIII Investiga\u00e7\u00e3o Pr\u00e1ticas e Contextos em Educa\u00e7\u00e3o<\/title>\n<meta name=\"robots\" content=\"index, follow, max-snippet:-1, max-image-preview:large, max-video-preview:-1\" \/>\n<link rel=\"canonical\" href=\"https:\/\/sites.ipleiria.pt\/ipce2019\/organizacao\/\" \/>\n<meta property=\"og:locale\" content=\"pt_PT\" \/>\n<meta property=\"og:type\" content=\"article\" \/>\n<meta property=\"og:title\" content=\"Organiza\u00e7\u00e3o - VIII Investiga\u00e7\u00e3o Pr\u00e1ticas e Contextos em Educa\u00e7\u00e3o\" \/>\n<meta property=\"og:description\" content=\"Comiss\u00e3o Organizadora Dina Catarina Duarte Alves H\u00e9lia Gon\u00e7alves Pinto Maria Isabel Pinto Sim\u00f5es Dias Maria Od\u00edlia de Jesus Almeida Abreu Romain Gillain Mu\u00f1oz Comiss\u00e3o Cient\u00edfica Ana Baptista \u2013 Queen Mary University of London (Reino Unido) Ana Torres -Escola Superior de&hellip; Continue reading &rarr;\" \/>\n<meta property=\"og:url\" content=\"https:\/\/sites.ipleiria.pt\/ipce2019\/organizacao\/\" \/>\n<meta property=\"og:site_name\" content=\"VIII Investiga\u00e7\u00e3o Pr\u00e1ticas e Contextos em Educa\u00e7\u00e3o\" \/>\n<meta property=\"article:modified_time\" content=\"2019-12-08T12:22:47+00:00\" \/>\n<meta name=\"twitter:card\" content=\"summary_large_image\" \/>\n<meta name=\"twitter:label1\" content=\"Tempo estimado de leitura\" \/>\n\t<meta name=\"twitter:data1\" content=\"2 minutos\" \/>\n<script type=\"application\/ld+json\" class=\"yoast-schema-graph\">{\"@context\":\"https:\/\/schema.org\",\"@graph\":[{\"@type\":\"WebPage\",\"@id\":\"https:\/\/sites.ipleiria.pt\/ipce2019\/organizacao\/\",\"url\":\"https:\/\/sites.ipleiria.pt\/ipce2019\/organizacao\/\",\"name\":\"Organiza\u00e7\u00e3o - VIII Investiga\u00e7\u00e3o Pr\u00e1ticas e Contextos em Educa\u00e7\u00e3o\",\"isPartOf\":{\"@id\":\"https:\/\/sites.ipleiria.pt\/ipce2019\/#website\"},\"datePublished\":\"2018-11-26T13:06:56+00:00\",\"dateModified\":\"2019-12-08T12:22:47+00:00\",\"breadcrumb\":{\"@id\":\"https:\/\/sites.ipleiria.pt\/ipce2019\/organizacao\/#breadcrumb\"},\"inLanguage\":\"pt-PT\",\"potentialAction\":[{\"@type\":\"ReadAction\",\"target\":[\"https:\/\/sites.ipleiria.pt\/ipce2019\/organizacao\/\"]}]},{\"@type\":\"BreadcrumbList\",\"@id\":\"https:\/\/sites.ipleiria.pt\/ipce2019\/organizacao\/#breadcrumb\",\"itemListElement\":[{\"@type\":\"ListItem\",\"position\":1,\"name\":\"In\u00edcio\",\"item\":\"https:\/\/sites.ipleiria.pt\/ipce2019\/\"},{\"@type\":\"ListItem\",\"position\":2,\"name\":\"Organiza\u00e7\u00e3o\"}]},{\"@type\":\"WebSite\",\"@id\":\"https:\/\/sites.ipleiria.pt\/ipce2019\/#website\",\"url\":\"https:\/\/sites.ipleiria.pt\/ipce2019\/\",\"name\":\"VIII Investiga\u00e7\u00e3o Pr\u00e1ticas e Contextos em Educa\u00e7\u00e3o\",\"description\":\"Mais um site Sites IPLEIRIA\",\"potentialAction\":[{\"@type\":\"SearchAction\",\"target\":{\"@type\":\"EntryPoint\",\"urlTemplate\":\"https:\/\/sites.ipleiria.pt\/ipce2019\/?s={search_term_string}\"},\"query-input\":{\"@type\":\"PropertyValueSpecification\",\"valueRequired\":true,\"valueName\":\"search_term_string\"}}],\"inLanguage\":\"pt-PT\"}]}<\/script>\n<!-- \/ Yoast SEO plugin. -->","yoast_head_json":{"title":"Organiza\u00e7\u00e3o - VIII Investiga\u00e7\u00e3o Pr\u00e1ticas e Contextos em Educa\u00e7\u00e3o","robots":{"index":"index","follow":"follow","max-snippet":"max-snippet:-1","max-image-preview":"max-image-preview:large","max-video-preview":"max-video-preview:-1"},"canonical":"https:\/\/sites.ipleiria.pt\/ipce2019\/organizacao\/","og_locale":"pt_PT","og_type":"article","og_title":"Organiza\u00e7\u00e3o - VIII Investiga\u00e7\u00e3o Pr\u00e1ticas e Contextos em Educa\u00e7\u00e3o","og_description":"Comiss\u00e3o Organizadora Dina Catarina Duarte Alves H\u00e9lia Gon\u00e7alves Pinto Maria Isabel Pinto Sim\u00f5es Dias Maria Od\u00edlia de Jesus Almeida Abreu Romain Gillain Mu\u00f1oz Comiss\u00e3o Cient\u00edfica Ana Baptista \u2013 Queen Mary University of London (Reino Unido) Ana Torres -Escola Superior de&hellip; Continue reading &rarr;","og_url":"https:\/\/sites.ipleiria.pt\/ipce2019\/organizacao\/","og_site_name":"VIII Investiga\u00e7\u00e3o Pr\u00e1ticas e Contextos em Educa\u00e7\u00e3o","article_modified_time":"2019-12-08T12:22:47+00:00","twitter_card":"summary_large_image","twitter_misc":{"Tempo estimado de leitura":"2 minutos"},"schema":{"@context":"https:\/\/schema.org","@graph":[{"@type":"WebPage","@id":"https:\/\/sites.ipleiria.pt\/ipce2019\/organizacao\/","url":"https:\/\/sites.ipleiria.pt\/ipce2019\/organizacao\/","name":"Organiza\u00e7\u00e3o - VIII Investiga\u00e7\u00e3o Pr\u00e1ticas e Contextos em Educa\u00e7\u00e3o","isPartOf":{"@id":"https:\/\/sites.ipleiria.pt\/ipce2019\/#website"},"datePublished":"2018-11-26T13:06:56+00:00","dateModified":"2019-12-08T12:22:47+00:00","breadcrumb":{"@id":"https:\/\/sites.ipleiria.pt\/ipce2019\/organizacao\/#breadcrumb"},"inLanguage":"pt-PT","potentialAction":[{"@type":"ReadAction","target":["https:\/\/sites.ipleiria.pt\/ipce2019\/organizacao\/"]}]},{"@type":"BreadcrumbList","@id":"https:\/\/sites.ipleiria.pt\/ipce2019\/organizacao\/#breadcrumb","itemListElement":[{"@type":"ListItem","position":1,"name":"In\u00edcio","item":"https:\/\/sites.ipleiria.pt\/ipce2019\/"},{"@type":"ListItem","position":2,"name":"Organiza\u00e7\u00e3o"}]},{"@type":"WebSite","@id":"https:\/\/sites.ipleiria.pt\/ipce2019\/#website","url":"https:\/\/sites.ipleiria.pt\/ipce2019\/","name":"VIII Investiga\u00e7\u00e3o Pr\u00e1ticas e Contextos em Educa\u00e7\u00e3o","description":"Mais um site Sites IPLEIRIA","potentialAction":[{"@type":"SearchAction","target":{"@type":"EntryPoint","urlTemplate":"https:\/\/sites.ipleiria.pt\/ipce2019\/?s={search_term_string}"},"query-input":{"@type":"PropertyValueSpecification","valueRequired":true,"valueName":"search_term_string"}}],"inLanguage":"pt-PT"}]}},"_links":{"self":[{"href":"https:\/\/sites.ipleiria.pt\/ipce2019\/wp-json\/wp\/v2\/pages\/11","targetHints":{"allow":["GET"]}}],"collection":[{"href":"https:\/\/sites.ipleiria.pt\/ipce2019\/wp-json\/wp\/v2\/pages"}],"about":[{"href":"https:\/\/sites.ipleiria.pt\/ipce2019\/wp-json\/wp\/v2\/types\/page"}],"author":[{"embeddable":true,"href":"https:\/\/sites.ipleiria.pt\/ipce2019\/wp-json\/wp\/v2\/users\/102"}],"replies":[{"embeddable":true,"href":"https:\/\/sites.ipleiria.pt\/ipce2019\/wp-json\/wp\/v2\/comments?post=11"}],"version-history":[{"count":6,"href":"https:\/\/sites.ipleiria.pt\/ipce2019\/wp-json\/wp\/v2\/pages\/11\/revisions"}],"predecessor-version":[{"id":491,"href":"https:\/\/sites.ipleiria.pt\/ipce2019\/wp-json\/wp\/v2\/pages\/11\/revisions\/491"}],"wp:attachment":[{"href":"https:\/\/sites.ipleiria.pt\/ipce2019\/wp-json\/wp\/v2\/media?parent=11"}],"curies":[{"name":"wp","href":"https:\/\/api.w.org\/{rel}","templated":true}]}}