{"id":123,"date":"2018-11-26T18:27:52","date_gmt":"2018-11-26T18:27:52","guid":{"rendered":"http:\/\/sites.ipleiria.pt\/ipce2019\/?page_id=123"},"modified":"2019-12-08T14:20:25","modified_gmt":"2019-12-08T14:20:25","slug":"inscripcion","status":"publish","type":"page","link":"https:\/\/sites.ipleiria.pt\/ipce2019\/es\/inscripcion\/","title":{"rendered":"Inscripci\u00f3n"},"content":{"rendered":"<p><strong>Cuotas:<\/strong><\/p>\n<p>. Participantes en general \u2013 55 euros<br \/>\n. Docentes y no docentes\/ Antigos estudiantes del IPLeiria \u2013 30 euros<br \/>\n. Estudiantes del IPL \u2013 20 Euros<\/p>\n<p><a href=\"http:\/\/www.eventos.ipleiria.pt\/portal\/eventos?p_id=24649&amp;lang=en-EN\"><strong>Inscripci\u00f3n aqu\u00ed<\/strong><\/a><\/p>\n<p><strong>Para m\u00e1s informaciones:<\/strong><br \/>\nAdelaide Ferreira \u2013 Secretariado IPCE<br \/>\nTel: (+351) 244 829 471 \/ Fax: (+351) 244 829 499<br \/>\nEmail: <a href=\"mailto:adelaide.ferreira@ipleiria.pt\">adelaide.ferreira@ipleiria.pt<\/a><\/p>\n<p><strong>T\u00e9rminos y condiciones:<\/strong><br \/>\nLa cuota de inscripci\u00f3n al coloquio incluye la asistencia a la conferencia, la documentaci\u00f3n de la misma y las pausas-caf\u00e9. La cancelaci\u00f3n de la inscripci\u00f3n implica la p\u00e9rdida del valor total de la cuota.<\/p>\n","protected":false},"excerpt":{"rendered":"<p>Cuotas: . Participantes en general \u2013 55 euros . Docentes y no docentes\/ Antigos estudiantes del IPLeiria \u2013 30 euros . Estudiantes del IPL \u2013 20 Euros Inscripci\u00f3n aqu\u00ed Para m\u00e1s informaciones: Adelaide Ferreira \u2013 Secretariado IPCE Tel: (+351) 244&hellip;  <\/p>\n<p class=\"more-link\"><a href=\"https:\/\/sites.ipleiria.pt\/ipce2019\/es\/inscripcion\/\">Continue reading <span class=\"meta-nav\">&rarr;<\/span><\/a><\/p>\n","protected":false},"author":102,"featured_media":0,"parent":0,"menu_order":0,"comment_status":"closed","ping_status":"closed","template":"","meta":{"footnotes":""},"class_list":["post-123","page","type-page","status-publish","hentry"],"yoast_head":"<!-- This site is optimized with the Yoast SEO plugin v26.8 - https:\/\/yoast.com\/product\/yoast-seo-wordpress\/ -->\n<title>Inscripci\u00f3n - VIII Investiga\u00e7\u00e3o Pr\u00e1ticas e Contextos em Educa\u00e7\u00e3o<\/title>\n<meta name=\"robots\" content=\"index, follow, max-snippet:-1, max-image-preview:large, max-video-preview:-1\" \/>\n<link rel=\"canonical\" href=\"https:\/\/sites.ipleiria.pt\/ipce2019\/es\/inscripcion\/\" \/>\n<meta property=\"og:locale\" content=\"pt_PT\" \/>\n<meta property=\"og:type\" content=\"article\" \/>\n<meta property=\"og:title\" content=\"Inscripci\u00f3n - VIII Investiga\u00e7\u00e3o Pr\u00e1ticas e Contextos em Educa\u00e7\u00e3o\" \/>\n<meta property=\"og:description\" content=\"Cuotas: . Participantes en general \u2013 55 euros . Docentes y no docentes\/ Antigos estudiantes del IPLeiria \u2013 30 euros . Estudiantes del IPL \u2013 20 Euros Inscripci\u00f3n aqu\u00ed Para m\u00e1s informaciones: Adelaide Ferreira \u2013 Secretariado IPCE Tel: (+351) 244&hellip; Continue reading &rarr;\" \/>\n<meta property=\"og:url\" content=\"https:\/\/sites.ipleiria.pt\/ipce2019\/es\/inscripcion\/\" \/>\n<meta property=\"og:site_name\" content=\"VIII Investiga\u00e7\u00e3o Pr\u00e1ticas e Contextos em Educa\u00e7\u00e3o\" \/>\n<meta property=\"article:modified_time\" content=\"2019-12-08T14:20:25+00:00\" \/>\n<meta name=\"twitter:card\" content=\"summary_large_image\" \/>\n<script type=\"application\/ld+json\" class=\"yoast-schema-graph\">{\"@context\":\"https:\/\/schema.org\",\"@graph\":[{\"@type\":\"WebPage\",\"@id\":\"https:\/\/sites.ipleiria.pt\/ipce2019\/es\/inscripcion\/\",\"url\":\"https:\/\/sites.ipleiria.pt\/ipce2019\/es\/inscripcion\/\",\"name\":\"Inscripci\u00f3n - VIII Investiga\u00e7\u00e3o Pr\u00e1ticas e Contextos em Educa\u00e7\u00e3o\",\"isPartOf\":{\"@id\":\"https:\/\/sites.ipleiria.pt\/ipce2019\/#website\"},\"datePublished\":\"2018-11-26T18:27:52+00:00\",\"dateModified\":\"2019-12-08T14:20:25+00:00\",\"breadcrumb\":{\"@id\":\"https:\/\/sites.ipleiria.pt\/ipce2019\/es\/inscripcion\/#breadcrumb\"},\"inLanguage\":\"pt-PT\",\"potentialAction\":[{\"@type\":\"ReadAction\",\"target\":[\"https:\/\/sites.ipleiria.pt\/ipce2019\/es\/inscripcion\/\"]}]},{\"@type\":\"BreadcrumbList\",\"@id\":\"https:\/\/sites.ipleiria.pt\/ipce2019\/es\/inscripcion\/#breadcrumb\",\"itemListElement\":[{\"@type\":\"ListItem\",\"position\":1,\"name\":\"In\u00edcio\",\"item\":\"https:\/\/sites.ipleiria.pt\/ipce2019\/\"},{\"@type\":\"ListItem\",\"position\":2,\"name\":\"Inscripci\u00f3n\"}]},{\"@type\":\"WebSite\",\"@id\":\"https:\/\/sites.ipleiria.pt\/ipce2019\/#website\",\"url\":\"https:\/\/sites.ipleiria.pt\/ipce2019\/\",\"name\":\"VIII Investiga\u00e7\u00e3o Pr\u00e1ticas e Contextos em Educa\u00e7\u00e3o\",\"description\":\"Mais um site Sites IPLEIRIA\",\"potentialAction\":[{\"@type\":\"SearchAction\",\"target\":{\"@type\":\"EntryPoint\",\"urlTemplate\":\"https:\/\/sites.ipleiria.pt\/ipce2019\/?s={search_term_string}\"},\"query-input\":{\"@type\":\"PropertyValueSpecification\",\"valueRequired\":true,\"valueName\":\"search_term_string\"}}],\"inLanguage\":\"pt-PT\"}]}<\/script>\n<!-- \/ Yoast SEO plugin. -->","yoast_head_json":{"title":"Inscripci\u00f3n - VIII Investiga\u00e7\u00e3o Pr\u00e1ticas e Contextos em Educa\u00e7\u00e3o","robots":{"index":"index","follow":"follow","max-snippet":"max-snippet:-1","max-image-preview":"max-image-preview:large","max-video-preview":"max-video-preview:-1"},"canonical":"https:\/\/sites.ipleiria.pt\/ipce2019\/es\/inscripcion\/","og_locale":"pt_PT","og_type":"article","og_title":"Inscripci\u00f3n - VIII Investiga\u00e7\u00e3o Pr\u00e1ticas e Contextos em Educa\u00e7\u00e3o","og_description":"Cuotas: . Participantes en general \u2013 55 euros . Docentes y no docentes\/ Antigos estudiantes del IPLeiria \u2013 30 euros . Estudiantes del IPL \u2013 20 Euros Inscripci\u00f3n aqu\u00ed Para m\u00e1s informaciones: Adelaide Ferreira \u2013 Secretariado IPCE Tel: (+351) 244&hellip; Continue reading &rarr;","og_url":"https:\/\/sites.ipleiria.pt\/ipce2019\/es\/inscripcion\/","og_site_name":"VIII Investiga\u00e7\u00e3o Pr\u00e1ticas e Contextos em Educa\u00e7\u00e3o","article_modified_time":"2019-12-08T14:20:25+00:00","twitter_card":"summary_large_image","schema":{"@context":"https:\/\/schema.org","@graph":[{"@type":"WebPage","@id":"https:\/\/sites.ipleiria.pt\/ipce2019\/es\/inscripcion\/","url":"https:\/\/sites.ipleiria.pt\/ipce2019\/es\/inscripcion\/","name":"Inscripci\u00f3n - VIII Investiga\u00e7\u00e3o Pr\u00e1ticas e Contextos em Educa\u00e7\u00e3o","isPartOf":{"@id":"https:\/\/sites.ipleiria.pt\/ipce2019\/#website"},"datePublished":"2018-11-26T18:27:52+00:00","dateModified":"2019-12-08T14:20:25+00:00","breadcrumb":{"@id":"https:\/\/sites.ipleiria.pt\/ipce2019\/es\/inscripcion\/#breadcrumb"},"inLanguage":"pt-PT","potentialAction":[{"@type":"ReadAction","target":["https:\/\/sites.ipleiria.pt\/ipce2019\/es\/inscripcion\/"]}]},{"@type":"BreadcrumbList","@id":"https:\/\/sites.ipleiria.pt\/ipce2019\/es\/inscripcion\/#breadcrumb","itemListElement":[{"@type":"ListItem","position":1,"name":"In\u00edcio","item":"https:\/\/sites.ipleiria.pt\/ipce2019\/"},{"@type":"ListItem","position":2,"name":"Inscripci\u00f3n"}]},{"@type":"WebSite","@id":"https:\/\/sites.ipleiria.pt\/ipce2019\/#website","url":"https:\/\/sites.ipleiria.pt\/ipce2019\/","name":"VIII Investiga\u00e7\u00e3o Pr\u00e1ticas e Contextos em Educa\u00e7\u00e3o","description":"Mais um site Sites IPLEIRIA","potentialAction":[{"@type":"SearchAction","target":{"@type":"EntryPoint","urlTemplate":"https:\/\/sites.ipleiria.pt\/ipce2019\/?s={search_term_string}"},"query-input":{"@type":"PropertyValueSpecification","valueRequired":true,"valueName":"search_term_string"}}],"inLanguage":"pt-PT"}]}},"_links":{"self":[{"href":"https:\/\/sites.ipleiria.pt\/ipce2019\/wp-json\/wp\/v2\/pages\/123","targetHints":{"allow":["GET"]}}],"collection":[{"href":"https:\/\/sites.ipleiria.pt\/ipce2019\/wp-json\/wp\/v2\/pages"}],"about":[{"href":"https:\/\/sites.ipleiria.pt\/ipce2019\/wp-json\/wp\/v2\/types\/page"}],"author":[{"embeddable":true,"href":"https:\/\/sites.ipleiria.pt\/ipce2019\/wp-json\/wp\/v2\/users\/102"}],"replies":[{"embeddable":true,"href":"https:\/\/sites.ipleiria.pt\/ipce2019\/wp-json\/wp\/v2\/comments?post=123"}],"version-history":[{"count":4,"href":"https:\/\/sites.ipleiria.pt\/ipce2019\/wp-json\/wp\/v2\/pages\/123\/revisions"}],"predecessor-version":[{"id":292,"href":"https:\/\/sites.ipleiria.pt\/ipce2019\/wp-json\/wp\/v2\/pages\/123\/revisions\/292"}],"wp:attachment":[{"href":"https:\/\/sites.ipleiria.pt\/ipce2019\/wp-json\/wp\/v2\/media?parent=123"}],"curies":[{"name":"wp","href":"https:\/\/api.w.org\/{rel}","templated":true}]}}