{"id":129,"date":"2018-11-26T18:30:50","date_gmt":"2018-11-26T18:30:50","guid":{"rendered":"http:\/\/sites.ipleiria.pt\/ipce2019\/?page_id=129"},"modified":"2018-12-03T17:11:58","modified_gmt":"2018-12-03T17:11:58","slug":"contactos-2","status":"publish","type":"page","link":"https:\/\/sites.ipleiria.pt\/ipce2019\/es\/contactos-2\/","title":{"rendered":"Contactos"},"content":{"rendered":"<p><strong>Comit\u00e9 organizador\/Comit\u00e9 Cient\u00edfico<\/strong><br \/>\nEmail:\u00a0<a href=\"mailto:ipce@ipleiria.pt\">ipce@ipleiria.pt<\/a><\/p>\n<p><strong>Secretariado<\/strong><br \/>\nAdelaide Ferreira<br \/>\nEmail: <a href=\"mailto:adelaide.ferreira@ipleiria.pt\">adelaide.ferreira@ipleiria.pt<\/a><br \/>\nTelefone: (+351) 244 829 471<\/p>\n<p><strong>Escola Superior de Educa\u00e7\u00e3o e Ci\u00eancias Sociais (Leiria)<\/strong><br \/>\nCampus\u00a01 \u2014 Instituto Polit\u00e9cnico de Leiria<br \/>\nRua Dr. Jo\u00e3o Soares<br \/>\nApartado 4045<br \/>\n2411-901 Leiria \u2013 Portugal<br \/>\nTel: (+351) 244 829400 \u00b7 Fax:(+351) 244 829499<br \/>\nE-mail:\u00a0<a href=\"mailto:esecs@ipleiria.pt\">esecs@ipleiria.pt<\/a><\/p>\n<p>Ver <a href=\"https:\/\/www.google.com\/maps\/d\/u\/0\/edit?mid=1Cpy6veZvCE6qnaPaXMBrA74XXuc&amp;msa=0&amp;ie=UTF8&amp;t=m&amp;vpsrc=0&amp;z=18&amp;source=embed&amp;ll=39.73943497653222%2C-8.811459000000013\">mapa de ESECS<\/a><\/p>\n","protected":false},"excerpt":{"rendered":"<p>Comit\u00e9 organizador\/Comit\u00e9 Cient\u00edfico Email:\u00a0ipce@ipleiria.pt Secretariado Adelaide Ferreira Email: adelaide.ferreira@ipleiria.pt Telefone: (+351) 244 829 471 Escola Superior de Educa\u00e7\u00e3o e Ci\u00eancias Sociais (Leiria) Campus\u00a01 \u2014 Instituto Polit\u00e9cnico de Leiria Rua Dr. Jo\u00e3o Soares Apartado 4045 2411-901 Leiria \u2013 Portugal Tel: (+351)&hellip;  <\/p>\n<p class=\"more-link\"><a href=\"https:\/\/sites.ipleiria.pt\/ipce2019\/es\/contactos-2\/\">Continue reading <span class=\"meta-nav\">&rarr;<\/span><\/a><\/p>\n","protected":false},"author":102,"featured_media":0,"parent":0,"menu_order":0,"comment_status":"closed","ping_status":"closed","template":"","meta":{"footnotes":""},"class_list":["post-129","page","type-page","status-publish","hentry"],"yoast_head":"<!-- This site is optimized with the Yoast SEO plugin v26.8 - https:\/\/yoast.com\/product\/yoast-seo-wordpress\/ -->\n<title>Contactos - VIII Investiga\u00e7\u00e3o Pr\u00e1ticas e Contextos em Educa\u00e7\u00e3o<\/title>\n<meta name=\"robots\" content=\"index, follow, max-snippet:-1, max-image-preview:large, max-video-preview:-1\" \/>\n<link rel=\"canonical\" href=\"https:\/\/sites.ipleiria.pt\/ipce2019\/es\/contactos-2\/\" \/>\n<meta property=\"og:locale\" content=\"pt_PT\" \/>\n<meta property=\"og:type\" content=\"article\" \/>\n<meta property=\"og:title\" content=\"Contactos - VIII Investiga\u00e7\u00e3o Pr\u00e1ticas e Contextos em Educa\u00e7\u00e3o\" \/>\n<meta property=\"og:description\" content=\"Comit\u00e9 organizador\/Comit\u00e9 Cient\u00edfico Email:\u00a0ipce@ipleiria.pt Secretariado Adelaide Ferreira Email: adelaide.ferreira@ipleiria.pt Telefone: (+351) 244 829 471 Escola Superior de Educa\u00e7\u00e3o e Ci\u00eancias Sociais (Leiria) Campus\u00a01 \u2014 Instituto Polit\u00e9cnico de Leiria Rua Dr. Jo\u00e3o Soares Apartado 4045 2411-901 Leiria \u2013 Portugal Tel: (+351)&hellip; Continue reading &rarr;\" \/>\n<meta property=\"og:url\" content=\"https:\/\/sites.ipleiria.pt\/ipce2019\/es\/contactos-2\/\" \/>\n<meta property=\"og:site_name\" content=\"VIII Investiga\u00e7\u00e3o Pr\u00e1ticas e Contextos em Educa\u00e7\u00e3o\" \/>\n<meta property=\"article:modified_time\" content=\"2018-12-03T17:11:58+00:00\" \/>\n<meta name=\"twitter:card\" content=\"summary_large_image\" \/>\n<script type=\"application\/ld+json\" class=\"yoast-schema-graph\">{\"@context\":\"https:\/\/schema.org\",\"@graph\":[{\"@type\":\"WebPage\",\"@id\":\"https:\/\/sites.ipleiria.pt\/ipce2019\/es\/contactos-2\/\",\"url\":\"https:\/\/sites.ipleiria.pt\/ipce2019\/es\/contactos-2\/\",\"name\":\"Contactos - VIII Investiga\u00e7\u00e3o Pr\u00e1ticas e Contextos em Educa\u00e7\u00e3o\",\"isPartOf\":{\"@id\":\"https:\/\/sites.ipleiria.pt\/ipce2019\/#website\"},\"datePublished\":\"2018-11-26T18:30:50+00:00\",\"dateModified\":\"2018-12-03T17:11:58+00:00\",\"breadcrumb\":{\"@id\":\"https:\/\/sites.ipleiria.pt\/ipce2019\/es\/contactos-2\/#breadcrumb\"},\"inLanguage\":\"pt-PT\",\"potentialAction\":[{\"@type\":\"ReadAction\",\"target\":[\"https:\/\/sites.ipleiria.pt\/ipce2019\/es\/contactos-2\/\"]}]},{\"@type\":\"BreadcrumbList\",\"@id\":\"https:\/\/sites.ipleiria.pt\/ipce2019\/es\/contactos-2\/#breadcrumb\",\"itemListElement\":[{\"@type\":\"ListItem\",\"position\":1,\"name\":\"In\u00edcio\",\"item\":\"https:\/\/sites.ipleiria.pt\/ipce2019\/\"},{\"@type\":\"ListItem\",\"position\":2,\"name\":\"Contactos\"}]},{\"@type\":\"WebSite\",\"@id\":\"https:\/\/sites.ipleiria.pt\/ipce2019\/#website\",\"url\":\"https:\/\/sites.ipleiria.pt\/ipce2019\/\",\"name\":\"VIII Investiga\u00e7\u00e3o Pr\u00e1ticas e Contextos em Educa\u00e7\u00e3o\",\"description\":\"Mais um site Sites IPLEIRIA\",\"potentialAction\":[{\"@type\":\"SearchAction\",\"target\":{\"@type\":\"EntryPoint\",\"urlTemplate\":\"https:\/\/sites.ipleiria.pt\/ipce2019\/?s={search_term_string}\"},\"query-input\":{\"@type\":\"PropertyValueSpecification\",\"valueRequired\":true,\"valueName\":\"search_term_string\"}}],\"inLanguage\":\"pt-PT\"}]}<\/script>\n<!-- \/ Yoast SEO plugin. -->","yoast_head_json":{"title":"Contactos - VIII Investiga\u00e7\u00e3o Pr\u00e1ticas e Contextos em Educa\u00e7\u00e3o","robots":{"index":"index","follow":"follow","max-snippet":"max-snippet:-1","max-image-preview":"max-image-preview:large","max-video-preview":"max-video-preview:-1"},"canonical":"https:\/\/sites.ipleiria.pt\/ipce2019\/es\/contactos-2\/","og_locale":"pt_PT","og_type":"article","og_title":"Contactos - VIII Investiga\u00e7\u00e3o Pr\u00e1ticas e Contextos em Educa\u00e7\u00e3o","og_description":"Comit\u00e9 organizador\/Comit\u00e9 Cient\u00edfico Email:\u00a0ipce@ipleiria.pt Secretariado Adelaide Ferreira Email: adelaide.ferreira@ipleiria.pt Telefone: (+351) 244 829 471 Escola Superior de Educa\u00e7\u00e3o e Ci\u00eancias Sociais (Leiria) Campus\u00a01 \u2014 Instituto Polit\u00e9cnico de Leiria Rua Dr. Jo\u00e3o Soares Apartado 4045 2411-901 Leiria \u2013 Portugal Tel: (+351)&hellip; Continue reading &rarr;","og_url":"https:\/\/sites.ipleiria.pt\/ipce2019\/es\/contactos-2\/","og_site_name":"VIII Investiga\u00e7\u00e3o Pr\u00e1ticas e Contextos em Educa\u00e7\u00e3o","article_modified_time":"2018-12-03T17:11:58+00:00","twitter_card":"summary_large_image","schema":{"@context":"https:\/\/schema.org","@graph":[{"@type":"WebPage","@id":"https:\/\/sites.ipleiria.pt\/ipce2019\/es\/contactos-2\/","url":"https:\/\/sites.ipleiria.pt\/ipce2019\/es\/contactos-2\/","name":"Contactos - VIII Investiga\u00e7\u00e3o Pr\u00e1ticas e Contextos em Educa\u00e7\u00e3o","isPartOf":{"@id":"https:\/\/sites.ipleiria.pt\/ipce2019\/#website"},"datePublished":"2018-11-26T18:30:50+00:00","dateModified":"2018-12-03T17:11:58+00:00","breadcrumb":{"@id":"https:\/\/sites.ipleiria.pt\/ipce2019\/es\/contactos-2\/#breadcrumb"},"inLanguage":"pt-PT","potentialAction":[{"@type":"ReadAction","target":["https:\/\/sites.ipleiria.pt\/ipce2019\/es\/contactos-2\/"]}]},{"@type":"BreadcrumbList","@id":"https:\/\/sites.ipleiria.pt\/ipce2019\/es\/contactos-2\/#breadcrumb","itemListElement":[{"@type":"ListItem","position":1,"name":"In\u00edcio","item":"https:\/\/sites.ipleiria.pt\/ipce2019\/"},{"@type":"ListItem","position":2,"name":"Contactos"}]},{"@type":"WebSite","@id":"https:\/\/sites.ipleiria.pt\/ipce2019\/#website","url":"https:\/\/sites.ipleiria.pt\/ipce2019\/","name":"VIII Investiga\u00e7\u00e3o Pr\u00e1ticas e Contextos em Educa\u00e7\u00e3o","description":"Mais um site Sites IPLEIRIA","potentialAction":[{"@type":"SearchAction","target":{"@type":"EntryPoint","urlTemplate":"https:\/\/sites.ipleiria.pt\/ipce2019\/?s={search_term_string}"},"query-input":{"@type":"PropertyValueSpecification","valueRequired":true,"valueName":"search_term_string"}}],"inLanguage":"pt-PT"}]}},"_links":{"self":[{"href":"https:\/\/sites.ipleiria.pt\/ipce2019\/wp-json\/wp\/v2\/pages\/129","targetHints":{"allow":["GET"]}}],"collection":[{"href":"https:\/\/sites.ipleiria.pt\/ipce2019\/wp-json\/wp\/v2\/pages"}],"about":[{"href":"https:\/\/sites.ipleiria.pt\/ipce2019\/wp-json\/wp\/v2\/types\/page"}],"author":[{"embeddable":true,"href":"https:\/\/sites.ipleiria.pt\/ipce2019\/wp-json\/wp\/v2\/users\/102"}],"replies":[{"embeddable":true,"href":"https:\/\/sites.ipleiria.pt\/ipce2019\/wp-json\/wp\/v2\/comments?post=129"}],"version-history":[{"count":2,"href":"https:\/\/sites.ipleiria.pt\/ipce2019\/wp-json\/wp\/v2\/pages\/129\/revisions"}],"predecessor-version":[{"id":227,"href":"https:\/\/sites.ipleiria.pt\/ipce2019\/wp-json\/wp\/v2\/pages\/129\/revisions\/227"}],"wp:attachment":[{"href":"https:\/\/sites.ipleiria.pt\/ipce2019\/wp-json\/wp\/v2\/media?parent=129"}],"curies":[{"name":"wp","href":"https:\/\/api.w.org\/{rel}","templated":true}]}}