{"id":2,"date":"2018-11-26T12:11:45","date_gmt":"2018-11-26T12:11:45","guid":{"rendered":"http:\/\/ipce2019.sites.ipleiria.pt\/?page_id=2"},"modified":"2019-12-04T11:02:10","modified_gmt":"2019-12-04T11:02:10","slug":"pagina-exemplo","status":"publish","type":"page","link":"https:\/\/sites.ipleiria.pt\/ipce2019\/","title":{"rendered":"Apresenta\u00e7\u00e3o"},"content":{"rendered":"<p>A <strong>VIII Confer\u00eancia Internacional de Investiga\u00e7\u00e3o, Pr\u00e1ticas e Contextos em Educa\u00e7\u00e3o (IPCE)<\/strong> \u00e9 um evento internacional que visa contribuir para o avan\u00e7o da teoria e da pr\u00e1tica em Educa\u00e7\u00e3o.<br \/>\nA confer\u00eancia IPCE insere-se no conjunto de atividades do Instituto Polit\u00e9cnico de Leiria (IPL), que visam promover a colabora\u00e7\u00e3o entre investigadores, professores, estudantes e decisores na identifica\u00e7\u00e3o e discuss\u00e3o de desafios e solu\u00e7\u00f5es para os mais diversos contextos educativos, indo ao encontro de uma das dimens\u00f5es da a\u00e7\u00e3o do IPL \u2013 a de promover a rela\u00e7\u00e3o com a regi\u00e3o em que est\u00e1 inserido.<\/p>\n<p>O objetivo da confer\u00eancia IPCE \u00e9 proporcionar uma oportunidade para que profissionais de diversas \u00e1reas ligadas \u00e0 Educa\u00e7\u00e3o e com interesses multidisciplinares interajam e partilhem experi\u00eancias e conhecimentos, contribuindo e estimulando a investiga\u00e7\u00e3o e o desenvolvimento de pr\u00e1ticas em Educa\u00e7\u00e3o.<\/p>\n<p><strong>L\u00ednguas de trabalho<\/strong><br \/>\nPortugu\u00eas, ingl\u00eas e espanhol<\/p>\n<p><strong>Participantes<\/strong><br \/>\nEducadores, professores, investigadores, estudantes do ensino superior, \u00f3rg\u00e3os de dire\u00e7\u00e3o e de gest\u00e3o de institui\u00e7\u00f5es e t\u00e9cnicos da \u00e1rea da educa\u00e7\u00e3o.<\/p>\n<p><strong>Temas da Confer\u00eancia:<\/strong><br \/>\n1.Experi\u00eancias de Ensino e Aprendizagem<br \/>\n<em>a) na Educa\u00e7\u00e3o de Inf\u00e2ncia<\/em><br \/>\n\u2013 Pedagogia da Educa\u00e7\u00e3o de Inf\u00e2ncia<br \/>\n\u2013 Desenvolvimento\/aprendizagem<br \/>\n\u2013 \u00c1rea da Forma\u00e7\u00e3o Pessoal e Social<br \/>\n\u2013 \u00c1rea do Conhecimento do Mundo<br \/>\n\u2013 \u00c1rea da Express\u00e3o e Comunica\u00e7\u00e3o:<br \/>\n\u2022 Dom\u00ednio da Educa\u00e7\u00e3o F\u00edsica<br \/>\n\u2022 Dom\u00ednio da Educa\u00e7\u00e3o Art\u00edstica<br \/>\n\u2022 Dom\u00ednio da Linguagem Oral e Abordagem \u00e0 Escrita<br \/>\n\u2022 Dom\u00ednio da Matem\u00e1tica<br \/>\n<em>b) na Educa\u00e7\u00e3o B\u00e1sica<\/em><br \/>\n\u2013 Pedagogia do Ensino B\u00e1sico<br \/>\n\u2013 L\u00edngua materna<br \/>\n\u2013 L\u00edngua n\u00e3o materna<br \/>\n\u2013 Matem\u00e1tica<br \/>\n\u2013 Ci\u00eancias Sociais<br \/>\n\u2013 Ci\u00eancias Naturais<br \/>\n\u2013 Express\u00f5es<br \/>\n\u2013 TIC<br \/>\n\u2013 Educa\u00e7\u00e3o F\u00edsica\/Desporto<br \/>\n<em>c) no Ensino Secund\u00e1rio<\/em><br \/>\n\u2013 Pedagogia do Ensino Secund\u00e1rio<br \/>\n\u2013 L\u00edngua materna<br \/>\n\u2013 L\u00edngua n\u00e3o materna<br \/>\n\u2013 Matem\u00e1tica<br \/>\n\u2013 Ci\u00eancias Sociais<br \/>\n\u2013 Ci\u00eancias Naturais<br \/>\n\u2013 Express\u00f5es<br \/>\n\u2013 TIC<br \/>\n\u2013 Educa\u00e7\u00e3o F\u00edsica\/Desporto<br \/>\n<em>d) no Ensino Superior<\/em><br \/>\n\u2013 Pedagogia do Ensino Superior<br \/>\n\u2013 L\u00edngua materna<br \/>\n\u2013 L\u00edngua n\u00e3o materna<br \/>\n\u2013 Matem\u00e1tica<br \/>\n\u2013 Ci\u00eancias Sociais<br \/>\n\u2013 Ci\u00eancias Naturais<br \/>\n\u2013 Express\u00f5es<br \/>\n\u2013 TIC<br \/>\n\u2013 Educa\u00e7\u00e3o f\u00edsica\/Desporto<br \/>\n<em>e) em Contextos Educativos N\u00e3o Formais<\/em><br \/>\n\u2013 Pedagogia<br \/>\n\u2013 L\u00edngua materna<br \/>\n\u2013 L\u00edngua n\u00e3o materna<br \/>\n\u2013 Matem\u00e1tica<br \/>\n\u2013 Ci\u00eancias Sociais<br \/>\n\u2013 Ci\u00eancias Naturais<br \/>\n\u2013 Express\u00f5es<br \/>\n\u2013 TIC<br \/>\n\u2013 Educa\u00e7\u00e3o F\u00edsica\/Desporto<br \/>\n2.Desenvolvimento Comunit\u00e1rio<br \/>\n3.Outras experi\u00eancias em Contextos Educativos<\/p>\n","protected":false},"excerpt":{"rendered":"<p>A VIII Confer\u00eancia Internacional de Investiga\u00e7\u00e3o, Pr\u00e1ticas e Contextos em Educa\u00e7\u00e3o (IPCE) \u00e9 um evento internacional que visa contribuir para o avan\u00e7o da teoria e da pr\u00e1tica em Educa\u00e7\u00e3o. A confer\u00eancia IPCE insere-se no conjunto de atividades do Instituto Polit\u00e9cnico&hellip;  <\/p>\n<p class=\"more-link\"><a href=\"https:\/\/sites.ipleiria.pt\/ipce2019\/\">Continue reading <span class=\"meta-nav\">&rarr;<\/span><\/a><\/p>\n","protected":false},"author":102,"featured_media":0,"parent":0,"menu_order":0,"comment_status":"closed","ping_status":"closed","template":"","meta":{"footnotes":""},"class_list":["post-2","page","type-page","status-publish","hentry"],"yoast_head":"<!-- This site is optimized with the Yoast SEO plugin v26.8 - https:\/\/yoast.com\/product\/yoast-seo-wordpress\/ -->\n<title>Apresenta\u00e7\u00e3o - VIII Investiga\u00e7\u00e3o Pr\u00e1ticas e Contextos em Educa\u00e7\u00e3o<\/title>\n<meta name=\"description\" content=\"O objetivo da confer\u00eancia IPCE \u00e9 proporcionar uma oportunidade para que profissionais de diversas \u00e1reas ligadas \u00e0 Educa\u00e7\u00e3o e com interesses multidisciplinares interajam e partilhem experi\u00eancias e conhecimentos, contribuindo e estimulando a investiga\u00e7\u00e3o e o desenvolvimento de pr\u00e1ticas em Educa\u00e7\u00e3o.\" \/>\n<meta name=\"robots\" content=\"index, follow, max-snippet:-1, max-image-preview:large, max-video-preview:-1\" \/>\n<link rel=\"canonical\" href=\"https:\/\/sites.ipleiria.pt\/ipce2019\/\" \/>\n<meta property=\"og:locale\" content=\"pt_PT\" \/>\n<meta property=\"og:type\" content=\"article\" \/>\n<meta property=\"og:title\" content=\"Apresenta\u00e7\u00e3o - VIII Investiga\u00e7\u00e3o Pr\u00e1ticas e Contextos em Educa\u00e7\u00e3o\" \/>\n<meta property=\"og:description\" content=\"O objetivo da confer\u00eancia IPCE \u00e9 proporcionar uma oportunidade para que profissionais de diversas \u00e1reas ligadas \u00e0 Educa\u00e7\u00e3o e com interesses multidisciplinares interajam e partilhem experi\u00eancias e conhecimentos, contribuindo e estimulando a investiga\u00e7\u00e3o e o desenvolvimento de pr\u00e1ticas em Educa\u00e7\u00e3o.\" \/>\n<meta property=\"og:url\" content=\"https:\/\/sites.ipleiria.pt\/ipce2019\/\" \/>\n<meta property=\"og:site_name\" content=\"VIII Investiga\u00e7\u00e3o Pr\u00e1ticas e Contextos em Educa\u00e7\u00e3o\" \/>\n<meta property=\"article:modified_time\" content=\"2019-12-04T11:02:10+00:00\" \/>\n<meta name=\"twitter:card\" content=\"summary_large_image\" \/>\n<meta name=\"twitter:label1\" content=\"Tempo estimado de leitura\" \/>\n\t<meta name=\"twitter:data1\" content=\"2 minutos\" \/>\n<script type=\"application\/ld+json\" class=\"yoast-schema-graph\">{\"@context\":\"https:\/\/schema.org\",\"@graph\":[{\"@type\":\"WebPage\",\"@id\":\"https:\/\/sites.ipleiria.pt\/ipce2019\/\",\"url\":\"https:\/\/sites.ipleiria.pt\/ipce2019\/\",\"name\":\"Apresenta\u00e7\u00e3o - VIII Investiga\u00e7\u00e3o Pr\u00e1ticas e Contextos em Educa\u00e7\u00e3o\",\"isPartOf\":{\"@id\":\"https:\/\/sites.ipleiria.pt\/ipce2019\/#website\"},\"datePublished\":\"2018-11-26T12:11:45+00:00\",\"dateModified\":\"2019-12-04T11:02:10+00:00\",\"description\":\"O objetivo da confer\u00eancia IPCE \u00e9 proporcionar uma oportunidade para que profissionais de diversas \u00e1reas ligadas \u00e0 Educa\u00e7\u00e3o e com interesses multidisciplinares interajam e partilhem experi\u00eancias e conhecimentos, contribuindo e estimulando a investiga\u00e7\u00e3o e o desenvolvimento de pr\u00e1ticas em Educa\u00e7\u00e3o.\",\"breadcrumb\":{\"@id\":\"https:\/\/sites.ipleiria.pt\/ipce2019\/#breadcrumb\"},\"inLanguage\":\"pt-PT\",\"potentialAction\":[{\"@type\":\"ReadAction\",\"target\":[\"https:\/\/sites.ipleiria.pt\/ipce2019\/\"]}]},{\"@type\":\"BreadcrumbList\",\"@id\":\"https:\/\/sites.ipleiria.pt\/ipce2019\/#breadcrumb\",\"itemListElement\":[{\"@type\":\"ListItem\",\"position\":1,\"name\":\"In\u00edcio\",\"item\":\"https:\/\/sites.ipleiria.pt\/ipce2019\/\"},{\"@type\":\"ListItem\",\"position\":2,\"name\":\"Apresenta\u00e7\u00e3o\"}]},{\"@type\":\"WebSite\",\"@id\":\"https:\/\/sites.ipleiria.pt\/ipce2019\/#website\",\"url\":\"https:\/\/sites.ipleiria.pt\/ipce2019\/\",\"name\":\"VIII Investiga\u00e7\u00e3o Pr\u00e1ticas e Contextos em Educa\u00e7\u00e3o\",\"description\":\"Mais um site Sites IPLEIRIA\",\"potentialAction\":[{\"@type\":\"SearchAction\",\"target\":{\"@type\":\"EntryPoint\",\"urlTemplate\":\"https:\/\/sites.ipleiria.pt\/ipce2019\/?s={search_term_string}\"},\"query-input\":{\"@type\":\"PropertyValueSpecification\",\"valueRequired\":true,\"valueName\":\"search_term_string\"}}],\"inLanguage\":\"pt-PT\"}]}<\/script>\n<!-- \/ Yoast SEO plugin. -->","yoast_head_json":{"title":"Apresenta\u00e7\u00e3o - VIII Investiga\u00e7\u00e3o Pr\u00e1ticas e Contextos em Educa\u00e7\u00e3o","description":"O objetivo da confer\u00eancia IPCE \u00e9 proporcionar uma oportunidade para que profissionais de diversas \u00e1reas ligadas \u00e0 Educa\u00e7\u00e3o e com interesses multidisciplinares interajam e partilhem experi\u00eancias e conhecimentos, contribuindo e estimulando a investiga\u00e7\u00e3o e o desenvolvimento de pr\u00e1ticas em Educa\u00e7\u00e3o.","robots":{"index":"index","follow":"follow","max-snippet":"max-snippet:-1","max-image-preview":"max-image-preview:large","max-video-preview":"max-video-preview:-1"},"canonical":"https:\/\/sites.ipleiria.pt\/ipce2019\/","og_locale":"pt_PT","og_type":"article","og_title":"Apresenta\u00e7\u00e3o - VIII Investiga\u00e7\u00e3o Pr\u00e1ticas e Contextos em Educa\u00e7\u00e3o","og_description":"O objetivo da confer\u00eancia IPCE \u00e9 proporcionar uma oportunidade para que profissionais de diversas \u00e1reas ligadas \u00e0 Educa\u00e7\u00e3o e com interesses multidisciplinares interajam e partilhem experi\u00eancias e conhecimentos, contribuindo e estimulando a investiga\u00e7\u00e3o e o desenvolvimento de pr\u00e1ticas em Educa\u00e7\u00e3o.","og_url":"https:\/\/sites.ipleiria.pt\/ipce2019\/","og_site_name":"VIII Investiga\u00e7\u00e3o Pr\u00e1ticas e Contextos em Educa\u00e7\u00e3o","article_modified_time":"2019-12-04T11:02:10+00:00","twitter_card":"summary_large_image","twitter_misc":{"Tempo estimado de leitura":"2 minutos"},"schema":{"@context":"https:\/\/schema.org","@graph":[{"@type":"WebPage","@id":"https:\/\/sites.ipleiria.pt\/ipce2019\/","url":"https:\/\/sites.ipleiria.pt\/ipce2019\/","name":"Apresenta\u00e7\u00e3o - VIII Investiga\u00e7\u00e3o Pr\u00e1ticas e Contextos em Educa\u00e7\u00e3o","isPartOf":{"@id":"https:\/\/sites.ipleiria.pt\/ipce2019\/#website"},"datePublished":"2018-11-26T12:11:45+00:00","dateModified":"2019-12-04T11:02:10+00:00","description":"O objetivo da confer\u00eancia IPCE \u00e9 proporcionar uma oportunidade para que profissionais de diversas \u00e1reas ligadas \u00e0 Educa\u00e7\u00e3o e com interesses multidisciplinares interajam e partilhem experi\u00eancias e conhecimentos, contribuindo e estimulando a investiga\u00e7\u00e3o e o desenvolvimento de pr\u00e1ticas em Educa\u00e7\u00e3o.","breadcrumb":{"@id":"https:\/\/sites.ipleiria.pt\/ipce2019\/#breadcrumb"},"inLanguage":"pt-PT","potentialAction":[{"@type":"ReadAction","target":["https:\/\/sites.ipleiria.pt\/ipce2019\/"]}]},{"@type":"BreadcrumbList","@id":"https:\/\/sites.ipleiria.pt\/ipce2019\/#breadcrumb","itemListElement":[{"@type":"ListItem","position":1,"name":"In\u00edcio","item":"https:\/\/sites.ipleiria.pt\/ipce2019\/"},{"@type":"ListItem","position":2,"name":"Apresenta\u00e7\u00e3o"}]},{"@type":"WebSite","@id":"https:\/\/sites.ipleiria.pt\/ipce2019\/#website","url":"https:\/\/sites.ipleiria.pt\/ipce2019\/","name":"VIII Investiga\u00e7\u00e3o Pr\u00e1ticas e Contextos em Educa\u00e7\u00e3o","description":"Mais um site Sites IPLEIRIA","potentialAction":[{"@type":"SearchAction","target":{"@type":"EntryPoint","urlTemplate":"https:\/\/sites.ipleiria.pt\/ipce2019\/?s={search_term_string}"},"query-input":{"@type":"PropertyValueSpecification","valueRequired":true,"valueName":"search_term_string"}}],"inLanguage":"pt-PT"}]}},"_links":{"self":[{"href":"https:\/\/sites.ipleiria.pt\/ipce2019\/wp-json\/wp\/v2\/pages\/2","targetHints":{"allow":["GET"]}}],"collection":[{"href":"https:\/\/sites.ipleiria.pt\/ipce2019\/wp-json\/wp\/v2\/pages"}],"about":[{"href":"https:\/\/sites.ipleiria.pt\/ipce2019\/wp-json\/wp\/v2\/types\/page"}],"author":[{"embeddable":true,"href":"https:\/\/sites.ipleiria.pt\/ipce2019\/wp-json\/wp\/v2\/users\/102"}],"replies":[{"embeddable":true,"href":"https:\/\/sites.ipleiria.pt\/ipce2019\/wp-json\/wp\/v2\/comments?post=2"}],"version-history":[{"count":5,"href":"https:\/\/sites.ipleiria.pt\/ipce2019\/wp-json\/wp\/v2\/pages\/2\/revisions"}],"predecessor-version":[{"id":196,"href":"https:\/\/sites.ipleiria.pt\/ipce2019\/wp-json\/wp\/v2\/pages\/2\/revisions\/196"}],"wp:attachment":[{"href":"https:\/\/sites.ipleiria.pt\/ipce2019\/wp-json\/wp\/v2\/media?parent=2"}],"curies":[{"name":"wp","href":"https:\/\/api.w.org\/{rel}","templated":true}]}}