{"id":20,"date":"2018-11-26T13:08:29","date_gmt":"2018-11-26T13:08:29","guid":{"rendered":"http:\/\/sites.ipleiria.pt\/ipce2019\/?page_id=20"},"modified":"2019-01-17T11:46:32","modified_gmt":"2019-01-17T11:46:32","slug":"inscricoes","status":"publish","type":"page","link":"https:\/\/sites.ipleiria.pt\/ipce2019\/inscricoes\/","title":{"rendered":"Inscri\u00e7\u00f5es"},"content":{"rendered":"<p>. Participantes em geral \u2013 55 euros<br \/>\n. Funcion\u00e1rios docentes\/n\u00e3o docentes e antigos estudantes do IPLeiria \u2013 30 euros<br \/>\n. Estudantes do IPL e de outras Institui\u00e7\u00f5es\/Orientadores cooperantes\/ Outros colaboradores da ESECS\/ IPL \u2013 20 euros<\/p>\n<p><a href=\"http:\/\/www.eventos.ipleiria.pt\/portal\/eventos?p_id=24649&amp;lang=pt-PT\"><strong>Inscri\u00e7\u00f5es aqui<\/strong><\/a><\/p>\n<p><strong>Para mais informa\u00e7\u00f5es<\/strong><br \/>\nAdelaide Ferreira \u2013 Secretariado IPCE<br \/>\n<strong>Tel:<\/strong> (+351) 244 829 471 \/ Fax: (+351) 244 829 499<br \/>\n<strong>Email:<\/strong> <a href=\"mailto:adelaide.ferreira@ipleiria.pt\">adelaide.ferreira@ipleiria.pt<\/a><\/p>\n<p><strong>Termos e Condi\u00e7\u00f5es<\/strong><br \/>\nA taxa de inscri\u00e7\u00e3o inclui a assist\u00eancia \u00e0 confer\u00eancia, acesso ao material informativo e aos <em>coffee breaks<\/em>.<br \/>\nO cancelamento de inscri\u00e7\u00f5es implica a perda total do valor da taxa de inscri\u00e7\u00e3o, n\u00e3o havendo lugar a reembolsos.<\/p>\n","protected":false},"excerpt":{"rendered":"<p>. Participantes em geral \u2013 55 euros . Funcion\u00e1rios docentes\/n\u00e3o docentes e antigos estudantes do IPLeiria \u2013 30 euros . Estudantes do IPL e de outras Institui\u00e7\u00f5es\/Orientadores cooperantes\/ Outros colaboradores da ESECS\/ IPL \u2013 20 euros Inscri\u00e7\u00f5es aqui Para mais&hellip;  <\/p>\n<p class=\"more-link\"><a href=\"https:\/\/sites.ipleiria.pt\/ipce2019\/inscricoes\/\">Continue reading <span class=\"meta-nav\">&rarr;<\/span><\/a><\/p>\n","protected":false},"author":102,"featured_media":0,"parent":0,"menu_order":0,"comment_status":"closed","ping_status":"closed","template":"","meta":{"footnotes":""},"class_list":["post-20","page","type-page","status-publish","hentry"],"yoast_head":"<!-- This site is optimized with the Yoast SEO plugin v26.8 - https:\/\/yoast.com\/product\/yoast-seo-wordpress\/ -->\n<title>Inscri\u00e7\u00f5es - VIII Investiga\u00e7\u00e3o Pr\u00e1ticas e Contextos em Educa\u00e7\u00e3o<\/title>\n<meta name=\"robots\" content=\"index, follow, max-snippet:-1, max-image-preview:large, max-video-preview:-1\" \/>\n<link rel=\"canonical\" href=\"https:\/\/sites.ipleiria.pt\/ipce2019\/inscricoes\/\" \/>\n<meta property=\"og:locale\" content=\"pt_PT\" \/>\n<meta property=\"og:type\" content=\"article\" \/>\n<meta property=\"og:title\" content=\"Inscri\u00e7\u00f5es - VIII Investiga\u00e7\u00e3o Pr\u00e1ticas e Contextos em Educa\u00e7\u00e3o\" \/>\n<meta property=\"og:description\" content=\". Participantes em geral \u2013 55 euros . Funcion\u00e1rios docentes\/n\u00e3o docentes e antigos estudantes do IPLeiria \u2013 30 euros . Estudantes do IPL e de outras Institui\u00e7\u00f5es\/Orientadores cooperantes\/ Outros colaboradores da ESECS\/ IPL \u2013 20 euros Inscri\u00e7\u00f5es aqui Para mais&hellip; Continue reading &rarr;\" \/>\n<meta property=\"og:url\" content=\"https:\/\/sites.ipleiria.pt\/ipce2019\/inscricoes\/\" \/>\n<meta property=\"og:site_name\" content=\"VIII Investiga\u00e7\u00e3o Pr\u00e1ticas e Contextos em Educa\u00e7\u00e3o\" \/>\n<meta property=\"article:modified_time\" content=\"2019-01-17T11:46:32+00:00\" \/>\n<meta name=\"twitter:card\" content=\"summary_large_image\" \/>\n<script type=\"application\/ld+json\" class=\"yoast-schema-graph\">{\"@context\":\"https:\/\/schema.org\",\"@graph\":[{\"@type\":\"WebPage\",\"@id\":\"https:\/\/sites.ipleiria.pt\/ipce2019\/inscricoes\/\",\"url\":\"https:\/\/sites.ipleiria.pt\/ipce2019\/inscricoes\/\",\"name\":\"Inscri\u00e7\u00f5es - VIII Investiga\u00e7\u00e3o Pr\u00e1ticas e Contextos em Educa\u00e7\u00e3o\",\"isPartOf\":{\"@id\":\"https:\/\/sites.ipleiria.pt\/ipce2019\/#website\"},\"datePublished\":\"2018-11-26T13:08:29+00:00\",\"dateModified\":\"2019-01-17T11:46:32+00:00\",\"breadcrumb\":{\"@id\":\"https:\/\/sites.ipleiria.pt\/ipce2019\/inscricoes\/#breadcrumb\"},\"inLanguage\":\"pt-PT\",\"potentialAction\":[{\"@type\":\"ReadAction\",\"target\":[\"https:\/\/sites.ipleiria.pt\/ipce2019\/inscricoes\/\"]}]},{\"@type\":\"BreadcrumbList\",\"@id\":\"https:\/\/sites.ipleiria.pt\/ipce2019\/inscricoes\/#breadcrumb\",\"itemListElement\":[{\"@type\":\"ListItem\",\"position\":1,\"name\":\"In\u00edcio\",\"item\":\"https:\/\/sites.ipleiria.pt\/ipce2019\/\"},{\"@type\":\"ListItem\",\"position\":2,\"name\":\"Inscri\u00e7\u00f5es\"}]},{\"@type\":\"WebSite\",\"@id\":\"https:\/\/sites.ipleiria.pt\/ipce2019\/#website\",\"url\":\"https:\/\/sites.ipleiria.pt\/ipce2019\/\",\"name\":\"VIII Investiga\u00e7\u00e3o Pr\u00e1ticas e Contextos em Educa\u00e7\u00e3o\",\"description\":\"Mais um site Sites IPLEIRIA\",\"potentialAction\":[{\"@type\":\"SearchAction\",\"target\":{\"@type\":\"EntryPoint\",\"urlTemplate\":\"https:\/\/sites.ipleiria.pt\/ipce2019\/?s={search_term_string}\"},\"query-input\":{\"@type\":\"PropertyValueSpecification\",\"valueRequired\":true,\"valueName\":\"search_term_string\"}}],\"inLanguage\":\"pt-PT\"}]}<\/script>\n<!-- \/ Yoast SEO plugin. -->","yoast_head_json":{"title":"Inscri\u00e7\u00f5es - VIII Investiga\u00e7\u00e3o Pr\u00e1ticas e Contextos em Educa\u00e7\u00e3o","robots":{"index":"index","follow":"follow","max-snippet":"max-snippet:-1","max-image-preview":"max-image-preview:large","max-video-preview":"max-video-preview:-1"},"canonical":"https:\/\/sites.ipleiria.pt\/ipce2019\/inscricoes\/","og_locale":"pt_PT","og_type":"article","og_title":"Inscri\u00e7\u00f5es - VIII Investiga\u00e7\u00e3o Pr\u00e1ticas e Contextos em Educa\u00e7\u00e3o","og_description":". Participantes em geral \u2013 55 euros . Funcion\u00e1rios docentes\/n\u00e3o docentes e antigos estudantes do IPLeiria \u2013 30 euros . Estudantes do IPL e de outras Institui\u00e7\u00f5es\/Orientadores cooperantes\/ Outros colaboradores da ESECS\/ IPL \u2013 20 euros Inscri\u00e7\u00f5es aqui Para mais&hellip; Continue reading &rarr;","og_url":"https:\/\/sites.ipleiria.pt\/ipce2019\/inscricoes\/","og_site_name":"VIII Investiga\u00e7\u00e3o Pr\u00e1ticas e Contextos em Educa\u00e7\u00e3o","article_modified_time":"2019-01-17T11:46:32+00:00","twitter_card":"summary_large_image","schema":{"@context":"https:\/\/schema.org","@graph":[{"@type":"WebPage","@id":"https:\/\/sites.ipleiria.pt\/ipce2019\/inscricoes\/","url":"https:\/\/sites.ipleiria.pt\/ipce2019\/inscricoes\/","name":"Inscri\u00e7\u00f5es - VIII Investiga\u00e7\u00e3o Pr\u00e1ticas e Contextos em Educa\u00e7\u00e3o","isPartOf":{"@id":"https:\/\/sites.ipleiria.pt\/ipce2019\/#website"},"datePublished":"2018-11-26T13:08:29+00:00","dateModified":"2019-01-17T11:46:32+00:00","breadcrumb":{"@id":"https:\/\/sites.ipleiria.pt\/ipce2019\/inscricoes\/#breadcrumb"},"inLanguage":"pt-PT","potentialAction":[{"@type":"ReadAction","target":["https:\/\/sites.ipleiria.pt\/ipce2019\/inscricoes\/"]}]},{"@type":"BreadcrumbList","@id":"https:\/\/sites.ipleiria.pt\/ipce2019\/inscricoes\/#breadcrumb","itemListElement":[{"@type":"ListItem","position":1,"name":"In\u00edcio","item":"https:\/\/sites.ipleiria.pt\/ipce2019\/"},{"@type":"ListItem","position":2,"name":"Inscri\u00e7\u00f5es"}]},{"@type":"WebSite","@id":"https:\/\/sites.ipleiria.pt\/ipce2019\/#website","url":"https:\/\/sites.ipleiria.pt\/ipce2019\/","name":"VIII Investiga\u00e7\u00e3o Pr\u00e1ticas e Contextos em Educa\u00e7\u00e3o","description":"Mais um site Sites IPLEIRIA","potentialAction":[{"@type":"SearchAction","target":{"@type":"EntryPoint","urlTemplate":"https:\/\/sites.ipleiria.pt\/ipce2019\/?s={search_term_string}"},"query-input":{"@type":"PropertyValueSpecification","valueRequired":true,"valueName":"search_term_string"}}],"inLanguage":"pt-PT"}]}},"_links":{"self":[{"href":"https:\/\/sites.ipleiria.pt\/ipce2019\/wp-json\/wp\/v2\/pages\/20","targetHints":{"allow":["GET"]}}],"collection":[{"href":"https:\/\/sites.ipleiria.pt\/ipce2019\/wp-json\/wp\/v2\/pages"}],"about":[{"href":"https:\/\/sites.ipleiria.pt\/ipce2019\/wp-json\/wp\/v2\/types\/page"}],"author":[{"embeddable":true,"href":"https:\/\/sites.ipleiria.pt\/ipce2019\/wp-json\/wp\/v2\/users\/102"}],"replies":[{"embeddable":true,"href":"https:\/\/sites.ipleiria.pt\/ipce2019\/wp-json\/wp\/v2\/comments?post=20"}],"version-history":[{"count":5,"href":"https:\/\/sites.ipleiria.pt\/ipce2019\/wp-json\/wp\/v2\/pages\/20\/revisions"}],"predecessor-version":[{"id":293,"href":"https:\/\/sites.ipleiria.pt\/ipce2019\/wp-json\/wp\/v2\/pages\/20\/revisions\/293"}],"wp:attachment":[{"href":"https:\/\/sites.ipleiria.pt\/ipce2019\/wp-json\/wp\/v2\/media?parent=20"}],"curies":[{"name":"wp","href":"https:\/\/api.w.org\/{rel}","templated":true}]}}