{"id":70,"date":"2018-11-26T17:33:31","date_gmt":"2018-11-26T17:33:31","guid":{"rendered":"http:\/\/sites.ipleiria.pt\/ipce2019\/?page_id=70"},"modified":"2018-12-04T11:24:22","modified_gmt":"2018-12-04T11:24:22","slug":"accommodation","status":"publish","type":"page","link":"https:\/\/sites.ipleiria.pt\/ipce2019\/en\/accommodation\/","title":{"rendered":"Accommodation"},"content":{"rendered":"<p><strong>Hotel Eurosol Leiria ***<\/strong><\/p>\n<p><a href=\"http:\/\/www.eurosol.pt\/hoteis\/hotel-eurosol-leiria-jardim\/\">http:\/\/www.eurosol.pt\/hoteis\/hotel-eurosol-leiria-jardim\/<\/a><\/p>\n<p><em>(Close to the School of Education and Social Sciences \/7 minutes walk)<\/em><\/p>\n<p><strong>Hotel S\u00e3o Lu\u00eds ***<\/strong><\/p>\n<p><a href=\"http:\/\/www.saoluishotel.com\/\">http:\/\/www.saoluishotel.com\/<\/a><\/p>\n<p><em>(Close to\u00a0the city center of Leiria and 12 minutes walk from the School of Education and Social Sciences)<\/em><\/p>\n<p><strong>Hotel Ibis **<\/strong><\/p>\n<p><a href=\"http:\/\/www.accorhotels.com\/pt\/hotel-3340-ibis-leiria\/index.shtml\">http:\/\/www.accorhotels.com\/pt\/hotel-3340-ibis-leiria\/index.shtml<\/a><\/p>\n<p><em>(20 minutes walk from the School of Education and Social Sciences)<\/em><\/p>\n<p><strong>Hotel Leiria Classic<\/strong><\/p>\n<p><em><a href=\"http:\/\/www.hotelleiriaclassic.pt\/\">http:\/\/www.hotelleiriaclassic.pt\/<\/a><\/em><\/p>\n<p><em>(Close to\u00a0the city center of Leiria and 10 minutes walk from the School of Education and Social Sciences)<\/em><\/p>\n<p><strong>Atlas Hostel Leiria<\/strong><\/p>\n<p><em><a href=\"http:\/\/www.atlashostel-leiria.com\/\">http:\/\/www.atlashostel-leiria.com\/<\/a><\/em><\/p>\n<p><em>(Close to\u00a0the city center of Leiria and 10 minutes walk from the School of Education and Social Sciences)<\/em><\/p>\n","protected":false},"excerpt":{"rendered":"<p>Hotel Eurosol Leiria *** http:\/\/www.eurosol.pt\/hoteis\/hotel-eurosol-leiria-jardim\/ (Close to the School of Education and Social Sciences \/7 minutes walk) Hotel S\u00e3o Lu\u00eds *** http:\/\/www.saoluishotel.com\/ (Close to\u00a0the city center of Leiria and 12 minutes walk from the School of Education and Social Sciences)&hellip;  <\/p>\n<p class=\"more-link\"><a href=\"https:\/\/sites.ipleiria.pt\/ipce2019\/en\/accommodation\/\">Continue reading <span class=\"meta-nav\">&rarr;<\/span><\/a><\/p>\n","protected":false},"author":102,"featured_media":0,"parent":0,"menu_order":0,"comment_status":"closed","ping_status":"closed","template":"","meta":{"footnotes":""},"class_list":["post-70","page","type-page","status-publish","hentry"],"yoast_head":"<!-- This site is optimized with the Yoast SEO plugin v26.8 - https:\/\/yoast.com\/product\/yoast-seo-wordpress\/ -->\n<title>Accommodation - VIII Investiga\u00e7\u00e3o Pr\u00e1ticas e Contextos em Educa\u00e7\u00e3o<\/title>\n<meta name=\"robots\" content=\"index, follow, max-snippet:-1, max-image-preview:large, max-video-preview:-1\" \/>\n<link rel=\"canonical\" href=\"https:\/\/sites.ipleiria.pt\/ipce2019\/en\/accommodation\/\" \/>\n<meta property=\"og:locale\" content=\"pt_PT\" \/>\n<meta property=\"og:type\" content=\"article\" \/>\n<meta property=\"og:title\" content=\"Accommodation - VIII Investiga\u00e7\u00e3o Pr\u00e1ticas e Contextos em Educa\u00e7\u00e3o\" \/>\n<meta property=\"og:description\" content=\"Hotel Eurosol Leiria *** http:\/\/www.eurosol.pt\/hoteis\/hotel-eurosol-leiria-jardim\/ (Close to the School of Education and Social Sciences \/7 minutes walk) Hotel S\u00e3o Lu\u00eds *** http:\/\/www.saoluishotel.com\/ (Close to\u00a0the city center of Leiria and 12 minutes walk from the School of Education and Social Sciences)&hellip; Continue reading &rarr;\" \/>\n<meta property=\"og:url\" content=\"https:\/\/sites.ipleiria.pt\/ipce2019\/en\/accommodation\/\" \/>\n<meta property=\"og:site_name\" content=\"VIII Investiga\u00e7\u00e3o Pr\u00e1ticas e Contextos em Educa\u00e7\u00e3o\" \/>\n<meta property=\"article:modified_time\" content=\"2018-12-04T11:24:22+00:00\" \/>\n<meta name=\"twitter:card\" content=\"summary_large_image\" \/>\n<meta name=\"twitter:label1\" content=\"Tempo estimado de leitura\" \/>\n\t<meta name=\"twitter:data1\" content=\"1 minuto\" \/>\n<script type=\"application\/ld+json\" class=\"yoast-schema-graph\">{\"@context\":\"https:\/\/schema.org\",\"@graph\":[{\"@type\":\"WebPage\",\"@id\":\"https:\/\/sites.ipleiria.pt\/ipce2019\/en\/accommodation\/\",\"url\":\"https:\/\/sites.ipleiria.pt\/ipce2019\/en\/accommodation\/\",\"name\":\"Accommodation - VIII Investiga\u00e7\u00e3o Pr\u00e1ticas e Contextos em Educa\u00e7\u00e3o\",\"isPartOf\":{\"@id\":\"https:\/\/sites.ipleiria.pt\/ipce2019\/#website\"},\"datePublished\":\"2018-11-26T17:33:31+00:00\",\"dateModified\":\"2018-12-04T11:24:22+00:00\",\"breadcrumb\":{\"@id\":\"https:\/\/sites.ipleiria.pt\/ipce2019\/en\/accommodation\/#breadcrumb\"},\"inLanguage\":\"pt-PT\",\"potentialAction\":[{\"@type\":\"ReadAction\",\"target\":[\"https:\/\/sites.ipleiria.pt\/ipce2019\/en\/accommodation\/\"]}]},{\"@type\":\"BreadcrumbList\",\"@id\":\"https:\/\/sites.ipleiria.pt\/ipce2019\/en\/accommodation\/#breadcrumb\",\"itemListElement\":[{\"@type\":\"ListItem\",\"position\":1,\"name\":\"In\u00edcio\",\"item\":\"https:\/\/sites.ipleiria.pt\/ipce2019\/\"},{\"@type\":\"ListItem\",\"position\":2,\"name\":\"Accommodation\"}]},{\"@type\":\"WebSite\",\"@id\":\"https:\/\/sites.ipleiria.pt\/ipce2019\/#website\",\"url\":\"https:\/\/sites.ipleiria.pt\/ipce2019\/\",\"name\":\"VIII Investiga\u00e7\u00e3o Pr\u00e1ticas e Contextos em Educa\u00e7\u00e3o\",\"description\":\"Mais um site Sites IPLEIRIA\",\"potentialAction\":[{\"@type\":\"SearchAction\",\"target\":{\"@type\":\"EntryPoint\",\"urlTemplate\":\"https:\/\/sites.ipleiria.pt\/ipce2019\/?s={search_term_string}\"},\"query-input\":{\"@type\":\"PropertyValueSpecification\",\"valueRequired\":true,\"valueName\":\"search_term_string\"}}],\"inLanguage\":\"pt-PT\"}]}<\/script>\n<!-- \/ Yoast SEO plugin. -->","yoast_head_json":{"title":"Accommodation - VIII Investiga\u00e7\u00e3o Pr\u00e1ticas e Contextos em Educa\u00e7\u00e3o","robots":{"index":"index","follow":"follow","max-snippet":"max-snippet:-1","max-image-preview":"max-image-preview:large","max-video-preview":"max-video-preview:-1"},"canonical":"https:\/\/sites.ipleiria.pt\/ipce2019\/en\/accommodation\/","og_locale":"pt_PT","og_type":"article","og_title":"Accommodation - VIII Investiga\u00e7\u00e3o Pr\u00e1ticas e Contextos em Educa\u00e7\u00e3o","og_description":"Hotel Eurosol Leiria *** http:\/\/www.eurosol.pt\/hoteis\/hotel-eurosol-leiria-jardim\/ (Close to the School of Education and Social Sciences \/7 minutes walk) Hotel S\u00e3o Lu\u00eds *** http:\/\/www.saoluishotel.com\/ (Close to\u00a0the city center of Leiria and 12 minutes walk from the School of Education and Social Sciences)&hellip; Continue reading &rarr;","og_url":"https:\/\/sites.ipleiria.pt\/ipce2019\/en\/accommodation\/","og_site_name":"VIII Investiga\u00e7\u00e3o Pr\u00e1ticas e Contextos em Educa\u00e7\u00e3o","article_modified_time":"2018-12-04T11:24:22+00:00","twitter_card":"summary_large_image","twitter_misc":{"Tempo estimado de leitura":"1 minuto"},"schema":{"@context":"https:\/\/schema.org","@graph":[{"@type":"WebPage","@id":"https:\/\/sites.ipleiria.pt\/ipce2019\/en\/accommodation\/","url":"https:\/\/sites.ipleiria.pt\/ipce2019\/en\/accommodation\/","name":"Accommodation - VIII Investiga\u00e7\u00e3o Pr\u00e1ticas e Contextos em Educa\u00e7\u00e3o","isPartOf":{"@id":"https:\/\/sites.ipleiria.pt\/ipce2019\/#website"},"datePublished":"2018-11-26T17:33:31+00:00","dateModified":"2018-12-04T11:24:22+00:00","breadcrumb":{"@id":"https:\/\/sites.ipleiria.pt\/ipce2019\/en\/accommodation\/#breadcrumb"},"inLanguage":"pt-PT","potentialAction":[{"@type":"ReadAction","target":["https:\/\/sites.ipleiria.pt\/ipce2019\/en\/accommodation\/"]}]},{"@type":"BreadcrumbList","@id":"https:\/\/sites.ipleiria.pt\/ipce2019\/en\/accommodation\/#breadcrumb","itemListElement":[{"@type":"ListItem","position":1,"name":"In\u00edcio","item":"https:\/\/sites.ipleiria.pt\/ipce2019\/"},{"@type":"ListItem","position":2,"name":"Accommodation"}]},{"@type":"WebSite","@id":"https:\/\/sites.ipleiria.pt\/ipce2019\/#website","url":"https:\/\/sites.ipleiria.pt\/ipce2019\/","name":"VIII Investiga\u00e7\u00e3o Pr\u00e1ticas e Contextos em Educa\u00e7\u00e3o","description":"Mais um site Sites IPLEIRIA","potentialAction":[{"@type":"SearchAction","target":{"@type":"EntryPoint","urlTemplate":"https:\/\/sites.ipleiria.pt\/ipce2019\/?s={search_term_string}"},"query-input":{"@type":"PropertyValueSpecification","valueRequired":true,"valueName":"search_term_string"}}],"inLanguage":"pt-PT"}]}},"_links":{"self":[{"href":"https:\/\/sites.ipleiria.pt\/ipce2019\/wp-json\/wp\/v2\/pages\/70","targetHints":{"allow":["GET"]}}],"collection":[{"href":"https:\/\/sites.ipleiria.pt\/ipce2019\/wp-json\/wp\/v2\/pages"}],"about":[{"href":"https:\/\/sites.ipleiria.pt\/ipce2019\/wp-json\/wp\/v2\/types\/page"}],"author":[{"embeddable":true,"href":"https:\/\/sites.ipleiria.pt\/ipce2019\/wp-json\/wp\/v2\/users\/102"}],"replies":[{"embeddable":true,"href":"https:\/\/sites.ipleiria.pt\/ipce2019\/wp-json\/wp\/v2\/comments?post=70"}],"version-history":[{"count":3,"href":"https:\/\/sites.ipleiria.pt\/ipce2019\/wp-json\/wp\/v2\/pages\/70\/revisions"}],"predecessor-version":[{"id":251,"href":"https:\/\/sites.ipleiria.pt\/ipce2019\/wp-json\/wp\/v2\/pages\/70\/revisions\/251"}],"wp:attachment":[{"href":"https:\/\/sites.ipleiria.pt\/ipce2019\/wp-json\/wp\/v2\/media?parent=70"}],"curies":[{"name":"wp","href":"https:\/\/api.w.org\/{rel}","templated":true}]}}