{"id":72,"date":"2018-11-26T17:34:15","date_gmt":"2018-11-26T17:34:15","guid":{"rendered":"http:\/\/sites.ipleiria.pt\/ipce2019\/?page_id=72"},"modified":"2018-12-03T17:22:25","modified_gmt":"2018-12-03T17:22:25","slug":"alojamiento","status":"publish","type":"page","link":"https:\/\/sites.ipleiria.pt\/ipce2019\/es\/alojamiento\/","title":{"rendered":"Alojamiento"},"content":{"rendered":"<p><a href=\"http:\/\/www.eurosol.pt\/hoteis\/hotel-eurosol-leiria-jardim\/\"><strong>Hotel Eurosol Leiria <\/strong><\/a><strong>***<\/strong><\/p>\n<p>Ubicado a proximidad de la Escola Superior de Educa\u00e7\u00e3o e Ci\u00eancias Sociais \u2013 7 minutos andando<\/p>\n<p><strong><a href=\"http:\/\/www.saoluishotel.com\/\">Hotel S\u00e3o Lu\u00eds<\/a> ***<\/strong><\/p>\n<p>Ubicado a proximidad de la Escola Superior de Educa\u00e7\u00e3o e Ci\u00eancias Sociais \u2013 12\u00a0minutos andando<\/p>\n<p><strong><a href=\"http:\/\/www.accorhotels.com\/pt\/hotel-3340-ibis-leiria\/index.shtml\">Hotel Ibis<\/a>\u00a0**<\/strong><\/p>\n<p>Ubicado\u00a0a 20 minutos andando de la Escola Superior de Educa\u00e7\u00e3o e Ci\u00eancias Sociais<\/p>\n<p><a href=\"http:\/\/www.hotelleiriaclassic.pt\/\"><strong>Hotel Leiria Classic<\/strong><\/a><\/p>\n<p>Ubicado en el casco hist\u00f3rico de la ciudad de Leiria y a\u00a012\u00a0minutos andando de la Escola Superior de Educa\u00e7\u00e3o e Ci\u00eancias Sociais<\/p>\n<p><a href=\"http:\/\/www.atlashostel-leiria.com\/\"><strong>Atlas Hostel Leiria<\/strong><\/a><\/p>\n<p>Ubicado en el casco hist\u00f3rico de la ciudad de Leiria y a\u00a010 minutos andando de la Escola Superior de Educa\u00e7\u00e3o e Ci\u00eancias Sociais<\/p>\n<p><a href=\"http:\/\/www.hotelddinis.pt\/\"><strong>Hotel D. Dinis <\/strong><\/a><\/p>\n<p>Ubicado en el casco hist\u00f3rico de la ciudad de Leiria y a\u00a012 minutos andando de la Escola Superior de Educa\u00e7\u00e3o e Ci\u00eancias Sociais<\/p>\n","protected":false},"excerpt":{"rendered":"<p>Hotel Eurosol Leiria *** Ubicado a proximidad de la Escola Superior de Educa\u00e7\u00e3o e Ci\u00eancias Sociais \u2013 7 minutos andando Hotel S\u00e3o Lu\u00eds *** Ubicado a proximidad de la Escola Superior de Educa\u00e7\u00e3o e Ci\u00eancias Sociais \u2013 12\u00a0minutos andando Hotel&hellip;  <\/p>\n<p class=\"more-link\"><a href=\"https:\/\/sites.ipleiria.pt\/ipce2019\/es\/alojamiento\/\">Continue reading <span class=\"meta-nav\">&rarr;<\/span><\/a><\/p>\n","protected":false},"author":102,"featured_media":0,"parent":0,"menu_order":0,"comment_status":"closed","ping_status":"closed","template":"","meta":{"footnotes":""},"class_list":["post-72","page","type-page","status-publish","hentry"],"yoast_head":"<!-- This site is optimized with the Yoast SEO plugin v26.8 - https:\/\/yoast.com\/product\/yoast-seo-wordpress\/ -->\n<title>Alojamiento - VIII Investiga\u00e7\u00e3o Pr\u00e1ticas e Contextos em Educa\u00e7\u00e3o<\/title>\n<meta name=\"robots\" content=\"index, follow, max-snippet:-1, max-image-preview:large, max-video-preview:-1\" \/>\n<link rel=\"canonical\" href=\"https:\/\/sites.ipleiria.pt\/ipce2019\/es\/alojamiento\/\" \/>\n<meta property=\"og:locale\" content=\"pt_PT\" \/>\n<meta property=\"og:type\" content=\"article\" \/>\n<meta property=\"og:title\" content=\"Alojamiento - VIII Investiga\u00e7\u00e3o Pr\u00e1ticas e Contextos em Educa\u00e7\u00e3o\" \/>\n<meta property=\"og:description\" content=\"Hotel Eurosol Leiria *** Ubicado a proximidad de la Escola Superior de Educa\u00e7\u00e3o e Ci\u00eancias Sociais \u2013 7 minutos andando Hotel S\u00e3o Lu\u00eds *** Ubicado a proximidad de la Escola Superior de Educa\u00e7\u00e3o e Ci\u00eancias Sociais \u2013 12\u00a0minutos andando Hotel&hellip; Continue reading &rarr;\" \/>\n<meta property=\"og:url\" content=\"https:\/\/sites.ipleiria.pt\/ipce2019\/es\/alojamiento\/\" \/>\n<meta property=\"og:site_name\" content=\"VIII Investiga\u00e7\u00e3o Pr\u00e1ticas e Contextos em Educa\u00e7\u00e3o\" \/>\n<meta property=\"article:modified_time\" content=\"2018-12-03T17:22:25+00:00\" \/>\n<meta name=\"twitter:card\" content=\"summary_large_image\" \/>\n<meta name=\"twitter:label1\" content=\"Tempo estimado de leitura\" \/>\n\t<meta name=\"twitter:data1\" content=\"1 minuto\" \/>\n<script type=\"application\/ld+json\" class=\"yoast-schema-graph\">{\"@context\":\"https:\/\/schema.org\",\"@graph\":[{\"@type\":\"WebPage\",\"@id\":\"https:\/\/sites.ipleiria.pt\/ipce2019\/es\/alojamiento\/\",\"url\":\"https:\/\/sites.ipleiria.pt\/ipce2019\/es\/alojamiento\/\",\"name\":\"Alojamiento - VIII Investiga\u00e7\u00e3o Pr\u00e1ticas e Contextos em Educa\u00e7\u00e3o\",\"isPartOf\":{\"@id\":\"https:\/\/sites.ipleiria.pt\/ipce2019\/#website\"},\"datePublished\":\"2018-11-26T17:34:15+00:00\",\"dateModified\":\"2018-12-03T17:22:25+00:00\",\"breadcrumb\":{\"@id\":\"https:\/\/sites.ipleiria.pt\/ipce2019\/es\/alojamiento\/#breadcrumb\"},\"inLanguage\":\"pt-PT\",\"potentialAction\":[{\"@type\":\"ReadAction\",\"target\":[\"https:\/\/sites.ipleiria.pt\/ipce2019\/es\/alojamiento\/\"]}]},{\"@type\":\"BreadcrumbList\",\"@id\":\"https:\/\/sites.ipleiria.pt\/ipce2019\/es\/alojamiento\/#breadcrumb\",\"itemListElement\":[{\"@type\":\"ListItem\",\"position\":1,\"name\":\"In\u00edcio\",\"item\":\"https:\/\/sites.ipleiria.pt\/ipce2019\/\"},{\"@type\":\"ListItem\",\"position\":2,\"name\":\"Alojamiento\"}]},{\"@type\":\"WebSite\",\"@id\":\"https:\/\/sites.ipleiria.pt\/ipce2019\/#website\",\"url\":\"https:\/\/sites.ipleiria.pt\/ipce2019\/\",\"name\":\"VIII Investiga\u00e7\u00e3o Pr\u00e1ticas e Contextos em Educa\u00e7\u00e3o\",\"description\":\"Mais um site Sites IPLEIRIA\",\"potentialAction\":[{\"@type\":\"SearchAction\",\"target\":{\"@type\":\"EntryPoint\",\"urlTemplate\":\"https:\/\/sites.ipleiria.pt\/ipce2019\/?s={search_term_string}\"},\"query-input\":{\"@type\":\"PropertyValueSpecification\",\"valueRequired\":true,\"valueName\":\"search_term_string\"}}],\"inLanguage\":\"pt-PT\"}]}<\/script>\n<!-- \/ Yoast SEO plugin. -->","yoast_head_json":{"title":"Alojamiento - VIII Investiga\u00e7\u00e3o Pr\u00e1ticas e Contextos em Educa\u00e7\u00e3o","robots":{"index":"index","follow":"follow","max-snippet":"max-snippet:-1","max-image-preview":"max-image-preview:large","max-video-preview":"max-video-preview:-1"},"canonical":"https:\/\/sites.ipleiria.pt\/ipce2019\/es\/alojamiento\/","og_locale":"pt_PT","og_type":"article","og_title":"Alojamiento - VIII Investiga\u00e7\u00e3o Pr\u00e1ticas e Contextos em Educa\u00e7\u00e3o","og_description":"Hotel Eurosol Leiria *** Ubicado a proximidad de la Escola Superior de Educa\u00e7\u00e3o e Ci\u00eancias Sociais \u2013 7 minutos andando Hotel S\u00e3o Lu\u00eds *** Ubicado a proximidad de la Escola Superior de Educa\u00e7\u00e3o e Ci\u00eancias Sociais \u2013 12\u00a0minutos andando Hotel&hellip; Continue reading &rarr;","og_url":"https:\/\/sites.ipleiria.pt\/ipce2019\/es\/alojamiento\/","og_site_name":"VIII Investiga\u00e7\u00e3o Pr\u00e1ticas e Contextos em Educa\u00e7\u00e3o","article_modified_time":"2018-12-03T17:22:25+00:00","twitter_card":"summary_large_image","twitter_misc":{"Tempo estimado de leitura":"1 minuto"},"schema":{"@context":"https:\/\/schema.org","@graph":[{"@type":"WebPage","@id":"https:\/\/sites.ipleiria.pt\/ipce2019\/es\/alojamiento\/","url":"https:\/\/sites.ipleiria.pt\/ipce2019\/es\/alojamiento\/","name":"Alojamiento - VIII Investiga\u00e7\u00e3o Pr\u00e1ticas e Contextos em Educa\u00e7\u00e3o","isPartOf":{"@id":"https:\/\/sites.ipleiria.pt\/ipce2019\/#website"},"datePublished":"2018-11-26T17:34:15+00:00","dateModified":"2018-12-03T17:22:25+00:00","breadcrumb":{"@id":"https:\/\/sites.ipleiria.pt\/ipce2019\/es\/alojamiento\/#breadcrumb"},"inLanguage":"pt-PT","potentialAction":[{"@type":"ReadAction","target":["https:\/\/sites.ipleiria.pt\/ipce2019\/es\/alojamiento\/"]}]},{"@type":"BreadcrumbList","@id":"https:\/\/sites.ipleiria.pt\/ipce2019\/es\/alojamiento\/#breadcrumb","itemListElement":[{"@type":"ListItem","position":1,"name":"In\u00edcio","item":"https:\/\/sites.ipleiria.pt\/ipce2019\/"},{"@type":"ListItem","position":2,"name":"Alojamiento"}]},{"@type":"WebSite","@id":"https:\/\/sites.ipleiria.pt\/ipce2019\/#website","url":"https:\/\/sites.ipleiria.pt\/ipce2019\/","name":"VIII Investiga\u00e7\u00e3o Pr\u00e1ticas e Contextos em Educa\u00e7\u00e3o","description":"Mais um site Sites IPLEIRIA","potentialAction":[{"@type":"SearchAction","target":{"@type":"EntryPoint","urlTemplate":"https:\/\/sites.ipleiria.pt\/ipce2019\/?s={search_term_string}"},"query-input":{"@type":"PropertyValueSpecification","valueRequired":true,"valueName":"search_term_string"}}],"inLanguage":"pt-PT"}]}},"_links":{"self":[{"href":"https:\/\/sites.ipleiria.pt\/ipce2019\/wp-json\/wp\/v2\/pages\/72","targetHints":{"allow":["GET"]}}],"collection":[{"href":"https:\/\/sites.ipleiria.pt\/ipce2019\/wp-json\/wp\/v2\/pages"}],"about":[{"href":"https:\/\/sites.ipleiria.pt\/ipce2019\/wp-json\/wp\/v2\/types\/page"}],"author":[{"embeddable":true,"href":"https:\/\/sites.ipleiria.pt\/ipce2019\/wp-json\/wp\/v2\/users\/102"}],"replies":[{"embeddable":true,"href":"https:\/\/sites.ipleiria.pt\/ipce2019\/wp-json\/wp\/v2\/comments?post=72"}],"version-history":[{"count":2,"href":"https:\/\/sites.ipleiria.pt\/ipce2019\/wp-json\/wp\/v2\/pages\/72\/revisions"}],"predecessor-version":[{"id":229,"href":"https:\/\/sites.ipleiria.pt\/ipce2019\/wp-json\/wp\/v2\/pages\/72\/revisions\/229"}],"wp:attachment":[{"href":"https:\/\/sites.ipleiria.pt\/ipce2019\/wp-json\/wp\/v2\/media?parent=72"}],"curies":[{"name":"wp","href":"https:\/\/api.w.org\/{rel}","templated":true}]}}