{"id":83,"date":"2018-11-26T17:47:12","date_gmt":"2018-11-26T17:47:12","guid":{"rendered":"http:\/\/sites.ipleiria.pt\/ipce2019\/?page_id=83"},"modified":"2018-11-29T12:00:04","modified_gmt":"2018-11-29T12:00:04","slug":"alojamento","status":"publish","type":"page","link":"https:\/\/sites.ipleiria.pt\/ipce2019\/alojamento\/","title":{"rendered":"Alojamento"},"content":{"rendered":"<p><strong>Hotel Eurosol Leiria *** <\/strong>\u2014 <a href=\"http:\/\/www.eurosol.pt\/hoteis\/hotel-eurosol-leiria-jardim\/\" target=\"_blank\" rel=\"noopener\">Aqui<\/a><br \/>\n<em>(Localizado pr\u00f3ximo da Escola Superior de Educa\u00e7\u00e3o e Ci\u00eancias Sociais \u2013 7 minutos a p\u00e9)<\/em><\/p>\n<p><strong>Hotel S\u00e3o Lu\u00eds *** <\/strong>\u2014 <a href=\"http:\/\/www.saoluishotel.com\/\" target=\"_blank\" rel=\"noopener\">Aqui<\/a><br \/>\n<em>(Localizado pr\u00f3ximo do centro da cidade de Leiria e a 12 minutos a p\u00e9 da Escola Superior de Educa\u00e7\u00e3o e Ci\u00eancias Sociais)<\/em><\/p>\n<p><strong>Hotel Ibis ** <\/strong>\u2014 <a href=\"http:\/\/www.accorhotels.com\/pt\/hotel-3340-ibis-leiria\/index.shtml\" target=\"_blank\" rel=\"noopener\">Aqui<\/a><strong><br \/>\n<\/strong>(Localizado a 20 minutos a p\u00e9 da Escola Superior de Educa\u00e7\u00e3o e Ci\u00eancias Sociais)<\/p>\n<p><strong>Hotel Leiria Classic \u2014 <\/strong><a href=\"http:\/\/www.hotelleiriaclassic.pt\/\" target=\"_blank\" rel=\"noopener\">Aqui<\/a><strong><br \/>\n<\/strong><em>(Localizado no centro da cidade de Leiria e a 10 minutos a p\u00e9 da Escola Superior de Educa\u00e7\u00e3o e Ci\u00eancias Sociais)<\/em><\/p>\n<p><strong>Atlas Hostel Leiria<\/strong> \u2014 <a href=\"http:\/\/www.atlashostel-leiria.com\/\" target=\"_blank\" rel=\"noopener\">Aqui<\/a><br \/>\n<em>(Localizado no centro hist\u00f3rico da cidade de Leiria e a 10 minutos a p\u00e9 da Escola Superior de Educa\u00e7\u00e3o e Ci\u00eancias Sociais)<\/em><\/p>\n<p><strong>Hotel D. Dinis <\/strong>\u2014 <a href=\"http:\/\/www.hotelddinis.pt\/\" target=\"_blank\" rel=\"noopener\">Aqui<\/a><\/p>\n","protected":false},"excerpt":{"rendered":"<p>Hotel Eurosol Leiria *** \u2014 Aqui (Localizado pr\u00f3ximo da Escola Superior de Educa\u00e7\u00e3o e Ci\u00eancias Sociais \u2013 7 minutos a p\u00e9) Hotel S\u00e3o Lu\u00eds *** \u2014 Aqui (Localizado pr\u00f3ximo do centro da cidade de Leiria e a 12 minutos a&hellip;  <\/p>\n<p class=\"more-link\"><a href=\"https:\/\/sites.ipleiria.pt\/ipce2019\/alojamento\/\">Continue reading <span class=\"meta-nav\">&rarr;<\/span><\/a><\/p>\n","protected":false},"author":102,"featured_media":0,"parent":0,"menu_order":0,"comment_status":"closed","ping_status":"closed","template":"","meta":{"footnotes":""},"class_list":["post-83","page","type-page","status-publish","hentry"],"yoast_head":"<!-- This site is optimized with the Yoast SEO plugin v26.8 - https:\/\/yoast.com\/product\/yoast-seo-wordpress\/ -->\n<title>Alojamento - VIII Investiga\u00e7\u00e3o Pr\u00e1ticas e Contextos em Educa\u00e7\u00e3o<\/title>\n<meta name=\"robots\" content=\"index, follow, max-snippet:-1, max-image-preview:large, max-video-preview:-1\" \/>\n<link rel=\"canonical\" href=\"https:\/\/sites.ipleiria.pt\/ipce2019\/alojamento\/\" \/>\n<meta property=\"og:locale\" content=\"pt_PT\" \/>\n<meta property=\"og:type\" content=\"article\" \/>\n<meta property=\"og:title\" content=\"Alojamento - VIII Investiga\u00e7\u00e3o Pr\u00e1ticas e Contextos em Educa\u00e7\u00e3o\" \/>\n<meta property=\"og:description\" content=\"Hotel Eurosol Leiria *** \u2014 Aqui (Localizado pr\u00f3ximo da Escola Superior de Educa\u00e7\u00e3o e Ci\u00eancias Sociais \u2013 7 minutos a p\u00e9) Hotel S\u00e3o Lu\u00eds *** \u2014 Aqui (Localizado pr\u00f3ximo do centro da cidade de Leiria e a 12 minutos a&hellip; Continue reading &rarr;\" \/>\n<meta property=\"og:url\" content=\"https:\/\/sites.ipleiria.pt\/ipce2019\/alojamento\/\" \/>\n<meta property=\"og:site_name\" content=\"VIII Investiga\u00e7\u00e3o Pr\u00e1ticas e Contextos em Educa\u00e7\u00e3o\" \/>\n<meta property=\"article:modified_time\" content=\"2018-11-29T12:00:04+00:00\" \/>\n<meta name=\"twitter:card\" content=\"summary_large_image\" \/>\n<meta name=\"twitter:label1\" content=\"Tempo estimado de leitura\" \/>\n\t<meta name=\"twitter:data1\" content=\"1 minuto\" \/>\n<script type=\"application\/ld+json\" class=\"yoast-schema-graph\">{\"@context\":\"https:\/\/schema.org\",\"@graph\":[{\"@type\":\"WebPage\",\"@id\":\"https:\/\/sites.ipleiria.pt\/ipce2019\/alojamento\/\",\"url\":\"https:\/\/sites.ipleiria.pt\/ipce2019\/alojamento\/\",\"name\":\"Alojamento - VIII Investiga\u00e7\u00e3o Pr\u00e1ticas e Contextos em Educa\u00e7\u00e3o\",\"isPartOf\":{\"@id\":\"https:\/\/sites.ipleiria.pt\/ipce2019\/#website\"},\"datePublished\":\"2018-11-26T17:47:12+00:00\",\"dateModified\":\"2018-11-29T12:00:04+00:00\",\"breadcrumb\":{\"@id\":\"https:\/\/sites.ipleiria.pt\/ipce2019\/alojamento\/#breadcrumb\"},\"inLanguage\":\"pt-PT\",\"potentialAction\":[{\"@type\":\"ReadAction\",\"target\":[\"https:\/\/sites.ipleiria.pt\/ipce2019\/alojamento\/\"]}]},{\"@type\":\"BreadcrumbList\",\"@id\":\"https:\/\/sites.ipleiria.pt\/ipce2019\/alojamento\/#breadcrumb\",\"itemListElement\":[{\"@type\":\"ListItem\",\"position\":1,\"name\":\"In\u00edcio\",\"item\":\"https:\/\/sites.ipleiria.pt\/ipce2019\/\"},{\"@type\":\"ListItem\",\"position\":2,\"name\":\"Alojamento\"}]},{\"@type\":\"WebSite\",\"@id\":\"https:\/\/sites.ipleiria.pt\/ipce2019\/#website\",\"url\":\"https:\/\/sites.ipleiria.pt\/ipce2019\/\",\"name\":\"VIII Investiga\u00e7\u00e3o Pr\u00e1ticas e Contextos em Educa\u00e7\u00e3o\",\"description\":\"Mais um site Sites IPLEIRIA\",\"potentialAction\":[{\"@type\":\"SearchAction\",\"target\":{\"@type\":\"EntryPoint\",\"urlTemplate\":\"https:\/\/sites.ipleiria.pt\/ipce2019\/?s={search_term_string}\"},\"query-input\":{\"@type\":\"PropertyValueSpecification\",\"valueRequired\":true,\"valueName\":\"search_term_string\"}}],\"inLanguage\":\"pt-PT\"}]}<\/script>\n<!-- \/ Yoast SEO plugin. -->","yoast_head_json":{"title":"Alojamento - VIII Investiga\u00e7\u00e3o Pr\u00e1ticas e Contextos em Educa\u00e7\u00e3o","robots":{"index":"index","follow":"follow","max-snippet":"max-snippet:-1","max-image-preview":"max-image-preview:large","max-video-preview":"max-video-preview:-1"},"canonical":"https:\/\/sites.ipleiria.pt\/ipce2019\/alojamento\/","og_locale":"pt_PT","og_type":"article","og_title":"Alojamento - VIII Investiga\u00e7\u00e3o Pr\u00e1ticas e Contextos em Educa\u00e7\u00e3o","og_description":"Hotel Eurosol Leiria *** \u2014 Aqui (Localizado pr\u00f3ximo da Escola Superior de Educa\u00e7\u00e3o e Ci\u00eancias Sociais \u2013 7 minutos a p\u00e9) Hotel S\u00e3o Lu\u00eds *** \u2014 Aqui (Localizado pr\u00f3ximo do centro da cidade de Leiria e a 12 minutos a&hellip; Continue reading &rarr;","og_url":"https:\/\/sites.ipleiria.pt\/ipce2019\/alojamento\/","og_site_name":"VIII Investiga\u00e7\u00e3o Pr\u00e1ticas e Contextos em Educa\u00e7\u00e3o","article_modified_time":"2018-11-29T12:00:04+00:00","twitter_card":"summary_large_image","twitter_misc":{"Tempo estimado de leitura":"1 minuto"},"schema":{"@context":"https:\/\/schema.org","@graph":[{"@type":"WebPage","@id":"https:\/\/sites.ipleiria.pt\/ipce2019\/alojamento\/","url":"https:\/\/sites.ipleiria.pt\/ipce2019\/alojamento\/","name":"Alojamento - VIII Investiga\u00e7\u00e3o Pr\u00e1ticas e Contextos em Educa\u00e7\u00e3o","isPartOf":{"@id":"https:\/\/sites.ipleiria.pt\/ipce2019\/#website"},"datePublished":"2018-11-26T17:47:12+00:00","dateModified":"2018-11-29T12:00:04+00:00","breadcrumb":{"@id":"https:\/\/sites.ipleiria.pt\/ipce2019\/alojamento\/#breadcrumb"},"inLanguage":"pt-PT","potentialAction":[{"@type":"ReadAction","target":["https:\/\/sites.ipleiria.pt\/ipce2019\/alojamento\/"]}]},{"@type":"BreadcrumbList","@id":"https:\/\/sites.ipleiria.pt\/ipce2019\/alojamento\/#breadcrumb","itemListElement":[{"@type":"ListItem","position":1,"name":"In\u00edcio","item":"https:\/\/sites.ipleiria.pt\/ipce2019\/"},{"@type":"ListItem","position":2,"name":"Alojamento"}]},{"@type":"WebSite","@id":"https:\/\/sites.ipleiria.pt\/ipce2019\/#website","url":"https:\/\/sites.ipleiria.pt\/ipce2019\/","name":"VIII Investiga\u00e7\u00e3o Pr\u00e1ticas e Contextos em Educa\u00e7\u00e3o","description":"Mais um site Sites IPLEIRIA","potentialAction":[{"@type":"SearchAction","target":{"@type":"EntryPoint","urlTemplate":"https:\/\/sites.ipleiria.pt\/ipce2019\/?s={search_term_string}"},"query-input":{"@type":"PropertyValueSpecification","valueRequired":true,"valueName":"search_term_string"}}],"inLanguage":"pt-PT"}]}},"_links":{"self":[{"href":"https:\/\/sites.ipleiria.pt\/ipce2019\/wp-json\/wp\/v2\/pages\/83","targetHints":{"allow":["GET"]}}],"collection":[{"href":"https:\/\/sites.ipleiria.pt\/ipce2019\/wp-json\/wp\/v2\/pages"}],"about":[{"href":"https:\/\/sites.ipleiria.pt\/ipce2019\/wp-json\/wp\/v2\/types\/page"}],"author":[{"embeddable":true,"href":"https:\/\/sites.ipleiria.pt\/ipce2019\/wp-json\/wp\/v2\/users\/102"}],"replies":[{"embeddable":true,"href":"https:\/\/sites.ipleiria.pt\/ipce2019\/wp-json\/wp\/v2\/comments?post=83"}],"version-history":[{"count":4,"href":"https:\/\/sites.ipleiria.pt\/ipce2019\/wp-json\/wp\/v2\/pages\/83\/revisions"}],"predecessor-version":[{"id":562,"href":"https:\/\/sites.ipleiria.pt\/ipce2019\/wp-json\/wp\/v2\/pages\/83\/revisions\/562"}],"wp:attachment":[{"href":"https:\/\/sites.ipleiria.pt\/ipce2019\/wp-json\/wp\/v2\/media?parent=83"}],"curies":[{"name":"wp","href":"https:\/\/api.w.org\/{rel}","templated":true}]}}