{"id":87,"date":"2018-11-26T17:48:40","date_gmt":"2018-11-26T17:48:40","guid":{"rendered":"http:\/\/sites.ipleiria.pt\/ipce2019\/?page_id=87"},"modified":"2018-12-03T16:42:18","modified_gmt":"2018-12-03T16:42:18","slug":"presentacion","status":"publish","type":"page","link":"https:\/\/sites.ipleiria.pt\/ipce2019\/es\/presentacion\/","title":{"rendered":"Presentaci\u00f3n"},"content":{"rendered":"<p><strong>La VIII Conferencia internacional Investigaci\u00f3n, Pr\u00e1cticas y Contextos en Educaci\u00f3n (IPCE)<\/strong> pretende contribuir al desarrollo de la teor\u00eda y de la pr\u00e1ctica en Educaci\u00f3n. La conferencia IPCE se enmarca en las numerosas actividades llevadas a cabo por el Instituto Polit\u00e9cnico de Leiria (IPL), cuyo objetivo es fomentar la colaboraci\u00f3n entre investigadores, profesores, estudiantes y responsables educativos en la identificaci\u00f3n y discusi\u00f3n de soluciones para los m\u00e1s variados contextos educativos, queriendo ir al encuentro de una de las dimensiones de la acci\u00f3n del IPL: la promoci\u00f3n de la relaci\u00f3n con la regi\u00f3n en la que est\u00e1 inserida.<br \/>\nLa conferencia IPCE quiere ser un punto de encuentro y un foro de debate en el cual los profesionales de diversas \u00e1reas ligadas a la Educaci\u00f3n y con diversos intereses disciplinares tengan la oportunidad de interactuar y compartir experiencias y conocimientos, af\u00edn de estimular la investigaci\u00f3n y la evoluci\u00f3n de las Pr\u00e1cticas en Educaci\u00f3n.<\/p>\n<p><strong>Lenguas oficiales:<\/strong><br \/>\nPortugu\u00e9s, ingl\u00e9s y espa\u00f1ol.<\/p>\n<p><strong>Participantes:<\/strong><br \/>\nEducadores, profesores, investigadores, estudiantes universitarios, gestores de instituciones y t\u00e9cnicos en el campo de la educaci\u00f3n.<\/p>\n<p><strong>Temas de la Conferencia:<\/strong><\/p>\n<p>1.Experiencias de Ense\u00f1anza y Aprendizaje<br \/>\na) <em>en Educaci\u00f3n Infantil<\/em><br \/>\n\u2013 Pedagog\u00eda de la Educaci\u00f3n Infantil<br \/>\n\u2013 Desarrollo\/aprendizaje<br \/>\n\u2013 \u00c1rea de la Formaci\u00f3n personal y Social<br \/>\n\u2013 \u00c1rea del Conocimiento del Mundo<br \/>\n\u2013 \u00c1rea de la Expresi\u00f3n y Comunicaci\u00f3n:<br \/>\n\u2022 Dominio de la Educaci\u00f3n F\u00edsica<br \/>\n\u2022 Dominio de la Educaci\u00f3n Art\u00edstica<br \/>\n\u2022 Dominio del Lenguaje oral y la Iniciaci\u00f3n a la Escritura<br \/>\n\u2022 Dominio de la Matem\u00e1tica<br \/>\nb) <em>en Educaci\u00f3n B\u00e1sica<\/em><br \/>\n\u2013 Pedagog\u00eda de la Ense\u00f1anza b\u00e1sica<br \/>\n\u2013 Lengua materna<br \/>\n\u2013 Lengua no materna<br \/>\n\u2013 Matem\u00e1tica<br \/>\n\u2013 Ciencias Sociales<br \/>\n\u2013 Ciencias Naturales<br \/>\n\u2013 Expresiones<br \/>\n\u2013 TIC<br \/>\n\u2013 Educaci\u00f3n F\u00edsica\/Deporte<br \/>\nc) <em>en Ense\u00f1anza Secundaria<\/em><br \/>\n\u2013 Pedagog\u00eda de la Ense\u00f1anza Secundaria<br \/>\n\u2013 Lengua materna<br \/>\n\u2013 Lengua no materna<br \/>\n\u2013 Matem\u00e1tica<br \/>\n\u2013 Ciencias Sociales<br \/>\n\u2013 Ciencias Naturales<br \/>\n\u2013 Expresiones<br \/>\n\u2013 TIC<br \/>\n\u2013 Educaci\u00f3n F\u00edsica\/Deporte<br \/>\nd) <em>en Ense\u00f1anza Superior<\/em><br \/>\n\u2013 Pedagog\u00eda de la Ense\u00f1anza Superior<br \/>\n\u2013 Lengua materna<br \/>\n\u2013 Lengua no materna<br \/>\n\u2013 Matem\u00e1tica<br \/>\n\u2013 Ciencias Sociales<br \/>\n\u2013 Ciencias Naturales<br \/>\n\u2013 Expresiones<br \/>\n\u2013 TIC<br \/>\n\u2013 Educaci\u00f3n F\u00edsica\/Deporte<br \/>\ne) <em>en Contextos Educativos No Formales<\/em><br \/>\n\u2013 Pedagog\u00eda<br \/>\n\u2013 Lengua materna<br \/>\n\u2013 Lengua no materna<br \/>\n\u2013 Matem\u00e1tica<br \/>\n\u2013 Ciencias Sociales<br \/>\n\u2013 Ciencias Naturales<br \/>\n\u2013 Expresiones<br \/>\n\u2013 TIC<br \/>\n\u2013 Educaci\u00f3n F\u00edsica\/Deporte<br \/>\n2.Desarrollo Comunitario<br \/>\n3.Otras experiencias en Contextos Educativos<\/p>\n","protected":false},"excerpt":{"rendered":"<p>La VIII Conferencia internacional Investigaci\u00f3n, Pr\u00e1cticas y Contextos en Educaci\u00f3n (IPCE) pretende contribuir al desarrollo de la teor\u00eda y de la pr\u00e1ctica en Educaci\u00f3n. La conferencia IPCE se enmarca en las numerosas actividades llevadas a cabo por el Instituto Polit\u00e9cnico&hellip;  <\/p>\n<p class=\"more-link\"><a href=\"https:\/\/sites.ipleiria.pt\/ipce2019\/es\/presentacion\/\">Continue reading <span class=\"meta-nav\">&rarr;<\/span><\/a><\/p>\n","protected":false},"author":102,"featured_media":0,"parent":0,"menu_order":0,"comment_status":"closed","ping_status":"closed","template":"","meta":{"footnotes":""},"class_list":["post-87","page","type-page","status-publish","hentry"],"yoast_head":"<!-- This site is optimized with the Yoast SEO plugin v26.8 - https:\/\/yoast.com\/product\/yoast-seo-wordpress\/ -->\n<title>Presentaci\u00f3n - VIII Investiga\u00e7\u00e3o Pr\u00e1ticas e Contextos em Educa\u00e7\u00e3o<\/title>\n<meta name=\"robots\" content=\"index, follow, max-snippet:-1, max-image-preview:large, max-video-preview:-1\" \/>\n<link rel=\"canonical\" href=\"https:\/\/sites.ipleiria.pt\/ipce2019\/es\/presentacion\/\" \/>\n<meta property=\"og:locale\" content=\"pt_PT\" \/>\n<meta property=\"og:type\" content=\"article\" \/>\n<meta property=\"og:title\" content=\"Presentaci\u00f3n - VIII Investiga\u00e7\u00e3o Pr\u00e1ticas e Contextos em Educa\u00e7\u00e3o\" \/>\n<meta property=\"og:description\" content=\"La VIII Conferencia internacional Investigaci\u00f3n, Pr\u00e1cticas y Contextos en Educaci\u00f3n (IPCE) pretende contribuir al desarrollo de la teor\u00eda y de la pr\u00e1ctica en Educaci\u00f3n. La conferencia IPCE se enmarca en las numerosas actividades llevadas a cabo por el Instituto Polit\u00e9cnico&hellip; Continue reading &rarr;\" \/>\n<meta property=\"og:url\" content=\"https:\/\/sites.ipleiria.pt\/ipce2019\/es\/presentacion\/\" \/>\n<meta property=\"og:site_name\" content=\"VIII Investiga\u00e7\u00e3o Pr\u00e1ticas e Contextos em Educa\u00e7\u00e3o\" \/>\n<meta property=\"article:modified_time\" content=\"2018-12-03T16:42:18+00:00\" \/>\n<meta name=\"twitter:card\" content=\"summary_large_image\" \/>\n<meta name=\"twitter:label1\" content=\"Tempo estimado de leitura\" \/>\n\t<meta name=\"twitter:data1\" content=\"2 minutos\" \/>\n<script type=\"application\/ld+json\" class=\"yoast-schema-graph\">{\"@context\":\"https:\/\/schema.org\",\"@graph\":[{\"@type\":\"WebPage\",\"@id\":\"https:\/\/sites.ipleiria.pt\/ipce2019\/es\/presentacion\/\",\"url\":\"https:\/\/sites.ipleiria.pt\/ipce2019\/es\/presentacion\/\",\"name\":\"Presentaci\u00f3n - VIII Investiga\u00e7\u00e3o Pr\u00e1ticas e Contextos em Educa\u00e7\u00e3o\",\"isPartOf\":{\"@id\":\"https:\/\/sites.ipleiria.pt\/ipce2019\/#website\"},\"datePublished\":\"2018-11-26T17:48:40+00:00\",\"dateModified\":\"2018-12-03T16:42:18+00:00\",\"breadcrumb\":{\"@id\":\"https:\/\/sites.ipleiria.pt\/ipce2019\/es\/presentacion\/#breadcrumb\"},\"inLanguage\":\"pt-PT\",\"potentialAction\":[{\"@type\":\"ReadAction\",\"target\":[\"https:\/\/sites.ipleiria.pt\/ipce2019\/es\/presentacion\/\"]}]},{\"@type\":\"BreadcrumbList\",\"@id\":\"https:\/\/sites.ipleiria.pt\/ipce2019\/es\/presentacion\/#breadcrumb\",\"itemListElement\":[{\"@type\":\"ListItem\",\"position\":1,\"name\":\"In\u00edcio\",\"item\":\"https:\/\/sites.ipleiria.pt\/ipce2019\/\"},{\"@type\":\"ListItem\",\"position\":2,\"name\":\"Presentaci\u00f3n\"}]},{\"@type\":\"WebSite\",\"@id\":\"https:\/\/sites.ipleiria.pt\/ipce2019\/#website\",\"url\":\"https:\/\/sites.ipleiria.pt\/ipce2019\/\",\"name\":\"VIII Investiga\u00e7\u00e3o Pr\u00e1ticas e Contextos em Educa\u00e7\u00e3o\",\"description\":\"Mais um site Sites IPLEIRIA\",\"potentialAction\":[{\"@type\":\"SearchAction\",\"target\":{\"@type\":\"EntryPoint\",\"urlTemplate\":\"https:\/\/sites.ipleiria.pt\/ipce2019\/?s={search_term_string}\"},\"query-input\":{\"@type\":\"PropertyValueSpecification\",\"valueRequired\":true,\"valueName\":\"search_term_string\"}}],\"inLanguage\":\"pt-PT\"}]}<\/script>\n<!-- \/ Yoast SEO plugin. -->","yoast_head_json":{"title":"Presentaci\u00f3n - VIII Investiga\u00e7\u00e3o Pr\u00e1ticas e Contextos em Educa\u00e7\u00e3o","robots":{"index":"index","follow":"follow","max-snippet":"max-snippet:-1","max-image-preview":"max-image-preview:large","max-video-preview":"max-video-preview:-1"},"canonical":"https:\/\/sites.ipleiria.pt\/ipce2019\/es\/presentacion\/","og_locale":"pt_PT","og_type":"article","og_title":"Presentaci\u00f3n - VIII Investiga\u00e7\u00e3o Pr\u00e1ticas e Contextos em Educa\u00e7\u00e3o","og_description":"La VIII Conferencia internacional Investigaci\u00f3n, Pr\u00e1cticas y Contextos en Educaci\u00f3n (IPCE) pretende contribuir al desarrollo de la teor\u00eda y de la pr\u00e1ctica en Educaci\u00f3n. La conferencia IPCE se enmarca en las numerosas actividades llevadas a cabo por el Instituto Polit\u00e9cnico&hellip; Continue reading &rarr;","og_url":"https:\/\/sites.ipleiria.pt\/ipce2019\/es\/presentacion\/","og_site_name":"VIII Investiga\u00e7\u00e3o Pr\u00e1ticas e Contextos em Educa\u00e7\u00e3o","article_modified_time":"2018-12-03T16:42:18+00:00","twitter_card":"summary_large_image","twitter_misc":{"Tempo estimado de leitura":"2 minutos"},"schema":{"@context":"https:\/\/schema.org","@graph":[{"@type":"WebPage","@id":"https:\/\/sites.ipleiria.pt\/ipce2019\/es\/presentacion\/","url":"https:\/\/sites.ipleiria.pt\/ipce2019\/es\/presentacion\/","name":"Presentaci\u00f3n - VIII Investiga\u00e7\u00e3o Pr\u00e1ticas e Contextos em Educa\u00e7\u00e3o","isPartOf":{"@id":"https:\/\/sites.ipleiria.pt\/ipce2019\/#website"},"datePublished":"2018-11-26T17:48:40+00:00","dateModified":"2018-12-03T16:42:18+00:00","breadcrumb":{"@id":"https:\/\/sites.ipleiria.pt\/ipce2019\/es\/presentacion\/#breadcrumb"},"inLanguage":"pt-PT","potentialAction":[{"@type":"ReadAction","target":["https:\/\/sites.ipleiria.pt\/ipce2019\/es\/presentacion\/"]}]},{"@type":"BreadcrumbList","@id":"https:\/\/sites.ipleiria.pt\/ipce2019\/es\/presentacion\/#breadcrumb","itemListElement":[{"@type":"ListItem","position":1,"name":"In\u00edcio","item":"https:\/\/sites.ipleiria.pt\/ipce2019\/"},{"@type":"ListItem","position":2,"name":"Presentaci\u00f3n"}]},{"@type":"WebSite","@id":"https:\/\/sites.ipleiria.pt\/ipce2019\/#website","url":"https:\/\/sites.ipleiria.pt\/ipce2019\/","name":"VIII Investiga\u00e7\u00e3o Pr\u00e1ticas e Contextos em Educa\u00e7\u00e3o","description":"Mais um site Sites IPLEIRIA","potentialAction":[{"@type":"SearchAction","target":{"@type":"EntryPoint","urlTemplate":"https:\/\/sites.ipleiria.pt\/ipce2019\/?s={search_term_string}"},"query-input":{"@type":"PropertyValueSpecification","valueRequired":true,"valueName":"search_term_string"}}],"inLanguage":"pt-PT"}]}},"_links":{"self":[{"href":"https:\/\/sites.ipleiria.pt\/ipce2019\/wp-json\/wp\/v2\/pages\/87","targetHints":{"allow":["GET"]}}],"collection":[{"href":"https:\/\/sites.ipleiria.pt\/ipce2019\/wp-json\/wp\/v2\/pages"}],"about":[{"href":"https:\/\/sites.ipleiria.pt\/ipce2019\/wp-json\/wp\/v2\/types\/page"}],"author":[{"embeddable":true,"href":"https:\/\/sites.ipleiria.pt\/ipce2019\/wp-json\/wp\/v2\/users\/102"}],"replies":[{"embeddable":true,"href":"https:\/\/sites.ipleiria.pt\/ipce2019\/wp-json\/wp\/v2\/comments?post=87"}],"version-history":[{"count":3,"href":"https:\/\/sites.ipleiria.pt\/ipce2019\/wp-json\/wp\/v2\/pages\/87\/revisions"}],"predecessor-version":[{"id":215,"href":"https:\/\/sites.ipleiria.pt\/ipce2019\/wp-json\/wp\/v2\/pages\/87\/revisions\/215"}],"wp:attachment":[{"href":"https:\/\/sites.ipleiria.pt\/ipce2019\/wp-json\/wp\/v2\/media?parent=87"}],"curies":[{"name":"wp","href":"https:\/\/api.w.org\/{rel}","templated":true}]}}