{"id":2,"date":"2019-10-11T10:13:48","date_gmt":"2019-10-11T10:13:48","guid":{"rendered":"http:\/\/ipce2020.sites.ipleiria.pt\/?page_id=2"},"modified":"2020-02-01T19:23:22","modified_gmt":"2020-02-01T19:23:22","slug":"pagina-exemplo","status":"publish","type":"page","link":"https:\/\/sites.ipleiria.pt\/ipce2020\/pagina-exemplo\/","title":{"rendered":"Apresenta\u00e7\u00e3o"},"content":{"rendered":"\n<p><\/p>\n\n\n\n<p>A <strong>IX Confer\u00eancia Internacional de Investiga\u00e7\u00e3o, Pr\u00e1ticas e Contextos em Educa\u00e7\u00e3o (IPCE)<\/strong> \u00e9 um evento internacional que visa contribuir para o avan\u00e7o da teoria e da pr\u00e1tica em Educa\u00e7\u00e3o.<br>A confer\u00eancia IPCE insere-se no conjunto de atividades do Polit\u00e9cnico de Leiria (IPLeiria), que visam promover a colabora\u00e7\u00e3o entre investigadores, professores, estudantes e decisores na identifica\u00e7\u00e3o e discuss\u00e3o de desafios e solu\u00e7\u00f5es para os mais diversos contextos educativos, indo ao encontro de uma das dimens\u00f5es da a\u00e7\u00e3o do IPLeiria \u2013 a de promover a rela\u00e7\u00e3o com a regi\u00e3o em que est\u00e1 inserido.<\/p>\n\n\n\n<p>O objetivo da confer\u00eancia IPCE \u00e9 proporcionar uma oportunidade para que profissionais de diversas \u00e1reas ligadas \u00e0 Educa\u00e7\u00e3o e com interesses multidisciplinares interajam e partilhem experi\u00eancias e conhecimentos, contribuindo e estimulando a investiga\u00e7\u00e3o e o desenvolvimento de pr\u00e1ticas em Educa\u00e7\u00e3o.<\/p>\n\n\n\n<p class=\"has-text-color has-vivid-cyan-blue-color\">A confer\u00eancia IPCE \u00e9 acreditada pelo Conselho Cient\u00edfico Pedag\u00f3gico da Forma\u00e7\u00e3o Cont\u00ednua como curso de forma\u00e7\u00e3o de 13 horas, para progress\u00e3o na carreira de Educadores e professores dos Ensinos B\u00e1sico e Secund\u00e1rio, com o registo CCPFC\/ACC-102746\/19<\/p>\n\n\n\n<p><strong>L\u00ednguas de trabalho<\/strong><br>Portugu\u00eas, ingl\u00eas e espanhol<\/p>\n\n\n\n<p><strong>Participantes<\/strong><br>Educadores, professores, investigadores, estudantes do ensino superior, \u00f3rg\u00e3os de dire\u00e7\u00e3o e de gest\u00e3o de institui\u00e7\u00f5es e t\u00e9cnicos da \u00e1rea da educa\u00e7\u00e3o.<\/p>\n\n\n\n<p><strong>Temas da Confer\u00eancia:<\/strong><br>1.Experi\u00eancias de Ensino e Aprendizagem<br><em>a) na Educa\u00e7\u00e3o de Inf\u00e2ncia<\/em><br>\u2013 Pedagogia da Educa\u00e7\u00e3o de Inf\u00e2ncia<br>\u2013 Desenvolvimento\/aprendizagem<br>\u2013 \u00c1rea da Forma\u00e7\u00e3o Pessoal e Social<br>\u2013 \u00c1rea do Conhecimento do Mundo<br>\u2013 \u00c1rea da Express\u00e3o e Comunica\u00e7\u00e3o:<br>\u2022 Dom\u00ednio da Educa\u00e7\u00e3o F\u00edsica<br>\u2022 Dom\u00ednio da Educa\u00e7\u00e3o Art\u00edstica<br>\u2022 Dom\u00ednio da Linguagem Oral e Abordagem \u00e0 Escrita<br>\u2022 Dom\u00ednio da Matem\u00e1tica<br><em>b) na Educa\u00e7\u00e3o B\u00e1sica<\/em><br>\u2013 Pedagogia do Ensino B\u00e1sico<br>\u2013 L\u00edngua materna<br>\u2013 L\u00edngua n\u00e3o materna<br>\u2013 Matem\u00e1tica<br>\u2013 Ci\u00eancias Sociais<br>\u2013 Ci\u00eancias Naturais<br>\u2013 Express\u00f5es<br>\u2013 TIC<br>\u2013 Educa\u00e7\u00e3o F\u00edsica\/Desporto<br><em>c) no Ensino Secund\u00e1rio<\/em><br>\u2013 Pedagogia do Ensino Secund\u00e1rio<br>\u2013 L\u00edngua materna<br>\u2013 L\u00edngua n\u00e3o materna<br>\u2013 Matem\u00e1tica<br>\u2013 Ci\u00eancias Sociais<br>\u2013 Ci\u00eancias Naturais<br>\u2013 Express\u00f5es<br>\u2013 TIC<br>\u2013 Educa\u00e7\u00e3o F\u00edsica\/Desporto<br><em>d) no Ensino Superior<\/em><br>\u2013 Pedagogia do Ensino Superior<br>\u2013 L\u00edngua materna<br>\u2013 L\u00edngua n\u00e3o materna<br>\u2013 Matem\u00e1tica<br>\u2013 Ci\u00eancias Sociais<br>\u2013 Ci\u00eancias Naturais<br>\u2013 Express\u00f5es<br>\u2013 TIC<br>\u2013 Educa\u00e7\u00e3o f\u00edsica\/Desporto<br><em>e) em Contextos Educativos N\u00e3o Formais<\/em><br>\u2013 Pedagogia<br>\u2013 L\u00edngua materna<br>\u2013 L\u00edngua n\u00e3o materna<br>\u2013 Matem\u00e1tica<br>\u2013 Ci\u00eancias Sociais<br>\u2013 Ci\u00eancias Naturais<br>\u2013 Express\u00f5es<br>\u2013 TIC<br>\u2013 Educa\u00e7\u00e3o F\u00edsica\/Desporto<br>2.Desenvolvimento Comunit\u00e1rio<br>3.Outras experi\u00eancias em Contextos Educativos<\/p>\n","protected":false},"excerpt":{"rendered":"<p>A IX Confer\u00eancia Internacional de Investiga\u00e7\u00e3o, Pr\u00e1ticas e Contextos em Educa\u00e7\u00e3o (IPCE) \u00e9 um evento internacional que visa contribuir para o avan\u00e7o da teoria e da pr\u00e1tica em Educa\u00e7\u00e3o.A confer\u00eancia IPCE insere-se no conjunto de atividades do Polit\u00e9cnico de Leiria&hellip;  <\/p>\n<p class=\"more-link\"><a href=\"https:\/\/sites.ipleiria.pt\/ipce2020\/pagina-exemplo\/\">Continue reading <span class=\"meta-nav\">&rarr;<\/span><\/a><\/p>\n","protected":false},"author":102,"featured_media":0,"parent":0,"menu_order":0,"comment_status":"closed","ping_status":"open","template":"","meta":{"footnotes":""},"class_list":["post-2","page","type-page","status-publish","hentry"],"yoast_head":"<!-- This site is optimized with the Yoast SEO plugin v26.8 - https:\/\/yoast.com\/product\/yoast-seo-wordpress\/ -->\n<title>Apresenta\u00e7\u00e3o - IPCE 2020<\/title>\n<meta name=\"robots\" content=\"index, follow, max-snippet:-1, max-image-preview:large, max-video-preview:-1\" \/>\n<link rel=\"canonical\" href=\"https:\/\/sites.ipleiria.pt\/ipce2020\/pagina-exemplo\/\" \/>\n<meta property=\"og:locale\" content=\"pt_PT\" \/>\n<meta property=\"og:type\" content=\"article\" \/>\n<meta property=\"og:title\" content=\"Apresenta\u00e7\u00e3o - IPCE 2020\" \/>\n<meta property=\"og:description\" content=\"A IX Confer\u00eancia Internacional de Investiga\u00e7\u00e3o, Pr\u00e1ticas e Contextos em Educa\u00e7\u00e3o (IPCE) \u00e9 um evento internacional que visa contribuir para o avan\u00e7o da teoria e da pr\u00e1tica em Educa\u00e7\u00e3o.A confer\u00eancia IPCE insere-se no conjunto de atividades do Polit\u00e9cnico de Leiria&hellip; Continue reading &rarr;\" \/>\n<meta property=\"og:url\" content=\"https:\/\/sites.ipleiria.pt\/ipce2020\/pagina-exemplo\/\" \/>\n<meta property=\"og:site_name\" content=\"IPCE 2020\" \/>\n<meta property=\"article:modified_time\" content=\"2020-02-01T19:23:22+00:00\" \/>\n<meta name=\"twitter:card\" content=\"summary_large_image\" \/>\n<meta name=\"twitter:label1\" content=\"Tempo estimado de leitura\" \/>\n\t<meta name=\"twitter:data1\" content=\"2 minutos\" \/>\n<script type=\"application\/ld+json\" class=\"yoast-schema-graph\">{\"@context\":\"https:\/\/schema.org\",\"@graph\":[{\"@type\":\"WebPage\",\"@id\":\"https:\/\/sites.ipleiria.pt\/ipce2020\/pagina-exemplo\/\",\"url\":\"https:\/\/sites.ipleiria.pt\/ipce2020\/pagina-exemplo\/\",\"name\":\"Apresenta\u00e7\u00e3o - IPCE 2020\",\"isPartOf\":{\"@id\":\"https:\/\/sites.ipleiria.pt\/ipce2020\/#website\"},\"datePublished\":\"2019-10-11T10:13:48+00:00\",\"dateModified\":\"2020-02-01T19:23:22+00:00\",\"breadcrumb\":{\"@id\":\"https:\/\/sites.ipleiria.pt\/ipce2020\/pagina-exemplo\/#breadcrumb\"},\"inLanguage\":\"pt-PT\",\"potentialAction\":[{\"@type\":\"ReadAction\",\"target\":[\"https:\/\/sites.ipleiria.pt\/ipce2020\/pagina-exemplo\/\"]}]},{\"@type\":\"BreadcrumbList\",\"@id\":\"https:\/\/sites.ipleiria.pt\/ipce2020\/pagina-exemplo\/#breadcrumb\",\"itemListElement\":[{\"@type\":\"ListItem\",\"position\":1,\"name\":\"In\u00edcio\",\"item\":\"https:\/\/sites.ipleiria.pt\/ipce2020\/\"},{\"@type\":\"ListItem\",\"position\":2,\"name\":\"Apresenta\u00e7\u00e3o\"}]},{\"@type\":\"WebSite\",\"@id\":\"https:\/\/sites.ipleiria.pt\/ipce2020\/#website\",\"url\":\"https:\/\/sites.ipleiria.pt\/ipce2020\/\",\"name\":\"IPCE 2020\",\"description\":\"Mais um site Sites IPLEIRIA\",\"potentialAction\":[{\"@type\":\"SearchAction\",\"target\":{\"@type\":\"EntryPoint\",\"urlTemplate\":\"https:\/\/sites.ipleiria.pt\/ipce2020\/?s={search_term_string}\"},\"query-input\":{\"@type\":\"PropertyValueSpecification\",\"valueRequired\":true,\"valueName\":\"search_term_string\"}}],\"inLanguage\":\"pt-PT\"}]}<\/script>\n<!-- \/ Yoast SEO plugin. -->","yoast_head_json":{"title":"Apresenta\u00e7\u00e3o - IPCE 2020","robots":{"index":"index","follow":"follow","max-snippet":"max-snippet:-1","max-image-preview":"max-image-preview:large","max-video-preview":"max-video-preview:-1"},"canonical":"https:\/\/sites.ipleiria.pt\/ipce2020\/pagina-exemplo\/","og_locale":"pt_PT","og_type":"article","og_title":"Apresenta\u00e7\u00e3o - IPCE 2020","og_description":"A IX Confer\u00eancia Internacional de Investiga\u00e7\u00e3o, Pr\u00e1ticas e Contextos em Educa\u00e7\u00e3o (IPCE) \u00e9 um evento internacional que visa contribuir para o avan\u00e7o da teoria e da pr\u00e1tica em Educa\u00e7\u00e3o.A confer\u00eancia IPCE insere-se no conjunto de atividades do Polit\u00e9cnico de Leiria&hellip; Continue reading &rarr;","og_url":"https:\/\/sites.ipleiria.pt\/ipce2020\/pagina-exemplo\/","og_site_name":"IPCE 2020","article_modified_time":"2020-02-01T19:23:22+00:00","twitter_card":"summary_large_image","twitter_misc":{"Tempo estimado de leitura":"2 minutos"},"schema":{"@context":"https:\/\/schema.org","@graph":[{"@type":"WebPage","@id":"https:\/\/sites.ipleiria.pt\/ipce2020\/pagina-exemplo\/","url":"https:\/\/sites.ipleiria.pt\/ipce2020\/pagina-exemplo\/","name":"Apresenta\u00e7\u00e3o - IPCE 2020","isPartOf":{"@id":"https:\/\/sites.ipleiria.pt\/ipce2020\/#website"},"datePublished":"2019-10-11T10:13:48+00:00","dateModified":"2020-02-01T19:23:22+00:00","breadcrumb":{"@id":"https:\/\/sites.ipleiria.pt\/ipce2020\/pagina-exemplo\/#breadcrumb"},"inLanguage":"pt-PT","potentialAction":[{"@type":"ReadAction","target":["https:\/\/sites.ipleiria.pt\/ipce2020\/pagina-exemplo\/"]}]},{"@type":"BreadcrumbList","@id":"https:\/\/sites.ipleiria.pt\/ipce2020\/pagina-exemplo\/#breadcrumb","itemListElement":[{"@type":"ListItem","position":1,"name":"In\u00edcio","item":"https:\/\/sites.ipleiria.pt\/ipce2020\/"},{"@type":"ListItem","position":2,"name":"Apresenta\u00e7\u00e3o"}]},{"@type":"WebSite","@id":"https:\/\/sites.ipleiria.pt\/ipce2020\/#website","url":"https:\/\/sites.ipleiria.pt\/ipce2020\/","name":"IPCE 2020","description":"Mais um site Sites IPLEIRIA","potentialAction":[{"@type":"SearchAction","target":{"@type":"EntryPoint","urlTemplate":"https:\/\/sites.ipleiria.pt\/ipce2020\/?s={search_term_string}"},"query-input":{"@type":"PropertyValueSpecification","valueRequired":true,"valueName":"search_term_string"}}],"inLanguage":"pt-PT"}]}},"_links":{"self":[{"href":"https:\/\/sites.ipleiria.pt\/ipce2020\/wp-json\/wp\/v2\/pages\/2","targetHints":{"allow":["GET"]}}],"collection":[{"href":"https:\/\/sites.ipleiria.pt\/ipce2020\/wp-json\/wp\/v2\/pages"}],"about":[{"href":"https:\/\/sites.ipleiria.pt\/ipce2020\/wp-json\/wp\/v2\/types\/page"}],"author":[{"embeddable":true,"href":"https:\/\/sites.ipleiria.pt\/ipce2020\/wp-json\/wp\/v2\/users\/102"}],"replies":[{"embeddable":true,"href":"https:\/\/sites.ipleiria.pt\/ipce2020\/wp-json\/wp\/v2\/comments?post=2"}],"version-history":[{"count":6,"href":"https:\/\/sites.ipleiria.pt\/ipce2020\/wp-json\/wp\/v2\/pages\/2\/revisions"}],"predecessor-version":[{"id":234,"href":"https:\/\/sites.ipleiria.pt\/ipce2020\/wp-json\/wp\/v2\/pages\/2\/revisions\/234"}],"wp:attachment":[{"href":"https:\/\/sites.ipleiria.pt\/ipce2020\/wp-json\/wp\/v2\/media?parent=2"}],"curies":[{"name":"wp","href":"https:\/\/api.w.org\/{rel}","templated":true}]}}