{"id":23,"date":"2019-12-04T11:25:16","date_gmt":"2019-12-04T11:25:16","guid":{"rendered":"https:\/\/sites.ipleiria.pt\/ipce2020\/?page_id=23"},"modified":"2021-02-15T16:08:28","modified_gmt":"2021-02-15T16:08:28","slug":"contactos","status":"publish","type":"page","link":"https:\/\/sites.ipleiria.pt\/ipce2020\/contactos\/","title":{"rendered":"Contactos"},"content":{"rendered":"\n<p><strong>Comiss\u00e3o Organizadora e Comiss\u00e3o Cient\u00edfica<\/strong><br>Email: <a href=\"mailto:ipce@ipleiria.pt\">ipce@ipleiria.pt<\/a><\/p>\n\n\n\n<p><strong>Secretariado<\/strong> <strong>de comunica\u00e7\u00e3o<\/strong><br>Eunice Almeida<br>Email: <a href=\"mailto:eunice.almeida@ipleiria.pt\">eunice.almeida@ipleiria.pt<\/a><br>Telefone: (+351) 244 829 471<\/p>\n\n\n\n<p><strong>Escola Superior de Educa\u00e7\u00e3o e Ci\u00eancias Sociais (Leiria)<\/strong><br>Campus 1 \u2014 Polit\u00e9cnico de Leiria<br>Rua Dr. Jo\u00e3o Soares<br>Apartado 4045<br>2411-901 Leiria \u2013 Portugal<br>Tel: (+351) 244 829400 \u2022 Fax:(+351) 244 829499<br>E-mail: <a href=\"mailto:esecs@ipleiria.pt\">esecs@ipleiria.pt<\/a><\/p>\n\n\n\n<p>Ver <a href=\"https:\/\/www.google.com\/maps\/d\/u\/0\/edit?mid=1Cpy6veZvCE6qnaPaXMBrA74XXuc&amp;msa=0&amp;ie=UTF8&amp;t=m&amp;vpsrc=0&amp;z=18&amp;source=embed&amp;ll=39.73943497653222%2C-8.811459000000013\" target=\"_blank\" rel=\"noreferrer noopener\">ESECS<\/a> no mapa<\/p>\n","protected":false},"excerpt":{"rendered":"<p>Comiss\u00e3o Organizadora e Comiss\u00e3o Cient\u00edficaEmail: ipce@ipleiria.pt Secretariado de comunica\u00e7\u00e3oEunice AlmeidaEmail: eunice.almeida@ipleiria.ptTelefone: (+351) 244 829 471 Escola Superior de Educa\u00e7\u00e3o e Ci\u00eancias Sociais (Leiria)Campus 1 \u2014 Polit\u00e9cnico de LeiriaRua Dr. Jo\u00e3o SoaresApartado 40452411-901 Leiria \u2013 PortugalTel: (+351) 244 829400 \u2022 Fax:(+351)&hellip;  <\/p>\n<p class=\"more-link\"><a href=\"https:\/\/sites.ipleiria.pt\/ipce2020\/contactos\/\">Continue reading <span class=\"meta-nav\">&rarr;<\/span><\/a><\/p>\n","protected":false},"author":102,"featured_media":0,"parent":0,"menu_order":0,"comment_status":"closed","ping_status":"closed","template":"","meta":{"footnotes":""},"class_list":["post-23","page","type-page","status-publish","hentry"],"yoast_head":"<!-- This site is optimized with the Yoast SEO plugin v26.8 - https:\/\/yoast.com\/product\/yoast-seo-wordpress\/ -->\n<title>Contactos - IPCE 2020<\/title>\n<meta name=\"robots\" content=\"index, follow, max-snippet:-1, max-image-preview:large, max-video-preview:-1\" \/>\n<link rel=\"canonical\" href=\"https:\/\/sites.ipleiria.pt\/ipce2020\/contactos\/\" \/>\n<meta property=\"og:locale\" content=\"pt_PT\" \/>\n<meta property=\"og:type\" content=\"article\" \/>\n<meta property=\"og:title\" content=\"Contactos - IPCE 2020\" \/>\n<meta property=\"og:description\" content=\"Comiss\u00e3o Organizadora e Comiss\u00e3o Cient\u00edficaEmail: ipce@ipleiria.pt Secretariado de comunica\u00e7\u00e3oEunice AlmeidaEmail: eunice.almeida@ipleiria.ptTelefone: (+351) 244 829 471 Escola Superior de Educa\u00e7\u00e3o e Ci\u00eancias Sociais (Leiria)Campus 1 \u2014 Polit\u00e9cnico de LeiriaRua Dr. Jo\u00e3o SoaresApartado 40452411-901 Leiria \u2013 PortugalTel: (+351) 244 829400 \u2022 Fax:(+351)&hellip; Continue reading &rarr;\" \/>\n<meta property=\"og:url\" content=\"https:\/\/sites.ipleiria.pt\/ipce2020\/contactos\/\" \/>\n<meta property=\"og:site_name\" content=\"IPCE 2020\" \/>\n<meta property=\"article:modified_time\" content=\"2021-02-15T16:08:28+00:00\" \/>\n<meta name=\"twitter:card\" content=\"summary_large_image\" \/>\n<script type=\"application\/ld+json\" class=\"yoast-schema-graph\">{\"@context\":\"https:\/\/schema.org\",\"@graph\":[{\"@type\":\"WebPage\",\"@id\":\"https:\/\/sites.ipleiria.pt\/ipce2020\/contactos\/\",\"url\":\"https:\/\/sites.ipleiria.pt\/ipce2020\/contactos\/\",\"name\":\"Contactos - IPCE 2020\",\"isPartOf\":{\"@id\":\"https:\/\/sites.ipleiria.pt\/ipce2020\/#website\"},\"datePublished\":\"2019-12-04T11:25:16+00:00\",\"dateModified\":\"2021-02-15T16:08:28+00:00\",\"breadcrumb\":{\"@id\":\"https:\/\/sites.ipleiria.pt\/ipce2020\/contactos\/#breadcrumb\"},\"inLanguage\":\"pt-PT\",\"potentialAction\":[{\"@type\":\"ReadAction\",\"target\":[\"https:\/\/sites.ipleiria.pt\/ipce2020\/contactos\/\"]}]},{\"@type\":\"BreadcrumbList\",\"@id\":\"https:\/\/sites.ipleiria.pt\/ipce2020\/contactos\/#breadcrumb\",\"itemListElement\":[{\"@type\":\"ListItem\",\"position\":1,\"name\":\"In\u00edcio\",\"item\":\"https:\/\/sites.ipleiria.pt\/ipce2020\/\"},{\"@type\":\"ListItem\",\"position\":2,\"name\":\"Contactos\"}]},{\"@type\":\"WebSite\",\"@id\":\"https:\/\/sites.ipleiria.pt\/ipce2020\/#website\",\"url\":\"https:\/\/sites.ipleiria.pt\/ipce2020\/\",\"name\":\"IPCE 2020\",\"description\":\"Mais um site Sites IPLEIRIA\",\"potentialAction\":[{\"@type\":\"SearchAction\",\"target\":{\"@type\":\"EntryPoint\",\"urlTemplate\":\"https:\/\/sites.ipleiria.pt\/ipce2020\/?s={search_term_string}\"},\"query-input\":{\"@type\":\"PropertyValueSpecification\",\"valueRequired\":true,\"valueName\":\"search_term_string\"}}],\"inLanguage\":\"pt-PT\"}]}<\/script>\n<!-- \/ Yoast SEO plugin. -->","yoast_head_json":{"title":"Contactos - IPCE 2020","robots":{"index":"index","follow":"follow","max-snippet":"max-snippet:-1","max-image-preview":"max-image-preview:large","max-video-preview":"max-video-preview:-1"},"canonical":"https:\/\/sites.ipleiria.pt\/ipce2020\/contactos\/","og_locale":"pt_PT","og_type":"article","og_title":"Contactos - IPCE 2020","og_description":"Comiss\u00e3o Organizadora e Comiss\u00e3o Cient\u00edficaEmail: ipce@ipleiria.pt Secretariado de comunica\u00e7\u00e3oEunice AlmeidaEmail: eunice.almeida@ipleiria.ptTelefone: (+351) 244 829 471 Escola Superior de Educa\u00e7\u00e3o e Ci\u00eancias Sociais (Leiria)Campus 1 \u2014 Polit\u00e9cnico de LeiriaRua Dr. Jo\u00e3o SoaresApartado 40452411-901 Leiria \u2013 PortugalTel: (+351) 244 829400 \u2022 Fax:(+351)&hellip; Continue reading &rarr;","og_url":"https:\/\/sites.ipleiria.pt\/ipce2020\/contactos\/","og_site_name":"IPCE 2020","article_modified_time":"2021-02-15T16:08:28+00:00","twitter_card":"summary_large_image","schema":{"@context":"https:\/\/schema.org","@graph":[{"@type":"WebPage","@id":"https:\/\/sites.ipleiria.pt\/ipce2020\/contactos\/","url":"https:\/\/sites.ipleiria.pt\/ipce2020\/contactos\/","name":"Contactos - IPCE 2020","isPartOf":{"@id":"https:\/\/sites.ipleiria.pt\/ipce2020\/#website"},"datePublished":"2019-12-04T11:25:16+00:00","dateModified":"2021-02-15T16:08:28+00:00","breadcrumb":{"@id":"https:\/\/sites.ipleiria.pt\/ipce2020\/contactos\/#breadcrumb"},"inLanguage":"pt-PT","potentialAction":[{"@type":"ReadAction","target":["https:\/\/sites.ipleiria.pt\/ipce2020\/contactos\/"]}]},{"@type":"BreadcrumbList","@id":"https:\/\/sites.ipleiria.pt\/ipce2020\/contactos\/#breadcrumb","itemListElement":[{"@type":"ListItem","position":1,"name":"In\u00edcio","item":"https:\/\/sites.ipleiria.pt\/ipce2020\/"},{"@type":"ListItem","position":2,"name":"Contactos"}]},{"@type":"WebSite","@id":"https:\/\/sites.ipleiria.pt\/ipce2020\/#website","url":"https:\/\/sites.ipleiria.pt\/ipce2020\/","name":"IPCE 2020","description":"Mais um site Sites IPLEIRIA","potentialAction":[{"@type":"SearchAction","target":{"@type":"EntryPoint","urlTemplate":"https:\/\/sites.ipleiria.pt\/ipce2020\/?s={search_term_string}"},"query-input":{"@type":"PropertyValueSpecification","valueRequired":true,"valueName":"search_term_string"}}],"inLanguage":"pt-PT"}]}},"_links":{"self":[{"href":"https:\/\/sites.ipleiria.pt\/ipce2020\/wp-json\/wp\/v2\/pages\/23","targetHints":{"allow":["GET"]}}],"collection":[{"href":"https:\/\/sites.ipleiria.pt\/ipce2020\/wp-json\/wp\/v2\/pages"}],"about":[{"href":"https:\/\/sites.ipleiria.pt\/ipce2020\/wp-json\/wp\/v2\/types\/page"}],"author":[{"embeddable":true,"href":"https:\/\/sites.ipleiria.pt\/ipce2020\/wp-json\/wp\/v2\/users\/102"}],"replies":[{"embeddable":true,"href":"https:\/\/sites.ipleiria.pt\/ipce2020\/wp-json\/wp\/v2\/comments?post=23"}],"version-history":[{"count":8,"href":"https:\/\/sites.ipleiria.pt\/ipce2020\/wp-json\/wp\/v2\/pages\/23\/revisions"}],"predecessor-version":[{"id":228,"href":"https:\/\/sites.ipleiria.pt\/ipce2020\/wp-json\/wp\/v2\/pages\/23\/revisions\/228"}],"wp:attachment":[{"href":"https:\/\/sites.ipleiria.pt\/ipce2020\/wp-json\/wp\/v2\/media?parent=23"}],"curies":[{"name":"wp","href":"https:\/\/api.w.org\/{rel}","templated":true}]}}