{"id":79,"date":"2019-12-04T17:36:30","date_gmt":"2019-12-04T17:36:30","guid":{"rendered":"https:\/\/sites.ipleiria.pt\/ipce2020\/?page_id=79"},"modified":"2020-02-01T20:13:24","modified_gmt":"2020-02-01T20:13:24","slug":"organization","status":"publish","type":"page","link":"https:\/\/sites.ipleiria.pt\/ipce2020\/en\/organization\/","title":{"rendered":"Organization"},"content":{"rendered":"\n<p><strong>Organising Committee:<\/strong><br>Dina Catarina Duarte Alves<br>H\u00e9lia Gon\u00e7alves Pinto<br>Maria Isabel Pinto Sim\u00f5es Dias<br>Maria Od\u00edlia de Jesus Almeida Abreu<br>Romain Gillain <\/p>\n\n\n\n<p><strong>Scientific Committee:<\/strong><\/p>\n\n\n\n<p>Alessandra Almeida \u2013 PUC-Campinas; UNICAMP (Brazil)<br>\nAdilson Dalben &#8211; Centro Universit\u00e1rio Salesiano de S\u00e3o Paulo \u2013 UNISAL (Brazil)<br>\nAna Baptista \u2013 Faculty of Medicine, Imperial College London (Reino Unido)<br>\nAna Paula Cardoso \u2013 Instituto Polit\u00e9cnico de Viseu (Portugal)<br>\nAna Torres -Escola Superior de Sa\u00fade Norte da Cruz Vermelha Portuguesa (Portugal)<br>\nAna Vicente \u2013 CESAM\/Universidade de Aveiro (Portugal)<br>\nAlzira Maria Rasc\u00e3o Saraiva \u2013 Polit\u00e9cnico de Leiria (Portugal)<br>\nAnt\u00f3nio Eduardo Veyrier Val\u00e9rio Maduro \u2013 Instituto Universit\u00e1rio da Maia (Portugal)<br>\nBev Fl\u00fcckiger \u2013 Griffith University (Australia)<br>\nCarla Alves \u2013 Universidade de S\u00e3o Paulo (Brazil)<br>\nCarmen Vanesa \u00c1lvarez Rosa \u2013 Universidad de Salamanca (Spain)<br>\nC\u00e1tia Gon\u00e7alves \u2013 CESAM\/Universidade de Aveiro (Portugal)<br>\nCl\u00e1udia Figueiredo \u2013 Universidade de Aveiro (Portugal)<br>\nDiana Zakaryan &#8211; Instituto de Matem\u00e1ticas, PUCV (Valpara\u00edso \u2013 Chile)<br>\nElvira Ferreira \u2013 Minist\u00e9rio da Educa\u00e7\u00e3o (Portugal)<br>\nFabrice Schurmans \u2013 CES\/Universidad de Coimbra (Portugal)<br>\nFatima Llamas Salguero \u2013 Universidad de Extremadura (Spain)<br>\nFausto Caels \u2013 Polit\u00e9cnico de Leiria (Portugal)<br>\nFilipe Alexandre da Silva Santos \u2013 Polit\u00e9cnico de Leiria (Portugal)<br>\nGabriela Prego V\u00e1zquez \u2013 Universidad de Santiago de Compostela (Spain)<br>\nGra\u00e7a Maria Santos Batista Seco \u2013 Polit\u00e9cnico de Leiria (Portugal)<br>\nHelena Lu\u00eds \u2013 Instituto Polit\u00e9cnico de Santar\u00e9m (Portugal)<br>\nH\u00e9lia Gon\u00e7alves Pinto \u2013 Polit\u00e9cnico de Leiria (Portugal)<br>\nHugo Alexandre Lopes Menino \u2013 Polit\u00e9cnico de Leiria (Portugal)<br>\nIsabel Cuadrado Gordillo \u2013 Universidad de Extremadura (Spain)<br>\nIsabel Lopes da Silva \u2013 Minist\u00e9rio da Educa\u00e7\u00e3o (Portugal)<br>\nIsabel Sofia Godinho Silva Rebelo \u2013 Polit\u00e9cnico de Leiria (Portugal)<br>\nLet\u00edcia Sosa \u2013 Universidad Aut\u00f3noma de Zacatecas (M\u00e9xico)<br>\nJos\u00e9 Brites Ferreira \u2013 Polit\u00e9cnico de Leiria (Portugal)<br>\nJos\u00e9 Carlos Laranjo \u2013 Polit\u00e9cnico de Leiria (Portugal)<br>\nJos\u00e9 Rodrigues \u2013 Instituto Polit\u00e9cnico de Santar\u00e9m (Portugal)<br>\nJ\u00falia Garraio \u2013 CES\/Universidad de Coimbra (Portugal) <br>\nL\u00facia Grave Magueta \u2013 Polit\u00e9cnico de Leiria (Portugal)<br>\nLu\u00eds Filipe Tom\u00e1s Barbeiro \u2013 Polit\u00e9cnico de Leiria (Portugal)<br>\nLuz Zas \u2013 Universidad de Santiago de Compostela (Spain)<br>\nMaria Figueiredo \u2013 Instituto Polit\u00e9cnico de Viseu (Portugal)<br>\nMaria Cinta Mu\u00f1oz Catal\u00e1n \u2013 Universidad de Sevilla (Spain)<br>\nMar\u00eda del Mar D\u00edaz Gonz\u00e1lez \u2013 Universidad de Oviedo (Spain)<br>\nMaria Isabel Alves Rodrigues Pereira \u2013 Polit\u00e9cnico de Leiria (Portugal)<br>\nMaria Isabel Pinto Sim\u00f5es Dias \u2013 Polit\u00e9cnico de Leiria (Portugal)<br>\nMaria Jo\u00e3o Cardona \u2013 Instituto Polit\u00e9cnico de Santar\u00e9m (Portugal)<br>\nMaria Jos\u00e9 Gamboa \u2013 Polit\u00e9cnico de Leiria (Portugal)<br>\nMaria Jos\u00e9 Marcelino \u2013 Universidade de Coimbra (Portugal)<br>\nMaria de S\u00e3o Pedro dos Santos Silva Lopes \u2013 Polit\u00e9cnico de Leiria (Portugal)<br>\nMarlova Estela Caldatto \u2013 Universidade Federal do Paran\u00e1 (Brazil)<br>\nMark Daubney \u2013 Polit\u00e9cnico de Leiria (Portugal)<br>\nMarina Vict\u00f3ria Valdez Faria Rodrigues \u2013 Polit\u00e9cnico de Leiria (Portugal)<br>\nMarta Alexandre \u2013 Polit\u00e9cnico de Leiria (Portugal)<br>\nMarta Fonseca \u2013 Polit\u00e9cnico de Leiria (Portugal)<br>\nMarta Licardo \u2013 University of Maribor (Slovenia)<br>\nMiguel Ribeiro &#8211; UNICAMP (Brazil)<\/p>\n\n\n\n<p><strong>Organizer<\/strong><br>Escola Superior de Educa\u00e7\u00e3o e Ci\u00eancias Sociais \u2013 Instituto Polit\u00e9cnico de Leiria (PORTUGAL)<\/p>\n\n\n\n<p><\/p>\n","protected":false},"excerpt":{"rendered":"<p>Organising Committee:Dina Catarina Duarte AlvesH\u00e9lia Gon\u00e7alves PintoMaria Isabel Pinto Sim\u00f5es DiasMaria Od\u00edlia de Jesus Almeida AbreuRomain Gillain Scientific Committee: Alessandra Almeida \u2013 PUC-Campinas; UNICAMP (Brazil) Adilson Dalben &#8211; Centro Universit\u00e1rio Salesiano de S\u00e3o Paulo \u2013 UNISAL (Brazil) Ana Baptista \u2013&hellip;  <\/p>\n<p class=\"more-link\"><a href=\"https:\/\/sites.ipleiria.pt\/ipce2020\/en\/organization\/\">Continue reading <span class=\"meta-nav\">&rarr;<\/span><\/a><\/p>\n","protected":false},"author":102,"featured_media":0,"parent":0,"menu_order":0,"comment_status":"closed","ping_status":"closed","template":"","meta":{"footnotes":""},"class_list":["post-79","page","type-page","status-publish","hentry"],"yoast_head":"<!-- This site is optimized with the Yoast SEO plugin v26.8 - https:\/\/yoast.com\/product\/yoast-seo-wordpress\/ -->\n<title>Organization - IPCE 2020<\/title>\n<meta name=\"robots\" content=\"index, follow, max-snippet:-1, max-image-preview:large, max-video-preview:-1\" \/>\n<link rel=\"canonical\" href=\"https:\/\/sites.ipleiria.pt\/ipce2020\/en\/organization\/\" \/>\n<meta property=\"og:locale\" content=\"pt_PT\" \/>\n<meta property=\"og:type\" content=\"article\" \/>\n<meta property=\"og:title\" content=\"Organization - IPCE 2020\" \/>\n<meta property=\"og:description\" content=\"Organising Committee:Dina Catarina Duarte AlvesH\u00e9lia Gon\u00e7alves PintoMaria Isabel Pinto Sim\u00f5es DiasMaria Od\u00edlia de Jesus Almeida AbreuRomain Gillain Scientific Committee: Alessandra Almeida \u2013 PUC-Campinas; UNICAMP (Brazil) Adilson Dalben &#8211; Centro Universit\u00e1rio Salesiano de S\u00e3o Paulo \u2013 UNISAL (Brazil) Ana Baptista \u2013&hellip; Continue reading &rarr;\" \/>\n<meta property=\"og:url\" content=\"https:\/\/sites.ipleiria.pt\/ipce2020\/en\/organization\/\" \/>\n<meta property=\"og:site_name\" content=\"IPCE 2020\" \/>\n<meta property=\"article:modified_time\" content=\"2020-02-01T20:13:24+00:00\" \/>\n<meta name=\"twitter:card\" content=\"summary_large_image\" \/>\n<meta name=\"twitter:label1\" content=\"Tempo estimado de leitura\" \/>\n\t<meta name=\"twitter:data1\" content=\"2 minutos\" \/>\n<script type=\"application\/ld+json\" class=\"yoast-schema-graph\">{\"@context\":\"https:\/\/schema.org\",\"@graph\":[{\"@type\":\"WebPage\",\"@id\":\"https:\/\/sites.ipleiria.pt\/ipce2020\/en\/organization\/\",\"url\":\"https:\/\/sites.ipleiria.pt\/ipce2020\/en\/organization\/\",\"name\":\"Organization - IPCE 2020\",\"isPartOf\":{\"@id\":\"https:\/\/sites.ipleiria.pt\/ipce2020\/#website\"},\"datePublished\":\"2019-12-04T17:36:30+00:00\",\"dateModified\":\"2020-02-01T20:13:24+00:00\",\"breadcrumb\":{\"@id\":\"https:\/\/sites.ipleiria.pt\/ipce2020\/en\/organization\/#breadcrumb\"},\"inLanguage\":\"pt-PT\",\"potentialAction\":[{\"@type\":\"ReadAction\",\"target\":[\"https:\/\/sites.ipleiria.pt\/ipce2020\/en\/organization\/\"]}]},{\"@type\":\"BreadcrumbList\",\"@id\":\"https:\/\/sites.ipleiria.pt\/ipce2020\/en\/organization\/#breadcrumb\",\"itemListElement\":[{\"@type\":\"ListItem\",\"position\":1,\"name\":\"In\u00edcio\",\"item\":\"https:\/\/sites.ipleiria.pt\/ipce2020\/\"},{\"@type\":\"ListItem\",\"position\":2,\"name\":\"Organization\"}]},{\"@type\":\"WebSite\",\"@id\":\"https:\/\/sites.ipleiria.pt\/ipce2020\/#website\",\"url\":\"https:\/\/sites.ipleiria.pt\/ipce2020\/\",\"name\":\"IPCE 2020\",\"description\":\"Mais um site Sites IPLEIRIA\",\"potentialAction\":[{\"@type\":\"SearchAction\",\"target\":{\"@type\":\"EntryPoint\",\"urlTemplate\":\"https:\/\/sites.ipleiria.pt\/ipce2020\/?s={search_term_string}\"},\"query-input\":{\"@type\":\"PropertyValueSpecification\",\"valueRequired\":true,\"valueName\":\"search_term_string\"}}],\"inLanguage\":\"pt-PT\"}]}<\/script>\n<!-- \/ Yoast SEO plugin. -->","yoast_head_json":{"title":"Organization - IPCE 2020","robots":{"index":"index","follow":"follow","max-snippet":"max-snippet:-1","max-image-preview":"max-image-preview:large","max-video-preview":"max-video-preview:-1"},"canonical":"https:\/\/sites.ipleiria.pt\/ipce2020\/en\/organization\/","og_locale":"pt_PT","og_type":"article","og_title":"Organization - IPCE 2020","og_description":"Organising Committee:Dina Catarina Duarte AlvesH\u00e9lia Gon\u00e7alves PintoMaria Isabel Pinto Sim\u00f5es DiasMaria Od\u00edlia de Jesus Almeida AbreuRomain Gillain Scientific Committee: Alessandra Almeida \u2013 PUC-Campinas; UNICAMP (Brazil) Adilson Dalben &#8211; Centro Universit\u00e1rio Salesiano de S\u00e3o Paulo \u2013 UNISAL (Brazil) Ana Baptista \u2013&hellip; Continue reading &rarr;","og_url":"https:\/\/sites.ipleiria.pt\/ipce2020\/en\/organization\/","og_site_name":"IPCE 2020","article_modified_time":"2020-02-01T20:13:24+00:00","twitter_card":"summary_large_image","twitter_misc":{"Tempo estimado de leitura":"2 minutos"},"schema":{"@context":"https:\/\/schema.org","@graph":[{"@type":"WebPage","@id":"https:\/\/sites.ipleiria.pt\/ipce2020\/en\/organization\/","url":"https:\/\/sites.ipleiria.pt\/ipce2020\/en\/organization\/","name":"Organization - IPCE 2020","isPartOf":{"@id":"https:\/\/sites.ipleiria.pt\/ipce2020\/#website"},"datePublished":"2019-12-04T17:36:30+00:00","dateModified":"2020-02-01T20:13:24+00:00","breadcrumb":{"@id":"https:\/\/sites.ipleiria.pt\/ipce2020\/en\/organization\/#breadcrumb"},"inLanguage":"pt-PT","potentialAction":[{"@type":"ReadAction","target":["https:\/\/sites.ipleiria.pt\/ipce2020\/en\/organization\/"]}]},{"@type":"BreadcrumbList","@id":"https:\/\/sites.ipleiria.pt\/ipce2020\/en\/organization\/#breadcrumb","itemListElement":[{"@type":"ListItem","position":1,"name":"In\u00edcio","item":"https:\/\/sites.ipleiria.pt\/ipce2020\/"},{"@type":"ListItem","position":2,"name":"Organization"}]},{"@type":"WebSite","@id":"https:\/\/sites.ipleiria.pt\/ipce2020\/#website","url":"https:\/\/sites.ipleiria.pt\/ipce2020\/","name":"IPCE 2020","description":"Mais um site Sites IPLEIRIA","potentialAction":[{"@type":"SearchAction","target":{"@type":"EntryPoint","urlTemplate":"https:\/\/sites.ipleiria.pt\/ipce2020\/?s={search_term_string}"},"query-input":{"@type":"PropertyValueSpecification","valueRequired":true,"valueName":"search_term_string"}}],"inLanguage":"pt-PT"}]}},"_links":{"self":[{"href":"https:\/\/sites.ipleiria.pt\/ipce2020\/wp-json\/wp\/v2\/pages\/79","targetHints":{"allow":["GET"]}}],"collection":[{"href":"https:\/\/sites.ipleiria.pt\/ipce2020\/wp-json\/wp\/v2\/pages"}],"about":[{"href":"https:\/\/sites.ipleiria.pt\/ipce2020\/wp-json\/wp\/v2\/types\/page"}],"author":[{"embeddable":true,"href":"https:\/\/sites.ipleiria.pt\/ipce2020\/wp-json\/wp\/v2\/users\/102"}],"replies":[{"embeddable":true,"href":"https:\/\/sites.ipleiria.pt\/ipce2020\/wp-json\/wp\/v2\/comments?post=79"}],"version-history":[{"count":5,"href":"https:\/\/sites.ipleiria.pt\/ipce2020\/wp-json\/wp\/v2\/pages\/79\/revisions"}],"predecessor-version":[{"id":241,"href":"https:\/\/sites.ipleiria.pt\/ipce2020\/wp-json\/wp\/v2\/pages\/79\/revisions\/241"}],"wp:attachment":[{"href":"https:\/\/sites.ipleiria.pt\/ipce2020\/wp-json\/wp\/v2\/media?parent=79"}],"curies":[{"name":"wp","href":"https:\/\/api.w.org\/{rel}","templated":true}]}}