{"id":100,"date":"2021-02-10T17:16:41","date_gmt":"2021-02-10T17:16:41","guid":{"rendered":"http:\/\/sites.ipleiria.pt\/ipce2021\/?page_id=100"},"modified":"2021-03-24T15:35:17","modified_gmt":"2021-03-24T15:35:17","slug":"contactos-es","status":"publish","type":"page","link":"https:\/\/sites.ipleiria.pt\/ipce2022\/es\/contactos-es\/","title":{"rendered":"Contactos"},"content":{"rendered":"\n<p><strong>Comit\u00e9 organizador\/Comit\u00e9 Cient\u00edfico<\/strong><br>Email:&nbsp;<a href=\"mailto:ipce@ipleiria.pt\">ipce@ipleiria.pt<\/a><\/p>\n\n\n\n<p><strong>Secretariado<\/strong><br>Adelaide Ferreira<br>Email: <a href=\"mailto:eunice.almeida@ipleiria.pt\"><\/a><a href=\"mailto:adelaide.ferreira@ipleiria.pt\">adelaide.ferreira@ipleiria.pt<\/a><br>Telefone: (+351) 244 829 471<\/p>\n\n\n\n<p><strong>Escola Superior de Educa\u00e7\u00e3o e Ci\u00eancias Sociais (Leiria)<\/strong><br>Campus&nbsp;1 \u2014 Polit\u00e9cnico de Leiria<br>Rua Dr. Jo\u00e3o Soares<br>Apartado 4045<br>2411-901 Leiria \u2013 Portugal<br>Tel: (+351) 244 829400 \u00b7 Fax:(+351) 244 829499<br>E-mail:&nbsp;<a href=\"mailto:esecs@ipleiria.pt\">esecs@ipleiria.pt<\/a><\/p>\n\n\n\n<p>Ver <a href=\"https:\/\/www.google.com\/maps\/d\/u\/0\/edit?mid=1Cpy6veZvCE6qnaPaXMBrA74XXuc&amp;msa=0&amp;ie=UTF8&amp;t=m&amp;vpsrc=0&amp;z=18&amp;source=embed&amp;ll=39.73943497653222%2C-8.811459000000013\">mapa de ESECS<\/a><\/p>\n","protected":false},"excerpt":{"rendered":"<p>Comit\u00e9 organizador\/Comit\u00e9 Cient\u00edficoEmail:&nbsp;ipce@ipleiria.pt SecretariadoAdelaide FerreiraEmail: adelaide.ferreira@ipleiria.ptTelefone: (+351) 244 829 471 Escola Superior de Educa\u00e7\u00e3o e Ci\u00eancias Sociais (Leiria)Campus&nbsp;1 \u2014 Polit\u00e9cnico de LeiriaRua Dr. Jo\u00e3o SoaresApartado 40452411-901 Leiria \u2013 PortugalTel: (+351) 244 829400 \u00b7 Fax:(+351) 244 829499E-mail:&nbsp;esecs@ipleiria.pt Ver mapa de ESECS<\/p>\n","protected":false},"author":102,"featured_media":0,"parent":0,"menu_order":0,"comment_status":"closed","ping_status":"closed","template":"","meta":{"footnotes":""},"class_list":["post-100","page","type-page","status-publish","hentry"],"yoast_head":"<!-- This site is optimized with the Yoast SEO plugin v26.8 - https:\/\/yoast.com\/product\/yoast-seo-wordpress\/ -->\n<title>Contactos - IPCE 2022<\/title>\n<meta name=\"robots\" content=\"index, follow, max-snippet:-1, max-image-preview:large, max-video-preview:-1\" \/>\n<link rel=\"canonical\" href=\"https:\/\/sites.ipleiria.pt\/ipce2022\/es\/contactos-es\/\" \/>\n<meta property=\"og:locale\" content=\"pt_PT\" \/>\n<meta property=\"og:type\" content=\"article\" \/>\n<meta property=\"og:title\" content=\"Contactos - IPCE 2022\" \/>\n<meta property=\"og:description\" content=\"Comit\u00e9 organizador\/Comit\u00e9 Cient\u00edficoEmail:&nbsp;ipce@ipleiria.pt SecretariadoAdelaide FerreiraEmail: adelaide.ferreira@ipleiria.ptTelefone: (+351) 244 829 471 Escola Superior de Educa\u00e7\u00e3o e Ci\u00eancias Sociais (Leiria)Campus&nbsp;1 \u2014 Polit\u00e9cnico de LeiriaRua Dr. Jo\u00e3o SoaresApartado 40452411-901 Leiria \u2013 PortugalTel: (+351) 244 829400 \u00b7 Fax:(+351) 244 829499E-mail:&nbsp;esecs@ipleiria.pt Ver mapa de ESECS\" \/>\n<meta property=\"og:url\" content=\"https:\/\/sites.ipleiria.pt\/ipce2022\/es\/contactos-es\/\" \/>\n<meta property=\"og:site_name\" content=\"IPCE 2022\" \/>\n<meta property=\"article:modified_time\" content=\"2021-03-24T15:35:17+00:00\" \/>\n<meta name=\"twitter:card\" content=\"summary_large_image\" \/>\n<meta name=\"twitter:label1\" content=\"Tempo estimado de leitura\" \/>\n\t<meta name=\"twitter:data1\" content=\"1 minuto\" \/>\n<script type=\"application\/ld+json\" class=\"yoast-schema-graph\">{\"@context\":\"https:\/\/schema.org\",\"@graph\":[{\"@type\":\"WebPage\",\"@id\":\"https:\/\/sites.ipleiria.pt\/ipce2022\/es\/contactos-es\/\",\"url\":\"https:\/\/sites.ipleiria.pt\/ipce2022\/es\/contactos-es\/\",\"name\":\"Contactos - IPCE 2022\",\"isPartOf\":{\"@id\":\"https:\/\/sites.ipleiria.pt\/ipce2022\/#website\"},\"datePublished\":\"2021-02-10T17:16:41+00:00\",\"dateModified\":\"2021-03-24T15:35:17+00:00\",\"breadcrumb\":{\"@id\":\"https:\/\/sites.ipleiria.pt\/ipce2022\/es\/contactos-es\/#breadcrumb\"},\"inLanguage\":\"pt-PT\",\"potentialAction\":[{\"@type\":\"ReadAction\",\"target\":[\"https:\/\/sites.ipleiria.pt\/ipce2022\/es\/contactos-es\/\"]}]},{\"@type\":\"BreadcrumbList\",\"@id\":\"https:\/\/sites.ipleiria.pt\/ipce2022\/es\/contactos-es\/#breadcrumb\",\"itemListElement\":[{\"@type\":\"ListItem\",\"position\":1,\"name\":\"In\u00edcio\",\"item\":\"https:\/\/sites.ipleiria.pt\/ipce2022\/\"},{\"@type\":\"ListItem\",\"position\":2,\"name\":\"Contactos\"}]},{\"@type\":\"WebSite\",\"@id\":\"https:\/\/sites.ipleiria.pt\/ipce2022\/#website\",\"url\":\"https:\/\/sites.ipleiria.pt\/ipce2022\/\",\"name\":\"IPCE 2022\",\"description\":\"\",\"potentialAction\":[{\"@type\":\"SearchAction\",\"target\":{\"@type\":\"EntryPoint\",\"urlTemplate\":\"https:\/\/sites.ipleiria.pt\/ipce2022\/?s={search_term_string}\"},\"query-input\":{\"@type\":\"PropertyValueSpecification\",\"valueRequired\":true,\"valueName\":\"search_term_string\"}}],\"inLanguage\":\"pt-PT\"}]}<\/script>\n<!-- \/ Yoast SEO plugin. -->","yoast_head_json":{"title":"Contactos - IPCE 2022","robots":{"index":"index","follow":"follow","max-snippet":"max-snippet:-1","max-image-preview":"max-image-preview:large","max-video-preview":"max-video-preview:-1"},"canonical":"https:\/\/sites.ipleiria.pt\/ipce2022\/es\/contactos-es\/","og_locale":"pt_PT","og_type":"article","og_title":"Contactos - IPCE 2022","og_description":"Comit\u00e9 organizador\/Comit\u00e9 Cient\u00edficoEmail:&nbsp;ipce@ipleiria.pt SecretariadoAdelaide FerreiraEmail: adelaide.ferreira@ipleiria.ptTelefone: (+351) 244 829 471 Escola Superior de Educa\u00e7\u00e3o e Ci\u00eancias Sociais (Leiria)Campus&nbsp;1 \u2014 Polit\u00e9cnico de LeiriaRua Dr. Jo\u00e3o SoaresApartado 40452411-901 Leiria \u2013 PortugalTel: (+351) 244 829400 \u00b7 Fax:(+351) 244 829499E-mail:&nbsp;esecs@ipleiria.pt Ver mapa de ESECS","og_url":"https:\/\/sites.ipleiria.pt\/ipce2022\/es\/contactos-es\/","og_site_name":"IPCE 2022","article_modified_time":"2021-03-24T15:35:17+00:00","twitter_card":"summary_large_image","twitter_misc":{"Tempo estimado de leitura":"1 minuto"},"schema":{"@context":"https:\/\/schema.org","@graph":[{"@type":"WebPage","@id":"https:\/\/sites.ipleiria.pt\/ipce2022\/es\/contactos-es\/","url":"https:\/\/sites.ipleiria.pt\/ipce2022\/es\/contactos-es\/","name":"Contactos - IPCE 2022","isPartOf":{"@id":"https:\/\/sites.ipleiria.pt\/ipce2022\/#website"},"datePublished":"2021-02-10T17:16:41+00:00","dateModified":"2021-03-24T15:35:17+00:00","breadcrumb":{"@id":"https:\/\/sites.ipleiria.pt\/ipce2022\/es\/contactos-es\/#breadcrumb"},"inLanguage":"pt-PT","potentialAction":[{"@type":"ReadAction","target":["https:\/\/sites.ipleiria.pt\/ipce2022\/es\/contactos-es\/"]}]},{"@type":"BreadcrumbList","@id":"https:\/\/sites.ipleiria.pt\/ipce2022\/es\/contactos-es\/#breadcrumb","itemListElement":[{"@type":"ListItem","position":1,"name":"In\u00edcio","item":"https:\/\/sites.ipleiria.pt\/ipce2022\/"},{"@type":"ListItem","position":2,"name":"Contactos"}]},{"@type":"WebSite","@id":"https:\/\/sites.ipleiria.pt\/ipce2022\/#website","url":"https:\/\/sites.ipleiria.pt\/ipce2022\/","name":"IPCE 2022","description":"","potentialAction":[{"@type":"SearchAction","target":{"@type":"EntryPoint","urlTemplate":"https:\/\/sites.ipleiria.pt\/ipce2022\/?s={search_term_string}"},"query-input":{"@type":"PropertyValueSpecification","valueRequired":true,"valueName":"search_term_string"}}],"inLanguage":"pt-PT"}]}},"_links":{"self":[{"href":"https:\/\/sites.ipleiria.pt\/ipce2022\/wp-json\/wp\/v2\/pages\/100","targetHints":{"allow":["GET"]}}],"collection":[{"href":"https:\/\/sites.ipleiria.pt\/ipce2022\/wp-json\/wp\/v2\/pages"}],"about":[{"href":"https:\/\/sites.ipleiria.pt\/ipce2022\/wp-json\/wp\/v2\/types\/page"}],"author":[{"embeddable":true,"href":"https:\/\/sites.ipleiria.pt\/ipce2022\/wp-json\/wp\/v2\/users\/102"}],"replies":[{"embeddable":true,"href":"https:\/\/sites.ipleiria.pt\/ipce2022\/wp-json\/wp\/v2\/comments?post=100"}],"version-history":[{"count":5,"href":"https:\/\/sites.ipleiria.pt\/ipce2022\/wp-json\/wp\/v2\/pages\/100\/revisions"}],"predecessor-version":[{"id":277,"href":"https:\/\/sites.ipleiria.pt\/ipce2022\/wp-json\/wp\/v2\/pages\/100\/revisions\/277"}],"wp:attachment":[{"href":"https:\/\/sites.ipleiria.pt\/ipce2022\/wp-json\/wp\/v2\/media?parent=100"}],"curies":[{"name":"wp","href":"https:\/\/api.w.org\/{rel}","templated":true}]}}