{"id":106,"date":"2021-02-10T17:19:55","date_gmt":"2021-02-10T17:19:55","guid":{"rendered":"http:\/\/sites.ipleiria.pt\/ipce2021\/?page_id=106"},"modified":"2022-03-14T18:05:25","modified_gmt":"2022-03-14T18:05:25","slug":"ipce-2021-presentacion-es","status":"publish","type":"page","link":"https:\/\/sites.ipleiria.pt\/ipce2022\/es\/ipce-2021-presentacion-es\/","title":{"rendered":"Presentaci\u00f3n"},"content":{"rendered":"\n<p><strong>La XI Conferencia internacional Investigaci\u00f3n, Pr\u00e1cticas y Contextos en Educaci\u00f3n (IPCE)<\/strong> pretende contribuir al desarrollo de la teor\u00eda y de la pr\u00e1ctica en Educaci\u00f3n. La conferencia IPCE se enmarca en las numerosas actividades llevadas a cabo por el Polit\u00e9cnico de Leiria, cuyo objetivo es fomentar la colaboraci\u00f3n entre investigadores, profesores, estudiantes y responsables educativos en la identificaci\u00f3n y discusi\u00f3n de soluciones para los m\u00e1s variados contextos educativos, queriendo ir al encuentro de una de las dimensiones de la acci\u00f3n del Polit\u00e9cnico de Leiria: la promoci\u00f3n de la relaci\u00f3n con la regi\u00f3n en la que est\u00e1 inserida.<br>La conferencia IPCE quiere ser un punto de encuentro y un foro de debate en el cual los profesionales de diversas \u00e1reas ligadas a la Educaci\u00f3n y con diversos intereses disciplinares tengan la oportunidad de interactuar y compartir experiencias y conocimientos, af\u00edn de estimular la investigaci\u00f3n y la evoluci\u00f3n de las Pr\u00e1cticas en Educaci\u00f3n.<\/p>\n\n\n\n<p><strong>Lenguas oficiales:<\/strong><br>Portugu\u00e9s, ingl\u00e9s y espa\u00f1ol.<\/p>\n\n\n\n<p><strong>Participantes:<\/strong><br>Educadores, profesores, investigadores, estudiantes universitarios, gestores de instituciones y t\u00e9cnicos en el campo de la educaci\u00f3n.<\/p>\n\n\n\n<p><strong>Temas de la Conferencia:<\/strong><\/p>\n\n\n\n<p>1.Experiencias de Ense\u00f1anza y Aprendizaje<br>a) <em>en Educaci\u00f3n Infantil<\/em><br>\u2013 Pedagog\u00eda de la Educaci\u00f3n Infantil<br>\u2013 Desarrollo\/aprendizaje<br>\u2013 \u00c1rea de la Formaci\u00f3n personal y Social<br>\u2013 \u00c1rea del Conocimiento del Mundo<br>\u2013 \u00c1rea de la Expresi\u00f3n y Comunicaci\u00f3n:<br>\u2022 Dominio de la Educaci\u00f3n F\u00edsica<br>\u2022 Dominio de la Educaci\u00f3n Art\u00edstica<br>\u2022 Dominio del Lenguaje oral y la Iniciaci\u00f3n a la Escritura<br>\u2022 Dominio de la Matem\u00e1tica<br>b) <em>en Educaci\u00f3n B\u00e1sica<\/em><br>\u2013 Pedagog\u00eda de la Ense\u00f1anza b\u00e1sica<br>\u2013 Lengua materna<br>\u2013 Lengua no materna<br>\u2013 Matem\u00e1tica<br>\u2013 Ciencias Sociales<br>\u2013 Ciencias Naturales<br>\u2013 Expresiones<br>\u2013 TIC<br>\u2013 Educaci\u00f3n F\u00edsica\/Deporte<br>c) <em>en Ense\u00f1anza Secundaria<\/em><br>\u2013 Pedagog\u00eda de la Ense\u00f1anza Secundaria<br>\u2013 Lengua materna<br>\u2013 Lengua no materna<br>\u2013 Matem\u00e1tica<br>\u2013 Ciencias Sociales<br>\u2013 Ciencias Naturales<br>\u2013 Expresiones<br>\u2013 TIC<br>\u2013 Educaci\u00f3n F\u00edsica\/Deporte<br>d) <em>en Ense\u00f1anza Superior<\/em><br>\u2013 Pedagog\u00eda de la Ense\u00f1anza Superior<br>\u2013 Lengua materna<br>\u2013 Lengua no materna<br>\u2013 Matem\u00e1tica<br>\u2013 Ciencias Sociales<br>\u2013 Ciencias Naturales<br>\u2013 Expresiones<br>\u2013 TIC<br>\u2013 Educaci\u00f3n F\u00edsica\/Deporte<br>e) <em>en Contextos Educativos No Formales<\/em><br>\u2013 Pedagog\u00eda<br>\u2013 Lengua materna<br>\u2013 Lengua no materna<br>\u2013 Matem\u00e1tica<br>\u2013 Ciencias Sociales<br>\u2013 Ciencias Naturales<br>\u2013 Expresiones<br>\u2013 TIC<br>\u2013 Educaci\u00f3n F\u00edsica\/Deporte<br>2.Desarrollo Comunitario<br>3.Otras experiencias en Contextos Educativos<\/p>\n","protected":false},"excerpt":{"rendered":"<p>La XI Conferencia internacional Investigaci\u00f3n, Pr\u00e1cticas y Contextos en Educaci\u00f3n (IPCE) pretende contribuir al desarrollo de la teor\u00eda y de la pr\u00e1ctica en Educaci\u00f3n. La conferencia IPCE se enmarca en las numerosas actividades llevadas a cabo por el Polit\u00e9cnico de&hellip;  <\/p>\n<p class=\"more-link\"><a href=\"https:\/\/sites.ipleiria.pt\/ipce2022\/es\/ipce-2021-presentacion-es\/\">Continue reading <span class=\"meta-nav\">&rarr;<\/span><\/a><\/p>\n","protected":false},"author":102,"featured_media":0,"parent":0,"menu_order":0,"comment_status":"closed","ping_status":"closed","template":"","meta":{"footnotes":""},"class_list":["post-106","page","type-page","status-publish","hentry"],"yoast_head":"<!-- This site is optimized with the Yoast SEO plugin v26.8 - https:\/\/yoast.com\/product\/yoast-seo-wordpress\/ -->\n<title>Presentaci\u00f3n - IPCE 2022<\/title>\n<meta name=\"robots\" content=\"index, follow, max-snippet:-1, max-image-preview:large, max-video-preview:-1\" \/>\n<link rel=\"canonical\" href=\"https:\/\/sites.ipleiria.pt\/ipce2022\/es\/ipce-2021-presentacion-es\/\" \/>\n<meta property=\"og:locale\" content=\"pt_PT\" \/>\n<meta property=\"og:type\" content=\"article\" \/>\n<meta property=\"og:title\" content=\"Presentaci\u00f3n - IPCE 2022\" \/>\n<meta property=\"og:description\" content=\"La XI Conferencia internacional Investigaci\u00f3n, Pr\u00e1cticas y Contextos en Educaci\u00f3n (IPCE) pretende contribuir al desarrollo de la teor\u00eda y de la pr\u00e1ctica en Educaci\u00f3n. La conferencia IPCE se enmarca en las numerosas actividades llevadas a cabo por el Polit\u00e9cnico de&hellip; Continue reading &rarr;\" \/>\n<meta property=\"og:url\" content=\"https:\/\/sites.ipleiria.pt\/ipce2022\/es\/ipce-2021-presentacion-es\/\" \/>\n<meta property=\"og:site_name\" content=\"IPCE 2022\" \/>\n<meta property=\"article:modified_time\" content=\"2022-03-14T18:05:25+00:00\" \/>\n<meta name=\"twitter:card\" content=\"summary_large_image\" \/>\n<meta name=\"twitter:label1\" content=\"Tempo estimado de leitura\" \/>\n\t<meta name=\"twitter:data1\" content=\"2 minutos\" \/>\n<script type=\"application\/ld+json\" class=\"yoast-schema-graph\">{\"@context\":\"https:\/\/schema.org\",\"@graph\":[{\"@type\":\"WebPage\",\"@id\":\"https:\/\/sites.ipleiria.pt\/ipce2022\/es\/ipce-2021-presentacion-es\/\",\"url\":\"https:\/\/sites.ipleiria.pt\/ipce2022\/es\/ipce-2021-presentacion-es\/\",\"name\":\"Presentaci\u00f3n - IPCE 2022\",\"isPartOf\":{\"@id\":\"https:\/\/sites.ipleiria.pt\/ipce2022\/#website\"},\"datePublished\":\"2021-02-10T17:19:55+00:00\",\"dateModified\":\"2022-03-14T18:05:25+00:00\",\"breadcrumb\":{\"@id\":\"https:\/\/sites.ipleiria.pt\/ipce2022\/es\/ipce-2021-presentacion-es\/#breadcrumb\"},\"inLanguage\":\"pt-PT\",\"potentialAction\":[{\"@type\":\"ReadAction\",\"target\":[\"https:\/\/sites.ipleiria.pt\/ipce2022\/es\/ipce-2021-presentacion-es\/\"]}]},{\"@type\":\"BreadcrumbList\",\"@id\":\"https:\/\/sites.ipleiria.pt\/ipce2022\/es\/ipce-2021-presentacion-es\/#breadcrumb\",\"itemListElement\":[{\"@type\":\"ListItem\",\"position\":1,\"name\":\"In\u00edcio\",\"item\":\"https:\/\/sites.ipleiria.pt\/ipce2022\/\"},{\"@type\":\"ListItem\",\"position\":2,\"name\":\"Presentaci\u00f3n\"}]},{\"@type\":\"WebSite\",\"@id\":\"https:\/\/sites.ipleiria.pt\/ipce2022\/#website\",\"url\":\"https:\/\/sites.ipleiria.pt\/ipce2022\/\",\"name\":\"IPCE 2022\",\"description\":\"\",\"potentialAction\":[{\"@type\":\"SearchAction\",\"target\":{\"@type\":\"EntryPoint\",\"urlTemplate\":\"https:\/\/sites.ipleiria.pt\/ipce2022\/?s={search_term_string}\"},\"query-input\":{\"@type\":\"PropertyValueSpecification\",\"valueRequired\":true,\"valueName\":\"search_term_string\"}}],\"inLanguage\":\"pt-PT\"}]}<\/script>\n<!-- \/ Yoast SEO plugin. -->","yoast_head_json":{"title":"Presentaci\u00f3n - IPCE 2022","robots":{"index":"index","follow":"follow","max-snippet":"max-snippet:-1","max-image-preview":"max-image-preview:large","max-video-preview":"max-video-preview:-1"},"canonical":"https:\/\/sites.ipleiria.pt\/ipce2022\/es\/ipce-2021-presentacion-es\/","og_locale":"pt_PT","og_type":"article","og_title":"Presentaci\u00f3n - IPCE 2022","og_description":"La XI Conferencia internacional Investigaci\u00f3n, Pr\u00e1cticas y Contextos en Educaci\u00f3n (IPCE) pretende contribuir al desarrollo de la teor\u00eda y de la pr\u00e1ctica en Educaci\u00f3n. La conferencia IPCE se enmarca en las numerosas actividades llevadas a cabo por el Polit\u00e9cnico de&hellip; Continue reading &rarr;","og_url":"https:\/\/sites.ipleiria.pt\/ipce2022\/es\/ipce-2021-presentacion-es\/","og_site_name":"IPCE 2022","article_modified_time":"2022-03-14T18:05:25+00:00","twitter_card":"summary_large_image","twitter_misc":{"Tempo estimado de leitura":"2 minutos"},"schema":{"@context":"https:\/\/schema.org","@graph":[{"@type":"WebPage","@id":"https:\/\/sites.ipleiria.pt\/ipce2022\/es\/ipce-2021-presentacion-es\/","url":"https:\/\/sites.ipleiria.pt\/ipce2022\/es\/ipce-2021-presentacion-es\/","name":"Presentaci\u00f3n - IPCE 2022","isPartOf":{"@id":"https:\/\/sites.ipleiria.pt\/ipce2022\/#website"},"datePublished":"2021-02-10T17:19:55+00:00","dateModified":"2022-03-14T18:05:25+00:00","breadcrumb":{"@id":"https:\/\/sites.ipleiria.pt\/ipce2022\/es\/ipce-2021-presentacion-es\/#breadcrumb"},"inLanguage":"pt-PT","potentialAction":[{"@type":"ReadAction","target":["https:\/\/sites.ipleiria.pt\/ipce2022\/es\/ipce-2021-presentacion-es\/"]}]},{"@type":"BreadcrumbList","@id":"https:\/\/sites.ipleiria.pt\/ipce2022\/es\/ipce-2021-presentacion-es\/#breadcrumb","itemListElement":[{"@type":"ListItem","position":1,"name":"In\u00edcio","item":"https:\/\/sites.ipleiria.pt\/ipce2022\/"},{"@type":"ListItem","position":2,"name":"Presentaci\u00f3n"}]},{"@type":"WebSite","@id":"https:\/\/sites.ipleiria.pt\/ipce2022\/#website","url":"https:\/\/sites.ipleiria.pt\/ipce2022\/","name":"IPCE 2022","description":"","potentialAction":[{"@type":"SearchAction","target":{"@type":"EntryPoint","urlTemplate":"https:\/\/sites.ipleiria.pt\/ipce2022\/?s={search_term_string}"},"query-input":{"@type":"PropertyValueSpecification","valueRequired":true,"valueName":"search_term_string"}}],"inLanguage":"pt-PT"}]}},"_links":{"self":[{"href":"https:\/\/sites.ipleiria.pt\/ipce2022\/wp-json\/wp\/v2\/pages\/106","targetHints":{"allow":["GET"]}}],"collection":[{"href":"https:\/\/sites.ipleiria.pt\/ipce2022\/wp-json\/wp\/v2\/pages"}],"about":[{"href":"https:\/\/sites.ipleiria.pt\/ipce2022\/wp-json\/wp\/v2\/types\/page"}],"author":[{"embeddable":true,"href":"https:\/\/sites.ipleiria.pt\/ipce2022\/wp-json\/wp\/v2\/users\/102"}],"replies":[{"embeddable":true,"href":"https:\/\/sites.ipleiria.pt\/ipce2022\/wp-json\/wp\/v2\/comments?post=106"}],"version-history":[{"count":6,"href":"https:\/\/sites.ipleiria.pt\/ipce2022\/wp-json\/wp\/v2\/pages\/106\/revisions"}],"predecessor-version":[{"id":484,"href":"https:\/\/sites.ipleiria.pt\/ipce2022\/wp-json\/wp\/v2\/pages\/106\/revisions\/484"}],"wp:attachment":[{"href":"https:\/\/sites.ipleiria.pt\/ipce2022\/wp-json\/wp\/v2\/media?parent=106"}],"curies":[{"name":"wp","href":"https:\/\/api.w.org\/{rel}","templated":true}]}}