{"id":11,"date":"2019-12-04T11:22:23","date_gmt":"2019-12-04T11:22:23","guid":{"rendered":"https:\/\/sites.ipleiria.pt\/ipce2020\/?page_id=11"},"modified":"2022-03-14T18:11:37","modified_gmt":"2022-03-14T18:11:37","slug":"datas-importantes-2","status":"publish","type":"page","link":"https:\/\/sites.ipleiria.pt\/ipce2022\/datas-importantes-2\/","title":{"rendered":"Datas importantes"},"content":{"rendered":"\n<p><strong>Limite para a submiss\u00e3o de artigos:<\/strong>\u00a0at\u00e9 <s>14 de mar\u00e7o de 2022<\/s> 21 de mar\u00e7o de 2022<br><strong>Limite para a submiss\u00e3o de relatos:<\/strong>\u00a0at\u00e9 <s>14 de mar\u00e7o de 2022<\/s> 21 de mar\u00e7o de 2022<br><strong>Limite para a submiss\u00e3o de posters:<\/strong>\u00a0at\u00e9 <s>14 de mar\u00e7o de 2022<\/s> 21 de mar\u00e7o de 2022<br><strong>Notifica\u00e7\u00e3o aos autores:<\/strong>\u00a0at\u00e9 13 de abril de 2022<br><strong>Inscri\u00e7\u00f5es:<\/strong>\u00a0at\u00e9 30 de abril de 2022<\/p>\n\n\n\n<p><\/p>\n\n\n\n<p> <strong> <\/strong><\/p>\n\n\n\n<p><\/p>\n\n\n\n<p><\/p>\n","protected":false},"excerpt":{"rendered":"<p>Limite para a submiss\u00e3o de artigos:\u00a0at\u00e9 14 de mar\u00e7o de 2022 21 de mar\u00e7o de 2022Limite para a submiss\u00e3o de relatos:\u00a0at\u00e9 14 de mar\u00e7o de 2022 21 de mar\u00e7o de 2022Limite para a submiss\u00e3o de posters:\u00a0at\u00e9 14 de mar\u00e7o de&hellip;  <\/p>\n<p class=\"more-link\"><a href=\"https:\/\/sites.ipleiria.pt\/ipce2022\/datas-importantes-2\/\">Continue reading <span class=\"meta-nav\">&rarr;<\/span><\/a><\/p>\n","protected":false},"author":102,"featured_media":0,"parent":0,"menu_order":0,"comment_status":"closed","ping_status":"closed","template":"","meta":{"footnotes":""},"class_list":["post-11","page","type-page","status-publish","hentry"],"yoast_head":"<!-- This site is optimized with the Yoast SEO plugin v26.8 - https:\/\/yoast.com\/product\/yoast-seo-wordpress\/ -->\n<title>Datas importantes - IPCE 2022<\/title>\n<meta name=\"robots\" content=\"index, follow, max-snippet:-1, max-image-preview:large, max-video-preview:-1\" \/>\n<link rel=\"canonical\" href=\"https:\/\/sites.ipleiria.pt\/ipce2022\/datas-importantes-2\/\" \/>\n<meta property=\"og:locale\" content=\"pt_PT\" \/>\n<meta property=\"og:type\" content=\"article\" \/>\n<meta property=\"og:title\" content=\"Datas importantes - IPCE 2022\" \/>\n<meta property=\"og:description\" content=\"Limite para a submiss\u00e3o de artigos:\u00a0at\u00e9 14 de mar\u00e7o de 2022 21 de mar\u00e7o de 2022Limite para a submiss\u00e3o de relatos:\u00a0at\u00e9 14 de mar\u00e7o de 2022 21 de mar\u00e7o de 2022Limite para a submiss\u00e3o de posters:\u00a0at\u00e9 14 de mar\u00e7o de&hellip; Continue reading &rarr;\" \/>\n<meta property=\"og:url\" content=\"https:\/\/sites.ipleiria.pt\/ipce2022\/datas-importantes-2\/\" \/>\n<meta property=\"og:site_name\" content=\"IPCE 2022\" \/>\n<meta property=\"article:modified_time\" content=\"2022-03-14T18:11:37+00:00\" \/>\n<meta name=\"twitter:card\" content=\"summary_large_image\" \/>\n<meta name=\"twitter:label1\" content=\"Tempo estimado de leitura\" \/>\n\t<meta name=\"twitter:data1\" content=\"1 minuto\" \/>\n<script type=\"application\/ld+json\" class=\"yoast-schema-graph\">{\"@context\":\"https:\/\/schema.org\",\"@graph\":[{\"@type\":\"WebPage\",\"@id\":\"https:\/\/sites.ipleiria.pt\/ipce2022\/datas-importantes-2\/\",\"url\":\"https:\/\/sites.ipleiria.pt\/ipce2022\/datas-importantes-2\/\",\"name\":\"Datas importantes - IPCE 2022\",\"isPartOf\":{\"@id\":\"https:\/\/sites.ipleiria.pt\/ipce2022\/#website\"},\"datePublished\":\"2019-12-04T11:22:23+00:00\",\"dateModified\":\"2022-03-14T18:11:37+00:00\",\"breadcrumb\":{\"@id\":\"https:\/\/sites.ipleiria.pt\/ipce2022\/datas-importantes-2\/#breadcrumb\"},\"inLanguage\":\"pt-PT\",\"potentialAction\":[{\"@type\":\"ReadAction\",\"target\":[\"https:\/\/sites.ipleiria.pt\/ipce2022\/datas-importantes-2\/\"]}]},{\"@type\":\"BreadcrumbList\",\"@id\":\"https:\/\/sites.ipleiria.pt\/ipce2022\/datas-importantes-2\/#breadcrumb\",\"itemListElement\":[{\"@type\":\"ListItem\",\"position\":1,\"name\":\"In\u00edcio\",\"item\":\"https:\/\/sites.ipleiria.pt\/ipce2022\/\"},{\"@type\":\"ListItem\",\"position\":2,\"name\":\"Datas importantes\"}]},{\"@type\":\"WebSite\",\"@id\":\"https:\/\/sites.ipleiria.pt\/ipce2022\/#website\",\"url\":\"https:\/\/sites.ipleiria.pt\/ipce2022\/\",\"name\":\"IPCE 2022\",\"description\":\"\",\"potentialAction\":[{\"@type\":\"SearchAction\",\"target\":{\"@type\":\"EntryPoint\",\"urlTemplate\":\"https:\/\/sites.ipleiria.pt\/ipce2022\/?s={search_term_string}\"},\"query-input\":{\"@type\":\"PropertyValueSpecification\",\"valueRequired\":true,\"valueName\":\"search_term_string\"}}],\"inLanguage\":\"pt-PT\"}]}<\/script>\n<!-- \/ Yoast SEO plugin. -->","yoast_head_json":{"title":"Datas importantes - IPCE 2022","robots":{"index":"index","follow":"follow","max-snippet":"max-snippet:-1","max-image-preview":"max-image-preview:large","max-video-preview":"max-video-preview:-1"},"canonical":"https:\/\/sites.ipleiria.pt\/ipce2022\/datas-importantes-2\/","og_locale":"pt_PT","og_type":"article","og_title":"Datas importantes - IPCE 2022","og_description":"Limite para a submiss\u00e3o de artigos:\u00a0at\u00e9 14 de mar\u00e7o de 2022 21 de mar\u00e7o de 2022Limite para a submiss\u00e3o de relatos:\u00a0at\u00e9 14 de mar\u00e7o de 2022 21 de mar\u00e7o de 2022Limite para a submiss\u00e3o de posters:\u00a0at\u00e9 14 de mar\u00e7o de&hellip; Continue reading &rarr;","og_url":"https:\/\/sites.ipleiria.pt\/ipce2022\/datas-importantes-2\/","og_site_name":"IPCE 2022","article_modified_time":"2022-03-14T18:11:37+00:00","twitter_card":"summary_large_image","twitter_misc":{"Tempo estimado de leitura":"1 minuto"},"schema":{"@context":"https:\/\/schema.org","@graph":[{"@type":"WebPage","@id":"https:\/\/sites.ipleiria.pt\/ipce2022\/datas-importantes-2\/","url":"https:\/\/sites.ipleiria.pt\/ipce2022\/datas-importantes-2\/","name":"Datas importantes - IPCE 2022","isPartOf":{"@id":"https:\/\/sites.ipleiria.pt\/ipce2022\/#website"},"datePublished":"2019-12-04T11:22:23+00:00","dateModified":"2022-03-14T18:11:37+00:00","breadcrumb":{"@id":"https:\/\/sites.ipleiria.pt\/ipce2022\/datas-importantes-2\/#breadcrumb"},"inLanguage":"pt-PT","potentialAction":[{"@type":"ReadAction","target":["https:\/\/sites.ipleiria.pt\/ipce2022\/datas-importantes-2\/"]}]},{"@type":"BreadcrumbList","@id":"https:\/\/sites.ipleiria.pt\/ipce2022\/datas-importantes-2\/#breadcrumb","itemListElement":[{"@type":"ListItem","position":1,"name":"In\u00edcio","item":"https:\/\/sites.ipleiria.pt\/ipce2022\/"},{"@type":"ListItem","position":2,"name":"Datas importantes"}]},{"@type":"WebSite","@id":"https:\/\/sites.ipleiria.pt\/ipce2022\/#website","url":"https:\/\/sites.ipleiria.pt\/ipce2022\/","name":"IPCE 2022","description":"","potentialAction":[{"@type":"SearchAction","target":{"@type":"EntryPoint","urlTemplate":"https:\/\/sites.ipleiria.pt\/ipce2022\/?s={search_term_string}"},"query-input":{"@type":"PropertyValueSpecification","valueRequired":true,"valueName":"search_term_string"}}],"inLanguage":"pt-PT"}]}},"_links":{"self":[{"href":"https:\/\/sites.ipleiria.pt\/ipce2022\/wp-json\/wp\/v2\/pages\/11","targetHints":{"allow":["GET"]}}],"collection":[{"href":"https:\/\/sites.ipleiria.pt\/ipce2022\/wp-json\/wp\/v2\/pages"}],"about":[{"href":"https:\/\/sites.ipleiria.pt\/ipce2022\/wp-json\/wp\/v2\/types\/page"}],"author":[{"embeddable":true,"href":"https:\/\/sites.ipleiria.pt\/ipce2022\/wp-json\/wp\/v2\/users\/102"}],"replies":[{"embeddable":true,"href":"https:\/\/sites.ipleiria.pt\/ipce2022\/wp-json\/wp\/v2\/comments?post=11"}],"version-history":[{"count":6,"href":"https:\/\/sites.ipleiria.pt\/ipce2022\/wp-json\/wp\/v2\/pages\/11\/revisions"}],"predecessor-version":[{"id":693,"href":"https:\/\/sites.ipleiria.pt\/ipce2022\/wp-json\/wp\/v2\/pages\/11\/revisions\/693"}],"wp:attachment":[{"href":"https:\/\/sites.ipleiria.pt\/ipce2022\/wp-json\/wp\/v2\/media?parent=11"}],"curies":[{"name":"wp","href":"https:\/\/api.w.org\/{rel}","templated":true}]}}